{"id":6484,"date":"2025-08-11T03:03:09","date_gmt":"2025-08-11T03:03:09","guid":{"rendered":"https:\/\/puffvapestore.com\/?post_type=product&#038;p=6484"},"modified":"2026-01-19T10:52:38","modified_gmt":"2026-01-19T10:52:38","slug":"cherry-pop-bang-king-15000-offre-une-saveur-sucree-acidulee-et-fruitee","status":"publish","type":"product","link":"https:\/\/puffvapestore.com\/de\/product\/cherry-pop-bang-king-15000-bietet-einen-susen-sauerlichen-und-fruchtigen-geschmack\/","title":{"rendered":"Cherry Pop - Bang King 15K"},"content":{"rendered":"<div data-elementor-type=\"wp-post\" data-elementor-id=\"6484\" class=\"elementor elementor-6484\">\n\t\t\t\t<div class=\"elementor-element elementor-element-08c26f9 e-flex e-con-boxed e-con e-parent\" data-id=\"08c26f9\" data-element_type=\"container\" data-e-type=\"container\">\n\t\t\t\t\t<div class=\"e-con-inner\">\n\t\t\t\t<div class=\"elementor-element elementor-element-a005a97 elementor-widget elementor-widget-text-editor\" data-id=\"a005a97\" data-element_type=\"widget\" data-e-type=\"widget\" data-widget_type=\"text-editor.default\">\n\t\t\t\t<div class=\"elementor-widget-container\">\n\t\t\t\t\t\t\t\t\t<p>Cherry Pop ist keine gew\u00f6hnliche fruchtige Geschmacksrichtung. Sie erinnert an einen frisch angeschnittenen Kirschkuchen aus einer Pariser Patisserie, der mit einer leichten S\u00e4ure ges\u00fc\u00dft ist. Sobald der Rauch in den Mund gelangt, sp\u00fcren Sie, wie der Kirschsaft sanft auf Ihrer Zunge prickelt. Im Vergleich zum traditionellen, eint\u00f6nigen Tabakgeschmack sorgt dieser Geschmack bei eiligen Europ\u00e4ern f\u00fcr ein unbeschreibliches Vergn\u00fcgen, wie eine Pause vom Leben an der Seine.<\/p><p>Cherry Pop ist eine s\u00fc\u00dfe, s\u00e4uerliche und fruchtige Mischung, vermischt mit einer erfrischenden Limonadennote. Sie wurde entwickelt, um die erfrischende Energie nachzuempfinden, die Sie beim \u00d6ffnen einer kalten Dose Kirschlimonade empfinden.<\/p><h2>Hauptgeschmacksrichtung: Reife Kirsche<\/h2><p>Sein Geschmack ist vollmundig, mit Aromen von schwarzen Kirschen und einer fleischigen Textur.<\/p><p>Ein leichter Hauch von kandierten Kirschen in einem S\u00fc\u00dfwein hebt seine Reichhaltigkeit hervor.<\/p><p>Das fruchtige Aroma explodiert sofort beim ersten Atemzug und erzeugt ein Gef\u00fchl wie \"Orangensaft\".<\/p><h2>Nebengeschmack: Sprudelnde Soda<\/h2><p>Der Geschmack hat eine deutliche Textur, die an eine eiskalte Limonade erinnert.<\/p><p>Dieses prickelnde Gef\u00fchl ist nicht aggressiv im Hals, sondern eher ein Gef\u00fchl von eisigen Mikrobl\u00e4schen im Mund, die eine erfrischende und wohlschmeckende Mischung erzeugen.<\/p><h2>Ausgewogene S\u00fc\u00dfe und S\u00e4ure<\/h2><p>Die S\u00fc\u00dfe von Cherry Pop ist hoch, ohne zu sirupartig zu sein, mit einer knackigen, s\u00fc\u00dfen S\u00fc\u00dfe.<\/p><p>Die subtile S\u00e4ure (\u00e4hnlich wie bei einer Zitrone) verleiht Tiefe und beugt ekelerregenden Empfindungen vor.<\/p><h2>Abgang und Nachgeschmack<\/h2><p>Das Kirscharoma bleibt auch beim Ausatmen bestehen, mit einem erfrischenden Hauch von Soda.<\/p><p>Der Geschmack bleibt auch nach mehreren Z\u00fcgen frisch und beugt so einer Erm\u00fcdung des Gaumens vor.<\/p><h2>Gro\u00dfe Kapazit\u00e4t zur Aufbewahrung von e-Liquids<\/h2><p>Die Bang King 15000 Cherry Pop ist mit 25 ml E-Fl\u00fcssigkeit mit hochwertigen Nikotinsalzen vorgef\u00fcllt, eine Kapazit\u00e4t, die bei \u00e4hnlichen Produkten selten ist. Dies garantiert eine l\u00e4ngere Lebensdauer und reduziert den h\u00e4ufigen Austausch des Ger\u00e4ts.<\/p><p>Jede Bang King 15000 Cherry Pop E-Zigarette bietet bis zu 15000 Z\u00fcge und \u00fcbertrifft damit die meisten Einweg-E-Zigaretten auf dem Markt bei weitem, was sie zum Ma\u00dfstab f\u00fcr ultralange Akkulaufzeiten macht.<\/p><h2>Verschiedene Nikotinst\u00e4rken erh\u00e4ltlich<\/h2><p>Um den Vorlieben der Benutzer und ihren Bed\u00fcrfnissen bei der Raucherentw\u00f6hnung gerecht zu werden, bietet die Bang King 15000 Cherry Pop vier verschiedene Dosierungen von Nikotinsalzen: 0 %, 2 %, 3 % und 5 %. Ob Sie nun komplett mit dem Rauchen aufh\u00f6ren oder sich f\u00fcr eine h\u00f6here Dosierung entscheiden m\u00f6chten, Sie werden auf jeden Fall die ideale Option finden.<\/p><p>Diese E-Zigarette verwendet einen Mesh-Widerstand der neuen Generation f\u00fcr eine gleichm\u00e4\u00dfige Erw\u00e4rmung der E-Fl\u00fcssigkeit und eine effiziente Zerst\u00e4ubung. Im Vergleich zu herk\u00f6mmlichen Widerst\u00e4nden bietet es eine feinere Zerst\u00e4ubung, einen reicheren Geschmack und ein gr\u00f6\u00dferes Dampfvolumen, wodurch die Benutzererfahrung verbessert wird.<\/p><h2>Umweltfreundliches, nachf\u00fcllbares Design<\/h2><p>Es verf\u00fcgt \u00fcber einen eingebauten 550-mAh-Akku mit Schnellladefunktion \u00fcber USB-C. Dieses wiederaufladbare Design verl\u00e4ngert seine Lebensdauer erheblich und ist umweltfreundlicher als Einwegger\u00e4te, sodass es den Nachhaltigkeitsanforderungen moderner Nutzer gerecht wird.<\/p><p>Der Bang King 15000 Cherry Pop verf\u00fcgt \u00fcber ein ergonomisches Design und eine moderne \u00c4sthetik. Seine Haptik, Textur und \u00c4sthetik spiegeln den Fokus auf das Benutzererlebnis wider und verbinden Komfort mit Stil.<\/p><p>Trotz seiner leistungsstarken Funktionen und der gro\u00dfen Speicherkapazit\u00e4t beh\u00e4lt der Bang King 15000 Cherry Pop sein kompaktes und tragbares Design bei, das leicht zu transportieren ist und zu jedem Lebensstil passt. Dar\u00fcber hinaus ist er durch die Herstellung aus langlebigen Materialien sturzsicher und langlebig, was eine stabile Langzeitnutzung gew\u00e4hrleistet.<\/p>\t\t\t\t\t\t\t\t<\/div>\n\t\t\t\t<\/div>\n\t\t\t\t\t<\/div>\n\t\t\t\t<\/div>\n\t\t\t\t<\/div>","protected":false},"excerpt":{"rendered":"<p>La Cherry Pop n&rsquo;est pas une saveur fruit\u00e9e ordinaire. Elle \u00e9voque un g\u00e2teau aux cerises fra\u00eechement coup\u00e9, sorti d&rsquo;une p\u00e2tisserie parisienne, sucr\u00e9 avec une l\u00e9g\u00e8re acidit\u00e9. D\u00e8s que la fum\u00e9e entre en bouche, vous sentez le jus de cerise p\u00e9tiller doucement sur votre langue. Compar\u00e9e \u00e0 la saveur traditionnelle et monotone du tabac, cette saveur [&hellip;]<\/p>\n","protected":false},"featured_media":6237,"comment_status":"open","ping_status":"closed","template":"","meta":{"site-sidebar-layout":"no-sidebar","site-content-layout":"page-builder","ast-site-content-layout":"normal-width-container","site-content-style":"default","site-sidebar-style":"default","ast-global-header-display":"","ast-banner-title-visibility":"","ast-main-header-display":"","ast-hfb-above-header-display":"","ast-hfb-below-header-display":"","ast-hfb-mobile-header-display":"","site-post-title":"disabled","ast-breadcrumbs-content":"","ast-featured-img":"disabled","footer-sml-layout":"","ast-disable-related-posts":"","theme-transparent-header-meta":"default","adv-header-id-meta":"","stick-header-meta":"default","header-above-stick-meta":"","header-main-stick-meta":"","header-below-stick-meta":"","astra-migrate-meta-layouts":"set","ast-page-background-enabled":"default","ast-page-background-meta":{"desktop":{"background-color":"","background-image":"","background-repeat":"repeat","background-position":"center center","background-size":"auto","background-attachment":"scroll","background-type":"","background-media":"","overlay-type":"","overlay-color":"","overlay-opacity":"","overlay-gradient":""},"tablet":{"background-color":"","background-image":"","background-repeat":"repeat","background-position":"center center","background-size":"auto","background-attachment":"scroll","background-type":"","background-media":"","overlay-type":"","overlay-color":"","overlay-opacity":"","overlay-gradient":""},"mobile":{"background-color":"","background-image":"","background-repeat":"repeat","background-position":"center center","background-size":"auto","background-attachment":"scroll","background-type":"","background-media":"","overlay-type":"","overlay-color":"","overlay-opacity":"","overlay-gradient":""}},"ast-content-background-meta":{"desktop":{"background-color":"var(--ast-global-color-5)","background-image":"","background-repeat":"repeat","background-position":"center center","background-size":"auto","background-attachment":"scroll","background-type":"","background-media":"","overlay-type":"","overlay-color":"","overlay-opacity":"","overlay-gradient":""},"tablet":{"background-color":"var(--ast-global-color-5)","background-image":"","background-repeat":"repeat","background-position":"center center","background-size":"auto","background-attachment":"scroll","background-type":"","background-media":"","overlay-type":"","overlay-color":"","overlay-opacity":"","overlay-gradient":""},"mobile":{"background-color":"var(--ast-global-color-5)","background-image":"","background-repeat":"repeat","background-position":"center center","background-size":"auto","background-attachment":"scroll","background-type":"","background-media":"","overlay-type":"","overlay-color":"","overlay-opacity":"","overlay-gradient":""}}},"product_brand":[52],"product_cat":[56,80,15],"product_tag":[],"class_list":{"0":"post-6484","1":"product","2":"type-product","3":"status-publish","4":"has-post-thumbnail","6":"product_brand-bang-king","7":"product_cat-bang-king-15000-est-equipee-dune-resistance-mesh-nouvelle-generation","8":"product_cat-puff-15k","9":"product_cat-magasin-cigarette-electronique","10":"desktop-align-center","11":"tablet-align-center","12":"mobile-align-center","13":"ast-product-gallery-layout-horizontal","14":"ast-product-gallery-with-no-image","15":"ast-product-single-variable","16":"ast-product-tabs-layout-horizontal","17":"ast-qv-on-image","19":"first","20":"instock","21":"sale","22":"shipping-taxable","23":"purchasable","24":"product-type-variable","25":"has-default-attributes"},"tiered_pricing_type":"fixed","tiered_pricing_fixed_rules":{"50":6.05,"100":5.59},"tiered_pricing_product_settings":{"layout":"default","base_unit_name":{"singular":null,"plural":null},"default_variation":null},"tiered_pricing_minimum_quantity":null,"tiered_pricing_roles_data":[],"tiered_pricing_percentage_rules":[],"_links":{"self":[{"href":"https:\/\/puffvapestore.com\/de\/wp-json\/wp\/v2\/product\/6484","targetHints":{"allow":["GET"]}}],"collection":[{"href":"https:\/\/puffvapestore.com\/de\/wp-json\/wp\/v2\/product"}],"about":[{"href":"https:\/\/puffvapestore.com\/de\/wp-json\/wp\/v2\/types\/product"}],"replies":[{"embeddable":true,"href":"https:\/\/puffvapestore.com\/de\/wp-json\/wp\/v2\/comments?post=6484"}],"version-history":[{"count":7,"href":"https:\/\/puffvapestore.com\/de\/wp-json\/wp\/v2\/product\/6484\/revisions"}],"predecessor-version":[{"id":6628,"href":"https:\/\/puffvapestore.com\/de\/wp-json\/wp\/v2\/product\/6484\/revisions\/6628"}],"wp:featuredmedia":[{"embeddable":true,"href":"https:\/\/puffvapestore.com\/de\/wp-json\/wp\/v2\/media\/6237"}],"wp:attachment":[{"href":"https:\/\/puffvapestore.com\/de\/wp-json\/wp\/v2\/media?parent=6484"}],"wp:term":[{"taxonomy":"product_brand","embeddable":true,"href":"https:\/\/puffvapestore.com\/de\/wp-json\/wp\/v2\/product_brand?post=6484"},{"taxonomy":"product_cat","embeddable":true,"href":"https:\/\/puffvapestore.com\/de\/wp-json\/wp\/v2\/product_cat?post=6484"},{"taxonomy":"product_tag","embeddable":true,"href":"https:\/\/puffvapestore.com\/de\/wp-json\/wp\/v2\/product_tag?post=6484"}],"curies":[{"name":"wp","href":"https:\/\/api.w.org\/{rel}","templated":true}]}}