{"id":6473,"date":"2025-08-05T08:11:49","date_gmt":"2025-08-05T08:11:49","guid":{"rendered":"https:\/\/puffvapestore.com\/?post_type=product&#038;p=6473"},"modified":"2026-01-19T10:52:38","modified_gmt":"2026-01-19T10:52:38","slug":"cotton-candy-bang-king-15000-cree-une-base-douce-et-sucree","status":"publish","type":"product","link":"https:\/\/puffvapestore.com\/de\/product\/cotton-candy-bang-king-15000-schafft-eine-weiche-suse-basis\/","title":{"rendered":"Cotton Candy - Bang King 15000"},"content":{"rendered":"<div data-elementor-type=\"wp-post\" data-elementor-id=\"6473\" class=\"elementor elementor-6473\">\n\t\t\t\t<div class=\"elementor-element elementor-element-08c26f9 e-flex e-con-boxed e-con e-parent\" data-id=\"08c26f9\" data-element_type=\"container\" data-e-type=\"container\">\n\t\t\t\t\t<div class=\"e-con-inner\">\n\t\t\t\t<div class=\"elementor-element elementor-element-a005a97 elementor-widget elementor-widget-text-editor\" data-id=\"a005a97\" data-element_type=\"widget\" data-e-type=\"widget\" data-widget_type=\"text-editor.default\">\n\t\t\t\t<div class=\"elementor-widget-container\">\n\t\t\t\t\t\t\t\t\t<p>Nehmen Sie einen Zug an der elektronischen Zigarette Bang King 15000 Zuckerwatte und der Mesh-Widerstand erhitzt einen feinen Dampf, wie ein Miniatur-Jahrmarkt. Eine leichte s\u00fc\u00dfe Note, wie die rosa Zuckerwatte in einem Pariser Vergn\u00fcgungspark, breitet sich langsam zwischen Ihrer Nase und Ihren Geschmacksnerven aus.<\/p><h2>Kopfnote: S\u00fc\u00df und luftig<\/h2><p>Bei der Inhalation ist die erste Note die klassische luftige S\u00fc\u00dfe von Zuckerwatte, wie Rohrzuckerf\u00e4den, die sanft auf der Zunge zergehen, s\u00fc\u00df, ohne ekelerregend zu sein.<\/p><p>Ein Hauch von Vanillesirup sorgt f\u00fcr eine weiche, s\u00fc\u00dfe Basis.<\/p><h2>Herznote: Milder milchiger \u00dcbergang<\/h2><p>Nach der S\u00fc\u00dfe taucht eine sanfte Milchnote auf, die nicht aufdringlich ist, sondern eher an ein leichtes Milcharoma erinnert, das mit Milchpulver und Saccharin vermischt ist und die S\u00fc\u00dfe vers\u00fc\u00dft.<\/p><h2>Basisnote: S\u00fc\u00dfes Finale<\/h2><p>Das Ausatmen hinterl\u00e4sst ein subtiles Aroma von karamellisiertem Zucker mit einem leichten Nachgeschmack von Karamell.<\/p><p>Der Abgang ist lang, ohne aufdringlich zu sein. Er bleibt sanft im Mund zur\u00fcck, wie der s\u00fc\u00dfe Nachgeschmack eines kleinen Bonbons.<\/p><h2>Gro\u00dfe Kapazit\u00e4t zur Aufbewahrung von e-Liquids<\/h2><p>Die Bang King 15000 Cotton Candy ist mit 25 ml E-Fl\u00fcssigkeit mit hochwertigen Nikotinsalzen vorgef\u00fcllt, eine Kapazit\u00e4t, die bei \u00e4hnlichen Produkten selten ist. Dies garantiert eine l\u00e4ngere Lebensdauer und reduziert den h\u00e4ufigen Austausch des Ger\u00e4ts.<\/p><p>Jede E-Zigarette Bang King 15000 Cotton Candy bietet bis zu 15000 Z\u00fcge und \u00fcbertrifft damit die meisten Einweg-E-Zigaretten auf dem Markt bei weitem, was sie zum Ma\u00dfstab f\u00fcr ultralange Akkulaufzeiten macht.<\/p><h2>Verschiedene Nikotinst\u00e4rken erh\u00e4ltlich<\/h2><p>Um den Vorlieben der Benutzer und ihren Bed\u00fcrfnissen bei der Raucherentw\u00f6hnung gerecht zu werden, bietet die Bang King 15000 vier verschiedene Nikotinsalzdosierungen: 0 %, 2 %, 3 % und 5 %. Ob Sie nun ganz mit dem Rauchen aufh\u00f6ren oder sich f\u00fcr eine h\u00f6here Dosierung entscheiden m\u00f6chten, Sie werden auf jeden Fall die ideale Option finden.<\/p><p>Diese E-Zigarette verwendet einen Mesh-Widerstand der neuen Generation f\u00fcr eine gleichm\u00e4\u00dfige Erw\u00e4rmung der E-Fl\u00fcssigkeit und eine effiziente Zerst\u00e4ubung. Im Vergleich zu herk\u00f6mmlichen Widerst\u00e4nden bietet es eine feinere Zerst\u00e4ubung, einen reicheren Geschmack und ein gr\u00f6\u00dferes Dampfvolumen, wodurch die Benutzererfahrung verbessert wird.<\/p><h2>Umweltfreundliches, nachf\u00fcllbares Design<\/h2><p>Es verf\u00fcgt \u00fcber einen eingebauten 550-mAh-Akku mit Schnellladefunktion \u00fcber USB-C. Dieses wiederaufladbare Design verl\u00e4ngert seine Lebensdauer erheblich und ist umweltfreundlicher als Einwegger\u00e4te, sodass es den Nachhaltigkeitsanforderungen moderner Nutzer gerecht wird.<\/p><p>Der Bang King 15000 Cotton Candy verf\u00fcgt \u00fcber ein ergonomisches Design und eine moderne \u00c4sthetik. Seine Haptik, Textur und \u00c4sthetik spiegeln den Fokus auf das Benutzererlebnis wider und verbinden Komfort mit Stil.<\/p><p>Trotz seiner leistungsstarken Funktionen und der gro\u00dfen Speicherkapazit\u00e4t beh\u00e4lt der Bang King 15000 Cotton Candy sein kompaktes, tragbares Design bei, das leicht zu transportieren ist und zu jedem Lebensstil passt. Dar\u00fcber hinaus ist er durch die Herstellung aus langlebigen Materialien sturzsicher und langlebig, was eine stabile Langzeitnutzung gew\u00e4hrleistet.<\/p>\t\t\t\t\t\t\t\t<\/div>\n\t\t\t\t<\/div>\n\t\t\t\t\t<\/div>\n\t\t\t\t<\/div>\n\t\t\t\t<\/div>","protected":false},"excerpt":{"rendered":"<p>Prenez une bouff\u00e9e de la cigarette \u00e9lectronique Bang King 15000 Barbe \u00e0 papa et la r\u00e9sistance mesh chauffe une vapeur d\u00e9licate, telle une f\u00eate foraine miniature. Une l\u00e9g\u00e8re note sucr\u00e9e, telle la barbe \u00e0 papa rose d&rsquo;un parc d&rsquo;attractions parisien, se diffuse lentement entre votre nez et vos papilles. Note de t\u00eate\u00a0: Sucr\u00e9 et a\u00e9rien [&hellip;]<\/p>\n","protected":false},"featured_media":6239,"comment_status":"open","ping_status":"closed","template":"","meta":{"site-sidebar-layout":"no-sidebar","site-content-layout":"page-builder","ast-site-content-layout":"normal-width-container","site-content-style":"default","site-sidebar-style":"default","ast-global-header-display":"","ast-banner-title-visibility":"","ast-main-header-display":"","ast-hfb-above-header-display":"","ast-hfb-below-header-display":"","ast-hfb-mobile-header-display":"","site-post-title":"disabled","ast-breadcrumbs-content":"","ast-featured-img":"disabled","footer-sml-layout":"","ast-disable-related-posts":"","theme-transparent-header-meta":"default","adv-header-id-meta":"","stick-header-meta":"default","header-above-stick-meta":"","header-main-stick-meta":"","header-below-stick-meta":"","astra-migrate-meta-layouts":"set","ast-page-background-enabled":"default","ast-page-background-meta":{"desktop":{"background-color":"","background-image":"","background-repeat":"repeat","background-position":"center center","background-size":"auto","background-attachment":"scroll","background-type":"","background-media":"","overlay-type":"","overlay-color":"","overlay-opacity":"","overlay-gradient":""},"tablet":{"background-color":"","background-image":"","background-repeat":"repeat","background-position":"center center","background-size":"auto","background-attachment":"scroll","background-type":"","background-media":"","overlay-type":"","overlay-color":"","overlay-opacity":"","overlay-gradient":""},"mobile":{"background-color":"","background-image":"","background-repeat":"repeat","background-position":"center center","background-size":"auto","background-attachment":"scroll","background-type":"","background-media":"","overlay-type":"","overlay-color":"","overlay-opacity":"","overlay-gradient":""}},"ast-content-background-meta":{"desktop":{"background-color":"var(--ast-global-color-5)","background-image":"","background-repeat":"repeat","background-position":"center center","background-size":"auto","background-attachment":"scroll","background-type":"","background-media":"","overlay-type":"","overlay-color":"","overlay-opacity":"","overlay-gradient":""},"tablet":{"background-color":"var(--ast-global-color-5)","background-image":"","background-repeat":"repeat","background-position":"center center","background-size":"auto","background-attachment":"scroll","background-type":"","background-media":"","overlay-type":"","overlay-color":"","overlay-opacity":"","overlay-gradient":""},"mobile":{"background-color":"var(--ast-global-color-5)","background-image":"","background-repeat":"repeat","background-position":"center center","background-size":"auto","background-attachment":"scroll","background-type":"","background-media":"","overlay-type":"","overlay-color":"","overlay-opacity":"","overlay-gradient":""}}},"product_brand":[52],"product_cat":[56,80,15],"product_tag":[],"class_list":{"0":"post-6473","1":"product","2":"type-product","3":"status-publish","4":"has-post-thumbnail","6":"product_brand-bang-king","7":"product_cat-bang-king-15000-est-equipee-dune-resistance-mesh-nouvelle-generation","8":"product_cat-puff-15k","9":"product_cat-magasin-cigarette-electronique","10":"desktop-align-center","11":"tablet-align-center","12":"mobile-align-center","13":"ast-product-gallery-layout-horizontal","14":"ast-product-gallery-with-no-image","15":"ast-product-single-variable","16":"ast-product-tabs-layout-horizontal","17":"ast-qv-on-image","19":"first","20":"instock","21":"sale","22":"shipping-taxable","23":"purchasable","24":"product-type-variable","25":"has-default-attributes"},"tiered_pricing_type":"fixed","tiered_pricing_fixed_rules":{"50":6.05,"100":5.59},"tiered_pricing_product_settings":{"layout":"default","base_unit_name":{"singular":null,"plural":null},"default_variation":null},"tiered_pricing_minimum_quantity":null,"tiered_pricing_roles_data":[],"tiered_pricing_percentage_rules":[],"_links":{"self":[{"href":"https:\/\/puffvapestore.com\/de\/wp-json\/wp\/v2\/product\/6473","targetHints":{"allow":["GET"]}}],"collection":[{"href":"https:\/\/puffvapestore.com\/de\/wp-json\/wp\/v2\/product"}],"about":[{"href":"https:\/\/puffvapestore.com\/de\/wp-json\/wp\/v2\/types\/product"}],"replies":[{"embeddable":true,"href":"https:\/\/puffvapestore.com\/de\/wp-json\/wp\/v2\/comments?post=6473"}],"version-history":[{"count":6,"href":"https:\/\/puffvapestore.com\/de\/wp-json\/wp\/v2\/product\/6473\/revisions"}],"predecessor-version":[{"id":6483,"href":"https:\/\/puffvapestore.com\/de\/wp-json\/wp\/v2\/product\/6473\/revisions\/6483"}],"wp:featuredmedia":[{"embeddable":true,"href":"https:\/\/puffvapestore.com\/de\/wp-json\/wp\/v2\/media\/6239"}],"wp:attachment":[{"href":"https:\/\/puffvapestore.com\/de\/wp-json\/wp\/v2\/media?parent=6473"}],"wp:term":[{"taxonomy":"product_brand","embeddable":true,"href":"https:\/\/puffvapestore.com\/de\/wp-json\/wp\/v2\/product_brand?post=6473"},{"taxonomy":"product_cat","embeddable":true,"href":"https:\/\/puffvapestore.com\/de\/wp-json\/wp\/v2\/product_cat?post=6473"},{"taxonomy":"product_tag","embeddable":true,"href":"https:\/\/puffvapestore.com\/de\/wp-json\/wp\/v2\/product_tag?post=6473"}],"curies":[{"name":"wp","href":"https:\/\/api.w.org\/{rel}","templated":true}]}}