{"id":6444,"date":"2025-08-05T03:52:26","date_gmt":"2025-08-05T03:52:26","guid":{"rendered":"https:\/\/puffvapestore.com\/?post_type=product&#038;p=6444"},"modified":"2026-01-19T10:52:39","modified_gmt":"2026-01-19T10:52:39","slug":"strawberry-watermelon-bang-king-15k-est-tres-populaire-parmi-les-fruitees","status":"publish","type":"product","link":"https:\/\/puffvapestore.com\/de\/product\/strawberry-watermelon-bang-king-15k-ist-sehr-beliebt-unter-den-obstsorten\/","title":{"rendered":"Strawberry Watermelon - Bang King 15000"},"content":{"rendered":"<div data-elementor-type=\"wp-post\" data-elementor-id=\"6444\" class=\"elementor elementor-6444\">\n\t\t\t\t<div class=\"elementor-element elementor-element-08c26f9 e-flex e-con-boxed e-con e-parent\" data-id=\"08c26f9\" data-element_type=\"container\" data-e-type=\"container\">\n\t\t\t\t\t<div class=\"e-con-inner\">\n\t\t\t\t<div class=\"elementor-element elementor-element-a005a97 elementor-widget elementor-widget-text-editor\" data-id=\"a005a97\" data-element_type=\"widget\" data-e-type=\"widget\" data-widget_type=\"text-editor.default\">\n\t\t\t\t<div class=\"elementor-widget-container\">\n\t\t\t\t\t\t\t\t\t<p>Ich \u00f6ffnete diese Bang King 15000 E-Zigarette mit dem Geschmack Erdbeer-Wassermelone und nahm einen kleinen Zug. Ehrlich gesagt, der erste Zug war unglaublich. Die S\u00fc\u00dfe der Erdbeere war authentisch, weit entfernt von der billigen S\u00fc\u00dfe eines Bonbons, sondern eher das Aroma einer frisch aufgeschnittenen Frucht, bei der der Saft noch am Fruchtfleisch haftet. Der Wassermelonengeschmack folgte und bot einen erfrischenden, perfekt ausgewogenen Geschmack, der den Zug nicht ekelhaft und sogar leicht durststillend machte.<\/p><h2>Bis zu 15000 Z\u00fcge<\/h2><p>Die Bang King 15000 Strawberry Watermelon ist f\u00fcr ihre hohe Zugkapazit\u00e4t bekannt, die bis zu 15K Z\u00fcge pro E-Zigarette bietet. Sie ist eine der langlebigsten Einweg-E-Zigaretten auf dem Markt, reduziert den Bedarf an Ersatz erheblich und bietet den Nutzern eine angenehme und lang anhaltende Erfahrung.<\/p><p>Sie ist mit einem leistungsstarken 550-mAh-Lithium-Akku mit USB-C-Schnellladefunktion ausgestattet und somit umweltfreundlich. Die Nutzer k\u00f6nnen den Akku \u00fcber USB-C mehrmals aufladen und so eine ausreichende Laufzeit garantieren, bevor die e-Fl\u00fcssigkeit aufgebraucht ist.<\/p><h2>Gro\u00dfe Kapazit\u00e4t von 25 ml vorgef\u00fcllt<\/h2><p>Jede elektronische Zigarette Bang King 15000 Strawberry Watermelon ist mit 25 ml hochwertiger E-Fl\u00fcssigkeit mit Nikotinsalzen vorgef\u00fcllt, eine Kapazit\u00e4t, die in ihrer Klasse un\u00fcbertroffen ist. Dieses Design verl\u00e4ngert nicht nur ihre Lebensdauer, sondern verringert auch das h\u00e4ufige Auswechseln.<\/p><h2>Mehrere Nikotinst\u00e4rken - Um Ihren Vorlieben gerecht zu werden<\/h2><p>Um den Bed\u00fcrfnissen jedes Nutzers gerecht zu werden, bietet die Bang King 15000 Strawberry Watermelon vier verschiedene Dosierungen von Nikotinsalzen an:<\/p><p>0 % (ohne Nikotin)<\/p><p>2 % (leicht)<\/p><p>3 % (mittel)<\/p><p>5 % (stark)<\/p><p>Diese flexible Auswahl erm\u00f6glicht es den Nutzern, je nach ihren Pl\u00e4nen, mit dem Rauchen aufzuh\u00f6ren, oder ihren Gewohnheiten zu w\u00e4hlen.<\/p><h2>Mesh-Resistance-Technologie - Eine reinere Verbreitung der Aromen<\/h2><p>Die Bang King 15000 Strawberry Watermelon verwendet eine fortschrittliche Mesh-Widerstandsstruktur, die f\u00fcr ein schnelleres Aufheizen und eine gleichm\u00e4\u00dfigere W\u00e4rmeverteilung sorgt. Dies maximiert die Verbreitung der Aromen der e-Liquids und garantiert bei jedem Zug ein weiches, reichhaltiges Gef\u00fchl und einen tiefen, satten Hit.<\/p><p>Diese E-Zigarette hat ein schlichtes, ergonomisches Design, das bequem in die Handfl\u00e4che passt und eine erm\u00fcdungsfreie Nutzung auch nach l\u00e4ngerer Zeit garantiert. Die robuste Konstruktion und die weiche Haptik in Verbindung mit dem minimalistischen und modernen Design machen sie f\u00fcr eine Vielzahl von Anwendungen geeignet.<\/p><h2>Tragbar und langlebig - ein Raucherlebnis zu jeder Zeit und an jedem Ort<\/h2><p>Trotz seiner gro\u00dfen Kapazit\u00e4t beh\u00e4lt der Bang King 15000 Strawberry Watermelon ein kompaktes Format f\u00fcr optimale Tragbarkeit und passt problemlos in eine Tasche oder einen Beutel. Die robuste Konstruktion widersteht effektiv St\u00f6\u00dfen und Abnutzungserscheinungen im Alltag, wodurch sie ideal f\u00fcr den t\u00e4glichen Gebrauch auf Reisen oder unterwegs ist.<\/p>\t\t\t\t\t\t\t\t<\/div>\n\t\t\t\t<\/div>\n\t\t\t\t\t<\/div>\n\t\t\t\t<\/div>\n\t\t\t\t<\/div>","protected":false},"excerpt":{"rendered":"<p>J&rsquo;ai ouvert cette e-cigarette Bang King 15000 saveur Fraise Past\u00e8que et j&rsquo;ai tir\u00e9 une petite bouff\u00e9e. Honn\u00eatement, la premi\u00e8re bouff\u00e9e \u00e9tait incroyable. La douceur de la fraise \u00e9tait authentique, loin de la douceur bon march\u00e9 d&rsquo;un bonbon, mais plut\u00f4t l&rsquo;ar\u00f4me d&rsquo;un fruit fra\u00eechement coup\u00e9, avec le jus encore pr\u00e9sent \u00e0 la chair. La saveur de [&hellip;]<\/p>\n","protected":false},"featured_media":6250,"comment_status":"open","ping_status":"closed","template":"","meta":{"site-sidebar-layout":"no-sidebar","site-content-layout":"page-builder","ast-site-content-layout":"normal-width-container","site-content-style":"default","site-sidebar-style":"default","ast-global-header-display":"","ast-banner-title-visibility":"","ast-main-header-display":"","ast-hfb-above-header-display":"","ast-hfb-below-header-display":"","ast-hfb-mobile-header-display":"","site-post-title":"disabled","ast-breadcrumbs-content":"","ast-featured-img":"disabled","footer-sml-layout":"","ast-disable-related-posts":"","theme-transparent-header-meta":"default","adv-header-id-meta":"","stick-header-meta":"default","header-above-stick-meta":"","header-main-stick-meta":"","header-below-stick-meta":"","astra-migrate-meta-layouts":"set","ast-page-background-enabled":"default","ast-page-background-meta":{"desktop":{"background-color":"","background-image":"","background-repeat":"repeat","background-position":"center center","background-size":"auto","background-attachment":"scroll","background-type":"","background-media":"","overlay-type":"","overlay-color":"","overlay-opacity":"","overlay-gradient":""},"tablet":{"background-color":"","background-image":"","background-repeat":"repeat","background-position":"center center","background-size":"auto","background-attachment":"scroll","background-type":"","background-media":"","overlay-type":"","overlay-color":"","overlay-opacity":"","overlay-gradient":""},"mobile":{"background-color":"","background-image":"","background-repeat":"repeat","background-position":"center center","background-size":"auto","background-attachment":"scroll","background-type":"","background-media":"","overlay-type":"","overlay-color":"","overlay-opacity":"","overlay-gradient":""}},"ast-content-background-meta":{"desktop":{"background-color":"var(--ast-global-color-5)","background-image":"","background-repeat":"repeat","background-position":"center center","background-size":"auto","background-attachment":"scroll","background-type":"","background-media":"","overlay-type":"","overlay-color":"","overlay-opacity":"","overlay-gradient":""},"tablet":{"background-color":"var(--ast-global-color-5)","background-image":"","background-repeat":"repeat","background-position":"center center","background-size":"auto","background-attachment":"scroll","background-type":"","background-media":"","overlay-type":"","overlay-color":"","overlay-opacity":"","overlay-gradient":""},"mobile":{"background-color":"var(--ast-global-color-5)","background-image":"","background-repeat":"repeat","background-position":"center center","background-size":"auto","background-attachment":"scroll","background-type":"","background-media":"","overlay-type":"","overlay-color":"","overlay-opacity":"","overlay-gradient":""}}},"product_brand":[52],"product_cat":[56,80,15],"product_tag":[],"class_list":{"0":"post-6444","1":"product","2":"type-product","3":"status-publish","4":"has-post-thumbnail","6":"product_brand-bang-king","7":"product_cat-bang-king-15000-est-equipee-dune-resistance-mesh-nouvelle-generation","8":"product_cat-puff-15k","9":"product_cat-magasin-cigarette-electronique","10":"desktop-align-center","11":"tablet-align-center","12":"mobile-align-center","13":"ast-product-gallery-layout-horizontal","14":"ast-product-gallery-with-no-image","15":"ast-product-single-variable","16":"ast-product-tabs-layout-horizontal","17":"ast-qv-on-image","19":"first","20":"instock","21":"sale","22":"shipping-taxable","23":"purchasable","24":"product-type-variable","25":"has-default-attributes"},"tiered_pricing_type":"fixed","tiered_pricing_fixed_rules":{"50":6.05,"100":5.59},"tiered_pricing_product_settings":{"layout":"default","base_unit_name":{"singular":null,"plural":null},"default_variation":null},"tiered_pricing_minimum_quantity":null,"tiered_pricing_roles_data":[],"tiered_pricing_percentage_rules":[],"_links":{"self":[{"href":"https:\/\/puffvapestore.com\/de\/wp-json\/wp\/v2\/product\/6444","targetHints":{"allow":["GET"]}}],"collection":[{"href":"https:\/\/puffvapestore.com\/de\/wp-json\/wp\/v2\/product"}],"about":[{"href":"https:\/\/puffvapestore.com\/de\/wp-json\/wp\/v2\/types\/product"}],"replies":[{"embeddable":true,"href":"https:\/\/puffvapestore.com\/de\/wp-json\/wp\/v2\/comments?post=6444"}],"version-history":[{"count":6,"href":"https:\/\/puffvapestore.com\/de\/wp-json\/wp\/v2\/product\/6444\/revisions"}],"predecessor-version":[{"id":6454,"href":"https:\/\/puffvapestore.com\/de\/wp-json\/wp\/v2\/product\/6444\/revisions\/6454"}],"wp:featuredmedia":[{"embeddable":true,"href":"https:\/\/puffvapestore.com\/de\/wp-json\/wp\/v2\/media\/6250"}],"wp:attachment":[{"href":"https:\/\/puffvapestore.com\/de\/wp-json\/wp\/v2\/media?parent=6444"}],"wp:term":[{"taxonomy":"product_brand","embeddable":true,"href":"https:\/\/puffvapestore.com\/de\/wp-json\/wp\/v2\/product_brand?post=6444"},{"taxonomy":"product_cat","embeddable":true,"href":"https:\/\/puffvapestore.com\/de\/wp-json\/wp\/v2\/product_cat?post=6444"},{"taxonomy":"product_tag","embeddable":true,"href":"https:\/\/puffvapestore.com\/de\/wp-json\/wp\/v2\/product_tag?post=6444"}],"curies":[{"name":"wp","href":"https:\/\/api.w.org\/{rel}","templated":true}]}}