{"id":6411,"date":"2025-08-04T08:29:56","date_gmt":"2025-08-04T08:29:56","guid":{"rendered":"https:\/\/puffvapestore.com\/?post_type=product&#038;p=6411"},"modified":"2026-01-19T10:52:39","modified_gmt":"2026-01-19T10:52:39","slug":"bang-king-15k-kiwi-passion-fruit-guava-associe-kiwi-fruit-de-la-passion-et-goyave","status":"publish","type":"product","link":"https:\/\/puffvapestore.com\/de\/product\/bang-king-15k-kiwi-passion-fruit-guava-kombiniert-kiwi-passion-fruit-und-guava\/","title":{"rendered":"Kiwi Passion Fruit Guava - Bang King 15000"},"content":{"rendered":"<div data-elementor-type=\"wp-post\" data-elementor-id=\"6411\" class=\"elementor elementor-6411\">\n\t\t\t\t<div class=\"elementor-element elementor-element-08c26f9 e-flex e-con-boxed e-con e-parent\" data-id=\"08c26f9\" data-element_type=\"container\" data-e-type=\"container\">\n\t\t\t\t\t<div class=\"e-con-inner\">\n\t\t\t\t<div class=\"elementor-element elementor-element-a005a97 elementor-widget elementor-widget-text-editor\" data-id=\"a005a97\" data-element_type=\"widget\" data-e-type=\"widget\" data-widget_type=\"text-editor.default\">\n\t\t\t\t<div class=\"elementor-widget-container\">\n\t\t\t\t\t\t\t\t\t<p>Die Bang King 15000 Kiwi Passion Fruit Guava ist eine Einweg-E-Zigarette, die Kiwi, Passionsfrucht und Guave kombiniert, wodurch ein reicher und exotischer Geschmack entsteht.<\/p><h2>Gesamtgeschmack des Aromas Kiwi Passion Guave<\/h2><p>Das Aroma Kiwi Passion Guave ist eine tropische Fruchtmischung mit erfrischendem, s\u00fc\u00dfem und nicht ekelerregendem Dampf. Die verschiedenen fruchtigen Geschmacksschichten kommen beim Ein- und Ausatmen unterschiedlich zum Ausdruck und hinterlassen einen lang anhaltenden Nachgeschmack.<\/p><h2>Kiwi - Erfrischend und leicht s\u00e4uerlich, verfeinert die Aromen.<\/h2><p>Eigenschaften: Ein erfrischender, leicht s\u00e4uerlicher Geschmack nach hellgr\u00fcnen Fr\u00fcchten.<\/p><p>Details: Verleiht dem Gesamtgeschmack eine erfrischende, s\u00e4uerliche Grundnote und f\u00fcgt dem Inhalieren einen vibrierenden, verspielten Geschmack hinzu, der der leicht unreifen S\u00e4ure einer frischen Kiwi \u00e4hnelt.<\/p><p>Zweck: Er mildert die S\u00fc\u00dfe, verhindert so, dass der Gesamtgeschmack zu stark wird, und sorgt f\u00fcr ein erfrischendes Gef\u00fchl.<\/p><h2>Passionsfrucht - Reichhaltig und aromatisch, mit einem tropischen Kern<\/h2><p>Eigenschaften: Ein reiches, aromatisches Aroma mit leichter S\u00e4ure und einer einzigartigen exotischen Note.<\/p><p>Details: Er ist das Herzst\u00fcck dieses Geschmacks und tritt nach dem Einatmen in der Mitte des Mundes auf, mit einem reichen, fruchtigen Aroma, das manche als konzentrierten Fruchtsaft oder Marmelade beschreiben w\u00fcrden.<\/p><p>Funktion: Verleiht eine kr\u00e4ftige fruchtige Tiefe und f\u00fcgt einen volleren und deutlicheren Geschmack hinzu.<\/p><h2>Guave - S\u00fc\u00df und mild, mit einem runden, s\u00fc\u00dfen Abgang<\/h2><p>Eigenschaften: Eine s\u00fc\u00dfe, pudrige und milchige Tropenfruchts\u00fc\u00dfe.<\/p><p>Details: Er ist beim Ausatmen besonders ausgepr\u00e4gt und erzeugt ein s\u00fc\u00dfes \"Fruchtp\u00fcree\"-Gef\u00fchl, das manche Nutzer mit einem Fruchtgelee oder einem Smoothie vergleichen k\u00f6nnten.<\/p><p>Funktion: Verleiht dem Gesamtgeschmack einen cremigen Abgang und macht ihn weich und anhaltend.<\/p><h2>Bis zu 15000 Z\u00fcge<\/h2><p>Die Bang King 15000 Kiwi Passion Fruit Guava ist f\u00fcr ihre hohe Zugkapazit\u00e4t bekannt, die bis zu 15K Z\u00fcge pro E-Zigarette bietet. Sie ist eine der langlebigsten Einweg-E-Zigaretten auf dem Markt, reduziert den Bedarf an Ersatz erheblich und bietet den Nutzern eine angenehme und lang anhaltende Erfahrung.<\/p><p>Sie ist mit einem leistungsstarken 550-mAh-Lithium-Akku mit USB-C-Schnellladefunktion ausgestattet und somit umweltfreundlich. Die Nutzer k\u00f6nnen den Akku \u00fcber USB-C mehrmals aufladen und so eine ausreichende Laufzeit garantieren, bevor die e-Fl\u00fcssigkeit aufgebraucht ist.<\/p><h2>Gro\u00dfe Kapazit\u00e4t von 25 ml vorgef\u00fcllt<\/h2><p>Jede elektronische Zigarette Bang King 15000 Kiwi Passion Fruit Guava ist mit 25 ml E-Fl\u00fcssigkeit mit hochwertigen Nikotinsalzen vorgef\u00fcllt, eine Kapazit\u00e4t, die in ihrer Klasse un\u00fcbertroffen ist. Dieses Design verl\u00e4ngert nicht nur ihre Lebensdauer, sondern reduziert auch das h\u00e4ufige Auswechseln.<\/p><h2>Mehrere Nikotinst\u00e4rken - Um Ihren Vorlieben gerecht zu werden<\/h2><p>Um den Bed\u00fcrfnissen jedes Nutzers gerecht zu werden, bietet die Bang King 15000 Kiwi Passion Fruit Guava vier verschiedene Dosierungen von Nikotinsalzen an:<\/p><p>0 % (ohne Nikotin)<\/p><p>2 % (leicht)<\/p><p>3 % (mittel)<\/p><p>5 % (stark)<\/p><p>Diese flexible Auswahl erm\u00f6glicht es den Nutzern, je nach ihren Pl\u00e4nen, mit dem Rauchen aufzuh\u00f6ren, oder ihren Gewohnheiten zu w\u00e4hlen.<\/p><h2>Mesh-Resistance-Technologie - Eine reinere Verbreitung der Aromen<\/h2><p>Die Bang King 15000 Kiwi Passion Fruit Guava verwendet eine fortschrittliche Mesh-Widerstandsstruktur, die f\u00fcr ein schnelleres Aufheizen und eine gleichm\u00e4\u00dfigere W\u00e4rmeverteilung sorgt. Dies maximiert die Verbreitung der Aromen der e-Liquids und garantiert bei jedem Zug ein s\u00fc\u00dfes, reichhaltiges Gef\u00fchl und einen tiefen, satten Hit.<\/p><p>Diese E-Zigarette hat ein schlichtes, ergonomisches Design, das bequem in die Handfl\u00e4che passt und eine erm\u00fcdungsfreie Nutzung auch nach l\u00e4ngerer Zeit garantiert. Die robuste Konstruktion und die weiche Haptik in Verbindung mit dem minimalistischen und modernen Design machen sie f\u00fcr eine Vielzahl von Anwendungen geeignet.<\/p><h2>Tragbar und langlebig - ein Raucherlebnis zu jeder Zeit und an jedem Ort<\/h2><p>Trotz seiner gro\u00dfen Kapazit\u00e4t beh\u00e4lt der Bang King 15000 ein kompaktes Format f\u00fcr optimale Tragbarkeit und passt problemlos in eine Tasche oder einen Beutel. Die robuste Konstruktion widersteht effektiv St\u00f6\u00dfen und Abnutzungserscheinungen im Alltag und macht ihn ideal f\u00fcr den t\u00e4glichen Gebrauch auf Reisen oder unterwegs.<\/p>\t\t\t\t\t\t\t\t<\/div>\n\t\t\t\t<\/div>\n\t\t\t\t\t<\/div>\n\t\t\t\t<\/div>\n\t\t\t\t<\/div>","protected":false},"excerpt":{"rendered":"<p>La Bang King 15000 Kiwi Passion Fruit Guava est une cigarette \u00e9lectronique jetable qui associe kiwi, fruit de la passion et goyave, cr\u00e9ant une saveur riche et exotique. Go\u00fbt g\u00e9n\u00e9ral de l&rsquo;ar\u00f4me Kiwi Passion Goyave L&rsquo;ar\u00f4me Kiwi Passion Goyave est un m\u00e9lange fruit\u00e9 tropical \u00e0 la vapeur rafra\u00eechissante, sucr\u00e9e et non \u00e9c\u0153urante. Les diff\u00e9rentes couches [&hellip;]<\/p>\n","protected":false},"featured_media":6242,"comment_status":"open","ping_status":"closed","template":"","meta":{"site-sidebar-layout":"no-sidebar","site-content-layout":"page-builder","ast-site-content-layout":"normal-width-container","site-content-style":"default","site-sidebar-style":"default","ast-global-header-display":"","ast-banner-title-visibility":"","ast-main-header-display":"","ast-hfb-above-header-display":"","ast-hfb-below-header-display":"","ast-hfb-mobile-header-display":"","site-post-title":"disabled","ast-breadcrumbs-content":"","ast-featured-img":"disabled","footer-sml-layout":"","ast-disable-related-posts":"","theme-transparent-header-meta":"default","adv-header-id-meta":"","stick-header-meta":"default","header-above-stick-meta":"","header-main-stick-meta":"","header-below-stick-meta":"","astra-migrate-meta-layouts":"set","ast-page-background-enabled":"default","ast-page-background-meta":{"desktop":{"background-color":"","background-image":"","background-repeat":"repeat","background-position":"center center","background-size":"auto","background-attachment":"scroll","background-type":"","background-media":"","overlay-type":"","overlay-color":"","overlay-opacity":"","overlay-gradient":""},"tablet":{"background-color":"","background-image":"","background-repeat":"repeat","background-position":"center center","background-size":"auto","background-attachment":"scroll","background-type":"","background-media":"","overlay-type":"","overlay-color":"","overlay-opacity":"","overlay-gradient":""},"mobile":{"background-color":"","background-image":"","background-repeat":"repeat","background-position":"center center","background-size":"auto","background-attachment":"scroll","background-type":"","background-media":"","overlay-type":"","overlay-color":"","overlay-opacity":"","overlay-gradient":""}},"ast-content-background-meta":{"desktop":{"background-color":"var(--ast-global-color-5)","background-image":"","background-repeat":"repeat","background-position":"center center","background-size":"auto","background-attachment":"scroll","background-type":"","background-media":"","overlay-type":"","overlay-color":"","overlay-opacity":"","overlay-gradient":""},"tablet":{"background-color":"var(--ast-global-color-5)","background-image":"","background-repeat":"repeat","background-position":"center center","background-size":"auto","background-attachment":"scroll","background-type":"","background-media":"","overlay-type":"","overlay-color":"","overlay-opacity":"","overlay-gradient":""},"mobile":{"background-color":"var(--ast-global-color-5)","background-image":"","background-repeat":"repeat","background-position":"center center","background-size":"auto","background-attachment":"scroll","background-type":"","background-media":"","overlay-type":"","overlay-color":"","overlay-opacity":"","overlay-gradient":""}}},"product_brand":[52],"product_cat":[56,80,15],"product_tag":[],"class_list":{"0":"post-6411","1":"product","2":"type-product","3":"status-publish","4":"has-post-thumbnail","6":"product_brand-bang-king","7":"product_cat-bang-king-15000-est-equipee-dune-resistance-mesh-nouvelle-generation","8":"product_cat-puff-15k","9":"product_cat-magasin-cigarette-electronique","10":"desktop-align-center","11":"tablet-align-center","12":"mobile-align-center","13":"ast-product-gallery-layout-horizontal","14":"ast-product-gallery-with-no-image","15":"ast-product-single-variable","16":"ast-product-tabs-layout-horizontal","17":"ast-qv-on-image","19":"first","20":"instock","21":"sale","22":"shipping-taxable","23":"purchasable","24":"product-type-variable","25":"has-default-attributes"},"tiered_pricing_type":"fixed","tiered_pricing_fixed_rules":{"50":6.05,"100":5.59},"tiered_pricing_product_settings":{"layout":"default","base_unit_name":{"singular":null,"plural":null},"default_variation":null},"tiered_pricing_minimum_quantity":null,"tiered_pricing_roles_data":[],"tiered_pricing_percentage_rules":[],"_links":{"self":[{"href":"https:\/\/puffvapestore.com\/de\/wp-json\/wp\/v2\/product\/6411","targetHints":{"allow":["GET"]}}],"collection":[{"href":"https:\/\/puffvapestore.com\/de\/wp-json\/wp\/v2\/product"}],"about":[{"href":"https:\/\/puffvapestore.com\/de\/wp-json\/wp\/v2\/types\/product"}],"replies":[{"embeddable":true,"href":"https:\/\/puffvapestore.com\/de\/wp-json\/wp\/v2\/comments?post=6411"}],"version-history":[{"count":6,"href":"https:\/\/puffvapestore.com\/de\/wp-json\/wp\/v2\/product\/6411\/revisions"}],"predecessor-version":[{"id":6421,"href":"https:\/\/puffvapestore.com\/de\/wp-json\/wp\/v2\/product\/6411\/revisions\/6421"}],"wp:featuredmedia":[{"embeddable":true,"href":"https:\/\/puffvapestore.com\/de\/wp-json\/wp\/v2\/media\/6242"}],"wp:attachment":[{"href":"https:\/\/puffvapestore.com\/de\/wp-json\/wp\/v2\/media?parent=6411"}],"wp:term":[{"taxonomy":"product_brand","embeddable":true,"href":"https:\/\/puffvapestore.com\/de\/wp-json\/wp\/v2\/product_brand?post=6411"},{"taxonomy":"product_cat","embeddable":true,"href":"https:\/\/puffvapestore.com\/de\/wp-json\/wp\/v2\/product_cat?post=6411"},{"taxonomy":"product_tag","embeddable":true,"href":"https:\/\/puffvapestore.com\/de\/wp-json\/wp\/v2\/product_tag?post=6411"}],"curies":[{"name":"wp","href":"https:\/\/api.w.org\/{rel}","templated":true}]}}