{"id":6374,"date":"2025-08-04T01:49:54","date_gmt":"2025-08-04T01:49:54","guid":{"rendered":"https:\/\/puffvapestore.com\/?post_type=product&#038;p=6374"},"modified":"2026-01-19T10:52:39","modified_gmt":"2026-01-19T10:52:39","slug":"bang-king-15k-pomme-acidulee-framboise-est-ideal-pour-les-amateurs-de-saveurs-acidulees","status":"publish","type":"product","link":"https:\/\/puffvapestore.com\/de\/product\/bang-king-15k-apfel-sauer-himbeere-ist-ideal-fur-liebhaber-von-sauerlichen-aromen\/","title":{"rendered":"Bang King 15000 - Apple Raspberry Maus"},"content":{"rendered":"<div data-elementor-type=\"wp-post\" data-elementor-id=\"6374\" class=\"elementor elementor-6374\">\n\t\t\t\t<div class=\"elementor-element elementor-element-08c26f9 e-flex e-con-boxed e-con e-parent\" data-id=\"08c26f9\" data-element_type=\"container\" data-e-type=\"container\">\n\t\t\t\t\t<div class=\"e-con-inner\">\n\t\t\t\t<div class=\"elementor-element elementor-element-a005a97 elementor-widget elementor-widget-text-editor\" data-id=\"a005a97\" data-element_type=\"widget\" data-e-type=\"widget\" data-widget_type=\"text-editor.default\">\n\t\t\t\t<div class=\"elementor-widget-container\">\n\t\t\t\t\t\t\t\t\t<p>Dieses Aroma Saurer Apfel Himbeere ist ideal f\u00fcr alle, die gerne s\u00e4uerlich, fruchtig und nat\u00fcrlich vaporisieren. Wenn Sie Jolly Rancher Green Apple Bonbons oder s\u00e4uerliche rote Fruchtgetr\u00e4nke m\u00f6gen, ist Bang King 15000 Saurer Apfel Himbeere genau das Richtige f\u00fcr Sie.<\/p><p>Saurer Apfel: Beim ersten Zug entfaltet sich sofort der knackige, s\u00e4uerliche Geschmack des gr\u00fcnen Apfels. Statt eines s\u00fc\u00dfen roten Apfels f\u00fchlt man sich eher wie ein gr\u00fcner Granny Smith mit einer erfrischenden S\u00e4ure.<\/p><p>Himbeere: Der Himbeergeschmack stiehlt nicht die Show, sondern bleibt sanft hinter dem s\u00e4uerlichen Apfel bestehen, wie ein s\u00fc\u00dfer Nachgeschmack nach der S\u00e4ure. Die Himbeere mit ihrem Hauch von wilden Fr\u00fcchten verleiht dem Ganzen Komplexit\u00e4t und Tiefe.<\/p><h2>Allgemeines Aromaprofil des Sour Apple Raspberry :<\/h2><p>Kopfnote: Der anf\u00e4ngliche Rauch wird von einem reichen, klaren und s\u00e4uerlichen gr\u00fcnen Apfel begr\u00fc\u00dft, wie ein Glas frisch gepresster gr\u00fcner Apfelsaft, der den Gaumen sofort weckt.<\/p><p>Mitte des Mundes: Die S\u00e4ure l\u00e4sst leicht nach und macht Platz f\u00fcr ein s\u00fc\u00dfes Himbeeraroma, das einen sanften \u00dcbergang zu einem verschmelzenden Fruchterlebnis darstellt.<\/p><p>Abgang: Ein leichtes Aroma von roten Fr\u00fcchten und ein erfrischendes Gef\u00fchl bleiben bestehen, ohne fettige R\u00fcckst\u00e4nde zu hinterlassen, und sorgen f\u00fcr einen klaren und komfortablen Abgang.<\/p><h2>Spezifikationen von Bang King 15000 Sour Apple Raspberry<\/h2><p>Z\u00fcge: Jede elektronische Zigarette Bang King 15000 Sour Apple Raspberry kann bis zu 15000 Z\u00fcge aufnehmen.<\/p><p>Eingebauter Akku: Ca. 550 mAh, \u00fcber den USB-C-Anschluss aufladbar.<\/p><p>Vorgef\u00fcllte E-Liquids: Kapazit\u00e4t ca. 25 ml.<\/p><p>Widerstandstyp: Mesh-Widerstand f\u00fcr gleichm\u00e4\u00dfige Zerst\u00e4ubung und stabile Erw\u00e4rmung.<\/p><h2>Verschiedene Nikotinst\u00e4rken erh\u00e4ltlich.<\/h2><p>Die Bang King 15000 Sour Apple Raspberry bietet vier verschiedene Nikotinsalzdosierungen: 0 %, 2 %, 3 % und 5 %, um den Bed\u00fcrfnissen jedes einzelnen Nutzers gerecht zu werden. Egal, ob Sie Nikotin komplett vermeiden oder ein intensiveres Erlebnis bevorzugen m\u00f6chten, Sie werden die Dosierung finden, die zu Ihnen passt. Diese Flexibilit\u00e4t erm\u00f6glicht es den Nutzern, ihren Nikotinkonsum an ihre pers\u00f6nlichen Bed\u00fcrfnisse anzupassen oder ihn schrittweise zu reduzieren, f\u00fcr ein individuelles Erlebnis.<\/p><h2>Tragbares und langlebiges Design<\/h2><p>Diese elektronische Zigarette hat ein tragbares Design und einen leichten K\u00f6rper, wodurch sie leicht zu transportieren ist. Ob auf dem t\u00e4glichen Weg oder auf langen Reisen, sie passt problemlos in eine Tasche oder einen Rucksack. Das Geh\u00e4use der Bang King 15000 ist aus sorgf\u00e4ltig ausgew\u00e4hlten Materialien gefertigt und bietet eine langlebige Struktur, die St\u00f6\u00dfen und Abnutzungserscheinungen des Alltags standh\u00e4lt und so eine langfristige Zuverl\u00e4ssigkeit gew\u00e4hrleistet.<\/p><h2>Umweltfreundliches, nachf\u00fcllbares Design<\/h2><p>Die Bang King 15000 Sour Apple Raspberry ist mit einem Schnellladeanschluss vom Typ C ausgestattet, der ein schnelles Aufladen und die Kompatibilit\u00e4t mit modernen elektronischen Ger\u00e4ten gew\u00e4hrleistet. Sie erm\u00f6glicht es den Nutzern, ihr Ger\u00e4t jederzeit und \u00fcberall aufzuladen. Im Vergleich zu herk\u00f6mmlichen elektronischen Einwegzigaretten reduziert dieses wiederaufladbare Design den Abfall erheblich und verl\u00e4ngert die Lebensdauer des Ger\u00e4ts, wodurch die Umweltprinzipien eingehalten und ein Beitrag zur nachhaltigen Entwicklung geleistet wird.<\/p><h2>Einstellbarer Luftstrom<\/h2><p>Die elektronische Zigarette hat ein einstellbares Luftstromsystem, mit dem die Benutzer den Inhalationswiderstand frei nach ihren Vorlieben einstellen k\u00f6nnen, von einer festen Inhalation bis zu einer leichten Inhalation.<\/p><h2>Elegantes und ergonomisches Design<\/h2><p>Der Bang King 15000 Sour Apple Raspberry legt den Schwerpunkt auf Funktionalit\u00e4t und verf\u00fcgt \u00fcber ein modernes Design mit klaren Linien und verschiedenen Farben, die sich an die \u00e4sthetischen Vorlieben jedes Benutzers anpassen. Sein ergonomisches Design sorgt daf\u00fcr, dass er bequem in der Hand liegt und auch nach l\u00e4ngerer Zeit noch erm\u00fcdungsfrei genutzt werden kann.<\/p>\t\t\t\t\t\t\t\t<\/div>\n\t\t\t\t<\/div>\n\t\t\t\t\t<\/div>\n\t\t\t\t<\/div>\n\t\t\t\t<\/div>","protected":false},"excerpt":{"rendered":"<p>Cet ar\u00f4me Pomme Acidul\u00e9e Framboise est id\u00e9al pour les amateurs de vapotage acidul\u00e9, fruit\u00e9 et naturel. Si vous appr\u00e9ciez les bonbons \u00e0 la pomme verte Jolly Rancher ou les boissons aux fruits rouges acidul\u00e9es, le Bang King 15000 Pomme Acidul\u00e9e Framboise est fait pour vous. Pomme Acidul\u00e9e\u00a0: D\u00e8s la premi\u00e8re bouff\u00e9e, la saveur croquante et [&hellip;]<\/p>\n","protected":false},"featured_media":6247,"comment_status":"open","ping_status":"closed","template":"","meta":{"site-sidebar-layout":"no-sidebar","site-content-layout":"page-builder","ast-site-content-layout":"normal-width-container","site-content-style":"default","site-sidebar-style":"default","ast-global-header-display":"","ast-banner-title-visibility":"","ast-main-header-display":"","ast-hfb-above-header-display":"","ast-hfb-below-header-display":"","ast-hfb-mobile-header-display":"","site-post-title":"disabled","ast-breadcrumbs-content":"","ast-featured-img":"disabled","footer-sml-layout":"","ast-disable-related-posts":"","theme-transparent-header-meta":"default","adv-header-id-meta":"","stick-header-meta":"default","header-above-stick-meta":"","header-main-stick-meta":"","header-below-stick-meta":"","astra-migrate-meta-layouts":"set","ast-page-background-enabled":"default","ast-page-background-meta":{"desktop":{"background-color":"","background-image":"","background-repeat":"repeat","background-position":"center center","background-size":"auto","background-attachment":"scroll","background-type":"","background-media":"","overlay-type":"","overlay-color":"","overlay-opacity":"","overlay-gradient":""},"tablet":{"background-color":"","background-image":"","background-repeat":"repeat","background-position":"center center","background-size":"auto","background-attachment":"scroll","background-type":"","background-media":"","overlay-type":"","overlay-color":"","overlay-opacity":"","overlay-gradient":""},"mobile":{"background-color":"","background-image":"","background-repeat":"repeat","background-position":"center center","background-size":"auto","background-attachment":"scroll","background-type":"","background-media":"","overlay-type":"","overlay-color":"","overlay-opacity":"","overlay-gradient":""}},"ast-content-background-meta":{"desktop":{"background-color":"var(--ast-global-color-5)","background-image":"","background-repeat":"repeat","background-position":"center center","background-size":"auto","background-attachment":"scroll","background-type":"","background-media":"","overlay-type":"","overlay-color":"","overlay-opacity":"","overlay-gradient":""},"tablet":{"background-color":"var(--ast-global-color-5)","background-image":"","background-repeat":"repeat","background-position":"center center","background-size":"auto","background-attachment":"scroll","background-type":"","background-media":"","overlay-type":"","overlay-color":"","overlay-opacity":"","overlay-gradient":""},"mobile":{"background-color":"var(--ast-global-color-5)","background-image":"","background-repeat":"repeat","background-position":"center center","background-size":"auto","background-attachment":"scroll","background-type":"","background-media":"","overlay-type":"","overlay-color":"","overlay-opacity":"","overlay-gradient":""}}},"product_brand":[52],"product_cat":[56,80,15],"product_tag":[],"class_list":{"0":"post-6374","1":"product","2":"type-product","3":"status-publish","4":"has-post-thumbnail","6":"product_brand-bang-king","7":"product_cat-bang-king-15000-est-equipee-dune-resistance-mesh-nouvelle-generation","8":"product_cat-puff-15k","9":"product_cat-magasin-cigarette-electronique","10":"desktop-align-center","11":"tablet-align-center","12":"mobile-align-center","13":"ast-product-gallery-layout-horizontal","14":"ast-product-gallery-with-no-image","15":"ast-product-single-variable","16":"ast-product-tabs-layout-horizontal","17":"ast-qv-on-image","19":"first","20":"instock","21":"sale","22":"shipping-taxable","23":"purchasable","24":"product-type-variable","25":"has-default-attributes"},"tiered_pricing_type":"fixed","tiered_pricing_fixed_rules":{"50":6.05,"100":5.59},"tiered_pricing_product_settings":{"layout":"default","base_unit_name":{"singular":null,"plural":null},"default_variation":null},"tiered_pricing_minimum_quantity":null,"tiered_pricing_roles_data":[],"tiered_pricing_percentage_rules":[],"_links":{"self":[{"href":"https:\/\/puffvapestore.com\/de\/wp-json\/wp\/v2\/product\/6374","targetHints":{"allow":["GET"]}}],"collection":[{"href":"https:\/\/puffvapestore.com\/de\/wp-json\/wp\/v2\/product"}],"about":[{"href":"https:\/\/puffvapestore.com\/de\/wp-json\/wp\/v2\/types\/product"}],"replies":[{"embeddable":true,"href":"https:\/\/puffvapestore.com\/de\/wp-json\/wp\/v2\/comments?post=6374"}],"version-history":[{"count":6,"href":"https:\/\/puffvapestore.com\/de\/wp-json\/wp\/v2\/product\/6374\/revisions"}],"predecessor-version":[{"id":6384,"href":"https:\/\/puffvapestore.com\/de\/wp-json\/wp\/v2\/product\/6374\/revisions\/6384"}],"wp:featuredmedia":[{"embeddable":true,"href":"https:\/\/puffvapestore.com\/de\/wp-json\/wp\/v2\/media\/6247"}],"wp:attachment":[{"href":"https:\/\/puffvapestore.com\/de\/wp-json\/wp\/v2\/media?parent=6374"}],"wp:term":[{"taxonomy":"product_brand","embeddable":true,"href":"https:\/\/puffvapestore.com\/de\/wp-json\/wp\/v2\/product_brand?post=6374"},{"taxonomy":"product_cat","embeddable":true,"href":"https:\/\/puffvapestore.com\/de\/wp-json\/wp\/v2\/product_cat?post=6374"},{"taxonomy":"product_tag","embeddable":true,"href":"https:\/\/puffvapestore.com\/de\/wp-json\/wp\/v2\/product_tag?post=6374"}],"curies":[{"name":"wp","href":"https:\/\/api.w.org\/{rel}","templated":true}]}}