{"id":6363,"date":"2025-08-02T12:20:56","date_gmt":"2025-08-02T12:20:56","guid":{"rendered":"https:\/\/puffvapestore.com\/?post_type=product&#038;p=6363"},"modified":"2026-01-19T10:52:39","modified_gmt":"2026-01-19T10:52:39","slug":"bang-king-15000-tropical-fruit-est-rafraichissant-et-sucre","status":"publish","type":"product","link":"https:\/\/puffvapestore.com\/de\/product\/bang-king-15000-tropische-frucht-ist-erfrischend-und-sus\/","title":{"rendered":"Bang King 15000 - Tropical Fruit"},"content":{"rendered":"<div data-elementor-type=\"wp-post\" data-elementor-id=\"6363\" class=\"elementor elementor-6363\">\n\t\t\t\t<div class=\"elementor-element elementor-element-08c26f9 e-flex e-con-boxed e-con e-parent\" data-id=\"08c26f9\" data-element_type=\"container\" data-e-type=\"container\">\n\t\t\t\t\t<div class=\"e-con-inner\">\n\t\t\t\t<div class=\"elementor-element elementor-element-a005a97 elementor-widget elementor-widget-text-editor\" data-id=\"a005a97\" data-element_type=\"widget\" data-e-type=\"widget\" data-widget_type=\"text-editor.default\">\n\t\t\t\t<div class=\"elementor-widget-container\">\n\t\t\t\t\t\t\t\t\t<p>Bang King 15000 Tropische Fr\u00fcchte bietet ein frisches, s\u00fc\u00dfes und fruchtiges Geschmackserlebnis durch eine Mischung aus verschiedenen tropischen Fr\u00fcchten. Der Gesamtgeschmack ist erfrischend s\u00fc\u00df, mit einem Hauch von S\u00e4ure und einem reichhaltigen, ausgewogenen Geschmack.<\/p><p>Wenn Sie Frucht-Shakes, tropische S\u00e4fte und gemischte Fruchtgetr\u00e4nke m\u00f6gen, wird der Geschmack von Bang King 15000 - Tropische Fr\u00fcchte wahrscheinlich Ihren Vorlieben entsprechen. Er ist nicht so eint\u00f6nig wie eine einzelne Frucht, sondern bietet vielmehr ein komplexes Erlebnis, das an einen tropischen Obstgarten erinnert.<\/p><h2>Hauptmerkmale des Geschmacks :<\/h2><h3>1. Dominierende fruchtige Noten : Ananas und Mango<\/h3><p>Ananas: Die erste Rauchnote ist ein deutlicher Ananasgeschmack mit nat\u00fcrlicher S\u00e4ure und S\u00fc\u00dfe, ausgewogener S\u00fc\u00dfe und einem leicht energetisierenden Gef\u00fchl.<\/p><p>Mango: Es folgt ein milder, s\u00fc\u00dfer Mangogeschmack, der dem weichen Fruchtfleisch einer reifen Mango \u00e4hnelt und den s\u00fc\u00df-sauren Geschmack der Ananas kontrastiert und erg\u00e4nzt.<\/p><h3>2. Sekund\u00e4re Aromen: Passionsfrucht, Papaya und Kokosnuss<\/h3><p>Passionsfrucht: Im Abgang zeigt sich ein leichtes Passionsfruchtaroma mit einer subtilen floralen Note, die dem Ganzen einen exotischen Touch verleiht.<\/p><p>Papeye: Sie wirkt ausgleichend, mildert die S\u00fc\u00dfe der Mango und verleiht dem Geschmack eine weiche, cremige Basis.<\/p><p>Kokosnuss (leicht) : Ein Hauch von Kokosmilch im Nachgeschmack verleiht dem Ganzen eine milchige oder cremige Note, ohne es zu dominieren.<\/p><h2>Spezifikationen von Bang King 15000 Tropical Fruit<\/h2><p>Z\u00fcge: Jede elektronische Zigarette Bang King 15000 Tropical Fruit kann bis zu 15000 Z\u00fcge enthalten.<\/p><p>Eingebauter Akku: Ca. 550 mAh, \u00fcber den USB-C-Anschluss aufladbar.<\/p><p>Vorgef\u00fcllte E-Liquids: Kapazit\u00e4t ca. 25 ml.<\/p><p>Widerstandstyp: Mesh-Widerstand f\u00fcr gleichm\u00e4\u00dfige Zerst\u00e4ubung und stabile Erw\u00e4rmung.<\/p><h2>Verschiedene Nikotinst\u00e4rken erh\u00e4ltlich.<\/h2><p>Die Bang King 15000 Tropical Fruit bietet vier verschiedene Nikotinsalzdosierungen: 0 %, 2 %, 3 % und 5 %, um den Bed\u00fcrfnissen jedes einzelnen Nutzers gerecht zu werden. Ob Sie Nikotin komplett vermeiden oder ein intensiveres Erlebnis bevorzugen m\u00f6chten, Sie werden die Dosierung finden, die zu Ihnen passt. Diese Flexibilit\u00e4t erm\u00f6glicht es den Nutzern, ihren Nikotinkonsum an ihre pers\u00f6nlichen Bed\u00fcrfnisse anzupassen oder ihn schrittweise zu reduzieren, f\u00fcr ein individuelles Erlebnis.<\/p><h2>Tragbares und langlebiges Design<\/h2><p>Diese elektronische Zigarette hat ein tragbares Design und einen leichten K\u00f6rper, wodurch sie leicht zu transportieren ist. Ob auf dem t\u00e4glichen Weg oder auf langen Reisen, sie passt problemlos in eine Tasche oder einen Rucksack. Das Geh\u00e4use der Bang King 15000 ist aus sorgf\u00e4ltig ausgew\u00e4hlten Materialien gefertigt und bietet eine langlebige Struktur, die St\u00f6\u00dfen und Abnutzungserscheinungen des Alltags standh\u00e4lt und so eine langfristige Zuverl\u00e4ssigkeit gew\u00e4hrleistet.<\/p><h2>Umweltfreundliches, nachf\u00fcllbares Design<\/h2><p>Die Bang King 15000 Tropical Fruit ist mit einem Typ-C-Schnellladeanschluss ausgestattet, der ein schnelles Aufladen und die Kompatibilit\u00e4t mit modernen elektronischen Ger\u00e4ten gew\u00e4hrleistet. Sie erm\u00f6glicht es den Nutzern, ihr Ger\u00e4t jederzeit und \u00fcberall aufzuladen. Im Vergleich zu herk\u00f6mmlichen elektronischen Einwegzigaretten reduziert dieses wiederaufladbare Design den Abfall erheblich und verl\u00e4ngert die Lebensdauer des Ger\u00e4ts, wodurch die Umweltprinzipien eingehalten und ein Beitrag zur nachhaltigen Entwicklung geleistet wird.<\/p><h2>Einstellbarer Luftstrom<\/h2><p>Die elektronische Zigarette hat ein einstellbares Luftstromsystem, mit dem die Benutzer den Inhalationswiderstand frei nach ihren Vorlieben einstellen k\u00f6nnen, von einer festen Inhalation bis zu einer leichten Inhalation.<\/p><h2>Elegantes und ergonomisches Design<\/h2><p>Der Bang King 15000 Tropical Fruit legt den Schwerpunkt auf Funktionalit\u00e4t und verf\u00fcgt \u00fcber ein modernes Design mit klaren Linien und verschiedenen Farben, die sich an die \u00e4sthetischen Vorlieben jedes Benutzers anpassen. Das ergonomische Design sorgt f\u00fcr einen bequemen Griff und eine erm\u00fcdungsfreie Nutzung auch nach l\u00e4ngerer Zeit.<\/p>\t\t\t\t\t\t\t\t<\/div>\n\t\t\t\t<\/div>\n\t\t\t\t\t<\/div>\n\t\t\t\t<\/div>\n\t\t\t\t<\/div>","protected":false},"excerpt":{"rendered":"<p>Bang King 15000 Fruits tropicaux offre une exp\u00e9rience gustative fra\u00eeche, sucr\u00e9e et fruit\u00e9e, gr\u00e2ce \u00e0 un m\u00e9lange de divers fruits tropicaux. La saveur globale est rafra\u00eechissante et sucr\u00e9e, avec une pointe d&rsquo;acidit\u00e9, et un go\u00fbt riche et \u00e9quilibr\u00e9. Si vous aimez les milk-shakes aux fruits, les jus tropicaux et les boissons aux fruits m\u00e9lang\u00e9s, la [&hellip;]<\/p>\n","protected":false},"featured_media":6253,"comment_status":"open","ping_status":"closed","template":"","meta":{"site-sidebar-layout":"no-sidebar","site-content-layout":"page-builder","ast-site-content-layout":"normal-width-container","site-content-style":"default","site-sidebar-style":"default","ast-global-header-display":"","ast-banner-title-visibility":"","ast-main-header-display":"","ast-hfb-above-header-display":"","ast-hfb-below-header-display":"","ast-hfb-mobile-header-display":"","site-post-title":"disabled","ast-breadcrumbs-content":"","ast-featured-img":"disabled","footer-sml-layout":"","ast-disable-related-posts":"","theme-transparent-header-meta":"default","adv-header-id-meta":"","stick-header-meta":"default","header-above-stick-meta":"","header-main-stick-meta":"","header-below-stick-meta":"","astra-migrate-meta-layouts":"set","ast-page-background-enabled":"default","ast-page-background-meta":{"desktop":{"background-color":"","background-image":"","background-repeat":"repeat","background-position":"center center","background-size":"auto","background-attachment":"scroll","background-type":"","background-media":"","overlay-type":"","overlay-color":"","overlay-opacity":"","overlay-gradient":""},"tablet":{"background-color":"","background-image":"","background-repeat":"repeat","background-position":"center center","background-size":"auto","background-attachment":"scroll","background-type":"","background-media":"","overlay-type":"","overlay-color":"","overlay-opacity":"","overlay-gradient":""},"mobile":{"background-color":"","background-image":"","background-repeat":"repeat","background-position":"center center","background-size":"auto","background-attachment":"scroll","background-type":"","background-media":"","overlay-type":"","overlay-color":"","overlay-opacity":"","overlay-gradient":""}},"ast-content-background-meta":{"desktop":{"background-color":"var(--ast-global-color-5)","background-image":"","background-repeat":"repeat","background-position":"center center","background-size":"auto","background-attachment":"scroll","background-type":"","background-media":"","overlay-type":"","overlay-color":"","overlay-opacity":"","overlay-gradient":""},"tablet":{"background-color":"var(--ast-global-color-5)","background-image":"","background-repeat":"repeat","background-position":"center center","background-size":"auto","background-attachment":"scroll","background-type":"","background-media":"","overlay-type":"","overlay-color":"","overlay-opacity":"","overlay-gradient":""},"mobile":{"background-color":"var(--ast-global-color-5)","background-image":"","background-repeat":"repeat","background-position":"center center","background-size":"auto","background-attachment":"scroll","background-type":"","background-media":"","overlay-type":"","overlay-color":"","overlay-opacity":"","overlay-gradient":""}}},"product_brand":[52],"product_cat":[56,80,15],"product_tag":[],"class_list":{"0":"post-6363","1":"product","2":"type-product","3":"status-publish","4":"has-post-thumbnail","6":"product_brand-bang-king","7":"product_cat-bang-king-15000-est-equipee-dune-resistance-mesh-nouvelle-generation","8":"product_cat-puff-15k","9":"product_cat-magasin-cigarette-electronique","10":"desktop-align-center","11":"tablet-align-center","12":"mobile-align-center","13":"ast-product-gallery-layout-horizontal","14":"ast-product-gallery-with-no-image","15":"ast-product-single-variable","16":"ast-product-tabs-layout-horizontal","17":"ast-qv-on-image","19":"first","20":"instock","21":"sale","22":"shipping-taxable","23":"purchasable","24":"product-type-variable","25":"has-default-attributes"},"tiered_pricing_type":"fixed","tiered_pricing_fixed_rules":{"50":6.05,"100":5.59},"tiered_pricing_product_settings":{"layout":"default","base_unit_name":{"singular":null,"plural":null},"default_variation":null},"tiered_pricing_minimum_quantity":null,"tiered_pricing_roles_data":[],"tiered_pricing_percentage_rules":[],"_links":{"self":[{"href":"https:\/\/puffvapestore.com\/de\/wp-json\/wp\/v2\/product\/6363","targetHints":{"allow":["GET"]}}],"collection":[{"href":"https:\/\/puffvapestore.com\/de\/wp-json\/wp\/v2\/product"}],"about":[{"href":"https:\/\/puffvapestore.com\/de\/wp-json\/wp\/v2\/types\/product"}],"replies":[{"embeddable":true,"href":"https:\/\/puffvapestore.com\/de\/wp-json\/wp\/v2\/comments?post=6363"}],"version-history":[{"count":6,"href":"https:\/\/puffvapestore.com\/de\/wp-json\/wp\/v2\/product\/6363\/revisions"}],"predecessor-version":[{"id":6373,"href":"https:\/\/puffvapestore.com\/de\/wp-json\/wp\/v2\/product\/6363\/revisions\/6373"}],"wp:featuredmedia":[{"embeddable":true,"href":"https:\/\/puffvapestore.com\/de\/wp-json\/wp\/v2\/media\/6253"}],"wp:attachment":[{"href":"https:\/\/puffvapestore.com\/de\/wp-json\/wp\/v2\/media?parent=6363"}],"wp:term":[{"taxonomy":"product_brand","embeddable":true,"href":"https:\/\/puffvapestore.com\/de\/wp-json\/wp\/v2\/product_brand?post=6363"},{"taxonomy":"product_cat","embeddable":true,"href":"https:\/\/puffvapestore.com\/de\/wp-json\/wp\/v2\/product_cat?post=6363"},{"taxonomy":"product_tag","embeddable":true,"href":"https:\/\/puffvapestore.com\/de\/wp-json\/wp\/v2\/product_tag?post=6363"}],"curies":[{"name":"wp","href":"https:\/\/api.w.org\/{rel}","templated":true}]}}