{"id":6272,"date":"2025-08-02T08:02:02","date_gmt":"2025-08-02T08:02:02","guid":{"rendered":"https:\/\/puffvapestore.com\/?post_type=product&#038;p=6272"},"modified":"2026-01-19T10:52:38","modified_gmt":"2026-01-19T10:52:38","slug":"bang-king-15000-offre-15k-bouffees-25ml-de-liquide","status":"publish","type":"product","link":"https:\/\/puffvapestore.com\/de\/product\/bang-king-15000-bietet-15k-gefressen-25ml-flussigkeit\/","title":{"rendered":"Bang King 15000: Bietet 15K Z\u00fcge, 25 ml E-Fl\u00fcssigkeit und einen Mesh-Widerstand"},"content":{"rendered":"<div data-elementor-type=\"wp-post\" data-elementor-id=\"6272\" class=\"elementor elementor-6272\">\n\t\t\t\t<div class=\"elementor-element elementor-element-08c26f9 e-flex e-con-boxed e-con e-parent\" data-id=\"08c26f9\" data-element_type=\"container\" data-e-type=\"container\">\n\t\t\t\t\t<div class=\"e-con-inner\">\n\t\t\t\t<div class=\"elementor-element elementor-element-a005a97 elementor-widget elementor-widget-text-editor\" data-id=\"a005a97\" data-element_type=\"widget\" data-e-type=\"widget\" data-widget_type=\"text-editor.default\">\n\t\t\t\t<div class=\"elementor-widget-container\">\n\t\t\t\t\t\t\t\t\t<h2>Spezifikationen von Bang King 15000<\/h2><p>Z\u00fcge: Jede elektronische Zigarette Bang King 15000 kann bis zu 15000 Z\u00fcge enthalten.<\/p><p>Eingebauter Akku: Ca. 550 mAh, \u00fcber den USB-C-Anschluss aufladbar.<\/p><p>Vorgef\u00fcllte E-Liquids: Kapazit\u00e4t ca. 25 ml.<\/p><p>Widerstandstyp: Mesh-Widerstand f\u00fcr gleichm\u00e4\u00dfige Zerst\u00e4ubung und stabile Erw\u00e4rmung.<\/p><h2>Verschiedene Nikotinst\u00e4rken erh\u00e4ltlich.<\/h2><p>Die Bang King 15000 bietet vier verschiedene Nikotinsalzdosierungen: 0 %, 2 %, 3 % und 5 %, um den Bed\u00fcrfnissen jedes einzelnen Nutzers gerecht zu werden. Ob Sie Nikotin komplett vermeiden oder ein intensiveres Erlebnis bevorzugen m\u00f6chten, Sie werden die Dosierung finden, die zu Ihnen passt. Diese Flexibilit\u00e4t erm\u00f6glicht es den Nutzern, ihren Nikotinkonsum an ihre pers\u00f6nlichen Bed\u00fcrfnisse anzupassen oder ihn schrittweise zu reduzieren, f\u00fcr ein individuelles Erlebnis.<\/p><h2>Tragbares und langlebiges Design<\/h2><p>Diese elektronische Zigarette hat ein tragbares Design und einen leichten K\u00f6rper, wodurch sie leicht zu transportieren ist. Ob auf dem t\u00e4glichen Weg oder auf langen Reisen, sie passt problemlos in eine Tasche oder einen Rucksack. Das Geh\u00e4use der Bang King 15000 ist aus sorgf\u00e4ltig ausgew\u00e4hlten Materialien gefertigt und bietet eine langlebige Struktur, die St\u00f6\u00dfen und Abnutzungserscheinungen des Alltags standh\u00e4lt und so eine langfristige Zuverl\u00e4ssigkeit gew\u00e4hrleistet.<\/p><h2>Umweltfreundliches, nachf\u00fcllbares Design<\/h2><p>Die Bang King 15000 ist mit einem Typ-C-Schnellladeanschluss ausgestattet, der ein schnelles Aufladen und die Kompatibilit\u00e4t mit modernen elektronischen Ger\u00e4ten gew\u00e4hrleistet. Sie erm\u00f6glicht es den Nutzern, ihr Ger\u00e4t jederzeit und \u00fcberall aufzuladen. Im Vergleich zu herk\u00f6mmlichen elektronischen Einwegzigaretten reduziert dieses wiederaufladbare Design den Abfall erheblich und verl\u00e4ngert die Lebensdauer des Ger\u00e4ts, wodurch die Umweltprinzipien eingehalten und ein Beitrag zur nachhaltigen Entwicklung geleistet wird.<\/p><h2>Einstellbarer Luftstrom<\/h2><p>Die elektronische Zigarette hat ein einstellbares Luftstromsystem, mit dem die Benutzer den Inhalationswiderstand frei nach ihren Vorlieben einstellen k\u00f6nnen, von einer festen Inhalation bis zu einer leichten Inhalation.<\/p><h2>Elegantes und ergonomisches Design<\/h2><p>Der Bang King 15000 legt den Schwerpunkt auf Funktionalit\u00e4t und verf\u00fcgt \u00fcber ein modernes Design mit klaren Linien und verschiedenen Farben, die sich an die \u00e4sthetischen Vorlieben jedes Benutzers anpassen. Sein ergonomisches Design sorgt daf\u00fcr, dass er bequem in der Hand liegt und auch nach l\u00e4ngerer Zeit noch erm\u00fcdungsfrei genutzt werden kann.<\/p><h2>Die Bang King 15000 bietet 20 verschiedene Geschmacksrichtungen an<\/h2><p>Die Bang King 15000 bietet 20 verschiedene Geschmacksrichtungen, darunter Frucht, Frisch und Dessert, um den Bed\u00fcrfnissen aller Nutzer gerecht zu werden. Zu den fruchtigen Geschmacksrichtungen geh\u00f6ren \"Aloe Grape\" (s\u00fc\u00df und erfrischend), \"Peach Mango\" (tropisch und fruchtig), \"Double Apple\" (knackig und saftig), \"Kiwi Passion Fruit Guava\" (tropisches Trio), \"Tropical Fruit\" (tropische Fruchtmischung), \"Strawberry Banana\" (cremig wie ein Milchshake), \"Strawberry Kiwi\" (Kiwi-Erdbeere mit ausgewogener S\u00fc\u00dfe und S\u00e4ure) und \"Strawberry Watermelon\" (erfrischend und saftig). Diese Geschmacksrichtungen bieten die nat\u00fcrliche S\u00fc\u00dfe und Frische von Fr\u00fcchten und sind perfekt f\u00fcr alle, die fruchtige Aromen lieben.<\/p><p>Die erfrischenden Geschmacksrichtungen wurden f\u00fcr diejenigen entwickelt, die ein erfrischendes Erlebnis suchen, und umfassen \"Blue Razz Ice\" (ein s\u00fc\u00df-saures Heidelbeereis), \"Lush Ice\" (ein erfrischendes, s\u00fc\u00dfes Wassermeloneneis), \"Peach Ice\" (ein fruchtiges, eisiges Pfirsicheis), \"Triple Berry Ice\" (ein erfrischendes Eis aus roten Fr\u00fcchten) und \"Black Dragon Ice\" (ein einzigartiges, fruchtiges, erfrischendes Eis aus schwarzer Pitaya). Diese Geschmacksrichtungen bieten ein erfrischendes Minzgef\u00fchl, ideal an hei\u00dfen Tagen oder f\u00fcr diejenigen, die ein k\u00fchles Gef\u00fchl suchen. Dar\u00fcber hinaus bietet \"Cool Mint\" pure Minzfrische f\u00fcr diejenigen, die den ultimativen Frischekick suchen.<\/p><p>F\u00fcr zus\u00e4tzlichen Genuss sorgen einzigartige Desserts und Geschmacksrichtungen wie \"Cotton Candy\" (s\u00fc\u00df und leicht), \"Watermelon Bubblegum\" (eine Mischung aus fruchtigen Aromen und nostalgischen Bonbons), \"Strawberry Yogurt\" (eine ausgewogene Mischung aus milchigen und fruchtigen Aromen), \"Cherry Pop\" (eine Limonade im Stil eines s\u00fc\u00dfen Bonbons) und \"Pink Lemonade\" (ein erfrischendes, s\u00e4uerliches Getr\u00e4nk).<\/p>\t\t\t\t\t\t\t\t<\/div>\n\t\t\t\t<\/div>\n\t\t\t\t\t<\/div>\n\t\t\t\t<\/div>\n\t\t\t\t<\/div>","protected":false},"excerpt":{"rendered":"<p>Sp\u00e9cifications de la Bang King 15000 Bouff\u00e9es\u00a0: Chaque cigarette \u00e9lectronique Bang King 15000 peut contenir jusqu\u2019\u00e0 15000 bouff\u00e9es. Batterie int\u00e9gr\u00e9e\u00a0: Environ 550\u00a0mAh, rechargeable via le port USB-C. E-liquide pr\u00e9rempli\u00a0: Capacit\u00e9 d\u2019environ 25\u00a0ml. Type de r\u00e9sistance : R\u00e9sistance en mesh pour une atomisation uniforme et une chauffe stable. Plusieurs dosages de nicotine disponibles. La Bang King [&hellip;]<\/p>\n","protected":false},"featured_media":6256,"comment_status":"open","ping_status":"closed","template":"","meta":{"site-sidebar-layout":"no-sidebar","site-content-layout":"page-builder","ast-site-content-layout":"normal-width-container","site-content-style":"default","site-sidebar-style":"default","ast-global-header-display":"","ast-banner-title-visibility":"","ast-main-header-display":"","ast-hfb-above-header-display":"","ast-hfb-below-header-display":"","ast-hfb-mobile-header-display":"","site-post-title":"disabled","ast-breadcrumbs-content":"","ast-featured-img":"disabled","footer-sml-layout":"","ast-disable-related-posts":"","theme-transparent-header-meta":"default","adv-header-id-meta":"","stick-header-meta":"default","header-above-stick-meta":"","header-main-stick-meta":"","header-below-stick-meta":"","astra-migrate-meta-layouts":"set","ast-page-background-enabled":"default","ast-page-background-meta":{"desktop":{"background-color":"","background-image":"","background-repeat":"repeat","background-position":"center center","background-size":"auto","background-attachment":"scroll","background-type":"","background-media":"","overlay-type":"","overlay-color":"","overlay-opacity":"","overlay-gradient":""},"tablet":{"background-color":"","background-image":"","background-repeat":"repeat","background-position":"center center","background-size":"auto","background-attachment":"scroll","background-type":"","background-media":"","overlay-type":"","overlay-color":"","overlay-opacity":"","overlay-gradient":""},"mobile":{"background-color":"","background-image":"","background-repeat":"repeat","background-position":"center center","background-size":"auto","background-attachment":"scroll","background-type":"","background-media":"","overlay-type":"","overlay-color":"","overlay-opacity":"","overlay-gradient":""}},"ast-content-background-meta":{"desktop":{"background-color":"var(--ast-global-color-5)","background-image":"","background-repeat":"repeat","background-position":"center center","background-size":"auto","background-attachment":"scroll","background-type":"","background-media":"","overlay-type":"","overlay-color":"","overlay-opacity":"","overlay-gradient":""},"tablet":{"background-color":"var(--ast-global-color-5)","background-image":"","background-repeat":"repeat","background-position":"center center","background-size":"auto","background-attachment":"scroll","background-type":"","background-media":"","overlay-type":"","overlay-color":"","overlay-opacity":"","overlay-gradient":""},"mobile":{"background-color":"var(--ast-global-color-5)","background-image":"","background-repeat":"repeat","background-position":"center center","background-size":"auto","background-attachment":"scroll","background-type":"","background-media":"","overlay-type":"","overlay-color":"","overlay-opacity":"","overlay-gradient":""}}},"product_brand":[52],"product_cat":[56,80,15],"product_tag":[],"class_list":{"0":"post-6272","1":"product","2":"type-product","3":"status-publish","4":"has-post-thumbnail","6":"product_brand-bang-king","7":"product_cat-bang-king-15000-est-equipee-dune-resistance-mesh-nouvelle-generation","8":"product_cat-puff-15k","9":"product_cat-magasin-cigarette-electronique","10":"desktop-align-center","11":"tablet-align-center","12":"mobile-align-center","13":"ast-product-gallery-layout-horizontal","14":"ast-product-single-variable","15":"ast-product-tabs-layout-horizontal","16":"ast-qv-on-image","18":"first","19":"instock","20":"sale","21":"shipping-taxable","22":"purchasable","23":"product-type-variable","24":"has-default-attributes"},"tiered_pricing_type":"fixed","tiered_pricing_fixed_rules":{"50":6.05,"100":5.59},"tiered_pricing_product_settings":{"layout":"default","base_unit_name":{"singular":null,"plural":null},"default_variation":null},"tiered_pricing_minimum_quantity":null,"tiered_pricing_roles_data":[],"tiered_pricing_percentage_rules":[],"_links":{"self":[{"href":"https:\/\/puffvapestore.com\/de\/wp-json\/wp\/v2\/product\/6272","targetHints":{"allow":["GET"]}}],"collection":[{"href":"https:\/\/puffvapestore.com\/de\/wp-json\/wp\/v2\/product"}],"about":[{"href":"https:\/\/puffvapestore.com\/de\/wp-json\/wp\/v2\/types\/product"}],"replies":[{"embeddable":true,"href":"https:\/\/puffvapestore.com\/de\/wp-json\/wp\/v2\/comments?post=6272"}],"version-history":[{"count":6,"href":"https:\/\/puffvapestore.com\/de\/wp-json\/wp\/v2\/product\/6272\/revisions"}],"predecessor-version":[{"id":6362,"href":"https:\/\/puffvapestore.com\/de\/wp-json\/wp\/v2\/product\/6272\/revisions\/6362"}],"wp:featuredmedia":[{"embeddable":true,"href":"https:\/\/puffvapestore.com\/de\/wp-json\/wp\/v2\/media\/6256"}],"wp:attachment":[{"href":"https:\/\/puffvapestore.com\/de\/wp-json\/wp\/v2\/media?parent=6272"}],"wp:term":[{"taxonomy":"product_brand","embeddable":true,"href":"https:\/\/puffvapestore.com\/de\/wp-json\/wp\/v2\/product_brand?post=6272"},{"taxonomy":"product_cat","embeddable":true,"href":"https:\/\/puffvapestore.com\/de\/wp-json\/wp\/v2\/product_cat?post=6272"},{"taxonomy":"product_tag","embeddable":true,"href":"https:\/\/puffvapestore.com\/de\/wp-json\/wp\/v2\/product_tag?post=6272"}],"curies":[{"name":"wp","href":"https:\/\/api.w.org\/{rel}","templated":true}]}}