{"id":6184,"date":"2025-08-02T03:42:18","date_gmt":"2025-08-02T03:42:18","guid":{"rendered":"https:\/\/puffvapestore.com\/?post_type=product&#038;p=6184"},"modified":"2026-01-19T10:36:11","modified_gmt":"2026-01-19T10:36:11","slug":"red-bull-watermelon-bubble-candy-bang-king-30k-un-gout-sucre-et-rafraichissant","status":"publish","type":"product","link":"https:\/\/puffvapestore.com\/de\/product\/red-bull-watermelon-bubble-candy-bang-king-30k-ein-suser-und-erfrischender-geschmack\/","title":{"rendered":"Red Bull &amp; Watermelon Bubble Candy - Bang King 30000 Doppelter Geschmack"},"content":{"rendered":"<div data-elementor-type=\"wp-post\" data-elementor-id=\"6184\" class=\"elementor elementor-6184\">\n\t\t\t\t<div class=\"elementor-element elementor-element-08c26f9 e-flex e-con-boxed e-con e-parent\" data-id=\"08c26f9\" data-element_type=\"container\" data-e-type=\"container\">\n\t\t\t\t\t<div class=\"e-con-inner\">\n\t\t\t\t<div class=\"elementor-element elementor-element-a005a97 elementor-widget elementor-widget-text-editor\" data-id=\"a005a97\" data-element_type=\"widget\" data-e-type=\"widget\" data-widget_type=\"text-editor.default\">\n\t\t\t\t<div class=\"elementor-widget-container\">\n\t\t\t\t\t\t\t\t\t<p>Die Kombination \"Bonbons Bubbles Wassermelone und Red Bull\" der elektronischen Zigaretten BangKing30K l\u00e4sst Sie zwei v\u00f6llig unterschiedliche Geschmacksrichtungen erleben: einen erfrischenden Energydrink und einen fruchtig-s\u00fc\u00dfen und lustigen Kaugummigeschmack.<\/p><h2>Geschmack 1: Red Bull (Energydrink-Geschmack)<\/h2><p>Das erste Gef\u00fchl, das man hat, ist der leicht s\u00fc\u00df-saure, kohlens\u00e4urehaltige Geschmack, der typisch f\u00fcr herk\u00f6mmliche Energydrinks ist. Obwohl es keine echten Blasen gibt, simuliert das \"Gurgeln\" des Rauchs das Gef\u00fchl eines eisgek\u00fchlten Red Bull.<\/p><p><strong>S\u00fc\u00dfe-S\u00e4ure-Verh\u00e4ltnis<\/strong><br \/>Die S\u00fc\u00dfe ist offensichtlich, nicht \u00fcberm\u00e4\u00dfig, begleitet von einer erfrischenden S\u00e4ure, als ob die Zugabe von Zitrone den Geschmack verst\u00e4rkt und den Gesamtgeschmack leichter und energischer macht.<\/p><p><strong>Subtiler Nachgeschmack<\/strong><br \/>Das leichte Karamell- oder Malzaroma verdickt die rauchige Textur und verfl\u00fcchtigt sich langsam, wodurch ein frisches Gef\u00fchl zur\u00fcckbleibt, das einen bleibenden Reiz hinterl\u00e4sst.<\/p><h2>Geschmack 2: Wassermelonenbonbon<\/h2><p><strong>Ein s\u00fc\u00dfer Rauch dringt in den Mund ein<\/strong><br \/>Schon beim ersten Zug nimmt man das frische, saftige Aroma der Wassermelone wahr - ein bisschen wie Wassermelonenscheiben, die frisch aus dem K\u00fchlschrank kommen, s\u00fc\u00df, w\u00e4ssrig und klar.<\/p><p><strong>Das s\u00fc\u00dfe Gef\u00fchl von Kaugummi<\/strong><br \/>Dann wird die S\u00fc\u00dfe von einem nostalgischen Kaugummiaroma umh\u00fcllt - ausgepr\u00e4gter, ohne fettig zu sein, mit einer leichten Rundung von synthetischen Bonbons, wie der Kaugummi, den ich als Kind verschlungen habe.<\/p><p><strong>Geschmackliche Ebene<\/strong><br \/>Das nat\u00fcrliche fruchtige Aroma der Wassermelone und die k\u00fcnstliche S\u00fc\u00dfe von Bubblegum gehen eine harmonische Verbindung ein. Der Kontrast ist subtil, aber offensichtlich, so dass die S\u00fc\u00dfe im Mund schnell von \"nat\u00fcrlich\" zu \"kindlich\" wechselt und ein angenehmes Geschmackserlebnis bietet.<\/p><p><strong>Erfrischender Nachgeschmack<\/strong><br \/>Der Nachgeschmack ist noch leicht k\u00fchl, wie eine Mischung aus Wassermelonen- und Bubble-Gum-Eis mit einem Hauch von Frische.<\/p><h2>Szenarien f\u00fcr die Verwendung von Aromen<\/h2><p>Morgens oder m\u00fcde: Entscheiden Sie sich f\u00fcr den Red-Bull-Geschmack, um Ihre Sinne und Ihren Geist sofort zu wecken.<\/p><p>Wenn Sie frei, entspannt oder nostalgisch sind: W\u00e4hlen Sie die Geschmacksrichtung Watermelon Bubble Candy, um den Genuss von s\u00fc\u00dfen Fr\u00fcchten und Bubblegum zu genie\u00dfen.<\/p><h2>Doppelter Geschmack, doppelte Erfahrung<\/h2><p>Der Bang King 30000 Red Bull &amp; Watermelon Bubble Candy ist mit einem innovativen Doppelgeschmackssystem ausgestattet, sodass du jederzeit zwischen den beiden Geschmacksrichtungen wechseln kannst.<\/p><p>Der E-Liquid-Tank ist mit 36 ml deutlich gr\u00f6\u00dfer als bei herk\u00f6mmlichen Produkten und sorgt f\u00fcr eine volle und sanfte Inhalation, wodurch h\u00e4ufiges Wechseln reduziert und eine lange Nutzungsdauer gew\u00e4hrleistet wird.<\/p><h2>Zahlreiche Z\u00fcge: bis zu 30000 Z\u00fcge<\/h2><p>Die Bang King 30000 Red Bull &amp; Watermelon Bubble Candy bietet bis zu 30K Z\u00fcge, was l\u00e4nger ist als bei herk\u00f6mmlichen elektronischen Einwegzigaretten. Sie ist die ideale Wahl f\u00fcr Intensivnutzer, die ihre Ger\u00e4te nicht h\u00e4ufig wechseln m\u00fcssen.<\/p><p>Integrierter, wiederaufladbarer 550-mAh-Lithium-Akku mit USB-C-Schnellladestation f\u00fcr effizienteres, sicheres und stabiles Aufladen und eine lange Nutzungsdauer. Dank des Energiemanagementsystems werden die Lebensdauer des Akkus und die Effizienz des Ladevorgangs verbessert.<\/p><h2>W\u00e4rmende Netzstruktur, reicher Geschmack<\/h2><p>Die Bang King 30000 Red Bull &amp; Watermelon Bubble Candy verwendet eine fortschrittliche 1,0 \u03a9 Mesh-Zerst\u00e4uberspule (Mesh Coil), die die Zerst\u00e4ubungseffizienz erheblich verbessert, den Rauch zarter und den Geschmack reiner macht, wobei das gro\u00dfe Rauchvolumen und der zarte Geschmack ber\u00fccksichtigt werden, so dass der Genuss fast dem einer echten Zigarette gleicht.<\/p><p>Es gibt vier verschiedene Nikotinst\u00e4rken (0 %, 2 %, 3 % und 5 %), um den unterschiedlichen Bed\u00fcrfnissen von Nutzern, die sich im \u00dcbergang zum Rauchstopp befinden, und starken Rauchern gerecht zu werden und ihnen die freie Wahl der f\u00fcr sie geeigneten Intensit\u00e4t zu erm\u00f6glichen.<\/p><p>Der Bang King 30000 verf\u00fcgt \u00fcber klare Linien, ein angenehmes Tragegef\u00fchl, ein geringes Gewicht und optimale Tragbarkeit - ideal f\u00fcr den Alltag oder auf Reisen.<\/p>\t\t\t\t\t\t\t\t<\/div>\n\t\t\t\t<\/div>\n\t\t\t\t\t<\/div>\n\t\t\t\t<\/div>\n\t\t\t\t<\/div>","protected":false},"excerpt":{"rendered":"<p>La combinaison \u00ab\u00a0Bonbons Bubbles Past\u00e8que et Red Bull\u00a0\u00bb des cigarettes \u00e9lectroniques BangKing30K vous permet de d\u00e9couvrir deux saveurs compl\u00e8tement diff\u00e9rentes\u00a0: une boisson \u00e9nergisante rafra\u00eechissante et une saveur fruit\u00e9e et sucr\u00e9e et amusante de chewing-gum. Saveur 1\u00a0: Red Bull (saveur boisson \u00e9nergisante) La premi\u00e8re sensation ressentie est le l\u00e9ger go\u00fbt aigre-doux et acide carbonique propre aux [&hellip;]<\/p>\n","protected":false},"featured_media":5977,"comment_status":"open","ping_status":"closed","template":"","meta":{"site-sidebar-layout":"no-sidebar","site-content-layout":"page-builder","ast-site-content-layout":"normal-width-container","site-content-style":"default","site-sidebar-style":"default","ast-global-header-display":"","ast-banner-title-visibility":"","ast-main-header-display":"","ast-hfb-above-header-display":"","ast-hfb-below-header-display":"","ast-hfb-mobile-header-display":"","site-post-title":"disabled","ast-breadcrumbs-content":"","ast-featured-img":"disabled","footer-sml-layout":"","ast-disable-related-posts":"","theme-transparent-header-meta":"default","adv-header-id-meta":"","stick-header-meta":"default","header-above-stick-meta":"","header-main-stick-meta":"","header-below-stick-meta":"","astra-migrate-meta-layouts":"set","ast-page-background-enabled":"default","ast-page-background-meta":{"desktop":{"background-color":"","background-image":"","background-repeat":"repeat","background-position":"center center","background-size":"auto","background-attachment":"scroll","background-type":"","background-media":"","overlay-type":"","overlay-color":"","overlay-opacity":"","overlay-gradient":""},"tablet":{"background-color":"","background-image":"","background-repeat":"repeat","background-position":"center center","background-size":"auto","background-attachment":"scroll","background-type":"","background-media":"","overlay-type":"","overlay-color":"","overlay-opacity":"","overlay-gradient":""},"mobile":{"background-color":"","background-image":"","background-repeat":"repeat","background-position":"center center","background-size":"auto","background-attachment":"scroll","background-type":"","background-media":"","overlay-type":"","overlay-color":"","overlay-opacity":"","overlay-gradient":""}},"ast-content-background-meta":{"desktop":{"background-color":"var(--ast-global-color-5)","background-image":"","background-repeat":"repeat","background-position":"center center","background-size":"auto","background-attachment":"scroll","background-type":"","background-media":"","overlay-type":"","overlay-color":"","overlay-opacity":"","overlay-gradient":""},"tablet":{"background-color":"var(--ast-global-color-5)","background-image":"","background-repeat":"repeat","background-position":"center center","background-size":"auto","background-attachment":"scroll","background-type":"","background-media":"","overlay-type":"","overlay-color":"","overlay-opacity":"","overlay-gradient":""},"mobile":{"background-color":"var(--ast-global-color-5)","background-image":"","background-repeat":"repeat","background-position":"center center","background-size":"auto","background-attachment":"scroll","background-type":"","background-media":"","overlay-type":"","overlay-color":"","overlay-opacity":"","overlay-gradient":""}}},"product_brand":[52],"product_cat":[55,86,15],"product_tag":[],"class_list":{"0":"post-6184","1":"product","2":"type-product","3":"status-publish","4":"has-post-thumbnail","6":"product_brand-bang-king","7":"product_cat-bang-king-30000-double-saveur-offre-jusqua-36ml-de-liquide","8":"product_cat-puff-30k","9":"product_cat-magasin-cigarette-electronique","10":"desktop-align-center","11":"tablet-align-center","12":"mobile-align-center","13":"ast-product-gallery-layout-horizontal","14":"ast-product-gallery-with-no-image","15":"ast-product-single-variable","16":"ast-product-tabs-layout-horizontal","17":"ast-qv-on-image","19":"first","20":"instock","21":"sale","22":"shipping-taxable","23":"purchasable","24":"product-type-variable","25":"has-default-attributes"},"tiered_pricing_type":"fixed","tiered_pricing_fixed_rules":{"50":7.33,"100":6.66},"tiered_pricing_product_settings":{"layout":"default","base_unit_name":{"singular":null,"plural":null},"default_variation":null},"tiered_pricing_minimum_quantity":null,"tiered_pricing_roles_data":[],"tiered_pricing_percentage_rules":[],"_links":{"self":[{"href":"https:\/\/puffvapestore.com\/de\/wp-json\/wp\/v2\/product\/6184","targetHints":{"allow":["GET"]}}],"collection":[{"href":"https:\/\/puffvapestore.com\/de\/wp-json\/wp\/v2\/product"}],"about":[{"href":"https:\/\/puffvapestore.com\/de\/wp-json\/wp\/v2\/types\/product"}],"replies":[{"embeddable":true,"href":"https:\/\/puffvapestore.com\/de\/wp-json\/wp\/v2\/comments?post=6184"}],"version-history":[{"count":8,"href":"https:\/\/puffvapestore.com\/de\/wp-json\/wp\/v2\/product\/6184\/revisions"}],"predecessor-version":[{"id":6630,"href":"https:\/\/puffvapestore.com\/de\/wp-json\/wp\/v2\/product\/6184\/revisions\/6630"}],"wp:featuredmedia":[{"embeddable":true,"href":"https:\/\/puffvapestore.com\/de\/wp-json\/wp\/v2\/media\/5977"}],"wp:attachment":[{"href":"https:\/\/puffvapestore.com\/de\/wp-json\/wp\/v2\/media?parent=6184"}],"wp:term":[{"taxonomy":"product_brand","embeddable":true,"href":"https:\/\/puffvapestore.com\/de\/wp-json\/wp\/v2\/product_brand?post=6184"},{"taxonomy":"product_cat","embeddable":true,"href":"https:\/\/puffvapestore.com\/de\/wp-json\/wp\/v2\/product_cat?post=6184"},{"taxonomy":"product_tag","embeddable":true,"href":"https:\/\/puffvapestore.com\/de\/wp-json\/wp\/v2\/product_tag?post=6184"}],"curies":[{"name":"wp","href":"https:\/\/api.w.org\/{rel}","templated":true}]}}