{"id":6173,"date":"2025-08-01T12:31:43","date_gmt":"2025-08-01T12:31:43","guid":{"rendered":"https:\/\/puffvapestore.com\/?post_type=product&#038;p=6173"},"modified":"2026-01-19T10:36:11","modified_gmt":"2026-01-19T10:36:11","slug":"strawberry-kiwi-sour-apple-raspberry-bang-king-30k-allie-un-arome-fruite-doux","status":"publish","type":"product","link":"https:\/\/puffvapestore.com\/de\/product\/strawberry-kiwi-sour-apple-raspberry-bang-king-30k-verbindet-ein-suses-fruchtiges-aroma\/","title":{"rendered":"Strawberry Kiwi &amp; Sour Apple Raspberry - Bang King 30000 Doppelter Geschmack"},"content":{"rendered":"<div data-elementor-type=\"wp-post\" data-elementor-id=\"6173\" class=\"elementor elementor-6173\">\n\t\t\t\t<div class=\"elementor-element elementor-element-08c26f9 e-flex e-con-boxed e-con e-parent\" data-id=\"08c26f9\" data-element_type=\"container\" data-e-type=\"container\">\n\t\t\t\t\t<div class=\"e-con-inner\">\n\t\t\t\t<div class=\"elementor-element elementor-element-a005a97 elementor-widget elementor-widget-text-editor\" data-id=\"a005a97\" data-element_type=\"widget\" data-e-type=\"widget\" data-widget_type=\"text-editor.default\">\n\t\t\t\t<div class=\"elementor-widget-container\">\n\t\t\t\t\t\t\t\t\t<p>Die Geschmackskombination \"Erdbeere Kiwi &amp; Saurer Apfel Himbeere\" der E-Zigarette BangKing30K schafft ein einzigartiges, s\u00fc\u00df-saures und subtiles Erlebnis, mit dem Sie jederzeit f\u00fcr Abwechslung sorgen k\u00f6nnen: s\u00fc\u00dfes Fruchtaroma und anregende S\u00e4ure.<\/p><h2>Aroma 1: Erdbeer Kiwi<\/h2><p><strong>Erste Inhalation<\/strong><br \/>Die S\u00fc\u00dfe und Saftigkeit der Erdbeeren ist vorhanden, wie bei einer frisch gepfl\u00fcckten reifen Erdbeere, die Ihnen sofort ein s\u00fc\u00dfes und warmes Fruchtaroma verleiht.<\/p><p><strong>Die s\u00fc\u00df-saure Balance in der Mitte des Mundes<\/strong><br \/>Es folgt die leichte S\u00e4ure und das fruchtige Aroma der Kiwi, die dem Ganzen einen Hauch frischer S\u00e4ure verleiht und die S\u00fc\u00dfe der Erdbeeren neutralisiert, was ihm zus\u00e4tzliche Komplexit\u00e4t verleiht.<\/p><p><strong>Der erfrischende Nachgeschmack im Abgang<\/strong><br \/>Der Nachgeschmack bietet ein leichtes Frischegef\u00fchl und hinterl\u00e4sst einen erfrischenden Abgang im Mund, nicht zu stark oder dominant, sehr ausgewogen und nat\u00fcrlich.<\/p><h3>Zusammenfassung der geschmacklichen Eigenschaften<\/h3><p>M\u00e4\u00dfige S\u00fc\u00dfe, reiches fruchtiges Aroma<\/p><p>Milde, nicht reizende S\u00e4ure<\/p><h2>Geschmack 2: Apfel-Himbeere<\/h2><p><strong>Ein s\u00e4uerlicher Auftakt<\/strong><br \/>Die lebendige S\u00e4ure knackiger s\u00e4uerlicher \u00c4pfel ist das Erste, was man wahrnimmt, und das s\u00fc\u00dfe Fruchtfleisch f\u00fchlt sich an, als w\u00fcrde man in einen kalten gr\u00fcnen Apfel bei\u00dfen, was die Geschmacksknospen sofort stimuliert.<\/p><p><strong>Himbeeraroma in der Mitte und am Ende des Gaumens<\/strong><br \/>Wenn die S\u00e4ure des Apfels im Mund verbleibt, entwickelt sich ein leichtes Himbeeraroma, das eine mildere Fruchts\u00e4ure und warme Aromen von roten Fr\u00fcchten mit sich bringt, wie die S\u00e4ure des Apfels und die S\u00fc\u00dfe der Himbeere, die im Mund tanzen.<\/p><p><strong>S\u00e4ure und Ausgewogenheit<\/strong><br \/>Die Zugabe von Himbeeren schw\u00e4cht die S\u00e4ure des Apfels nicht ab, sondern f\u00fcgt ihm eine s\u00fc\u00dfe Note hinzu, wodurch die Gesamts\u00e4ure hoch wird, ohne scharf oder durchdringend zu sein, sondern s\u00e4uerlich und schmackhaft.<\/p><p><strong>Nachgeschmack<\/strong><br \/>Das fruchtige Aroma verteilt sich im Rauch und hinterl\u00e4sst einen s\u00fc\u00df-sauren Nachgeschmack im Mund, wie ein s\u00fc\u00df-saurer Saft.<\/p><h3>In vielen Kontexten einsetzbar<\/h3><p>Lust auf ein s\u00fc\u00dfes Fruchtaroma: W\u00e4hlen Sie die Geschmacksrichtung Erdbeer-Kiwi f\u00fcr ein erfrischendes Gleichgewicht.<\/p><p>Lust auf Anregung und Erfrischung: Wechseln Sie mit einem Klick auf die Geschmacksrichtung Saurer Apfel-Himbeere und sp\u00fcren Sie sofort die S\u00e4ure.<\/p><h2>Doppelter Geschmack, doppelte Erfahrung<\/h2><p>Der Bang King 30000 Strawberry Kiwi &amp; Sour Apple Raspberry ist mit einem innovativen System mit zwei Geschmacksrichtungen ausgestattet, sodass du jederzeit zwischen den Geschmacksrichtungen wechseln kannst.<\/p><p>Der E-Liquid-Tank ist mit 36 ml deutlich gr\u00f6\u00dfer als bei herk\u00f6mmlichen Produkten und sorgt f\u00fcr eine volle und sanfte Inhalation, wodurch h\u00e4ufiges Wechseln reduziert und eine lange Nutzungsdauer gew\u00e4hrleistet wird.<\/p><h2>Zahlreiche Z\u00fcge: bis zu 30000 Z\u00fcge<\/h2><p>Die Bang King 30000 Strawberry Kiwi &amp; Sour Apple Raspberry bietet bis zu 30K Z\u00fcge, was l\u00e4nger ist als bei herk\u00f6mmlichen elektronischen Einwegzigaretten. Er ist die ideale Wahl f\u00fcr Intensivnutzer, die nicht h\u00e4ufig das Ger\u00e4t wechseln m\u00fcssen.<\/p><p>Integrierter, wiederaufladbarer 550-mAh-Lithium-Akku mit USB-C-Schnellladestation f\u00fcr effizienteres, sicheres und stabiles Aufladen und eine lange Nutzungsdauer. Dank des Energiemanagementsystems werden die Lebensdauer des Akkus und die Effizienz des Ladevorgangs verbessert.<\/p><h2>W\u00e4rmende Netzstruktur, reicher Geschmack<\/h2><p>Die Bang King 30000 Strawberry Kiwi &amp; Sour Apple Raspberry verwendet eine fortschrittliche 1,0 \u03a9 Mesh-Zerst\u00e4uberspule (Mesh Coil), die die Zerst\u00e4ubungseffizienz erheblich verbessert, den Rauch zarter und den Geschmack reiner macht, wobei das gro\u00dfe Rauchvolumen und der feine Geschmack ber\u00fccksichtigt werden, so dass die Befriedigung fast der einer echten Zigarette entspricht.<\/p><p>Es gibt vier verschiedene Nikotinst\u00e4rken (0 %, 2 %, 3 % und 5 %), um den unterschiedlichen Bed\u00fcrfnissen von Nutzern, die sich im \u00dcbergang zum Rauchstopp befinden, und starken Rauchern gerecht zu werden und ihnen die freie Wahl der f\u00fcr sie geeigneten Intensit\u00e4t zu erm\u00f6glichen.<\/p><p>Der Bang King 30000 Strawberry Kiwi &amp; Sour Apple Raspberry verf\u00fcgt \u00fcber klare Linien, ein angenehmes Tragegef\u00fchl, ein geringes Gewicht und eine optimale Tragbarkeit - ideal f\u00fcr den Alltag oder auf Reisen.<\/p>\t\t\t\t\t\t\t\t<\/div>\n\t\t\t\t<\/div>\n\t\t\t\t\t<\/div>\n\t\t\t\t<\/div>\n\t\t\t\t<\/div>","protected":false},"excerpt":{"rendered":"<p>La combinaison de saveurs \u00ab Fraise Kiwi &amp; Pomme Acidul\u00e9e Framboise \u00bb de la cigarette \u00e9lectronique BangKing30K cr\u00e9e une exp\u00e9rience unique, aigre-douce et subtile, vous permettant de varier les plaisirs \u00e0 tout moment\u00a0: ar\u00f4me fruit\u00e9 doux et acidit\u00e9 stimulante. Ar\u00f4me 1\u00a0: Fraise Kiwi Premi\u00e8re inhalationLa douceur et la jutosit\u00e9 des fraises sont pr\u00e9sentes, comme une [&hellip;]<\/p>\n","protected":false},"featured_media":5980,"comment_status":"open","ping_status":"closed","template":"","meta":{"site-sidebar-layout":"no-sidebar","site-content-layout":"page-builder","ast-site-content-layout":"normal-width-container","site-content-style":"default","site-sidebar-style":"default","ast-global-header-display":"","ast-banner-title-visibility":"","ast-main-header-display":"","ast-hfb-above-header-display":"","ast-hfb-below-header-display":"","ast-hfb-mobile-header-display":"","site-post-title":"disabled","ast-breadcrumbs-content":"","ast-featured-img":"disabled","footer-sml-layout":"","ast-disable-related-posts":"","theme-transparent-header-meta":"default","adv-header-id-meta":"","stick-header-meta":"default","header-above-stick-meta":"","header-main-stick-meta":"","header-below-stick-meta":"","astra-migrate-meta-layouts":"set","ast-page-background-enabled":"default","ast-page-background-meta":{"desktop":{"background-color":"","background-image":"","background-repeat":"repeat","background-position":"center center","background-size":"auto","background-attachment":"scroll","background-type":"","background-media":"","overlay-type":"","overlay-color":"","overlay-opacity":"","overlay-gradient":""},"tablet":{"background-color":"","background-image":"","background-repeat":"repeat","background-position":"center center","background-size":"auto","background-attachment":"scroll","background-type":"","background-media":"","overlay-type":"","overlay-color":"","overlay-opacity":"","overlay-gradient":""},"mobile":{"background-color":"","background-image":"","background-repeat":"repeat","background-position":"center center","background-size":"auto","background-attachment":"scroll","background-type":"","background-media":"","overlay-type":"","overlay-color":"","overlay-opacity":"","overlay-gradient":""}},"ast-content-background-meta":{"desktop":{"background-color":"var(--ast-global-color-5)","background-image":"","background-repeat":"repeat","background-position":"center center","background-size":"auto","background-attachment":"scroll","background-type":"","background-media":"","overlay-type":"","overlay-color":"","overlay-opacity":"","overlay-gradient":""},"tablet":{"background-color":"var(--ast-global-color-5)","background-image":"","background-repeat":"repeat","background-position":"center center","background-size":"auto","background-attachment":"scroll","background-type":"","background-media":"","overlay-type":"","overlay-color":"","overlay-opacity":"","overlay-gradient":""},"mobile":{"background-color":"var(--ast-global-color-5)","background-image":"","background-repeat":"repeat","background-position":"center center","background-size":"auto","background-attachment":"scroll","background-type":"","background-media":"","overlay-type":"","overlay-color":"","overlay-opacity":"","overlay-gradient":""}}},"product_brand":[52],"product_cat":[55,86,15],"product_tag":[],"class_list":{"0":"post-6173","1":"product","2":"type-product","3":"status-publish","4":"has-post-thumbnail","6":"product_brand-bang-king","7":"product_cat-bang-king-30000-double-saveur-offre-jusqua-36ml-de-liquide","8":"product_cat-puff-30k","9":"product_cat-magasin-cigarette-electronique","10":"desktop-align-center","11":"tablet-align-center","12":"mobile-align-center","13":"ast-product-gallery-layout-horizontal","14":"ast-product-gallery-with-no-image","15":"ast-product-single-variable","16":"ast-product-tabs-layout-horizontal","17":"ast-qv-on-image","19":"first","20":"instock","21":"sale","22":"shipping-taxable","23":"purchasable","24":"product-type-variable","25":"has-default-attributes"},"tiered_pricing_type":"fixed","tiered_pricing_fixed_rules":{"50":7.33,"100":6.66},"tiered_pricing_product_settings":{"layout":"default","base_unit_name":{"singular":null,"plural":null},"default_variation":null},"tiered_pricing_minimum_quantity":null,"tiered_pricing_roles_data":[],"tiered_pricing_percentage_rules":[],"_links":{"self":[{"href":"https:\/\/puffvapestore.com\/de\/wp-json\/wp\/v2\/product\/6173","targetHints":{"allow":["GET"]}}],"collection":[{"href":"https:\/\/puffvapestore.com\/de\/wp-json\/wp\/v2\/product"}],"about":[{"href":"https:\/\/puffvapestore.com\/de\/wp-json\/wp\/v2\/types\/product"}],"replies":[{"embeddable":true,"href":"https:\/\/puffvapestore.com\/de\/wp-json\/wp\/v2\/comments?post=6173"}],"version-history":[{"count":7,"href":"https:\/\/puffvapestore.com\/de\/wp-json\/wp\/v2\/product\/6173\/revisions"}],"predecessor-version":[{"id":6629,"href":"https:\/\/puffvapestore.com\/de\/wp-json\/wp\/v2\/product\/6173\/revisions\/6629"}],"wp:featuredmedia":[{"embeddable":true,"href":"https:\/\/puffvapestore.com\/de\/wp-json\/wp\/v2\/media\/5980"}],"wp:attachment":[{"href":"https:\/\/puffvapestore.com\/de\/wp-json\/wp\/v2\/media?parent=6173"}],"wp:term":[{"taxonomy":"product_brand","embeddable":true,"href":"https:\/\/puffvapestore.com\/de\/wp-json\/wp\/v2\/product_brand?post=6173"},{"taxonomy":"product_cat","embeddable":true,"href":"https:\/\/puffvapestore.com\/de\/wp-json\/wp\/v2\/product_cat?post=6173"},{"taxonomy":"product_tag","embeddable":true,"href":"https:\/\/puffvapestore.com\/de\/wp-json\/wp\/v2\/product_tag?post=6173"}],"curies":[{"name":"wp","href":"https:\/\/api.w.org\/{rel}","templated":true}]}}