{"id":6162,"date":"2025-08-01T09:24:36","date_gmt":"2025-08-01T09:24:36","guid":{"rendered":"https:\/\/puffvapestore.com\/?post_type=product&#038;p=6162"},"modified":"2026-01-19T10:36:11","modified_gmt":"2026-01-19T10:36:11","slug":"red-bull-blueberry-watermelon-bang-king-30k-propose-deux-styles-et-saveurs-distinctifs","status":"publish","type":"product","link":"https:\/\/puffvapestore.com\/de\/product\/red-bull-blueberry-watermelon-bang-king-30k-bietet-zwei-unverwechselbare-stile-und-geschmacksrichtungen-an\/","title":{"rendered":"Red Bull &amp; Blueberry Watermelon - Bang King 30000 Doppelter Geschmack"},"content":{"rendered":"<div data-elementor-type=\"wp-post\" data-elementor-id=\"6162\" class=\"elementor elementor-6162\">\n\t\t\t\t<div class=\"elementor-element elementor-element-08c26f9 e-flex e-con-boxed e-con e-parent\" data-id=\"08c26f9\" data-element_type=\"container\" data-e-type=\"container\">\n\t\t\t\t\t<div class=\"e-con-inner\">\n\t\t\t\t<div class=\"elementor-element elementor-element-a005a97 elementor-widget elementor-widget-text-editor\" data-id=\"a005a97\" data-element_type=\"widget\" data-e-type=\"widget\" data-widget_type=\"text-editor.default\">\n\t\t\t\t<div class=\"elementor-widget-container\">\n\t\t\t\t\t\t\t\t\t<p>Die Kombination \"Red Bull &amp; Heidelbeere Wassermelone\" der elektronischen Zigarette BangKing30K bietet zwei unverwechselbare Stile und Geschmacksrichtungen, die es den Benutzern erm\u00f6glichen, nach Belieben zu wechseln, um sich ihren Stimmungen und Gelegenheiten anzupassen.<\/p><h2>Geschmack 1: RedBull (Energydrink-Geschmack)<\/h2><p>Wiederherstellung einer klassischen Tonalit\u00e4t: Schon beim Einsteigen in den Mund schmeckt der Rauch wie der vertraute Geschmack des Energydrinks Red Bull, leicht s\u00fc\u00df und leicht s\u00e4uerlich, mit einer leichten Note von kohlens\u00e4urehaltiger Minze, als ob man einen Schluck eisgek\u00fchlten Energydrink trinken w\u00fcrde.<\/p><p>M\u00e4\u00dfige Stimulation: Obwohl die elektronische Zigarette nicht wirklich gasf\u00f6rmig ist, simuliert ihre Aerosoltechnologie ein zartes \"Blasengef\u00fchl\" mit einer leichten \"gurgelnden\" Stimulation bei leichter Inhalation.<\/p><p>Leicht verbrannter Nachgeschmack: Nach einer l\u00e4ngeren Pause im Mund nimmt man ein leicht verbranntes oder malziges Aroma wahr, das der allgemeinen S\u00fc\u00dfe ein Gef\u00fchl von Schwere und Ausgewogenheit hinzuf\u00fcgt.<\/p><p>Erfrischender Nachgeschmack : Sobald sich der Rauch verzogen hat, entsteht ein leicht k\u00fchler Nachgeschmack, der an die N\u00fcchternheit und Frische von Energydrinks erinnert.<\/p><h2>Aroma 2: Heidelbeere Wassermelone<\/h2><p>Der s\u00fc\u00dfe Geschmack der Wassermelone: Die erste Welle ist die S\u00fc\u00dfe der Wassermelone, saftig und erfrischend, so frisch und nat\u00fcrlich wie eine frisch aufgeschnittene Wassermelone.<\/p><p>Die S\u00e4ure der Heidelbeere: Die leichte S\u00e4ure der Heidelbeere kommt zum Vorschein und schafft einen subtilen s\u00fc\u00df-sauren Kontrast, der die allgemeine S\u00fc\u00dfe vermeidet.<\/p><p>Lang anhaltendes Aroma: Beim Ausatmen vermischt sich das fruchtige Aroma der Heidelbeeren mit dem der Wassermelone, und der Nachgeschmack ist lang und erinnert an das Aroma einer Prise Heidelbeersaft, vermischt mit dem der Wassermelone.<\/p><h2>Ver\u00e4nderung der Geschmacksrichtungen<\/h2><p>Sofortiger Wechsel: Diese elektronische Zigarette ist mit einem Doppel-Geschmackswahlschalter ausgestattet, der es den Benutzern erm\u00f6glicht, schnell den Geschmack zu wechseln, ohne die Patrone zu wechseln.<\/p><h3>Verschiedene Szenarien :<\/h3><p>Zeit f\u00fcr eine Erfrischung : Wechseln Sie zu Red Bull, um schnell Ihre Sinne zu wecken und Ihre Energie zu steigern.<\/p><p>Entspanntes Gef\u00fchl: Genie\u00dfen Sie den fruchtig-s\u00fc\u00dfen Geschmack der Wassermelone mit einem leichten Hauch von Eis - eine nat\u00fcrliche L\u00f6sung, um Ihren Durst im Sommer zu stillen.<\/p><h2>Doppelter Geschmack, doppelte Erfahrung<\/h2><p>Der Bang King 30000 Red Bull &amp; Blueberry Watermelon ist mit einem innovativen Doppel-Geschmackssystem ausgestattet, sodass du jederzeit zwischen den beiden Geschmacksrichtungen wechseln kannst.<\/p><p>Der E-Liquid-Tank ist mit 36 ml deutlich gr\u00f6\u00dfer als bei herk\u00f6mmlichen Produkten und sorgt f\u00fcr eine volle und sanfte Inhalation, wodurch h\u00e4ufiges Wechseln reduziert und eine lange Nutzungsdauer gew\u00e4hrleistet wird.<\/p><h2>Zahlreiche Z\u00fcge: bis zu 30000 Z\u00fcge<\/h2><p>Die Bang King 30000 Red Bull &amp; Blueberry Watermelon bietet bis zu 30K Z\u00fcge, was l\u00e4nger ist als bei herk\u00f6mmlichen elektronischen Einwegzigaretten. Sie ist die ideale Wahl f\u00fcr Intensivnutzer, die ihre Ger\u00e4te nicht h\u00e4ufig wechseln m\u00fcssen.<\/p><p>Integrierter, wiederaufladbarer 550-mAh-Lithium-Akku mit USB-C-Schnellladestation f\u00fcr effizienteres, sicheres und stabiles Aufladen und eine lange Nutzungsdauer. Dank des Energiemanagementsystems werden die Lebensdauer des Akkus und die Effizienz des Ladevorgangs verbessert.<\/p><h2>W\u00e4rmende Netzstruktur, reicher Geschmack<\/h2><p>Die Bang King 30000 Red Bull &amp; Blueberry Watermelon verwendet eine fortschrittliche 1,0 \u03a9 Mesh-Zerst\u00e4uberspule (Mesh Coil), die die Zerst\u00e4ubungseffizienz erheblich verbessert, den Rauch zarter und den Geschmack reiner macht, wobei das gro\u00dfe Rauchvolumen und der zarte Geschmack ber\u00fccksichtigt werden, so dass der Genuss fast wie bei einer echten Zigarette ist.<\/p><p>Es gibt vier verschiedene Nikotinst\u00e4rken (0 %, 2 %, 3 % und 5 %), um den unterschiedlichen Bed\u00fcrfnissen von Nutzern, die sich im \u00dcbergang zum Rauchstopp befinden, und starken Rauchern gerecht zu werden und ihnen die freie Wahl der f\u00fcr sie geeigneten Intensit\u00e4t zu erm\u00f6glichen.<\/p><p>Der Bang King 30000 verf\u00fcgt \u00fcber klare Linien, ein angenehmes Tragegef\u00fchl, ein geringes Gewicht und optimale Tragbarkeit - ideal f\u00fcr den Alltag oder auf Reisen.<\/p>\t\t\t\t\t\t\t\t<\/div>\n\t\t\t\t<\/div>\n\t\t\t\t\t<\/div>\n\t\t\t\t<\/div>\n\t\t\t\t<\/div>","protected":false},"excerpt":{"rendered":"<p>La combinaison \u00ab\u00a0Red Bull &amp; Myrtille Past\u00e8que\u00a0\u00bb de la cigarette \u00e9lectronique BangKing30K offre deux styles et saveurs distinctifs, permettant aux utilisateurs de changer \u00e0 volont\u00e9 pour s&rsquo;adapter \u00e0 leurs humeurs et \u00e0 leurs occasions. Saveur 1\u00a0: RedBull (saveur boisson \u00e9nergisante) Restauration d&rsquo;une tonalit\u00e9 classique\u00a0: D\u00e8s l&rsquo;entr\u00e9e en bouche, la fum\u00e9e retrouve le go\u00fbt familier de [&hellip;]<\/p>\n","protected":false},"featured_media":5976,"comment_status":"open","ping_status":"closed","template":"","meta":{"site-sidebar-layout":"no-sidebar","site-content-layout":"page-builder","ast-site-content-layout":"normal-width-container","site-content-style":"default","site-sidebar-style":"default","ast-global-header-display":"","ast-banner-title-visibility":"","ast-main-header-display":"","ast-hfb-above-header-display":"","ast-hfb-below-header-display":"","ast-hfb-mobile-header-display":"","site-post-title":"disabled","ast-breadcrumbs-content":"","ast-featured-img":"disabled","footer-sml-layout":"","ast-disable-related-posts":"","theme-transparent-header-meta":"default","adv-header-id-meta":"","stick-header-meta":"default","header-above-stick-meta":"","header-main-stick-meta":"","header-below-stick-meta":"","astra-migrate-meta-layouts":"set","ast-page-background-enabled":"default","ast-page-background-meta":{"desktop":{"background-color":"","background-image":"","background-repeat":"repeat","background-position":"center center","background-size":"auto","background-attachment":"scroll","background-type":"","background-media":"","overlay-type":"","overlay-color":"","overlay-opacity":"","overlay-gradient":""},"tablet":{"background-color":"","background-image":"","background-repeat":"repeat","background-position":"center center","background-size":"auto","background-attachment":"scroll","background-type":"","background-media":"","overlay-type":"","overlay-color":"","overlay-opacity":"","overlay-gradient":""},"mobile":{"background-color":"","background-image":"","background-repeat":"repeat","background-position":"center center","background-size":"auto","background-attachment":"scroll","background-type":"","background-media":"","overlay-type":"","overlay-color":"","overlay-opacity":"","overlay-gradient":""}},"ast-content-background-meta":{"desktop":{"background-color":"var(--ast-global-color-5)","background-image":"","background-repeat":"repeat","background-position":"center center","background-size":"auto","background-attachment":"scroll","background-type":"","background-media":"","overlay-type":"","overlay-color":"","overlay-opacity":"","overlay-gradient":""},"tablet":{"background-color":"var(--ast-global-color-5)","background-image":"","background-repeat":"repeat","background-position":"center center","background-size":"auto","background-attachment":"scroll","background-type":"","background-media":"","overlay-type":"","overlay-color":"","overlay-opacity":"","overlay-gradient":""},"mobile":{"background-color":"var(--ast-global-color-5)","background-image":"","background-repeat":"repeat","background-position":"center center","background-size":"auto","background-attachment":"scroll","background-type":"","background-media":"","overlay-type":"","overlay-color":"","overlay-opacity":"","overlay-gradient":""}}},"product_brand":[52],"product_cat":[55,86,15],"product_tag":[],"class_list":{"0":"post-6162","1":"product","2":"type-product","3":"status-publish","4":"has-post-thumbnail","6":"product_brand-bang-king","7":"product_cat-bang-king-30000-double-saveur-offre-jusqua-36ml-de-liquide","8":"product_cat-puff-30k","9":"product_cat-magasin-cigarette-electronique","10":"desktop-align-center","11":"tablet-align-center","12":"mobile-align-center","13":"ast-product-gallery-layout-horizontal","14":"ast-product-gallery-with-no-image","15":"ast-product-single-variable","16":"ast-product-tabs-layout-horizontal","17":"ast-qv-on-image","19":"first","20":"instock","21":"sale","22":"shipping-taxable","23":"purchasable","24":"product-type-variable","25":"has-default-attributes"},"tiered_pricing_type":"fixed","tiered_pricing_fixed_rules":{"50":7.33,"100":6.66},"tiered_pricing_product_settings":{"layout":"default","base_unit_name":{"singular":null,"plural":null},"default_variation":null},"tiered_pricing_minimum_quantity":null,"tiered_pricing_roles_data":[],"tiered_pricing_percentage_rules":[],"_links":{"self":[{"href":"https:\/\/puffvapestore.com\/de\/wp-json\/wp\/v2\/product\/6162","targetHints":{"allow":["GET"]}}],"collection":[{"href":"https:\/\/puffvapestore.com\/de\/wp-json\/wp\/v2\/product"}],"about":[{"href":"https:\/\/puffvapestore.com\/de\/wp-json\/wp\/v2\/types\/product"}],"replies":[{"embeddable":true,"href":"https:\/\/puffvapestore.com\/de\/wp-json\/wp\/v2\/comments?post=6162"}],"version-history":[{"count":7,"href":"https:\/\/puffvapestore.com\/de\/wp-json\/wp\/v2\/product\/6162\/revisions"}],"predecessor-version":[{"id":6597,"href":"https:\/\/puffvapestore.com\/de\/wp-json\/wp\/v2\/product\/6162\/revisions\/6597"}],"wp:featuredmedia":[{"embeddable":true,"href":"https:\/\/puffvapestore.com\/de\/wp-json\/wp\/v2\/media\/5976"}],"wp:attachment":[{"href":"https:\/\/puffvapestore.com\/de\/wp-json\/wp\/v2\/media?parent=6162"}],"wp:term":[{"taxonomy":"product_brand","embeddable":true,"href":"https:\/\/puffvapestore.com\/de\/wp-json\/wp\/v2\/product_brand?post=6162"},{"taxonomy":"product_cat","embeddable":true,"href":"https:\/\/puffvapestore.com\/de\/wp-json\/wp\/v2\/product_cat?post=6162"},{"taxonomy":"product_tag","embeddable":true,"href":"https:\/\/puffvapestore.com\/de\/wp-json\/wp\/v2\/product_tag?post=6162"}],"curies":[{"name":"wp","href":"https:\/\/api.w.org\/{rel}","templated":true}]}}