{"id":6147,"date":"2025-08-01T06:14:17","date_gmt":"2025-08-01T06:14:17","guid":{"rendered":"https:\/\/puffvapestore.com\/?post_type=product&#038;p=6147"},"modified":"2026-01-19T10:36:11","modified_gmt":"2026-01-19T10:36:11","slug":"watermelon-ice-strawberry-mango-bang-king-30k-un-melange-parfait-de-fraicheur","status":"publish","type":"product","link":"https:\/\/puffvapestore.com\/de\/product\/watermelon-ice-strawberry-mango-bang-king-30k-eine-perfekte-mischung-aus-frische\/","title":{"rendered":"Watermelon Ice &amp; Strawberry And Mango - Bang King 30K"},"content":{"rendered":"<div data-elementor-type=\"wp-post\" data-elementor-id=\"6147\" class=\"elementor elementor-6147\">\n\t\t\t\t<div class=\"elementor-element elementor-element-08c26f9 e-flex e-con-boxed e-con e-parent\" data-id=\"08c26f9\" data-element_type=\"container\" data-e-type=\"container\">\n\t\t\t\t\t<div class=\"e-con-inner\">\n\t\t\t\t<div class=\"elementor-element elementor-element-a005a97 elementor-widget elementor-widget-text-editor\" data-id=\"a005a97\" data-element_type=\"widget\" data-e-type=\"widget\" data-widget_type=\"text-editor.default\">\n\t\t\t\t<div class=\"elementor-widget-container\">\n\t\t\t\t\t\t\t\t\t<p>Das \"Doppelgeschmack\"-Design der elektronischen Zigarette Bang King 30K erm\u00f6glicht es den Benutzern, zwei v\u00f6llig unterschiedliche Geschmacksrichtungen auf einer einzigen elektronischen Zigarette zu entdecken. Dazu geh\u00f6rt die Kombination \"Watermelon Ice &amp; Strawberry And Mango\", die eine perfekte Mischung aus Frische und tropischen Aromen bietet.<\/p><p><strong>Geschmack 1: Gefrorene Wassermelone<\/strong><br \/>Der Geschmack der eisgek\u00fchlten Wassermelone ist frisch und nat\u00fcrlich, als ob Sie an einem hei\u00dfen Sommertag in eine saftige Wassermelone bei\u00dfen w\u00fcrden, begleitet von einer frischen Minznote. Dieser erfrischende Geschmack l\u00f6scht den Durst und sorgt f\u00fcr ein sofortiges Frischegef\u00fchl - ideal f\u00fcr alle, die frische Aromen lieben.<\/p><p><strong>Geschmack 2: Erdbeere und Mango<\/strong><br \/>Die Kombination aus Erdbeere und Mango bringt die intensive S\u00fc\u00dfe tropischer Fr\u00fcchte mit sich. Die S\u00fc\u00dfe der Erdbeere und die F\u00fclle der Mango erg\u00e4nzen sich harmonisch und schaffen ein reiches Geschmackserlebnis. Dieser s\u00fc\u00dfe Geschmack eignet sich f\u00fcr Liebhaber des Geschmacks tropischer Fr\u00fcchte.<\/p><h2>Funktion f\u00fcr doppelten Geschmackswechsel<\/h2><p>Die Bang King 30000 Watermelon Ice &amp; Strawberry And Mango ist mit einer innovativen Funktion f\u00fcr den doppelten Geschmackswechsel ausgestattet. Die Benutzer k\u00f6nnen zwei verschiedene Geschmacksrichtungen in einer einzigen E-Zigarette entdecken und jederzeit und \u00fcberall leicht wechseln, was ein abwechslungsreiches Raucherlebnis erm\u00f6glicht. Diese Funktion ist besonders f\u00fcr Nutzer geeignet, die gerne verschiedene Geschmacksrichtungen ausprobieren. Sie k\u00f6nnen einen reichhaltigen Geschmack genie\u00dfen, ohne mehrere Ger\u00e4te mit sich herumtragen zu m\u00fcssen, was den Komfort und das Vergn\u00fcgen bei der Nutzung erheblich steigert.<\/p><h2>Verschiedene Optionen f\u00fcr die Nikotinkonzentration<\/h2><p>Um den Bed\u00fcrfnissen jedes einzelnen Nutzers gerecht zu werden, bietet die Bang King 30000 Watermelon Ice &amp; Strawberry And Mango verschiedene Optionen f\u00fcr die Nikotinkonzentration, darunter 0 % (nikotinfrei), 2 %, 3 % und 5 %. Ob Sie nun einen reinen Geschmack oder eine besondere Nikotinbefriedigung suchen, diese E-Zigarette passt sich all Ihren Bed\u00fcrfnissen an, vom Anf\u00e4nger bis zum passionierten Raucher.<\/p><p>Die Bang King 30000 verf\u00fcgt \u00fcber eine sehr gro\u00dfe Kapazit\u00e4t von 36 ml E-Liquid, die weit \u00fcber der Kapazit\u00e4t der markt\u00fcblichen elektronischen Zigaretten liegt. Dieses Design garantiert eine lange Nutzungsdauer ohne h\u00e4ufiges Auswechseln oder Nachf\u00fcllen von E-Liquid. Ideal f\u00fcr lange Ausfl\u00fcge oder intensive Nutzer, um dauerhaft zufrieden zu sein.<\/p><p>Mit seinem Zerst\u00e4uber mit 1,0 \u03a9 Mesh-Widerstand bietet der Bang King 30000 Watermelon Ice &amp; Strawberry And Mango ein perfektes Gleichgewicht zwischen Geschmack und Rauchvolumen. Die Mesh-Technologie verbessert die Effizienz der Zerst\u00e4ubung der e-Fl\u00fcssigkeit und garantiert bei jedem Zug einen reichhaltigen Geschmack und einen zarten Rauch, ideal f\u00fcr Benutzer, die ein hochwertiges Dampferlebnis suchen.<\/p><h2>Lange Akkulaufzeit und bequemes Aufladen<\/h2><p>Ausgestattet mit einem Hochleistungsakku mit 550 mAh bietet das Bang King 30000 eine stabile Akkulaufzeit f\u00fcr eine sorgenfreie Nutzung rund um die Uhr. Dar\u00fcber hinaus unterst\u00fctzt sein USB-C-Anschluss das Schnellladen, wodurch die Wartezeit verk\u00fcrzt und eine schnelle Wiederaufnahme erm\u00f6glicht wird, um den Anforderungen des modernen Lebensrhythmus gerecht zu werden.<\/p><p>Mit einer einzigen elektronischen Zigarette Bang King 30000 kann man bis zu 30K Z\u00fcge machen, und ihre ultralange Lebensdauer macht sie zu einer der langlebigsten Optionen auf dem Markt. Ob f\u00fcr den t\u00e4glichen Gebrauch oder eine lange Reise, dieses Ger\u00e4t wird Sie zuverl\u00e4ssig begleiten und Sie m\u00fcssen es nicht h\u00e4ufig ersetzen.<\/p>\t\t\t\t\t\t\t\t<\/div>\n\t\t\t\t<\/div>\n\t\t\t\t\t<\/div>\n\t\t\t\t<\/div>\n\t\t\t\t<\/div>","protected":false},"excerpt":{"rendered":"<p>La conception \u00ab\u00a0double saveur\u00a0\u00bb de la cigarette \u00e9lectronique Bang King 30K permet aux utilisateurs de d\u00e9couvrir deux saveurs totalement diff\u00e9rentes sur une m\u00eame cigarette \u00e9lectronique. Parmi elles, la combinaison \u00ab Watermelon Ice &amp; Strawberry And Mango\u00a0\u00bb offre un m\u00e9lange parfait de fra\u00eecheur et de saveurs tropicales. Saveur 1\u00a0: Past\u00e8que Glac\u00e9eLe go\u00fbt de la past\u00e8que glac\u00e9e [&hellip;]<\/p>\n","protected":false},"featured_media":5983,"comment_status":"open","ping_status":"closed","template":"","meta":{"site-sidebar-layout":"no-sidebar","site-content-layout":"page-builder","ast-site-content-layout":"normal-width-container","site-content-style":"default","site-sidebar-style":"default","ast-global-header-display":"","ast-banner-title-visibility":"","ast-main-header-display":"","ast-hfb-above-header-display":"","ast-hfb-below-header-display":"","ast-hfb-mobile-header-display":"","site-post-title":"disabled","ast-breadcrumbs-content":"","ast-featured-img":"disabled","footer-sml-layout":"","ast-disable-related-posts":"","theme-transparent-header-meta":"default","adv-header-id-meta":"","stick-header-meta":"default","header-above-stick-meta":"","header-main-stick-meta":"","header-below-stick-meta":"","astra-migrate-meta-layouts":"set","ast-page-background-enabled":"default","ast-page-background-meta":{"desktop":{"background-color":"","background-image":"","background-repeat":"repeat","background-position":"center center","background-size":"auto","background-attachment":"scroll","background-type":"","background-media":"","overlay-type":"","overlay-color":"","overlay-opacity":"","overlay-gradient":""},"tablet":{"background-color":"","background-image":"","background-repeat":"repeat","background-position":"center center","background-size":"auto","background-attachment":"scroll","background-type":"","background-media":"","overlay-type":"","overlay-color":"","overlay-opacity":"","overlay-gradient":""},"mobile":{"background-color":"","background-image":"","background-repeat":"repeat","background-position":"center center","background-size":"auto","background-attachment":"scroll","background-type":"","background-media":"","overlay-type":"","overlay-color":"","overlay-opacity":"","overlay-gradient":""}},"ast-content-background-meta":{"desktop":{"background-color":"var(--ast-global-color-5)","background-image":"","background-repeat":"repeat","background-position":"center center","background-size":"auto","background-attachment":"scroll","background-type":"","background-media":"","overlay-type":"","overlay-color":"","overlay-opacity":"","overlay-gradient":""},"tablet":{"background-color":"var(--ast-global-color-5)","background-image":"","background-repeat":"repeat","background-position":"center center","background-size":"auto","background-attachment":"scroll","background-type":"","background-media":"","overlay-type":"","overlay-color":"","overlay-opacity":"","overlay-gradient":""},"mobile":{"background-color":"var(--ast-global-color-5)","background-image":"","background-repeat":"repeat","background-position":"center center","background-size":"auto","background-attachment":"scroll","background-type":"","background-media":"","overlay-type":"","overlay-color":"","overlay-opacity":"","overlay-gradient":""}}},"product_brand":[52],"product_cat":[55,86,15],"product_tag":[],"class_list":{"0":"post-6147","1":"product","2":"type-product","3":"status-publish","4":"has-post-thumbnail","6":"product_brand-bang-king","7":"product_cat-bang-king-30000-double-saveur-offre-jusqua-36ml-de-liquide","8":"product_cat-puff-30k","9":"product_cat-magasin-cigarette-electronique","10":"desktop-align-center","11":"tablet-align-center","12":"mobile-align-center","13":"ast-product-gallery-layout-horizontal","14":"ast-product-gallery-with-no-image","15":"ast-product-single-variable","16":"ast-product-tabs-layout-horizontal","17":"ast-qv-on-image","19":"first","20":"instock","21":"sale","22":"shipping-taxable","23":"purchasable","24":"product-type-variable","25":"has-default-attributes"},"tiered_pricing_type":"fixed","tiered_pricing_fixed_rules":{"50":7.33,"100":6.66},"tiered_pricing_product_settings":{"layout":"default","base_unit_name":{"singular":null,"plural":null},"default_variation":null},"tiered_pricing_minimum_quantity":null,"tiered_pricing_roles_data":[],"tiered_pricing_percentage_rules":[],"_links":{"self":[{"href":"https:\/\/puffvapestore.com\/de\/wp-json\/wp\/v2\/product\/6147","targetHints":{"allow":["GET"]}}],"collection":[{"href":"https:\/\/puffvapestore.com\/de\/wp-json\/wp\/v2\/product"}],"about":[{"href":"https:\/\/puffvapestore.com\/de\/wp-json\/wp\/v2\/types\/product"}],"replies":[{"embeddable":true,"href":"https:\/\/puffvapestore.com\/de\/wp-json\/wp\/v2\/comments?post=6147"}],"version-history":[{"count":7,"href":"https:\/\/puffvapestore.com\/de\/wp-json\/wp\/v2\/product\/6147\/revisions"}],"predecessor-version":[{"id":6570,"href":"https:\/\/puffvapestore.com\/de\/wp-json\/wp\/v2\/product\/6147\/revisions\/6570"}],"wp:featuredmedia":[{"embeddable":true,"href":"https:\/\/puffvapestore.com\/de\/wp-json\/wp\/v2\/media\/5983"}],"wp:attachment":[{"href":"https:\/\/puffvapestore.com\/de\/wp-json\/wp\/v2\/media?parent=6147"}],"wp:term":[{"taxonomy":"product_brand","embeddable":true,"href":"https:\/\/puffvapestore.com\/de\/wp-json\/wp\/v2\/product_brand?post=6147"},{"taxonomy":"product_cat","embeddable":true,"href":"https:\/\/puffvapestore.com\/de\/wp-json\/wp\/v2\/product_cat?post=6147"},{"taxonomy":"product_tag","embeddable":true,"href":"https:\/\/puffvapestore.com\/de\/wp-json\/wp\/v2\/product_tag?post=6147"}],"curies":[{"name":"wp","href":"https:\/\/api.w.org\/{rel}","templated":true}]}}