{"id":6136,"date":"2025-08-01T03:04:45","date_gmt":"2025-08-01T03:04:45","guid":{"rendered":"https:\/\/puffvapestore.com\/?post_type=product&#038;p=6136"},"modified":"2026-01-19T10:36:11","modified_gmt":"2026-01-19T10:36:11","slug":"blueberry-ice-black-dragon-ice-bang-king-30k-est-facile-a-utiliser-et-repond-a-tous-les-gouts","status":"publish","type":"product","link":"https:\/\/puffvapestore.com\/de\/product\/blueberry-ice-black-dragon-ice-bang-king-30k-ist-einfach-zu-bedienen-und-trifft-jeden-geschmack\/","title":{"rendered":"Blueberry Ice &amp; Black Dragon Ice - Bang King 30K"},"content":{"rendered":"<div data-elementor-type=\"wp-post\" data-elementor-id=\"6136\" class=\"elementor elementor-6136\">\n\t\t\t\t<div class=\"elementor-element elementor-element-08c26f9 e-flex e-con-boxed e-con e-parent\" data-id=\"08c26f9\" data-element_type=\"container\" data-e-type=\"container\">\n\t\t\t\t\t<div class=\"e-con-inner\">\n\t\t\t\t<div class=\"elementor-element elementor-element-a005a97 elementor-widget elementor-widget-text-editor\" data-id=\"a005a97\" data-element_type=\"widget\" data-e-type=\"widget\" data-widget_type=\"text-editor.default\">\n\t\t\t\t<div class=\"elementor-widget-container\">\n\t\t\t\t\t\t\t\t\t<p>Die Bang King 30K ist mit einem Geschmackswahlschalter ausgestattet. Stellen Sie ihn einfach ein, um zwischen den Geschmacksrichtungen Heidelbeereis und Schwarzer Drachen Eis zu wechseln. Einfach zu bedienen und trifft jeden Geschmack.<\/p><h2>Heidelbeereis<\/h2><p>Merkmale des fruchtigen Aromas: Basiert auf frischen, s\u00fc\u00dfen, aber nicht fettigen Heidelbeeren mit einem nat\u00fcrlich fruchtigen und s\u00e4uerlichen Geschmack.<\/p><p>Eiserlebnis: Das erfrischende Gef\u00fchl von Minzeis h\u00e4lt w\u00e4hrend des gesamten Prozesses an, als bef\u00e4nden Sie sich in einem mit Eis und Schnee bedeckten Heidelbeergarten.<\/p><p>Geschmackliche Details : Die S\u00fc\u00dfe der Heidelbeeren ist schon beim Eintritt in den Mund sp\u00fcrbar, dann verbreitet sich schnell die Frische der Minze, die ein weiches Mundgef\u00fchl und einen frischen Nachgeschmack hinterl\u00e4sst.<\/p><h2>Black Dragon Ice<\/h2><p>Fruchtige Eigenschaften : Eine nuancenreiche Mischung aus Aromen von dunklen Beeren wie Brombeere und Drachenfrucht, mit subtiler Fruchts\u00e4ure und einer rauchigen Note.<\/p><p>Eisiges Erlebnis: Ein starkes Frischegef\u00fchl, als ob Sie in der Hitze ein Festmahl aus Eis und Schnee genie\u00dfen w\u00fcrden.<\/p><p>Geschmackliche Details : Schon bei der ersten Verkostung nehmen Sie ein tiefes fruchtiges Aroma wahr, gefolgt von einem starken Eisgef\u00fchl, einem frischen Gef\u00fchl im Hals und einem lang anhaltenden Nachgeschmack.<\/p><h2>Funktion f\u00fcr doppelten Geschmackswechsel<\/h2><p>Die Bang King 30000 Blueberry Ice &amp; Black Dragon Ice ist mit einer innovativen Funktion f\u00fcr den doppelten Geschmackswechsel ausgestattet. Die Benutzer k\u00f6nnen zwei verschiedene Geschmacksrichtungen in einer einzigen E-Zigarette entdecken und jederzeit und \u00fcberall leicht wechseln, was ein abwechslungsreiches Raucherlebnis erm\u00f6glicht. Diese Funktion ist besonders f\u00fcr Nutzer geeignet, die gerne verschiedene Geschmacksrichtungen ausprobieren. Sie k\u00f6nnen einen reichhaltigen Geschmack genie\u00dfen, ohne mehrere Ger\u00e4te mit sich herumtragen zu m\u00fcssen, was den Komfort und das Vergn\u00fcgen bei der Nutzung erheblich steigert.<\/p><h2>Verschiedene Optionen f\u00fcr die Nikotinkonzentration<\/h2><p>Um den Bed\u00fcrfnissen jedes einzelnen Nutzers gerecht zu werden, bietet die Bang King 30000 Blueberry Ice &amp; Black Dragon Ice verschiedene Optionen f\u00fcr die Nikotinkonzentration, darunter 0 % (nikotinfrei), 2 %, 3 % und 5 %. Ob Sie nun einen reinen Geschmack oder eine besondere Nikotinbefriedigung suchen, diese E-Zigarette passt sich all Ihren Bed\u00fcrfnissen an, vom Anf\u00e4nger bis zum passionierten Raucher.<\/p><p>Die Bang King 30000 verf\u00fcgt \u00fcber eine sehr gro\u00dfe Kapazit\u00e4t von 36 ml E-Liquid, die weit \u00fcber der Kapazit\u00e4t der markt\u00fcblichen elektronischen Zigaretten liegt. Dieses Design garantiert eine lange Nutzungsdauer ohne h\u00e4ufiges Auswechseln oder Nachf\u00fcllen von E-Liquid. Ideal f\u00fcr lange Ausfl\u00fcge oder intensive Nutzer, um dauerhaft zufrieden zu sein.<\/p><p>Mit seinem Zerst\u00e4uber mit 1,0 \u03a9 Mesh-Widerstand bietet der Bang King 30000 Blueberry Ice &amp; Black Dragon Ice ein perfektes Gleichgewicht zwischen Geschmack und Rauchvolumen. Die Mesh-Technologie verbessert die Effizienz der Zerst\u00e4ubung der e-Fl\u00fcssigkeit und garantiert bei jedem Zug einen reichen Geschmack und zarten Rauch, ideal f\u00fcr Benutzer, die ein hochwertiges Dampferlebnis suchen.<\/p><h2>Lange Akkulaufzeit und bequemes Aufladen<\/h2><p>Ausgestattet mit einem Hochleistungsakku mit 550 mAh bietet das Bang King 30000 Blueberry Ice &amp; Black Dragon Ice eine stabile Akkulaufzeit f\u00fcr eine sorgenfreie Nutzung rund um die Uhr. Dar\u00fcber hinaus unterst\u00fctzt sein USB-C-Anschluss das Schnellladen, wodurch die Wartezeit verk\u00fcrzt und eine schnelle Wiederaufnahme erm\u00f6glicht wird, um sich den Anforderungen des modernen Lebensrhythmus anzupassen.<\/p><p>Mit einer einzigen elektronischen Zigarette Bang King 30000 kann man bis zu 30K Z\u00fcge machen, und ihre ultralange Lebensdauer macht sie zu einer der langlebigsten Optionen auf dem Markt. Ob f\u00fcr den t\u00e4glichen Gebrauch oder eine lange Reise, dieses Ger\u00e4t wird Sie zuverl\u00e4ssig begleiten und Sie m\u00fcssen es nicht h\u00e4ufig ersetzen.<\/p>\t\t\t\t\t\t\t\t<\/div>\n\t\t\t\t<\/div>\n\t\t\t\t\t<\/div>\n\t\t\t\t<\/div>\n\t\t\t\t<\/div>","protected":false},"excerpt":{"rendered":"<p>Le Bang King 30K est \u00e9quip\u00e9 d&rsquo;un s\u00e9lecteur de saveurs. Il suffit de le r\u00e9gler pour passer de la saveur Glace \u00e0 la myrtille \u00e0 la saveur Glace au dragon noir. Facile \u00e0 utiliser et r\u00e9pond \u00e0 tous les go\u00fbts. Glace \u00e0 la myrtille Caract\u00e9ristiques de l&rsquo;ar\u00f4me fruit\u00e9\u00a0: bas\u00e9 sur des myrtilles fra\u00eeches, sucr\u00e9es mais [&hellip;]<\/p>\n","protected":false},"featured_media":5972,"comment_status":"open","ping_status":"closed","template":"","meta":{"site-sidebar-layout":"no-sidebar","site-content-layout":"page-builder","ast-site-content-layout":"normal-width-container","site-content-style":"default","site-sidebar-style":"default","ast-global-header-display":"","ast-banner-title-visibility":"","ast-main-header-display":"","ast-hfb-above-header-display":"","ast-hfb-below-header-display":"","ast-hfb-mobile-header-display":"","site-post-title":"disabled","ast-breadcrumbs-content":"","ast-featured-img":"disabled","footer-sml-layout":"","ast-disable-related-posts":"","theme-transparent-header-meta":"default","adv-header-id-meta":"","stick-header-meta":"default","header-above-stick-meta":"","header-main-stick-meta":"","header-below-stick-meta":"","astra-migrate-meta-layouts":"set","ast-page-background-enabled":"default","ast-page-background-meta":{"desktop":{"background-color":"","background-image":"","background-repeat":"repeat","background-position":"center center","background-size":"auto","background-attachment":"scroll","background-type":"","background-media":"","overlay-type":"","overlay-color":"","overlay-opacity":"","overlay-gradient":""},"tablet":{"background-color":"","background-image":"","background-repeat":"repeat","background-position":"center center","background-size":"auto","background-attachment":"scroll","background-type":"","background-media":"","overlay-type":"","overlay-color":"","overlay-opacity":"","overlay-gradient":""},"mobile":{"background-color":"","background-image":"","background-repeat":"repeat","background-position":"center center","background-size":"auto","background-attachment":"scroll","background-type":"","background-media":"","overlay-type":"","overlay-color":"","overlay-opacity":"","overlay-gradient":""}},"ast-content-background-meta":{"desktop":{"background-color":"var(--ast-global-color-5)","background-image":"","background-repeat":"repeat","background-position":"center center","background-size":"auto","background-attachment":"scroll","background-type":"","background-media":"","overlay-type":"","overlay-color":"","overlay-opacity":"","overlay-gradient":""},"tablet":{"background-color":"var(--ast-global-color-5)","background-image":"","background-repeat":"repeat","background-position":"center center","background-size":"auto","background-attachment":"scroll","background-type":"","background-media":"","overlay-type":"","overlay-color":"","overlay-opacity":"","overlay-gradient":""},"mobile":{"background-color":"var(--ast-global-color-5)","background-image":"","background-repeat":"repeat","background-position":"center center","background-size":"auto","background-attachment":"scroll","background-type":"","background-media":"","overlay-type":"","overlay-color":"","overlay-opacity":"","overlay-gradient":""}}},"product_brand":[52],"product_cat":[55,86,15],"product_tag":[],"class_list":{"0":"post-6136","1":"product","2":"type-product","3":"status-publish","4":"has-post-thumbnail","6":"product_brand-bang-king","7":"product_cat-bang-king-30000-double-saveur-offre-jusqua-36ml-de-liquide","8":"product_cat-puff-30k","9":"product_cat-magasin-cigarette-electronique","10":"desktop-align-center","11":"tablet-align-center","12":"mobile-align-center","13":"ast-product-gallery-layout-horizontal","14":"ast-product-gallery-with-no-image","15":"ast-product-single-variable","16":"ast-product-tabs-layout-horizontal","17":"ast-qv-on-image","19":"first","20":"instock","21":"sale","22":"shipping-taxable","23":"purchasable","24":"product-type-variable","25":"has-default-attributes"},"tiered_pricing_type":"fixed","tiered_pricing_fixed_rules":{"50":7.33,"100":6.66},"tiered_pricing_product_settings":{"layout":"default","base_unit_name":{"singular":null,"plural":null},"default_variation":null},"tiered_pricing_minimum_quantity":null,"tiered_pricing_roles_data":[],"tiered_pricing_percentage_rules":[],"_links":{"self":[{"href":"https:\/\/puffvapestore.com\/de\/wp-json\/wp\/v2\/product\/6136","targetHints":{"allow":["GET"]}}],"collection":[{"href":"https:\/\/puffvapestore.com\/de\/wp-json\/wp\/v2\/product"}],"about":[{"href":"https:\/\/puffvapestore.com\/de\/wp-json\/wp\/v2\/types\/product"}],"replies":[{"embeddable":true,"href":"https:\/\/puffvapestore.com\/de\/wp-json\/wp\/v2\/comments?post=6136"}],"version-history":[{"count":7,"href":"https:\/\/puffvapestore.com\/de\/wp-json\/wp\/v2\/product\/6136\/revisions"}],"predecessor-version":[{"id":6456,"href":"https:\/\/puffvapestore.com\/de\/wp-json\/wp\/v2\/product\/6136\/revisions\/6456"}],"wp:featuredmedia":[{"embeddable":true,"href":"https:\/\/puffvapestore.com\/de\/wp-json\/wp\/v2\/media\/5972"}],"wp:attachment":[{"href":"https:\/\/puffvapestore.com\/de\/wp-json\/wp\/v2\/media?parent=6136"}],"wp:term":[{"taxonomy":"product_brand","embeddable":true,"href":"https:\/\/puffvapestore.com\/de\/wp-json\/wp\/v2\/product_brand?post=6136"},{"taxonomy":"product_cat","embeddable":true,"href":"https:\/\/puffvapestore.com\/de\/wp-json\/wp\/v2\/product_cat?post=6136"},{"taxonomy":"product_tag","embeddable":true,"href":"https:\/\/puffvapestore.com\/de\/wp-json\/wp\/v2\/product_tag?post=6136"}],"curies":[{"name":"wp","href":"https:\/\/api.w.org\/{rel}","templated":true}]}}