{"id":6125,"date":"2025-08-01T01:56:34","date_gmt":"2025-08-01T01:56:34","guid":{"rendered":"https:\/\/puffvapestore.com\/?post_type=product&#038;p=6125"},"modified":"2026-01-19T10:36:11","modified_gmt":"2026-01-19T10:36:11","slug":"strawberry-watermelon-grape-ice-bang-king-30k-offre-un-gout-stable-et-persistant-alliant-arome","status":"publish","type":"product","link":"https:\/\/puffvapestore.com\/de\/product\/strawberry-watermelon-grape-ice-bang-king-30k-bietet-einen-stabilen-und-lang-anhaltenden-geschmack-der-das-aroma-von-erdbeeren-mit-dem-von-grapefruit-verbindet\/","title":{"rendered":"Strawberry And Watermelon &amp; Grape Ice - Bang King 30K"},"content":{"rendered":"<div data-elementor-type=\"wp-post\" data-elementor-id=\"6125\" class=\"elementor elementor-6125\">\n\t\t\t\t<div class=\"elementor-element elementor-element-08c26f9 e-flex e-con-boxed e-con e-parent\" data-id=\"08c26f9\" data-element_type=\"container\" data-e-type=\"container\">\n\t\t\t\t\t<div class=\"e-con-inner\">\n\t\t\t\t<div class=\"elementor-element elementor-element-a005a97 elementor-widget elementor-widget-text-editor\" data-id=\"a005a97\" data-element_type=\"widget\" data-e-type=\"widget\" data-widget_type=\"text-editor.default\">\n\t\t\t\t<div class=\"elementor-widget-container\">\n\t\t\t\t\t\t\t\t\t<p>Die Bang King 30K bietet zwei Geschmacksrichtungen: \"Strawberry And Watermelon\" und \"Grape Ice\". Die erste ist s\u00fc\u00df und saftig, die zweite ist eisgek\u00fchlt und leicht s\u00e4uerlich. Der Wechsel der Geschmacksrichtungen ist praktisch. Ausgestattet mit einer E-Fl\u00fcssigkeit mit gro\u00dfer Kapazit\u00e4t und einem LED-Display bietet sie einen stabilen und anhaltenden Geschmack, der fruchtiges Aroma und ein frisches Gef\u00fchl vereint. Diese E-Zigarette mit zwei Modi ist ideal, um den fruchtigen Geschmack zu kontrollieren.<\/p><h2>Erdbeere + Wassermelone<\/h2><p>Fruchtiges Aroma: Dieser Geschmack der elektronischen Zigarette verbindet die S\u00fc\u00dfe reifer Erdbeeren mit der S\u00fc\u00dfe und dem saftigen Geschmack der Wassermelone und schafft so eine typisch sommerliche Fruchtkombination.<\/p><p>Ausgewogener Geschmack: Die Erdbeeren bieten ein rundes, fleischiges Gef\u00fchl, w\u00e4hrend die Wassermelone f\u00fcr ein erfrischendes Gef\u00fchl sorgt. Beide erg\u00e4nzen sich harmonisch, und der Auftakt ist cremig und reich an Nuancen.<\/p><h2>Trauben-Eis<\/h2><p>Eisiger Abgang: Das erfrischende Gef\u00fchl ist offensichtlich, wie ein Schleier aus Minzeis, der die Zungenspitze umh\u00fcllt und f\u00fcr einen frischen Abgang sorgt.<\/p><p>Leicht s\u00e4uerliche Trauben: Eine leichte Traubens\u00e4ure im Abgang verst\u00e4rkt das Gleichgewicht zwischen S\u00e4ure und S\u00fc\u00dfe, ohne den Geschmack zu eint\u00f6nig zu machen.<\/p><p>Kombination aus Eis und S\u00e4ure: Der Frosteffekt verleiht dem Ganzen ein erfrischendes Gef\u00fchl und betont die S\u00fc\u00dfe.<\/p><h2>Geschmackliche Unterst\u00fctzung<\/h2><p>Gro\u00dfe geschmackliche Freiheit: Sie k\u00f6nnen nach Belieben zwischen s\u00fc\u00dfen, weichen Fruchtaromen und Noten von glasierten Trauben wechseln, um den geschmacklichen Bed\u00fcrfnissen jeder Situation und Stimmung gerecht zu werden.<\/p><p>Langzeitbelichtung: 30000 Rauchz\u00fcge mit gro\u00dfer Kapazit\u00e4t plus ein gro\u00dfer \u00d6ltank mit 36 ml, der Geschmack ist immer stabil und die Erfahrung ist kontinuierlich und ununterbrochen beim Wechsel der Geschmacksrichtungen<\/p><h2>Funktion f\u00fcr doppelten Geschmackswechsel<\/h2><p>Die Bang King 30000 Strawberry And Watermelon &amp; Grape Ice ist mit einer innovativen Funktion f\u00fcr den doppelten Geschmackswechsel ausgestattet. Die Benutzer k\u00f6nnen zwei verschiedene Geschmacksrichtungen in einer einzigen E-Zigarette entdecken und jederzeit und \u00fcberall leicht wechseln, was ein abwechslungsreiches Raucherlebnis erm\u00f6glicht. Diese Funktion ist besonders f\u00fcr Nutzer geeignet, die gerne verschiedene Geschmacksrichtungen ausprobieren. Sie k\u00f6nnen einen reichhaltigen Geschmack genie\u00dfen, ohne mehrere Ger\u00e4te mit sich herumtragen zu m\u00fcssen, was den Komfort und das Vergn\u00fcgen bei der Nutzung erheblich steigert.<\/p><h2>Verschiedene Optionen f\u00fcr die Nikotinkonzentration<\/h2><p>Um den Bed\u00fcrfnissen jedes einzelnen Nutzers gerecht zu werden, bietet die Bang King 30000 Strawberry And Watermelon &amp; Grape Ice verschiedene Optionen f\u00fcr die Nikotinkonzentration, darunter 0 % (nikotinfrei), 2 %, 3 % und 5 %. Ob Sie nun einen reinen Geschmack oder eine besondere Nikotinbefriedigung suchen, diese E-Zigarette passt sich all Ihren Bed\u00fcrfnissen an, vom Anf\u00e4nger bis zum leidenschaftlichen Raucher.<\/p><p>Die Bang King 30000 verf\u00fcgt \u00fcber eine sehr gro\u00dfe Kapazit\u00e4t von 36 ml E-Liquid, die weit \u00fcber der Kapazit\u00e4t der markt\u00fcblichen elektronischen Zigaretten liegt. Dieses Design garantiert eine lange Nutzungsdauer ohne h\u00e4ufiges Auswechseln oder Nachf\u00fcllen von E-Liquid. Ideal f\u00fcr lange Ausfl\u00fcge oder intensive Nutzer, um dauerhaft zufrieden zu sein.<\/p><p>Mit seinem Zerst\u00e4uber mit 1,0 \u03a9 Mesh-Widerstand bietet der Bang King 30000 Strawberry And Watermelon &amp; Grape Ice ein perfektes Gleichgewicht zwischen Geschmack und Rauchvolumen. Die Mesh-Technologie verbessert die Effizienz der Zerst\u00e4ubung der e-Fl\u00fcssigkeit und garantiert bei jedem Zug einen reichen Geschmack und zarten Rauch, ideal f\u00fcr Benutzer, die ein hochwertiges Dampferlebnis suchen.<\/p><h2>Lange Akkulaufzeit und bequemes Aufladen<\/h2><p>Ausgestattet mit einem Hochleistungsakku mit 550 mAh bietet der Bang King 30000 Strawberry And Watermelon &amp; Grape Ice eine stabile Akkulaufzeit f\u00fcr einen sorgenfreien Gebrauch rund um die Uhr. Dar\u00fcber hinaus unterst\u00fctzt sein USB-C-Anschluss das Schnellladen, wodurch die Wartezeit verk\u00fcrzt und eine schnelle Wiederaufnahme erm\u00f6glicht wird, um den Anforderungen des modernen Lebensrhythmus gerecht zu werden.<\/p><p>Mit einer einzigen elektronischen Zigarette Bang King 30000 Strawberry And Watermelon &amp; Grape Ice kann man bis zu 30K Z\u00fcge machen, und ihre ultralange Lebensdauer macht sie zu einer der langlebigsten Optionen auf dem Markt. Ob f\u00fcr den t\u00e4glichen Gebrauch oder eine lange Reise, dieses Ger\u00e4t wird Sie zuverl\u00e4ssig begleiten und Sie m\u00fcssen es nicht h\u00e4ufig austauschen.<\/p>\t\t\t\t\t\t\t\t<\/div>\n\t\t\t\t<\/div>\n\t\t\t\t\t<\/div>\n\t\t\t\t<\/div>\n\t\t\t\t<\/div>","protected":false},"excerpt":{"rendered":"<p>Le Bang King 30K propose deux saveurs\u00a0: \u00ab\u00a0Strawberry And Watermelon\u00a0\u00bb et \u00ab\u00a0Grape Ice\u00a0\u00bb. La premi\u00e8re est sucr\u00e9e et juteuse, la seconde est glac\u00e9e et l\u00e9g\u00e8rement acidul\u00e9e. Le changement de saveur est pratique. Dot\u00e9e d&rsquo;un e-liquide de grande capacit\u00e9 et d&rsquo;un \u00e9cran LED, elle offre un go\u00fbt stable et persistant, alliant ar\u00f4me fruit\u00e9 et sensation de [&hellip;]<\/p>\n","protected":false},"featured_media":5978,"comment_status":"open","ping_status":"closed","template":"","meta":{"site-sidebar-layout":"no-sidebar","site-content-layout":"page-builder","ast-site-content-layout":"normal-width-container","site-content-style":"default","site-sidebar-style":"default","ast-global-header-display":"","ast-banner-title-visibility":"","ast-main-header-display":"","ast-hfb-above-header-display":"","ast-hfb-below-header-display":"","ast-hfb-mobile-header-display":"","site-post-title":"disabled","ast-breadcrumbs-content":"","ast-featured-img":"disabled","footer-sml-layout":"","ast-disable-related-posts":"","theme-transparent-header-meta":"default","adv-header-id-meta":"","stick-header-meta":"default","header-above-stick-meta":"","header-main-stick-meta":"","header-below-stick-meta":"","astra-migrate-meta-layouts":"set","ast-page-background-enabled":"default","ast-page-background-meta":{"desktop":{"background-color":"","background-image":"","background-repeat":"repeat","background-position":"center center","background-size":"auto","background-attachment":"scroll","background-type":"","background-media":"","overlay-type":"","overlay-color":"","overlay-opacity":"","overlay-gradient":""},"tablet":{"background-color":"","background-image":"","background-repeat":"repeat","background-position":"center center","background-size":"auto","background-attachment":"scroll","background-type":"","background-media":"","overlay-type":"","overlay-color":"","overlay-opacity":"","overlay-gradient":""},"mobile":{"background-color":"","background-image":"","background-repeat":"repeat","background-position":"center center","background-size":"auto","background-attachment":"scroll","background-type":"","background-media":"","overlay-type":"","overlay-color":"","overlay-opacity":"","overlay-gradient":""}},"ast-content-background-meta":{"desktop":{"background-color":"var(--ast-global-color-5)","background-image":"","background-repeat":"repeat","background-position":"center center","background-size":"auto","background-attachment":"scroll","background-type":"","background-media":"","overlay-type":"","overlay-color":"","overlay-opacity":"","overlay-gradient":""},"tablet":{"background-color":"var(--ast-global-color-5)","background-image":"","background-repeat":"repeat","background-position":"center center","background-size":"auto","background-attachment":"scroll","background-type":"","background-media":"","overlay-type":"","overlay-color":"","overlay-opacity":"","overlay-gradient":""},"mobile":{"background-color":"var(--ast-global-color-5)","background-image":"","background-repeat":"repeat","background-position":"center center","background-size":"auto","background-attachment":"scroll","background-type":"","background-media":"","overlay-type":"","overlay-color":"","overlay-opacity":"","overlay-gradient":""}}},"product_brand":[52],"product_cat":[55,86,15],"product_tag":[],"class_list":{"0":"post-6125","1":"product","2":"type-product","3":"status-publish","4":"has-post-thumbnail","6":"product_brand-bang-king","7":"product_cat-bang-king-30000-double-saveur-offre-jusqua-36ml-de-liquide","8":"product_cat-puff-30k","9":"product_cat-magasin-cigarette-electronique","10":"desktop-align-center","11":"tablet-align-center","12":"mobile-align-center","13":"ast-product-gallery-layout-horizontal","14":"ast-product-gallery-with-no-image","15":"ast-product-single-variable","16":"ast-product-tabs-layout-horizontal","17":"ast-qv-on-image","19":"first","20":"instock","21":"sale","22":"shipping-taxable","23":"purchasable","24":"product-type-variable","25":"has-default-attributes"},"tiered_pricing_type":"fixed","tiered_pricing_fixed_rules":{"50":7.33,"100":6.66},"tiered_pricing_product_settings":{"layout":"default","base_unit_name":{"singular":null,"plural":null},"default_variation":null},"tiered_pricing_minimum_quantity":null,"tiered_pricing_roles_data":[],"tiered_pricing_percentage_rules":[],"_links":{"self":[{"href":"https:\/\/puffvapestore.com\/de\/wp-json\/wp\/v2\/product\/6125","targetHints":{"allow":["GET"]}}],"collection":[{"href":"https:\/\/puffvapestore.com\/de\/wp-json\/wp\/v2\/product"}],"about":[{"href":"https:\/\/puffvapestore.com\/de\/wp-json\/wp\/v2\/types\/product"}],"replies":[{"embeddable":true,"href":"https:\/\/puffvapestore.com\/de\/wp-json\/wp\/v2\/comments?post=6125"}],"version-history":[{"count":7,"href":"https:\/\/puffvapestore.com\/de\/wp-json\/wp\/v2\/product\/6125\/revisions"}],"predecessor-version":[{"id":6455,"href":"https:\/\/puffvapestore.com\/de\/wp-json\/wp\/v2\/product\/6125\/revisions\/6455"}],"wp:featuredmedia":[{"embeddable":true,"href":"https:\/\/puffvapestore.com\/de\/wp-json\/wp\/v2\/media\/5978"}],"wp:attachment":[{"href":"https:\/\/puffvapestore.com\/de\/wp-json\/wp\/v2\/media?parent=6125"}],"wp:term":[{"taxonomy":"product_brand","embeddable":true,"href":"https:\/\/puffvapestore.com\/de\/wp-json\/wp\/v2\/product_brand?post=6125"},{"taxonomy":"product_cat","embeddable":true,"href":"https:\/\/puffvapestore.com\/de\/wp-json\/wp\/v2\/product_cat?post=6125"},{"taxonomy":"product_tag","embeddable":true,"href":"https:\/\/puffvapestore.com\/de\/wp-json\/wp\/v2\/product_tag?post=6125"}],"curies":[{"name":"wp","href":"https:\/\/api.w.org\/{rel}","templated":true}]}}