{"id":6114,"date":"2025-07-30T15:49:22","date_gmt":"2025-07-30T15:49:22","guid":{"rendered":"https:\/\/puffvapestore.com\/?post_type=product&#038;p=6114"},"modified":"2026-01-19T10:36:11","modified_gmt":"2026-01-19T10:36:11","slug":"strawberry-kiwi-peach-ice-bang-king-30k-une-experience-gustative-pure-et-nette","status":"publish","type":"product","link":"https:\/\/puffvapestore.com\/de\/product\/strawberry-kiwi-peach-ice-bang-king-30k-ein-reines-und-klares-geschmackserlebnis\/","title":{"rendered":"Strawberry Kiwi &amp; Peach Ice - Bang King 30K"},"content":{"rendered":"<div data-elementor-type=\"wp-post\" data-elementor-id=\"6114\" class=\"elementor elementor-6114\">\n\t\t\t\t<div class=\"elementor-element elementor-element-08c26f9 e-flex e-con-boxed e-con e-parent\" data-id=\"08c26f9\" data-element_type=\"container\" data-e-type=\"container\">\n\t\t\t\t\t<div class=\"e-con-inner\">\n\t\t\t\t<div class=\"elementor-element elementor-element-a005a97 elementor-widget elementor-widget-text-editor\" data-id=\"a005a97\" data-element_type=\"widget\" data-e-type=\"widget\" data-widget_type=\"text-editor.default\">\n\t\t\t\t<div class=\"elementor-widget-container\">\n\t\t\t\t\t\t\t\t\t<p>Die Bang King 30K ist eine Einweg-elektronische Zigarette mit gro\u00dfer Kapazit\u00e4t, die bis zu 30000 Z\u00fcge macht. Sie ist mit einem doppelten, unabh\u00e4ngigen Geschmackssystem ausgestattet, das es erm\u00f6glicht, durch einfaches Umschalten frei zwischen den Geschmacksrichtungen zu wechseln. Jeder Geschmack ist individuell formuliert und sorgt f\u00fcr ein reines und klares Geschmackserlebnis.<\/p><h2>Aroma Erdbeere Kiwi<\/h2><h3>Hauptmerkmale<\/h3><p>Erster Eindruck: Die S\u00fc\u00dfe der Erdbeeren bricht sofort hervor, wenn der Rauch eintritt, mit einem Geschmack, der dem von frischer Erdbeermarmelade \u00e4hnelt, s\u00fc\u00df, aber nicht zu fettig.<\/p><p>Geschmack: Die S\u00e4ure der Kiwi setzt sich fort und sorgt f\u00fcr eine erfrischende Fruchts\u00e4ure, die den Geschmack komplexer macht.<\/p><p>Abgang: Die Aromen von Erdbeere und Kiwi verschmelzen allm\u00e4hlich und hinterlassen einen fruchtig-frischen Nachgeschmack ohne R\u00fcckst\u00e4nde von k\u00fcnstlichen Aromen.<\/p><h3>Detaillierte Erfahrung<\/h3><p>M\u00e4\u00dfige S\u00fc\u00dfe mit einem nat\u00fcrlichen fruchtigen Aroma ;<\/p><p>Leichte, aber ehrliche S\u00e4ure, \u00e4hnlich dem erfrischenden Aroma von geschnittenen Kiwis ;<\/p><p>Ideal f\u00fcr alle, die fruchtige und erfrischende Aromen lieben.<\/p><h2>Aroma Eispfirsich<\/h2><h3>Hauptmerkmale<\/h3><p>Teeleistung: Das Aroma von reifen wei\u00dfen Pfirsichen ist sehr reich, mit einem echten Gef\u00fchl, in einen saftigen Pfirsich zu bei\u00dfen, und der fruchtige Geschmack ist zart und cremig.<\/p><p>Geschmackliche H\u00e4lfte: Leichte S\u00fc\u00dfe, die das blumige Aroma des wei\u00dfen Pfirsichs hervorhebt, nicht die fade S\u00fc\u00dfe des Sirups, sondern die nat\u00fcrliche fruchtige S\u00fc\u00dfe.<\/p><p>Abgang: Schnell entsteht ein frisches, eisiges Gef\u00fchl, wie eine leichte Minze oder ein weicher Smoothie, das sich nat\u00fcrlich mit der S\u00fc\u00dfe des Pfirsichs verbindet.<\/p><h3>Detaillierte Erfahrung<\/h3><p>Das Frischegef\u00fchl ist perfekt, ohne den Hals zu reizen ;<\/p><p>Das eisige Gef\u00fchl und das fruchtige Aroma sind eng miteinander verbunden und untrennbar ;<\/p><p>Der allgemeine Geschmack ist s\u00fc\u00df und eisig, was den Liebhabern von frischem Obst entgegenkommt.<\/p><h2>Funktion f\u00fcr doppelten Geschmackswechsel<\/h2><p>Die Bang King 30000 Strawberry Kiwi &amp; Peach Ice ist mit der innovativen Funktion des doppelten Geschmackswechsels ausgestattet. Die Benutzer k\u00f6nnen zwei verschiedene Geschmacksrichtungen in einer einzigen E-Zigarette entdecken und jederzeit und \u00fcberall leicht wechseln, was ein abwechslungsreiches Raucherlebnis erm\u00f6glicht. Diese Funktion ist besonders f\u00fcr Nutzer geeignet, die gerne verschiedene Geschmacksrichtungen ausprobieren. Sie k\u00f6nnen einen reichhaltigen Geschmack genie\u00dfen, ohne mehrere Ger\u00e4te mit sich herumtragen zu m\u00fcssen, was den Komfort und das Vergn\u00fcgen bei der Nutzung erheblich steigert.<\/p><h2>Verschiedene Optionen f\u00fcr die Nikotinkonzentration<\/h2><p>Um den Bed\u00fcrfnissen jedes einzelnen Nutzers gerecht zu werden, bietet die Bang King 30000 Strawberry Kiwi &amp; Peach Ice verschiedene Optionen f\u00fcr die Nikotinkonzentration, darunter 0 % (nikotinfrei), 2 %, 3 % und 5 %. Ob Sie nun einen reinen Geschmack oder eine besondere Nikotinbefriedigung suchen, diese E-Zigarette passt sich all Ihren Bed\u00fcrfnissen an, vom Anf\u00e4nger bis zum leidenschaftlichen Raucher.<\/p><p>Die Bang King 30000 verf\u00fcgt \u00fcber eine sehr gro\u00dfe Kapazit\u00e4t von 36 ml E-Liquid, die weit \u00fcber der Kapazit\u00e4t der markt\u00fcblichen elektronischen Zigaretten liegt. Dieses Design garantiert eine lange Nutzungsdauer ohne h\u00e4ufiges Auswechseln oder Nachf\u00fcllen von E-Liquid. Ideal f\u00fcr lange Ausfl\u00fcge oder intensive Nutzer, um dauerhaft zufrieden zu sein.<\/p><p>Mit seinem Zerst\u00e4uber mit 1,0 \u03a9 Mesh-Widerstand bietet der Bang King 30000 Strawberry Kiwi &amp; Peach Ice ein perfektes Gleichgewicht zwischen Geschmack und Rauchvolumen. Die Mesh-Technologie verbessert die Effizienz der Zerst\u00e4ubung der e-Fl\u00fcssigkeit und garantiert bei jedem Zug einen reichhaltigen Geschmack und einen zarten Rauch, ideal f\u00fcr Benutzer, die ein hochwertiges Dampferlebnis suchen.<\/p><h2>Lange Akkulaufzeit und bequemes Aufladen<\/h2><p>Ausgestattet mit einem Hochleistungsakku mit 550 mAh bietet der Bang King 30000 Strawberry Kiwi &amp; Peach Ice eine stabile Akkulaufzeit f\u00fcr einen sorgenfreien Gebrauch rund um die Uhr. Dar\u00fcber hinaus unterst\u00fctzt sein USB-C-Anschluss das Schnellladen, wodurch die Wartezeit verk\u00fcrzt und eine schnelle Wiederaufnahme erm\u00f6glicht wird, um den Anforderungen des modernen Lebensrhythmus gerecht zu werden.<\/p><p>Mit einer einzigen elektronischen Zigarette Bang King 30000 Strawberry Kiwi &amp; Peach Ice kann man bis zu 30K Z\u00fcge machen, und ihre ultralange Lebensdauer macht sie zu einer der langlebigsten Optionen auf dem Markt. Ob f\u00fcr den t\u00e4glichen Gebrauch oder eine lange Reise, dieses Ger\u00e4t wird Sie zuverl\u00e4ssig begleiten, sodass Sie es nicht h\u00e4ufig ersetzen m\u00fcssen.<\/p>\t\t\t\t\t\t\t\t<\/div>\n\t\t\t\t<\/div>\n\t\t\t\t\t<\/div>\n\t\t\t\t<\/div>\n\t\t\t\t<\/div>","protected":false},"excerpt":{"rendered":"<p>La Bang King 30K est une cigarette \u00e9lectronique jetable grande capacit\u00e9 offrant jusqu&rsquo;\u00e0 30000 bouff\u00e9es. Elle est \u00e9quip\u00e9e d&rsquo;un double syst\u00e8me de saveurs ind\u00e9pendant, permettant de passer librement d&rsquo;une saveur \u00e0 l&rsquo;autre par simple commutation. Chaque saveur est formul\u00e9e individuellement pour une exp\u00e9rience gustative pure et nette. Ar\u00f4me Fraise Kiwi Caract\u00e9ristiques principales Premi\u00e8re impression : [&hellip;]<\/p>\n","protected":false},"featured_media":5979,"comment_status":"open","ping_status":"closed","template":"","meta":{"site-sidebar-layout":"no-sidebar","site-content-layout":"page-builder","ast-site-content-layout":"normal-width-container","site-content-style":"default","site-sidebar-style":"default","ast-global-header-display":"","ast-banner-title-visibility":"","ast-main-header-display":"","ast-hfb-above-header-display":"","ast-hfb-below-header-display":"","ast-hfb-mobile-header-display":"","site-post-title":"disabled","ast-breadcrumbs-content":"","ast-featured-img":"disabled","footer-sml-layout":"","ast-disable-related-posts":"","theme-transparent-header-meta":"default","adv-header-id-meta":"","stick-header-meta":"default","header-above-stick-meta":"","header-main-stick-meta":"","header-below-stick-meta":"","astra-migrate-meta-layouts":"set","ast-page-background-enabled":"default","ast-page-background-meta":{"desktop":{"background-color":"","background-image":"","background-repeat":"repeat","background-position":"center center","background-size":"auto","background-attachment":"scroll","background-type":"","background-media":"","overlay-type":"","overlay-color":"","overlay-opacity":"","overlay-gradient":""},"tablet":{"background-color":"","background-image":"","background-repeat":"repeat","background-position":"center center","background-size":"auto","background-attachment":"scroll","background-type":"","background-media":"","overlay-type":"","overlay-color":"","overlay-opacity":"","overlay-gradient":""},"mobile":{"background-color":"","background-image":"","background-repeat":"repeat","background-position":"center center","background-size":"auto","background-attachment":"scroll","background-type":"","background-media":"","overlay-type":"","overlay-color":"","overlay-opacity":"","overlay-gradient":""}},"ast-content-background-meta":{"desktop":{"background-color":"var(--ast-global-color-5)","background-image":"","background-repeat":"repeat","background-position":"center center","background-size":"auto","background-attachment":"scroll","background-type":"","background-media":"","overlay-type":"","overlay-color":"","overlay-opacity":"","overlay-gradient":""},"tablet":{"background-color":"var(--ast-global-color-5)","background-image":"","background-repeat":"repeat","background-position":"center center","background-size":"auto","background-attachment":"scroll","background-type":"","background-media":"","overlay-type":"","overlay-color":"","overlay-opacity":"","overlay-gradient":""},"mobile":{"background-color":"var(--ast-global-color-5)","background-image":"","background-repeat":"repeat","background-position":"center center","background-size":"auto","background-attachment":"scroll","background-type":"","background-media":"","overlay-type":"","overlay-color":"","overlay-opacity":"","overlay-gradient":""}}},"product_brand":[52],"product_cat":[55,86,15],"product_tag":[],"class_list":{"0":"post-6114","1":"product","2":"type-product","3":"status-publish","4":"has-post-thumbnail","6":"product_brand-bang-king","7":"product_cat-bang-king-30000-double-saveur-offre-jusqua-36ml-de-liquide","8":"product_cat-puff-30k","9":"product_cat-magasin-cigarette-electronique","10":"desktop-align-center","11":"tablet-align-center","12":"mobile-align-center","13":"ast-product-gallery-layout-horizontal","14":"ast-product-gallery-with-no-image","15":"ast-product-single-variable","16":"ast-product-tabs-layout-horizontal","17":"ast-qv-on-image","19":"first","20":"instock","21":"sale","22":"shipping-taxable","23":"purchasable","24":"product-type-variable","25":"has-default-attributes"},"tiered_pricing_type":"fixed","tiered_pricing_fixed_rules":{"50":7.33,"100":6.66},"tiered_pricing_product_settings":{"layout":"default","base_unit_name":{"singular":null,"plural":null},"default_variation":null},"tiered_pricing_minimum_quantity":null,"tiered_pricing_roles_data":[],"tiered_pricing_percentage_rules":[],"_links":{"self":[{"href":"https:\/\/puffvapestore.com\/de\/wp-json\/wp\/v2\/product\/6114","targetHints":{"allow":["GET"]}}],"collection":[{"href":"https:\/\/puffvapestore.com\/de\/wp-json\/wp\/v2\/product"}],"about":[{"href":"https:\/\/puffvapestore.com\/de\/wp-json\/wp\/v2\/types\/product"}],"replies":[{"embeddable":true,"href":"https:\/\/puffvapestore.com\/de\/wp-json\/wp\/v2\/comments?post=6114"}],"version-history":[{"count":7,"href":"https:\/\/puffvapestore.com\/de\/wp-json\/wp\/v2\/product\/6114\/revisions"}],"predecessor-version":[{"id":6233,"href":"https:\/\/puffvapestore.com\/de\/wp-json\/wp\/v2\/product\/6114\/revisions\/6233"}],"wp:featuredmedia":[{"embeddable":true,"href":"https:\/\/puffvapestore.com\/de\/wp-json\/wp\/v2\/media\/5979"}],"wp:attachment":[{"href":"https:\/\/puffvapestore.com\/de\/wp-json\/wp\/v2\/media?parent=6114"}],"wp:term":[{"taxonomy":"product_brand","embeddable":true,"href":"https:\/\/puffvapestore.com\/de\/wp-json\/wp\/v2\/product_brand?post=6114"},{"taxonomy":"product_cat","embeddable":true,"href":"https:\/\/puffvapestore.com\/de\/wp-json\/wp\/v2\/product_cat?post=6114"},{"taxonomy":"product_tag","embeddable":true,"href":"https:\/\/puffvapestore.com\/de\/wp-json\/wp\/v2\/product_tag?post=6114"}],"curies":[{"name":"wp","href":"https:\/\/api.w.org\/{rel}","templated":true}]}}