{"id":6088,"date":"2025-07-30T08:33:12","date_gmt":"2025-07-30T08:33:12","guid":{"rendered":"https:\/\/puffvapestore.com\/?post_type=product&#038;p=6088"},"modified":"2026-01-19T10:36:11","modified_gmt":"2026-01-19T10:36:11","slug":"bang-king-30k-blueberry-raspberry-mixed-mouldy-fruit-offre-un-contraste-de-saveurs-saisissant","status":"publish","type":"product","link":"https:\/\/puffvapestore.com\/de\/product\/bang-king-30k-blueberry-raspberry-mixed-mouldy-fruit-bietet-einen-spannenden-geschmackskontrast\/","title":{"rendered":"Bang King 30K - Blueberry Raspberry &amp; Mixed Mouldy Fruit"},"content":{"rendered":"<div data-elementor-type=\"wp-post\" data-elementor-id=\"6088\" class=\"elementor elementor-6088\">\n\t\t\t\t<div class=\"elementor-element elementor-element-08c26f9 e-flex e-con-boxed e-con e-parent\" data-id=\"08c26f9\" data-element_type=\"container\" data-e-type=\"container\">\n\t\t\t\t\t<div class=\"e-con-inner\">\n\t\t\t\t<div class=\"elementor-element elementor-element-a005a97 elementor-widget elementor-widget-text-editor\" data-id=\"a005a97\" data-element_type=\"widget\" data-e-type=\"widget\" data-widget_type=\"text-editor.default\">\n\t\t\t\t<div class=\"elementor-widget-container\">\n\t\t\t\t\t\t\t\t\t<p>Blueberry Raspberry &amp; Mixed Mouldy Fruit ist eine der kombinierten Geschmacksrichtungen der elektronischen Zigaretten Bang King 30K. Diese Geschmackskombination ist einzigartig: Die eine ist eine Reihe von frischen, s\u00fc\u00dfen Beeren, die andere ist ein kr\u00e4ftiger fermentierter Stil mit schimmeligen Fr\u00fcchten - ein scharfer Kontrast, aber eine unerwartete Koordination.<\/p><h2>Aroma Heidelbeere, Himbeere<\/h2><p>Aroma: S\u00fc\u00df-sauer, Heidelbeere ist reich an Marmelade, Himbeere ist erfrischend, mit der Frische nat\u00fcrlicher Beeren.<\/p><p>Geschmack: Der Rauch ist ein seidiges Beerenp\u00fcree mit der richtigen Balance zwischen S\u00fc\u00dfe und S\u00e4ure; Die Mischung aus Heidelbeere und Himbeere bietet sowohl fruchtige Noten als auch eine frische fruchtige S\u00e4ure.<\/p><h2>Aroma von gemischten verschimmelten Fr\u00fcchten<\/h2><p>Aroma und Geschmack: Ein kr\u00e4ftiger Geschmack mit einem Hauch von G\u00e4rung oder Schimmel, \u00e4hnlich dem reichen, weichen Aroma von lange gelagerten Fr\u00fcchten, der die Reife, den Alterungsprozess und sogar eine leichte S\u00e4ure der Beeren unterstreicht.<\/p><p>Geschmack: Komplex und vielf\u00e4ltig, s\u00e4uerlich und adstringierend, \u00e4hnlich wie gemischte und leicht fermentierte Waldbeeren. Eine leichte Rauheit im Mund, als ob man die Haut kaut und ein leichtes Aroma von nat\u00fcrlicher Hefe hinzuf\u00fcgt.<\/p><h2>Doppelte Erfahrung mit wechselnden Geschm\u00e4ckern<\/h2><p>Wenn Sie den Geschmack wechseln, beeindrucken die frische S\u00fc\u00dfe und S\u00e4ure von Heidelbeeren und Himbeeren sofort Ihre Geschmacksknospen, w\u00e4hrend Sie beim Wechsel zum Geschmack von gemischten verschimmelten Fr\u00fcchten die komplexeren Schichten von fermentierten und reifen Fr\u00fcchten sp\u00fcren.<\/p><p>Der Wechsel zwischen den beiden Geschmacksrichtungen ist wie der Wechsel von einem Obstgarten in einen unterirdischen Weinkeller: Der eine Geschmack ist erfrischend, der andere tiefgr\u00fcndig, was die Geschmacksknospen sehr anregt.<\/p><h2>Spezifikationen von Bang King 30000 Blueberry Raspberry &amp; Mixed Mouldy Fruit<\/h2><p>Anzahl der Z\u00fcge: Jede elektronische Zigarette bietet bis zu 30000 Z\u00fcge.<\/p><p>Fl\u00fcssigkeitskapazit\u00e4t: 36 ml<\/p><p>Akkukapazit\u00e4t: 550 mAh, aufladbar \u00fcber USB-C<\/p><p>Zerst\u00e4ubungswiderstand: Mesh-Widerstand von 1,0 \u03a9, unter Ber\u00fccksichtigung von Geschmack und Rauchvolumen.<\/p><p>Nikotinkonzentration nach Wahl: 0 %, 2 %, 3 %, 5 %<\/p><h2>Funktionen der Bang King 30000 Blueberry Raspberry &amp; Mixed Mouldy Fruit<\/h2><p>Doppelte Geschmacksumschaltfunktion: unterst\u00fctzt zwei verschiedene Geschmacksumschaltfunktionen, einfacher Geschmackswechsel<\/p><p>Typ-C-Schnellladung: Bietet eine schnellere Ladung f\u00fcr den wiederaufladbaren 550-mAh-Akku.<\/p><h2>Vorteile der Bang King 30000 Blueberry Raspberry &amp; Mixed Mouldy Fruit<\/h2><p>Leichtgewicht: Design einer elektronischen Einwegzigarette, es muss kein \u00d6l hinzugef\u00fcgt oder der Mesh-Widerstand ausgetauscht werden, leicht zu transportieren.<\/p><p>Ausgezeichnete Akkulaufzeit: geeignet f\u00fcr den Langzeitgebrauch, kein h\u00e4ufiges Nachf\u00fcllen oder Nachf\u00fcllen von \u00d6l n\u00f6tig<\/p><p>Strukturelles Design: Standard Streifenf\u00f6rmiger K\u00f6rper, angenehmes Gef\u00fchl, leichter Geschmackswechsel.<\/p><p>Gro\u00dfe Kapazit\u00e4t (36 ml \u00d6l + 550 mAh-Akku), lange Lebensdauer.<\/p><p>Der doppelte Geschmackswechsel bietet eine Vielfalt an Geschmackserlebnissen.<\/p><p>Der Maschenwiderstand verbessert den Rauch und den Geschmack.<\/p><p>Schnelles und bequemes USB-C-Laden.<\/p>\t\t\t\t\t\t\t\t<\/div>\n\t\t\t\t<\/div>\n\t\t\t\t\t<\/div>\n\t\t\t\t<\/div>\n\t\t\t\t<\/div>","protected":false},"excerpt":{"rendered":"<p>Blueberry Raspberry &amp; Mixed Mouldy Fruit est l&rsquo;une des saveurs combin\u00e9es des cigarettes \u00e9lectroniques Bang King 30K. Cette combinaison de saveurs est unique\u00a0: l&rsquo;une est une s\u00e9rie de baies fra\u00eeches et sucr\u00e9es, l&rsquo;autre est un style ferment\u00e9 puissant avec des fruits moisis, un contraste saisissant mais une coordination inattendue. Ar\u00f4me Myrtille, Framboise Ar\u00f4me\u00a0: aigre-doux, la [&hellip;]<\/p>\n","protected":false},"featured_media":5974,"comment_status":"open","ping_status":"closed","template":"","meta":{"site-sidebar-layout":"no-sidebar","site-content-layout":"page-builder","ast-site-content-layout":"normal-width-container","site-content-style":"default","site-sidebar-style":"default","ast-global-header-display":"","ast-banner-title-visibility":"","ast-main-header-display":"","ast-hfb-above-header-display":"","ast-hfb-below-header-display":"","ast-hfb-mobile-header-display":"","site-post-title":"disabled","ast-breadcrumbs-content":"","ast-featured-img":"disabled","footer-sml-layout":"","ast-disable-related-posts":"","theme-transparent-header-meta":"default","adv-header-id-meta":"","stick-header-meta":"default","header-above-stick-meta":"","header-main-stick-meta":"","header-below-stick-meta":"","astra-migrate-meta-layouts":"set","ast-page-background-enabled":"default","ast-page-background-meta":{"desktop":{"background-color":"","background-image":"","background-repeat":"repeat","background-position":"center center","background-size":"auto","background-attachment":"scroll","background-type":"","background-media":"","overlay-type":"","overlay-color":"","overlay-opacity":"","overlay-gradient":""},"tablet":{"background-color":"","background-image":"","background-repeat":"repeat","background-position":"center center","background-size":"auto","background-attachment":"scroll","background-type":"","background-media":"","overlay-type":"","overlay-color":"","overlay-opacity":"","overlay-gradient":""},"mobile":{"background-color":"","background-image":"","background-repeat":"repeat","background-position":"center center","background-size":"auto","background-attachment":"scroll","background-type":"","background-media":"","overlay-type":"","overlay-color":"","overlay-opacity":"","overlay-gradient":""}},"ast-content-background-meta":{"desktop":{"background-color":"var(--ast-global-color-5)","background-image":"","background-repeat":"repeat","background-position":"center center","background-size":"auto","background-attachment":"scroll","background-type":"","background-media":"","overlay-type":"","overlay-color":"","overlay-opacity":"","overlay-gradient":""},"tablet":{"background-color":"var(--ast-global-color-5)","background-image":"","background-repeat":"repeat","background-position":"center center","background-size":"auto","background-attachment":"scroll","background-type":"","background-media":"","overlay-type":"","overlay-color":"","overlay-opacity":"","overlay-gradient":""},"mobile":{"background-color":"var(--ast-global-color-5)","background-image":"","background-repeat":"repeat","background-position":"center center","background-size":"auto","background-attachment":"scroll","background-type":"","background-media":"","overlay-type":"","overlay-color":"","overlay-opacity":"","overlay-gradient":""}}},"product_brand":[52],"product_cat":[55,86,15],"product_tag":[],"class_list":{"0":"post-6088","1":"product","2":"type-product","3":"status-publish","4":"has-post-thumbnail","6":"product_brand-bang-king","7":"product_cat-bang-king-30000-double-saveur-offre-jusqua-36ml-de-liquide","8":"product_cat-puff-30k","9":"product_cat-magasin-cigarette-electronique","10":"desktop-align-center","11":"tablet-align-center","12":"mobile-align-center","13":"ast-product-gallery-layout-horizontal","14":"ast-product-gallery-with-no-image","15":"ast-product-single-variable","16":"ast-product-tabs-layout-horizontal","17":"ast-qv-on-image","19":"first","20":"instock","21":"sale","22":"shipping-taxable","23":"purchasable","24":"product-type-variable","25":"has-default-attributes"},"tiered_pricing_type":"fixed","tiered_pricing_fixed_rules":{"50":7.33,"100":6.66},"tiered_pricing_product_settings":{"layout":"default","base_unit_name":{"singular":null,"plural":null},"default_variation":null},"tiered_pricing_minimum_quantity":null,"tiered_pricing_roles_data":[],"tiered_pricing_percentage_rules":[],"_links":{"self":[{"href":"https:\/\/puffvapestore.com\/de\/wp-json\/wp\/v2\/product\/6088","targetHints":{"allow":["GET"]}}],"collection":[{"href":"https:\/\/puffvapestore.com\/de\/wp-json\/wp\/v2\/product"}],"about":[{"href":"https:\/\/puffvapestore.com\/de\/wp-json\/wp\/v2\/types\/product"}],"replies":[{"embeddable":true,"href":"https:\/\/puffvapestore.com\/de\/wp-json\/wp\/v2\/comments?post=6088"}],"version-history":[{"count":7,"href":"https:\/\/puffvapestore.com\/de\/wp-json\/wp\/v2\/product\/6088\/revisions"}],"predecessor-version":[{"id":6231,"href":"https:\/\/puffvapestore.com\/de\/wp-json\/wp\/v2\/product\/6088\/revisions\/6231"}],"wp:featuredmedia":[{"embeddable":true,"href":"https:\/\/puffvapestore.com\/de\/wp-json\/wp\/v2\/media\/5974"}],"wp:attachment":[{"href":"https:\/\/puffvapestore.com\/de\/wp-json\/wp\/v2\/media?parent=6088"}],"wp:term":[{"taxonomy":"product_brand","embeddable":true,"href":"https:\/\/puffvapestore.com\/de\/wp-json\/wp\/v2\/product_brand?post=6088"},{"taxonomy":"product_cat","embeddable":true,"href":"https:\/\/puffvapestore.com\/de\/wp-json\/wp\/v2\/product_cat?post=6088"},{"taxonomy":"product_tag","embeddable":true,"href":"https:\/\/puffvapestore.com\/de\/wp-json\/wp\/v2\/product_tag?post=6088"}],"curies":[{"name":"wp","href":"https:\/\/api.w.org\/{rel}","templated":true}]}}