{"id":5960,"date":"2025-07-29T08:38:47","date_gmt":"2025-07-29T08:38:47","guid":{"rendered":"https:\/\/puffvapestore.com\/?post_type=product&#038;p=5960"},"modified":"2026-02-05T03:54:29","modified_gmt":"2026-02-05T03:54:29","slug":"strawberry-kiwi-peach-ice-cherry-cola-bang-leader-80k-offre-un-arome-sucre-intense","status":"publish","type":"product","link":"https:\/\/puffvapestore.com\/de\/product\/strawberry-kiwi-peach-ice-cherry-cola-bang-leader-80k-bietet-ein-intensives-zuckeraroma\/","title":{"rendered":"Strawberry Kiwi &amp; Peach Ice &amp; Cherry Cola - Bang Leader 80K 3 in 1 Dreifach Geschmack"},"content":{"rendered":"<div data-elementor-type=\"wp-post\" data-elementor-id=\"5960\" class=\"elementor elementor-5960\">\n\t\t\t\t<div class=\"elementor-element elementor-element-08c26f9 e-flex e-con-boxed e-con e-parent\" data-id=\"08c26f9\" data-element_type=\"container\" data-e-type=\"container\">\n\t\t\t\t\t<div class=\"e-con-inner\">\n\t\t\t\t<div class=\"elementor-element elementor-element-a005a97 elementor-widget elementor-widget-text-editor\" data-id=\"a005a97\" data-element_type=\"widget\" data-e-type=\"widget\" data-widget_type=\"text-editor.default\">\n\t\t\t\t<div class=\"elementor-widget-container\">\n\t\t\t\t\t\t\t\t\t<p>Diese Packung der elektronischen Zigaretten Bang Leader 80K \"Strawberry Kiwi &amp; Peach Ice &amp; Cherry Cola\" vereint einen frischen Fruchtgeschmack mit einer Retro-Note von Soda. Sie eignet sich f\u00fcr Liebhaber elektronischer Zigaretten, die ein s\u00fc\u00df-s\u00e4uerliches, reichhaltiges und fruchtiges Aroma sowie einen leichten Getr\u00e4nkegeschmack sch\u00e4tzen.<\/p><h2>Aroma Erdbeere Kiwi<\/h2><p><strong>Kopfnote: Runde, s\u00fc\u00dfe Erdbeere<\/strong><br \/>Der erste Zug verstr\u00f6mt ein reiches Erdbeeraroma, das an das Aroma von nat\u00fcrlicher Erdbeermarmelade erinnert. Der Duft ist s\u00fc\u00df, aber kr\u00e4ftig, mit einem leichten milchigen Nachgeschmack, der an Erdbeermilchshakes erinnert.<\/p><p><strong>Herznote: Leicht s\u00e4uerliche Kiwi hellt auf<\/strong><br \/>Die leichte S\u00e4ure der Kiwi neutralisiert die S\u00fc\u00dfe der Erdbeere, macht das Ganze dreidimensionaler und komplexer und l\u00e4sst es durch die einzigartige s\u00fc\u00dfe Note lebhaft und erfrischend wirken.<\/p><p><strong>Nachgeschmack: ausgewogen und cremig<\/strong><br \/>Der Nachgeschmack ist leicht fruchtig und s\u00e4uerlich, ohne K\u00e4ltegef\u00fchl oder \u00fcberm\u00e4\u00dfige Stimulation, ideal, um den ganzen Tag zu rauchen, ohne fettig zu sein.<\/p><p>Mild und s\u00fc\u00df, diese fruchtige Mischung ist erfrischend, ohne zu sehr anzuregen. Der fruchtige Geschmack eignet sich hervorragend f\u00fcr t\u00e4gliche Fahrten und wird sowohl von M\u00e4nnern als auch von Frauen gesch\u00e4tzt.<\/p><h2>Geschmack Gefrorener Pfirsich<\/h2><p><strong>Kopfnote: Aroma von fleischigem wei\u00dfem Pfirsich<\/strong><br \/>Das Aroma Eispfirsich l\u00e4sst die zarte Textur des Pfirsichs schon beim Eintritt in den Mund wahrnehmen. Es ist s\u00fc\u00df, ohne fettig zu sein, und hat eine \u00e4hnliche Aromastruktur wie Pfirsichtee oder Oolong mit wei\u00dfem Pfirsich. Es handelt sich nicht um ein k\u00fcnstliches Aroma von Pfirsichbonbons, sondern um das Gef\u00fchl eines nat\u00fcrlichen Saftes.<\/p><p><strong>Im Herzen des Geschmacks: frisches, durchdringendes Gef\u00fchl<\/strong><br \/>Das Gef\u00fchl von Eisw\u00fcrfeln ist offensichtlich, ohne erdr\u00fcckend zu sein, wie eine wei\u00dfe Pfirsichlimonade mit Eisw\u00fcrfeln. Die K\u00fchle setzt sich auf der Zunge und im Rachen fort und bietet ein erfrischendes E-Zigaretten-Erlebnis, das einem Sommergetr\u00e4nk w\u00fcrdig ist.<\/p><p>Abgang: Die S\u00fc\u00dfe l\u00e4sst nach und macht Platz f\u00fcr Frische.<\/p><p>Das Gef\u00fchl von Eisw\u00fcrfeln wischt den \u00fcbersch\u00fcssigen Zucker weg, und der Abgang ist klar und lang anhaltend.<\/p><p>Nat\u00fcrlicher Pfirsichduft, au\u00dfergew\u00f6hnliches Eisw\u00fcrfelgef\u00fchl, s\u00fc\u00df, ohne fettig zu sein, ideal f\u00fcr ein erfrischendes Sommererlebnis oder eine Entgiftung nach dem Essen. Ideal f\u00fcr Liebhaber von E-Zigaretten, die eine leichte, frische Tee- oder Fruchtnote sch\u00e4tzen.<\/p><h2>Aroma Kirsche Cola<\/h2><p><strong>Spitze: Der Retro-Geruch von Cola ist bet\u00f6rend.<\/strong><br \/>Es ist ein typisch amerikanisches Cola-Kirsch-Aroma mit Cola-Blasen und Karamell-Aromen, das sehr realistisch wirkt.<\/p><p><strong>Kirscharoma dazwischen<\/strong><br \/>Das Kirscharoma hat nicht die erfrischende S\u00e4ure von frischen Kirschen, sondern \u00e4hnelt eher einem reichhaltigen Kirschsirup oder kandierten Kirschen und bringt eine ausgepr\u00e4gte S\u00fc\u00dfe und aromatische Tiefe mit sich.<\/p><p><strong>Abgang: leichte Frische und Nachgeschmack von Karamell<\/strong><br \/>Diese leichte Frische macht die Limonade wenig s\u00fc\u00df. Ein Hauch von Karamell und ein subtiles Fruchtaroma bleiben im Abgang erhalten und mildern den Nachgeschmack des Getr\u00e4nks.<\/p><p>Retro-Getr\u00e4nkestil: intensive S\u00fc\u00dfe, m\u00e4\u00dfige Frische und lang anhaltendes Aroma. Geeignet f\u00fcr Liebhaber von E-Zigaretten, die ausgepr\u00e4gte Geschmacksrichtungen und Retro-Limonaden m\u00f6gen, oder f\u00fcr diejenigen, die eine besondere fruchtige Note suchen.<\/p><h2>Drei Geschmackswechselsysteme, gro\u00dfer 78-ml-Liquidtank<\/h2><p>Die Bang Leader 80000 Strawberry Kiwi &amp; Peach Ice &amp; Cherry Cola hat ein innovatives Drei-in-einem-Design mit drei integrierten, unabh\u00e4ngigen Liquidbeh\u00e4ltern mit einem Fassungsverm\u00f6gen von jeweils 26 ml, was insgesamt 78 ml Liquid ergibt. Der Geschmackswahlschalter erm\u00f6glicht einen einfachen Wechsel der Geschmacksrichtungen, wobei drei Geschmacksrichtungen gleichzeitig auf einer einzigen E-Zigarette erscheinen, was Ihnen die Freiheit gibt, jederzeit Ihre Stimmung und Ihren Geschmack zu \u00e4ndern.<\/p><p>Mit einer au\u00dfergew\u00f6hnlichen Haltbarkeit unter den Einwegger\u00e4ten, kann jede elektronische Zigarette Bang Leader 80000 Strawberry Kiwi &amp; Peach Ice &amp; Cherry Cola bis zu 80K Z\u00fcge liefern, was sie zur idealen Wahl f\u00fcr regelm\u00e4\u00dfige Dampfer macht. Genie\u00dfen Sie eine lange Nutzungsdauer und reduzieren Sie h\u00e4ufiges Auswechseln.<\/p><p>Bis zu vier Nikotinkonzentrationen erh\u00e4ltlich: 0 %, 2 %, 3 %, 5 %. Ob Sie ein erfrischendes Erlebnis ohne Nikotin suchen oder als Raucher einen hochkonzentrierten Rachenhit, Sie werden die f\u00fcr Sie passende Intensit\u00e4t finden und sich leicht an Ihre Bed\u00fcrfnisse beim Rauchstopp oder an ver\u00e4nderte Geschmacksvorlieben anpassen k\u00f6nnen.<\/p><h2>Mesh-Resistenz 1,0 \u03a9, exquisiter Geschmack auf h\u00f6chstem Niveau<\/h2><p>Der Bang Leader 80000 Strawberry Kiwi &amp; Peach Ice &amp; Cherry Cola ist mit einem leistungsstarken 1,0 \u03a9 Mesh-Widerstand ausgestattet, der gleichm\u00e4\u00dfiger heizt und vollst\u00e4ndiger atomisiert als herk\u00f6mmliche Widerst\u00e4nde, f\u00fcr einen reichhaltigen, nicht reizenden Rauch. Jeder Zug ist weich und cremig und maximiert die Freisetzung des authentischen Geschmacks der e-Liquids.<\/p><h2>Schnellladef\u00e4higer Typ-C-Akku mit 850 mAh, stabile Ausgabe ohne Stromunterbrechung<\/h2><p>Eingebauter wiederaufladbarer Lithium-Akku mit gro\u00dfer Kapazit\u00e4t von 850 mAh, der mit der Typ-C-Schnellladestation kompatibel ist und eine Ladezeit von ca. 60 Minuten erm\u00f6glicht. Die lange Akkulaufzeit und das effiziente Aufladen sorgen daf\u00fcr, dass Sie motiviert bleiben und ohne Unterbrechung ein hochleistungsf\u00e4higes Spr\u00fcherlebnis genie\u00dfen k\u00f6nnen.<\/p><p>Das leichte und tragbare integrierte Geh\u00e4use vereint Ergonomie und Verschlei\u00dffestigkeit und ist ideal f\u00fcr den t\u00e4glichen Transport und den intensiven Gebrauch. Das Drei-in-einem-Design verbessert nicht nur die Praktikabilit\u00e4t, sondern reduziert auch das Gewicht, das mit dem Transport mehrerer elektronischer Zigaretten verbunden ist. Ein Muss f\u00fcr alle, die reichhaltige Aromen lieben.<\/p>\t\t\t\t\t\t\t\t<\/div>\n\t\t\t\t<\/div>\n\t\t\t\t\t<\/div>\n\t\t\t\t<\/div>\n\t\t\t\t<\/div>","protected":false},"excerpt":{"rendered":"<p>Ce coffret de cigarettes \u00e9lectroniques Bang Leader 80K \u00ab Strawberry Kiwi &amp; Peach Ice &amp; Cherry Cola \u00bb allie une saveur fruit\u00e9e fra\u00eeche \u00e0 une note r\u00e9tro de soda. Il convient aux amateurs de cigarettes \u00e9lectroniques qui appr\u00e9cient les ar\u00f4mes sucr\u00e9s-acidul\u00e9s, riches et fruit\u00e9s, ainsi qu&rsquo;une l\u00e9g\u00e8re saveur de boisson. Ar\u00f4me Fraise Kiwi Note de [&hellip;]<\/p>\n","protected":false},"featured_media":5727,"comment_status":"open","ping_status":"closed","template":"","meta":{"site-sidebar-layout":"no-sidebar","site-content-layout":"page-builder","ast-site-content-layout":"normal-width-container","site-content-style":"default","site-sidebar-style":"default","ast-global-header-display":"","ast-banner-title-visibility":"","ast-main-header-display":"","ast-hfb-above-header-display":"","ast-hfb-below-header-display":"","ast-hfb-mobile-header-display":"","site-post-title":"disabled","ast-breadcrumbs-content":"","ast-featured-img":"disabled","footer-sml-layout":"","ast-disable-related-posts":"","theme-transparent-header-meta":"default","adv-header-id-meta":"","stick-header-meta":"default","header-above-stick-meta":"","header-main-stick-meta":"","header-below-stick-meta":"","astra-migrate-meta-layouts":"set","ast-page-background-enabled":"default","ast-page-background-meta":{"desktop":{"background-color":"","background-image":"","background-repeat":"repeat","background-position":"center center","background-size":"auto","background-attachment":"scroll","background-type":"","background-media":"","overlay-type":"","overlay-color":"","overlay-opacity":"","overlay-gradient":""},"tablet":{"background-color":"","background-image":"","background-repeat":"repeat","background-position":"center center","background-size":"auto","background-attachment":"scroll","background-type":"","background-media":"","overlay-type":"","overlay-color":"","overlay-opacity":"","overlay-gradient":""},"mobile":{"background-color":"","background-image":"","background-repeat":"repeat","background-position":"center center","background-size":"auto","background-attachment":"scroll","background-type":"","background-media":"","overlay-type":"","overlay-color":"","overlay-opacity":"","overlay-gradient":""}},"ast-content-background-meta":{"desktop":{"background-color":"var(--ast-global-color-5)","background-image":"","background-repeat":"repeat","background-position":"center center","background-size":"auto","background-attachment":"scroll","background-type":"","background-media":"","overlay-type":"","overlay-color":"","overlay-opacity":"","overlay-gradient":""},"tablet":{"background-color":"var(--ast-global-color-5)","background-image":"","background-repeat":"repeat","background-position":"center center","background-size":"auto","background-attachment":"scroll","background-type":"","background-media":"","overlay-type":"","overlay-color":"","overlay-opacity":"","overlay-gradient":""},"mobile":{"background-color":"var(--ast-global-color-5)","background-image":"","background-repeat":"repeat","background-position":"center center","background-size":"auto","background-attachment":"scroll","background-type":"","background-media":"","overlay-type":"","overlay-color":"","overlay-opacity":"","overlay-gradient":""}}},"product_brand":[53],"product_cat":[54,106,15],"product_tag":[],"class_list":{"0":"post-5960","1":"product","2":"type-product","3":"status-publish","4":"has-post-thumbnail","6":"product_brand-bang-cree-une-cigarette-electronique-plus-confortable","7":"product_cat-bang-leader-80k-dispose-de-trois-reservoirs-de-liquide-independants-integres","8":"product_cat-puff-80k","9":"product_cat-magasin-cigarette-electronique","10":"desktop-align-center","11":"tablet-align-center","12":"mobile-align-center","13":"ast-product-gallery-layout-horizontal","14":"ast-product-gallery-with-no-image","15":"ast-product-single-variable","16":"ast-product-tabs-layout-horizontal","17":"ast-qv-on-image","19":"first","20":"outofstock","21":"sale","22":"shipping-taxable","23":"purchasable","24":"product-type-variable","25":"has-default-attributes"},"tiered_pricing_type":"fixed","tiered_pricing_fixed_rules":{"50":7.24,"100":6.45},"tiered_pricing_product_settings":{"layout":"default","base_unit_name":{"singular":null,"plural":null},"default_variation":null},"tiered_pricing_minimum_quantity":null,"tiered_pricing_roles_data":[],"tiered_pricing_percentage_rules":[],"_links":{"self":[{"href":"https:\/\/puffvapestore.com\/de\/wp-json\/wp\/v2\/product\/5960","targetHints":{"allow":["GET"]}}],"collection":[{"href":"https:\/\/puffvapestore.com\/de\/wp-json\/wp\/v2\/product"}],"about":[{"href":"https:\/\/puffvapestore.com\/de\/wp-json\/wp\/v2\/types\/product"}],"replies":[{"embeddable":true,"href":"https:\/\/puffvapestore.com\/de\/wp-json\/wp\/v2\/comments?post=5960"}],"version-history":[{"count":7,"href":"https:\/\/puffvapestore.com\/de\/wp-json\/wp\/v2\/product\/5960\/revisions"}],"predecessor-version":[{"id":6228,"href":"https:\/\/puffvapestore.com\/de\/wp-json\/wp\/v2\/product\/5960\/revisions\/6228"}],"wp:featuredmedia":[{"embeddable":true,"href":"https:\/\/puffvapestore.com\/de\/wp-json\/wp\/v2\/media\/5727"}],"wp:attachment":[{"href":"https:\/\/puffvapestore.com\/de\/wp-json\/wp\/v2\/media?parent=5960"}],"wp:term":[{"taxonomy":"product_brand","embeddable":true,"href":"https:\/\/puffvapestore.com\/de\/wp-json\/wp\/v2\/product_brand?post=5960"},{"taxonomy":"product_cat","embeddable":true,"href":"https:\/\/puffvapestore.com\/de\/wp-json\/wp\/v2\/product_cat?post=5960"},{"taxonomy":"product_tag","embeddable":true,"href":"https:\/\/puffvapestore.com\/de\/wp-json\/wp\/v2\/product_tag?post=5960"}],"curies":[{"name":"wp","href":"https:\/\/api.w.org\/{rel}","templated":true}]}}