{"id":5945,"date":"2025-07-29T06:29:07","date_gmt":"2025-07-29T06:29:07","guid":{"rendered":"https:\/\/puffvapestore.com\/?post_type=product&#038;p=5945"},"modified":"2026-02-05T03:54:29","modified_gmt":"2026-02-05T03:54:29","slug":"raspberry-mojito-peach-ice-strawberry-watermelon-kiwi-passion-fruit-guava-bang-leader-80k","status":"publish","type":"product","link":"https:\/\/puffvapestore.com\/de\/product\/raspberry-mojito-peach-ice-strawberry-watermelon-kiwi-passion-fruit-guava-bang-leader-80k\/","title":{"rendered":"Raspberry Mojito Peach Ice &amp; Strawberry Watermelon &amp; Kiwi Passion Fruit Guava - Bang Leader 80K 3 in 1 Dreifach Geschmack"},"content":{"rendered":"<div data-elementor-type=\"wp-post\" data-elementor-id=\"5945\" class=\"elementor elementor-5945\">\n\t\t\t\t<div class=\"elementor-element elementor-element-08c26f9 e-flex e-con-boxed e-con e-parent\" data-id=\"08c26f9\" data-element_type=\"container\" data-e-type=\"container\">\n\t\t\t\t\t<div class=\"e-con-inner\">\n\t\t\t\t<div class=\"elementor-element elementor-element-a005a97 elementor-widget elementor-widget-text-editor\" data-id=\"a005a97\" data-element_type=\"widget\" data-e-type=\"widget\" data-widget_type=\"text-editor.default\">\n\t\t\t\t<div class=\"elementor-widget-container\">\n\t\t\t\t\t\t\t\t\t<p>Das Bang Leader 80000 3 in 1 Himbeer Mojito Eispfirsich &amp; Erdbeer Wassermelone &amp; Kiwi Passionsfrucht Guave bietet eine Kombination aus drei tropischen und fruchtigen Geschmacksrichtungen: \"Himbeer Mojito Eispfirsich\", \"Erdbeer Wassermelone\" und \"Kiwi Passionsfrucht Guave\". Dieses Drei-in-einem-Aroma f\u00fcr elektronische Zigaretten bietet eine Verschmelzung von Fr\u00fcchten, eine s\u00fc\u00df-saure Balance und ein eisiges Gef\u00fchl mit komplexen, aber klaren Nuancen, ideal f\u00fcr Liebhaber elektronischer Zigaretten, die fruchtige Geschmacksrichtungen sch\u00e4tzen.<\/p><h2>Mojito Himbeere Gefrorener Pfirsich<\/h2><p>Erfrischende Mojito-Basis: Die klassischen Elemente des Mojito - Limette und Minze - sorgen schon beim Einatmen f\u00fcr eine erfrischende K\u00fchle, sodass Sie sich f\u00fchlen, als w\u00fcrden Sie im Hochsommer am Meer ein eiskaltes Getr\u00e4nk genie\u00dfen.<\/p><p>Der s\u00e4uerliche Duft der Himbeere ist stark und durchdringend: Er hat eine einzigartige S\u00e4ure und ein Aroma von roten Fr\u00fcchten, die sehr erfrischend sind.<\/p><p>Der Pfirsich ist rund und sanft ausbalanciert: Sein Geschmack ist nicht \u00fcbertrieben, sondern eher eine warme S\u00fc\u00dfe, wie ein Fruchtp\u00fcree, die die S\u00e4ure der Minze zu Beginn des Gaumens sanft neutralisiert und das Ganze vollst\u00e4ndiger macht.<\/p><p>Das frische Gef\u00fchl im Abgang bleibt lange erhalten, mit einem leichten Nachgeschmack von Minze.<\/p><h2>Wassermelone Erdbeere<\/h2><p>Wassermelone ist die Hauptzutat mit einer vollen, erfrischenden S\u00fc\u00dfe: Im Gegensatz zu k\u00fcnstlichen Wassermelonenbonbons kommt dieser Wassermelonengeschmack dem Saft aus dem Fruchtfleisch einer frischen Frucht n\u00e4her.<\/p><p>Erdbeere hebt das Aroma, die S\u00fc\u00dfe und die Weichheit hervor: Die Erdbeere enth\u00fcllt einen Hauch von Milch, der sich mit den fruchtigen Aromen verbindet und die S\u00fc\u00dfe insgesamt angenehmer und nicht fettig macht.<\/p><h2>Kiwi, Passionsfrucht, Guave<\/h2><p>Die Kiwi bietet eine s\u00e4uerliche, duftende Basis mit einem leichten Hautgef\u00fchl: Sie vermittelt schon bei der ersten Inhalation ein leichtes Hautgef\u00fchl, das der echten Kiwi sehr \u00e4hnlich ist.<\/p><p>Die Passionsfrucht beleuchtet das Herzaroma: Ihr kr\u00e4ftiges Aroma ist explosiv, mit einem leichten Gef\u00fchl von Frische, wie an einem Obststand unter der tropischen Sonne.<\/p><p>Die Guave sorgt f\u00fcr ein dickeres Gef\u00fchl und einen leicht milchigen und s\u00fc\u00dfen Abgang: Sie f\u00fcgt einen intensiven Geschmack von Fruchtp\u00fcree hinzu, w\u00e4hrend der Schwanz voller und l\u00e4nger ist.<\/p><p>Eher sauer als s\u00fc\u00df, ein typischer \"Tropensturm\"-Geschmack: Die s\u00e4uerliche und erfrischende Wirkung ist deutlich zu sp\u00fcren, ideal f\u00fcr Menschen mit ausgepr\u00e4gtem Geschmack, die den echten Geschmack von tropischen Fr\u00fcchten sch\u00e4tzen.<\/p><h2>Drei Geschmackswechselsysteme, gro\u00dfer 78-ml-Liquidtank<\/h2><p>Die Bang Leader 80000 Raspberry Mojito Peach Ice &amp; Strawberry Watermelon &amp; Kiwi Passion Fruit Guava verf\u00fcgt \u00fcber ein innovatives Drei-in-einem-Design mit drei integrierten, unabh\u00e4ngigen Liquidtanks mit einem Fassungsverm\u00f6gen von jeweils 26 ml, was insgesamt 78 ml Liquid ergibt. Der Geschmackswahlschalter erm\u00f6glicht einen einfachen Wechsel der Geschmacksrichtungen, und drei Geschmacksrichtungen erscheinen gleichzeitig auf einer einzigen E-Zigarette, so dass Sie die Freiheit haben, jederzeit Ihre Stimmung und Ihren Geschmack zu \u00e4ndern.<\/p><p>Mit einer au\u00dfergew\u00f6hnlichen Haltbarkeit unter den Einwegger\u00e4ten, kann jede elektronische Zigarette Bang Leader 80000 Raspberry Mojito Peach Ice &amp; Strawberry Watermelon &amp; Kiwi Passion Fruit Guava bis zu 80K Z\u00fcge liefern, was sie zur idealen Wahl f\u00fcr regelm\u00e4\u00dfige Dampfer macht. Genie\u00dfen Sie eine lange Nutzungsdauer und reduzieren Sie h\u00e4ufiges Auswechseln.<\/p><p>Bis zu vier Nikotinkonzentrationen erh\u00e4ltlich: 0 %, 2 %, 3 %, 5 %. Ob Sie ein erfrischendes Erlebnis ohne Nikotin suchen oder als Raucher einen hochkonzentrierten Rachenhit, Sie werden die f\u00fcr Sie passende Intensit\u00e4t finden und sich leicht an Ihre Bed\u00fcrfnisse beim Rauchstopp oder an ver\u00e4nderte Geschmacksvorlieben anpassen k\u00f6nnen.<\/p><h2>Mesh-Resistenz 1,0 \u03a9, exquisiter Geschmack auf h\u00f6chstem Niveau<\/h2><p>Der Bang Leader 80000 Raspberry Mojito Peach Ice &amp; Strawberry Watermelon &amp; Kiwi Passion Fruit Guava ist mit einem leistungsstarken 1,0 \u03a9 Mesh-Widerstand ausgestattet, der gleichm\u00e4\u00dfiger heizt und vollst\u00e4ndiger zerst\u00e4ubt als herk\u00f6mmliche Widerst\u00e4nde, f\u00fcr einen reichhaltigen, nicht reizenden Rauch. Jeder Zug ist weich und cremig und maximiert die Freisetzung des authentischen Geschmacks der e-Liquids.<\/p><h2>Schnellladef\u00e4higer Typ-C-Akku mit 850 mAh, stabile Ausgabe ohne Stromunterbrechung<\/h2><p>Eingebauter wiederaufladbarer Lithium-Akku mit gro\u00dfer Kapazit\u00e4t von 850 mAh, der mit der Typ-C-Schnellladestation kompatibel ist und eine Ladezeit von ca. 60 Minuten erm\u00f6glicht. Die lange Akkulaufzeit und das effiziente Aufladen sorgen daf\u00fcr, dass Sie motiviert bleiben und ohne Unterbrechung ein hochleistungsf\u00e4higes Spr\u00fcherlebnis genie\u00dfen k\u00f6nnen.<\/p><p>Das leichte und tragbare integrierte Geh\u00e4use vereint Ergonomie und Verschlei\u00dffestigkeit und ist ideal f\u00fcr den t\u00e4glichen Transport und den intensiven Gebrauch. Das Drei-in-einem-Design verbessert nicht nur die Praktikabilit\u00e4t, sondern reduziert auch das Gewicht, das mit dem Transport mehrerer elektronischer Zigaretten verbunden ist. Ein Muss f\u00fcr alle, die reichhaltige Aromen lieben.<\/p>\t\t\t\t\t\t\t\t<\/div>\n\t\t\t\t<\/div>\n\t\t\t\t\t<\/div>\n\t\t\t\t<\/div>\n\t\t\t\t<\/div>","protected":false},"excerpt":{"rendered":"<p>Le Bang Leader 80000 3 en 1 Framboise Mojito P\u00eache Glac\u00e9e &amp; Fraise Past\u00e8que &amp; Kiwi Fruit de la Passion Goyave propose une combinaison de trois saveurs tropicales et fruit\u00e9es\u00a0: \u00ab\u00a0Framboise Mojito P\u00eache Glac\u00e9e\u00a0\u00bb, \u00ab\u00a0Fraise Past\u00e8que\u00a0\u00bb et \u00ab\u00a0Kiwi Fruit de la Passion Goyave\u00a0\u00bb. Cet ar\u00f4me trois-en-un pour cigarette \u00e9lectronique offre une fusion de fruits, un [&hellip;]<\/p>\n","protected":false},"featured_media":5724,"comment_status":"open","ping_status":"closed","template":"","meta":{"site-sidebar-layout":"no-sidebar","site-content-layout":"page-builder","ast-site-content-layout":"normal-width-container","site-content-style":"default","site-sidebar-style":"default","ast-global-header-display":"","ast-banner-title-visibility":"","ast-main-header-display":"","ast-hfb-above-header-display":"","ast-hfb-below-header-display":"","ast-hfb-mobile-header-display":"","site-post-title":"disabled","ast-breadcrumbs-content":"","ast-featured-img":"disabled","footer-sml-layout":"","ast-disable-related-posts":"","theme-transparent-header-meta":"default","adv-header-id-meta":"","stick-header-meta":"default","header-above-stick-meta":"","header-main-stick-meta":"","header-below-stick-meta":"","astra-migrate-meta-layouts":"set","ast-page-background-enabled":"default","ast-page-background-meta":{"desktop":{"background-color":"","background-image":"","background-repeat":"repeat","background-position":"center center","background-size":"auto","background-attachment":"scroll","background-type":"","background-media":"","overlay-type":"","overlay-color":"","overlay-opacity":"","overlay-gradient":""},"tablet":{"background-color":"","background-image":"","background-repeat":"repeat","background-position":"center center","background-size":"auto","background-attachment":"scroll","background-type":"","background-media":"","overlay-type":"","overlay-color":"","overlay-opacity":"","overlay-gradient":""},"mobile":{"background-color":"","background-image":"","background-repeat":"repeat","background-position":"center center","background-size":"auto","background-attachment":"scroll","background-type":"","background-media":"","overlay-type":"","overlay-color":"","overlay-opacity":"","overlay-gradient":""}},"ast-content-background-meta":{"desktop":{"background-color":"var(--ast-global-color-5)","background-image":"","background-repeat":"repeat","background-position":"center center","background-size":"auto","background-attachment":"scroll","background-type":"","background-media":"","overlay-type":"","overlay-color":"","overlay-opacity":"","overlay-gradient":""},"tablet":{"background-color":"var(--ast-global-color-5)","background-image":"","background-repeat":"repeat","background-position":"center center","background-size":"auto","background-attachment":"scroll","background-type":"","background-media":"","overlay-type":"","overlay-color":"","overlay-opacity":"","overlay-gradient":""},"mobile":{"background-color":"var(--ast-global-color-5)","background-image":"","background-repeat":"repeat","background-position":"center center","background-size":"auto","background-attachment":"scroll","background-type":"","background-media":"","overlay-type":"","overlay-color":"","overlay-opacity":"","overlay-gradient":""}}},"product_brand":[53],"product_cat":[54,106,15],"product_tag":[],"class_list":{"0":"post-5945","1":"product","2":"type-product","3":"status-publish","4":"has-post-thumbnail","6":"product_brand-bang-cree-une-cigarette-electronique-plus-confortable","7":"product_cat-bang-leader-80k-dispose-de-trois-reservoirs-de-liquide-independants-integres","8":"product_cat-puff-80k","9":"product_cat-magasin-cigarette-electronique","10":"desktop-align-center","11":"tablet-align-center","12":"mobile-align-center","13":"ast-product-gallery-layout-horizontal","14":"ast-product-gallery-with-no-image","15":"ast-product-single-variable","16":"ast-product-tabs-layout-horizontal","17":"ast-qv-on-image","19":"first","20":"outofstock","21":"sale","22":"shipping-taxable","23":"purchasable","24":"product-type-variable","25":"has-default-attributes"},"tiered_pricing_type":"fixed","tiered_pricing_fixed_rules":{"50":7.24,"100":6.45},"tiered_pricing_product_settings":{"layout":"default","base_unit_name":{"singular":null,"plural":null},"default_variation":null},"tiered_pricing_minimum_quantity":null,"tiered_pricing_roles_data":[],"tiered_pricing_percentage_rules":[],"_links":{"self":[{"href":"https:\/\/puffvapestore.com\/de\/wp-json\/wp\/v2\/product\/5945","targetHints":{"allow":["GET"]}}],"collection":[{"href":"https:\/\/puffvapestore.com\/de\/wp-json\/wp\/v2\/product"}],"about":[{"href":"https:\/\/puffvapestore.com\/de\/wp-json\/wp\/v2\/types\/product"}],"replies":[{"embeddable":true,"href":"https:\/\/puffvapestore.com\/de\/wp-json\/wp\/v2\/comments?post=5945"}],"version-history":[{"count":11,"href":"https:\/\/puffvapestore.com\/de\/wp-json\/wp\/v2\/product\/5945\/revisions"}],"predecessor-version":[{"id":6227,"href":"https:\/\/puffvapestore.com\/de\/wp-json\/wp\/v2\/product\/5945\/revisions\/6227"}],"wp:featuredmedia":[{"embeddable":true,"href":"https:\/\/puffvapestore.com\/de\/wp-json\/wp\/v2\/media\/5724"}],"wp:attachment":[{"href":"https:\/\/puffvapestore.com\/de\/wp-json\/wp\/v2\/media?parent=5945"}],"wp:term":[{"taxonomy":"product_brand","embeddable":true,"href":"https:\/\/puffvapestore.com\/de\/wp-json\/wp\/v2\/product_brand?post=5945"},{"taxonomy":"product_cat","embeddable":true,"href":"https:\/\/puffvapestore.com\/de\/wp-json\/wp\/v2\/product_cat?post=5945"},{"taxonomy":"product_tag","embeddable":true,"href":"https:\/\/puffvapestore.com\/de\/wp-json\/wp\/v2\/product_tag?post=5945"}],"curies":[{"name":"wp","href":"https:\/\/api.w.org\/{rel}","templated":true}]}}