{"id":5934,"date":"2025-07-29T03:19:53","date_gmt":"2025-07-29T03:19:53","guid":{"rendered":"https:\/\/puffvapestore.com\/?post_type=product&#038;p=5934"},"modified":"2026-02-05T03:54:29","modified_gmt":"2026-02-05T03:54:29","slug":"watermelon-ice-strawberry-mango-banana-bang-leader-80k","status":"publish","type":"product","link":"https:\/\/puffvapestore.com\/de\/product\/watermelon-ice-strawberry-mango-banana-bang-leader-80k\/","title":{"rendered":"Watermelon Ice &amp; Strawberry Mango &amp; Banana - Bang Leader 80K 3 in 1 Dreifach Geschmack"},"content":{"rendered":"<div data-elementor-type=\"wp-post\" data-elementor-id=\"5934\" class=\"elementor elementor-5934\">\n\t\t\t\t<div class=\"elementor-element elementor-element-08c26f9 e-flex e-con-boxed e-con e-parent\" data-id=\"08c26f9\" data-element_type=\"container\" data-e-type=\"container\">\n\t\t\t\t\t<div class=\"e-con-inner\">\n\t\t\t\t<div class=\"elementor-element elementor-element-a005a97 elementor-widget elementor-widget-text-editor\" data-id=\"a005a97\" data-element_type=\"widget\" data-e-type=\"widget\" data-widget_type=\"text-editor.default\">\n\t\t\t\t<div class=\"elementor-widget-container\">\n\t\t\t\t\t\t\t\t\t<p>Die St\u00e4rke der Bang Leader 80000 liegt in ihrem einzigartigen 3-in-1-Design, das mit drei unabh\u00e4ngigen 26 ml E-Fl\u00fcssigkeitstanks mit einer Gesamtkapazit\u00e4t von bis zu 78 ml ausgestattet ist und bis zu 80.000 Z\u00fcge erm\u00f6glicht. Jede Bang Leader 80000 E-Zigarette bietet drei verschiedene Geschmacksrichtungen, die alle Liebhaber zufriedenstellen sollen:<\/p><h2>Geschmack Gefrorene Wassermelone<\/h2><p>Wenn die Pariser Abendd\u00e4mmerung ihre letzten Strahlen erahnen l\u00e4sst, inhalieren Sie langsam einen Schluck eisgek\u00fchlten Wassermelonendampf, w\u00e4hrend Sie es sich auf Ihrem Balkon gem\u00fctlich machen. Ein fruchtig-frisches Aroma wird Sie in einen sommerlichen Obstgarten in S\u00fcdfrankreich versetzen. Der erfrischende Geschmack, begleitet von einer subtilen, eisigen Mentholnote, beruhigt K\u00f6rper und Geist nach einem anstrengenden Tag.<\/p><h2>Geschmack Erdbeere Mango<\/h2><p>Dieser Erdbeer-Mango-Geschmack erinnert mit seinen fruchtigen und leidenschaftlichen Aromen an einen Sonnenuntergang an der C\u00f4te d'Azur in S\u00fcdfrankreich. Die s\u00fc\u00dfe S\u00fc\u00dfe der Erdbeeren trifft auf die tropische F\u00fclle der Mangos und sorgt f\u00fcr einen reichhaltigen Geschmack. Eine Zigarette auf der Stra\u00dfe zu rauchen, sp\u00e4t abends nach einem Musikfestival, ist nicht nur ein geschmackliches Vergn\u00fcgen, sondern auch ein spiritueller Tanz.<\/p><h2>Bananengeschmack<\/h2><p>Das Bananenaroma sorgt f\u00fcr ein warmes, weiches Wohlgef\u00fchl, als st\u00fcnden Sie bei leichtem Regen in der Ecke eines Literaturcaf\u00e9s und w\u00fcrden zu Hause in alten Zeitschriften bl\u00e4ttern, w\u00e4hrend Sie die s\u00fc\u00dfen Wolken genie\u00dfen, die von einem Bananenaroma umh\u00fcllt sind. Nehmen Sie einen Zug an einer elektronischen Zigarette, um sich zu entspannen; diese Ruhe ist ein seltener Moment des Wohlbefindens in unserer modernen Hektik.<\/p><h2>Drei Geschmackswechselsysteme, gro\u00dfer 78-ml-Liquidtank<\/h2><p>Die Bang Leader 80000 Watermelon Ice &amp; Strawberry Mango &amp; Banana verwendet ein innovatives Drei-in-einem-Design mit drei integrierten, unabh\u00e4ngigen Liquidbeh\u00e4ltern mit einem Fassungsverm\u00f6gen von jeweils 26 ml, was insgesamt 78 ml Liquid ergibt. Der Geschmackswahlschalter erm\u00f6glicht einen einfachen Wechsel der Geschmacksrichtungen, wobei drei Geschmacksrichtungen gleichzeitig auf einer einzigen E-Zigarette erscheinen, was Ihnen die Freiheit gibt, jederzeit Ihre Stimmung und Ihren Geschmack zu \u00e4ndern.<\/p><p>Mit einer au\u00dfergew\u00f6hnlichen Haltbarkeit unter den Einwegger\u00e4ten, kann jede elektronische Zigarette Bang Leader 80000 Watermelon Ice &amp; Strawberry Mango &amp; Banana bis zu 80K Z\u00fcge liefern, was sie zur idealen Wahl f\u00fcr regelm\u00e4\u00dfige Dampfer macht. Genie\u00dfen Sie eine lange Nutzungsdauer und reduzieren Sie h\u00e4ufiges Auswechseln.<\/p><p>Bis zu vier Nikotinkonzentrationen erh\u00e4ltlich: 0 %, 2 %, 3 %, 5 %. Ob Sie ein erfrischendes Erlebnis ohne Nikotin suchen oder als Raucher einen hochkonzentrierten Rachenhit, Sie werden die f\u00fcr Sie passende Intensit\u00e4t finden und sich leicht an Ihre Bed\u00fcrfnisse beim Rauchstopp oder an ver\u00e4nderte Geschmacksvorlieben anpassen k\u00f6nnen.<\/p><h2>Mesh-Resistenz 1,0 \u03a9, exquisiter Geschmack auf h\u00f6chstem Niveau<\/h2><p>Der Bang Leader 80000 Watermelon Ice &amp; Strawberry Mango &amp; Banana ist mit einem leistungsstarken 1,0 \u03a9 Mesh-Widerstand ausgestattet, der gleichm\u00e4\u00dfiger heizt und vollst\u00e4ndiger atomisiert als herk\u00f6mmliche Widerst\u00e4nde, f\u00fcr einen reichhaltigen, nicht reizenden Rauch. Jeder Zug ist weich und cremig und maximiert die Freisetzung des authentischen Geschmacks der e-Liquids.<\/p><h2>Schnellladef\u00e4higer Typ-C-Akku mit 850 mAh, stabile Ausgabe ohne Stromunterbrechung<\/h2><p>Eingebauter wiederaufladbarer Lithium-Akku mit gro\u00dfer Kapazit\u00e4t von 850 mAh, der mit der Typ-C-Schnellladestation kompatibel ist und eine Ladezeit von ca. 60 Minuten erm\u00f6glicht. Die lange Akkulaufzeit und das effiziente Aufladen sorgen daf\u00fcr, dass Sie motiviert bleiben und ohne Unterbrechung ein hochleistungsf\u00e4higes Spr\u00fcherlebnis genie\u00dfen k\u00f6nnen.<\/p><p>Das leichte und tragbare integrierte Geh\u00e4use vereint Ergonomie und Verschlei\u00dffestigkeit und ist ideal f\u00fcr den t\u00e4glichen Transport und den intensiven Gebrauch. Das Drei-in-einem-Design verbessert nicht nur die Praktikabilit\u00e4t, sondern reduziert auch das Gewicht, das mit dem Transport mehrerer elektronischer Zigaretten verbunden ist. Ein Muss f\u00fcr alle, die reichhaltige Aromen lieben.<\/p>\t\t\t\t\t\t\t\t<\/div>\n\t\t\t\t<\/div>\n\t\t\t\t\t<\/div>\n\t\t\t\t<\/div>\n\t\t\t\t<\/div>","protected":false},"excerpt":{"rendered":"<p>Le point fort du Bang Leader 80000 r\u00e9side dans sa conception unique trois-en-un, \u00e9quip\u00e9e de trois r\u00e9servoirs d&rsquo;e-liquide ind\u00e9pendants de 26 ml, d&rsquo;une capacit\u00e9 totale allant jusqu&rsquo;\u00e0 78 ml, permettant jusqu&rsquo;\u00e0 80000 bouff\u00e9es. Chaque e-cigarette Bang Leader 80000 propose trois saveurs diff\u00e9rentes, con\u00e7ues pour satisfaire tous les amateurs\u00a0: Saveur Past\u00e8que Glac\u00e9e Lorsque le cr\u00e9puscule parisien [&hellip;]<\/p>\n","protected":false},"featured_media":5729,"comment_status":"open","ping_status":"closed","template":"","meta":{"site-sidebar-layout":"no-sidebar","site-content-layout":"page-builder","ast-site-content-layout":"normal-width-container","site-content-style":"default","site-sidebar-style":"default","ast-global-header-display":"","ast-banner-title-visibility":"","ast-main-header-display":"","ast-hfb-above-header-display":"","ast-hfb-below-header-display":"","ast-hfb-mobile-header-display":"","site-post-title":"disabled","ast-breadcrumbs-content":"","ast-featured-img":"disabled","footer-sml-layout":"","ast-disable-related-posts":"","theme-transparent-header-meta":"default","adv-header-id-meta":"","stick-header-meta":"default","header-above-stick-meta":"","header-main-stick-meta":"","header-below-stick-meta":"","astra-migrate-meta-layouts":"set","ast-page-background-enabled":"default","ast-page-background-meta":{"desktop":{"background-color":"","background-image":"","background-repeat":"repeat","background-position":"center center","background-size":"auto","background-attachment":"scroll","background-type":"","background-media":"","overlay-type":"","overlay-color":"","overlay-opacity":"","overlay-gradient":""},"tablet":{"background-color":"","background-image":"","background-repeat":"repeat","background-position":"center center","background-size":"auto","background-attachment":"scroll","background-type":"","background-media":"","overlay-type":"","overlay-color":"","overlay-opacity":"","overlay-gradient":""},"mobile":{"background-color":"","background-image":"","background-repeat":"repeat","background-position":"center center","background-size":"auto","background-attachment":"scroll","background-type":"","background-media":"","overlay-type":"","overlay-color":"","overlay-opacity":"","overlay-gradient":""}},"ast-content-background-meta":{"desktop":{"background-color":"var(--ast-global-color-5)","background-image":"","background-repeat":"repeat","background-position":"center center","background-size":"auto","background-attachment":"scroll","background-type":"","background-media":"","overlay-type":"","overlay-color":"","overlay-opacity":"","overlay-gradient":""},"tablet":{"background-color":"var(--ast-global-color-5)","background-image":"","background-repeat":"repeat","background-position":"center center","background-size":"auto","background-attachment":"scroll","background-type":"","background-media":"","overlay-type":"","overlay-color":"","overlay-opacity":"","overlay-gradient":""},"mobile":{"background-color":"var(--ast-global-color-5)","background-image":"","background-repeat":"repeat","background-position":"center center","background-size":"auto","background-attachment":"scroll","background-type":"","background-media":"","overlay-type":"","overlay-color":"","overlay-opacity":"","overlay-gradient":""}}},"product_brand":[53],"product_cat":[54,106,15],"product_tag":[],"class_list":{"0":"post-5934","1":"product","2":"type-product","3":"status-publish","4":"has-post-thumbnail","6":"product_brand-bang-cree-une-cigarette-electronique-plus-confortable","7":"product_cat-bang-leader-80k-dispose-de-trois-reservoirs-de-liquide-independants-integres","8":"product_cat-puff-80k","9":"product_cat-magasin-cigarette-electronique","10":"desktop-align-center","11":"tablet-align-center","12":"mobile-align-center","13":"ast-product-gallery-layout-horizontal","14":"ast-product-gallery-with-no-image","15":"ast-product-single-variable","16":"ast-product-tabs-layout-horizontal","17":"ast-qv-on-image","19":"first","20":"outofstock","21":"sale","22":"shipping-taxable","23":"purchasable","24":"product-type-variable","25":"has-default-attributes"},"tiered_pricing_type":"fixed","tiered_pricing_fixed_rules":{"50":7.24,"100":6.45},"tiered_pricing_product_settings":{"layout":"default","base_unit_name":{"singular":null,"plural":null},"default_variation":null},"tiered_pricing_minimum_quantity":null,"tiered_pricing_roles_data":[],"tiered_pricing_percentage_rules":[],"_links":{"self":[{"href":"https:\/\/puffvapestore.com\/de\/wp-json\/wp\/v2\/product\/5934","targetHints":{"allow":["GET"]}}],"collection":[{"href":"https:\/\/puffvapestore.com\/de\/wp-json\/wp\/v2\/product"}],"about":[{"href":"https:\/\/puffvapestore.com\/de\/wp-json\/wp\/v2\/types\/product"}],"replies":[{"embeddable":true,"href":"https:\/\/puffvapestore.com\/de\/wp-json\/wp\/v2\/comments?post=5934"}],"version-history":[{"count":7,"href":"https:\/\/puffvapestore.com\/de\/wp-json\/wp\/v2\/product\/5934\/revisions"}],"predecessor-version":[{"id":6226,"href":"https:\/\/puffvapestore.com\/de\/wp-json\/wp\/v2\/product\/5934\/revisions\/6226"}],"wp:featuredmedia":[{"embeddable":true,"href":"https:\/\/puffvapestore.com\/de\/wp-json\/wp\/v2\/media\/5729"}],"wp:attachment":[{"href":"https:\/\/puffvapestore.com\/de\/wp-json\/wp\/v2\/media?parent=5934"}],"wp:term":[{"taxonomy":"product_brand","embeddable":true,"href":"https:\/\/puffvapestore.com\/de\/wp-json\/wp\/v2\/product_brand?post=5934"},{"taxonomy":"product_cat","embeddable":true,"href":"https:\/\/puffvapestore.com\/de\/wp-json\/wp\/v2\/product_cat?post=5934"},{"taxonomy":"product_tag","embeddable":true,"href":"https:\/\/puffvapestore.com\/de\/wp-json\/wp\/v2\/product_tag?post=5934"}],"curies":[{"name":"wp","href":"https:\/\/api.w.org\/{rel}","templated":true}]}}