{"id":5923,"date":"2025-07-27T18:11:26","date_gmt":"2025-07-27T18:11:26","guid":{"rendered":"https:\/\/puffvapestore.com\/?post_type=product&#038;p=5923"},"modified":"2026-02-05T03:54:29","modified_gmt":"2026-02-05T03:54:29","slug":"avocado-ice-lemon-lime-watermelon-raspberry-bang-leader-80k-triple-saveur","status":"publish","type":"product","link":"https:\/\/puffvapestore.com\/de\/product\/avocado-ice-lemon-lime-watermelon-raspberry-bang-leader-80k-dreifacher-geschmack\/","title":{"rendered":"Avocado Ice &amp; Lemon Lime &amp; Watermelon Raspberry - Bang Leader 80K 3 in 1 Dreifach Geschmack"},"content":{"rendered":"<div data-elementor-type=\"wp-post\" data-elementor-id=\"5923\" class=\"elementor elementor-5923\">\n\t\t\t\t<div class=\"elementor-element elementor-element-08c26f9 e-flex e-con-boxed e-con e-parent\" data-id=\"08c26f9\" data-element_type=\"container\" data-e-type=\"container\">\n\t\t\t\t\t<div class=\"e-con-inner\">\n\t\t\t\t<div class=\"elementor-element elementor-element-a005a97 elementor-widget elementor-widget-text-editor\" data-id=\"a005a97\" data-element_type=\"widget\" data-e-type=\"widget\" data-widget_type=\"text-editor.default\">\n\t\t\t\t<div class=\"elementor-widget-container\">\n\t\t\t\t\t\t\t\t\t<p>Machen Sie es sich nach einem anstrengenden Arbeitstag auf dem Balkon in einem Liegestuhl bequem, atmen Sie tief ein und holen Sie die elektronische Zigarette Bang Leader 80K Avocado Ice &amp; Lemon Lime &amp; Watermelon Raspberry heraus. Der erste Zug ist Avocado Iced, eine erfrischende Verschmelzung der S\u00fc\u00dfe von Avocado und Eis, als ob Sie sich in der Meeresbrise der Provence in S\u00fcdfrankreich entspannen w\u00fcrden. Wechseln Sie zum Aroma Limette und Sie werden sp\u00fcren, wie die doppelte zitronige Frische von Limette und Zitrone im Mund zerplatzt, wie die Aufregung einer eisgek\u00fchlten Limonade in den Stra\u00dfen von Paris. Und wenn Sie zur Geschmacksrichtung Wassermelone Himbeere wechseln, einer Mischung aus s\u00fc\u00dfer Wassermelone und leicht s\u00e4uerlicher Himbeere, werden Sie sich f\u00fchlen, als w\u00e4ren Sie am Nachmittag an einem sch\u00f6nen Strand. Es ist ein angenehmes Erlebnis, ideal f\u00fcr einen Moment der Entspannung.<\/p><h2>Drei Geschmackswechselsysteme, gro\u00dfer 78-ml-Liquidtank<\/h2><p>Die Bang Leader 80000 Avocado Ice &amp; Lemon Lime &amp; Watermelon Raspberry verwendet ein innovatives Drei-in-einem-Design mit drei integrierten, unabh\u00e4ngigen Liquidbeh\u00e4ltern mit einem Fassungsverm\u00f6gen von jeweils 26 ml, was insgesamt 78 ml Liquid ergibt. Der Geschmackswahlschalter erm\u00f6glicht einen einfachen Wechsel der Geschmacksrichtungen, wobei drei Geschmacksrichtungen gleichzeitig auf einer einzigen E-Zigarette erscheinen, was Ihnen die Freiheit gibt, jederzeit Ihre Stimmung und Ihren Geschmack zu \u00e4ndern.<\/p><p>Mit einer au\u00dfergew\u00f6hnlichen Haltbarkeit unter den Einwegger\u00e4ten, kann jede elektronische Zigarette Bang Leader 80000 Avocado Ice &amp; Lemon Lime &amp; Watermelon Raspberry bis zu 80K Z\u00fcge liefern, was sie zur idealen Wahl f\u00fcr regelm\u00e4\u00dfige Dampfer macht. Genie\u00dfen Sie eine lange Nutzungsdauer und reduzieren Sie h\u00e4ufiges Auswechseln.<\/p><p>Bis zu vier Nikotinkonzentrationen erh\u00e4ltlich: 0 %, 2 %, 3 %, 5 %. Ob Sie ein erfrischendes Erlebnis ohne Nikotin suchen oder als Raucher einen hochkonzentrierten Rachenhit, Sie werden die f\u00fcr Sie passende Intensit\u00e4t finden und sich leicht an Ihre Bed\u00fcrfnisse beim Rauchstopp oder an ver\u00e4nderte Geschmacksvorlieben anpassen k\u00f6nnen.<\/p><h2>Mesh-Resistenz 1,0 \u03a9, exquisiter Geschmack auf h\u00f6chstem Niveau<\/h2><p>Der Bang Leader 80000 Avocado Ice &amp; Lemon Lime &amp; Watermelon Raspberry ist mit einem leistungsstarken 1,0 \u03a9 Mesh-Widerstand ausgestattet, der gleichm\u00e4\u00dfiger heizt und vollst\u00e4ndiger atomisiert als herk\u00f6mmliche Widerst\u00e4nde, f\u00fcr einen reichhaltigen, nicht reizenden Rauch. Jeder Zug ist weich und cremig und maximiert die Freisetzung des authentischen Geschmacks der e-Liquids.<\/p><h2>Schnellladef\u00e4higer Typ-C-Akku mit 850 mAh, stabile Ausgabe ohne Stromunterbrechung<\/h2><p>Eingebauter wiederaufladbarer Lithium-Akku mit gro\u00dfer Kapazit\u00e4t von 850 mAh, der mit der Typ-C-Schnellladestation kompatibel ist und eine Ladezeit von ca. 60 Minuten erm\u00f6glicht. Die lange Akkulaufzeit und das effiziente Aufladen sorgen daf\u00fcr, dass Sie motiviert bleiben und ohne Unterbrechung ein hochleistungsf\u00e4higes Spr\u00fcherlebnis genie\u00dfen k\u00f6nnen.<\/p><p>Das leichte und tragbare integrierte Geh\u00e4use vereint Ergonomie und Verschlei\u00dffestigkeit und ist ideal f\u00fcr den t\u00e4glichen Transport und den intensiven Gebrauch. Das Drei-in-einem-Design verbessert nicht nur die Praktikabilit\u00e4t, sondern reduziert auch das Gewicht, das mit dem Transport mehrerer elektronischer Zigaretten verbunden ist. Ein Muss f\u00fcr alle, die reichhaltige Aromen lieben.<\/p>\t\t\t\t\t\t\t\t<\/div>\n\t\t\t\t<\/div>\n\t\t\t\t\t<\/div>\n\t\t\t\t<\/div>\n\t\t\t\t<\/div>","protected":false},"excerpt":{"rendered":"<p>Apr\u00e8s une journ\u00e9e de travail bien remplie, installez-vous confortablement sur un balcon, dans une chaise longue, inspirez profond\u00e9ment et sortez la cigarette \u00e9lectronique Bang Leader 80K Avocado Ice &amp; Lemon Lime &amp; Watermelon Raspberry. La premi\u00e8re bouff\u00e9e est \u00e0 l&rsquo;Avocat Glac\u00e9, une fusion rafra\u00eechissante de la douceur de l&rsquo;avocat et de la glace, comme si [&hellip;]<\/p>\n","protected":false},"featured_media":5718,"comment_status":"open","ping_status":"closed","template":"","meta":{"site-sidebar-layout":"no-sidebar","site-content-layout":"page-builder","ast-site-content-layout":"normal-width-container","site-content-style":"default","site-sidebar-style":"default","ast-global-header-display":"","ast-banner-title-visibility":"","ast-main-header-display":"","ast-hfb-above-header-display":"","ast-hfb-below-header-display":"","ast-hfb-mobile-header-display":"","site-post-title":"disabled","ast-breadcrumbs-content":"","ast-featured-img":"disabled","footer-sml-layout":"","ast-disable-related-posts":"","theme-transparent-header-meta":"default","adv-header-id-meta":"","stick-header-meta":"default","header-above-stick-meta":"","header-main-stick-meta":"","header-below-stick-meta":"","astra-migrate-meta-layouts":"set","ast-page-background-enabled":"default","ast-page-background-meta":{"desktop":{"background-color":"","background-image":"","background-repeat":"repeat","background-position":"center center","background-size":"auto","background-attachment":"scroll","background-type":"","background-media":"","overlay-type":"","overlay-color":"","overlay-opacity":"","overlay-gradient":""},"tablet":{"background-color":"","background-image":"","background-repeat":"repeat","background-position":"center center","background-size":"auto","background-attachment":"scroll","background-type":"","background-media":"","overlay-type":"","overlay-color":"","overlay-opacity":"","overlay-gradient":""},"mobile":{"background-color":"","background-image":"","background-repeat":"repeat","background-position":"center center","background-size":"auto","background-attachment":"scroll","background-type":"","background-media":"","overlay-type":"","overlay-color":"","overlay-opacity":"","overlay-gradient":""}},"ast-content-background-meta":{"desktop":{"background-color":"var(--ast-global-color-5)","background-image":"","background-repeat":"repeat","background-position":"center center","background-size":"auto","background-attachment":"scroll","background-type":"","background-media":"","overlay-type":"","overlay-color":"","overlay-opacity":"","overlay-gradient":""},"tablet":{"background-color":"var(--ast-global-color-5)","background-image":"","background-repeat":"repeat","background-position":"center center","background-size":"auto","background-attachment":"scroll","background-type":"","background-media":"","overlay-type":"","overlay-color":"","overlay-opacity":"","overlay-gradient":""},"mobile":{"background-color":"var(--ast-global-color-5)","background-image":"","background-repeat":"repeat","background-position":"center center","background-size":"auto","background-attachment":"scroll","background-type":"","background-media":"","overlay-type":"","overlay-color":"","overlay-opacity":"","overlay-gradient":""}}},"product_brand":[53],"product_cat":[54,106,15],"product_tag":[],"class_list":{"0":"post-5923","1":"product","2":"type-product","3":"status-publish","4":"has-post-thumbnail","6":"product_brand-bang-cree-une-cigarette-electronique-plus-confortable","7":"product_cat-bang-leader-80k-dispose-de-trois-reservoirs-de-liquide-independants-integres","8":"product_cat-puff-80k","9":"product_cat-magasin-cigarette-electronique","10":"desktop-align-center","11":"tablet-align-center","12":"mobile-align-center","13":"ast-product-gallery-layout-horizontal","14":"ast-product-gallery-with-no-image","15":"ast-product-single-variable","16":"ast-product-tabs-layout-horizontal","17":"ast-qv-on-image","19":"first","20":"outofstock","21":"sale","22":"shipping-taxable","23":"purchasable","24":"product-type-variable","25":"has-default-attributes"},"tiered_pricing_type":"fixed","tiered_pricing_fixed_rules":{"50":7.24,"100":6.45},"tiered_pricing_product_settings":{"layout":"default","base_unit_name":{"singular":null,"plural":null},"default_variation":null},"tiered_pricing_minimum_quantity":null,"tiered_pricing_roles_data":[],"tiered_pricing_percentage_rules":[],"_links":{"self":[{"href":"https:\/\/puffvapestore.com\/de\/wp-json\/wp\/v2\/product\/5923","targetHints":{"allow":["GET"]}}],"collection":[{"href":"https:\/\/puffvapestore.com\/de\/wp-json\/wp\/v2\/product"}],"about":[{"href":"https:\/\/puffvapestore.com\/de\/wp-json\/wp\/v2\/types\/product"}],"replies":[{"embeddable":true,"href":"https:\/\/puffvapestore.com\/de\/wp-json\/wp\/v2\/comments?post=5923"}],"version-history":[{"count":7,"href":"https:\/\/puffvapestore.com\/de\/wp-json\/wp\/v2\/product\/5923\/revisions"}],"predecessor-version":[{"id":6225,"href":"https:\/\/puffvapestore.com\/de\/wp-json\/wp\/v2\/product\/5923\/revisions\/6225"}],"wp:featuredmedia":[{"embeddable":true,"href":"https:\/\/puffvapestore.com\/de\/wp-json\/wp\/v2\/media\/5718"}],"wp:attachment":[{"href":"https:\/\/puffvapestore.com\/de\/wp-json\/wp\/v2\/media?parent=5923"}],"wp:term":[{"taxonomy":"product_brand","embeddable":true,"href":"https:\/\/puffvapestore.com\/de\/wp-json\/wp\/v2\/product_brand?post=5923"},{"taxonomy":"product_cat","embeddable":true,"href":"https:\/\/puffvapestore.com\/de\/wp-json\/wp\/v2\/product_cat?post=5923"},{"taxonomy":"product_tag","embeddable":true,"href":"https:\/\/puffvapestore.com\/de\/wp-json\/wp\/v2\/product_tag?post=5923"}],"curies":[{"name":"wp","href":"https:\/\/api.w.org\/{rel}","templated":true}]}}