{"id":5893,"date":"2025-07-27T08:39:30","date_gmt":"2025-07-27T08:39:30","guid":{"rendered":"https:\/\/puffvapestore.com\/?post_type=product&#038;p=5893"},"modified":"2026-02-05T03:54:29","modified_gmt":"2026-02-05T03:54:29","slug":"blueberry-watermelon-strawberry-mango-blackcurrant-bang-leader-80k-un-choix-interessant","status":"publish","type":"product","link":"https:\/\/puffvapestore.com\/de\/product\/blueberry-watermelon-strawberry-mango-blackcurrant-bang-leader-80k-eine-interessante-wahl\/","title":{"rendered":"Blueberry Watermelon &amp; Strawberry Mango &amp; Blackcurrant - Bang Leader 80000 3 in 1"},"content":{"rendered":"<div data-elementor-type=\"wp-post\" data-elementor-id=\"5893\" class=\"elementor elementor-5893\">\n\t\t\t\t<div class=\"elementor-element elementor-element-08c26f9 e-flex e-con-boxed e-con e-parent\" data-id=\"08c26f9\" data-element_type=\"container\" data-e-type=\"container\">\n\t\t\t\t\t<div class=\"e-con-inner\">\n\t\t\t\t<div class=\"elementor-element elementor-element-a005a97 elementor-widget elementor-widget-text-editor\" data-id=\"a005a97\" data-element_type=\"widget\" data-e-type=\"widget\" data-widget_type=\"text-editor.default\">\n\t\t\t\t<div class=\"elementor-widget-container\">\n\t\t\t\t\t\t\t\t\t<p>Die Bang Leader 80000 Blueberry Watermelon &amp; Strawberry Mango &amp; Blackcurrant wechselt auf nat\u00fcrliche Weise zwischen den einzelnen Geschmacksrichtungen, ideal f\u00fcr Nutzer, die nach einem abwechslungsreichen Erlebnis suchen. Wenn Sie drei v\u00f6llig unterschiedliche fruchtige Geschmacksniveaus in einer einzigen E-Zigarette suchen, ist diese Bang Leader 80000 eine interessante Wahl.<\/p><p>Aroma Heidelbeere Wassermelone: Man f\u00fchlt sich wie in einem sommerlichen Obstgarten in S\u00fcdfrankreich, mit dem eleganten, s\u00fc\u00df-sauren Geschmack der Heidelbeere und der frischen, k\u00fchlen Wassermelone. Wenn Sie in der Abendd\u00e4mmerung auf einer Terrasse sitzen, l\u00e4sst Sie ein Hauch von Heidelbeer-Wassermelonen-Rauch die M\u00fcdigkeit des Nachmittags vergessen.<\/p><p>Geschmacksrichtung Erdbeer-Mango: Ob Sie nun durch die Stra\u00dfen von Paris schlendern oder sich in einem Liegestuhl auf dem Balkon r\u00e4keln, ein Schluck des milden, s\u00fc\u00dfen Fruchtaromas von Erdbeer-Mango durchdringt Sie wie die Sonne, die auf tropische Fr\u00fcchte scheint, exotisch und romantisch zugleich. Ideal f\u00fcr eine entspannende Lesezeit oder ein Gespr\u00e4ch mit Freunden.<\/p><p>Schwarze Johannisbeere Geschmack: Ein reiferer und reichhaltigerer Geschmack. Ob Sie abends in einer Jazzbar oder mit der Familie unterwegs sind, nehmen Sie einen Zug an der elektronischen Zigarette mit schwarzer Johannisbeere, und ihr fruchtiges, leicht s\u00e4uerliches Aroma wird im Mund wie ein Glas raffinierten Johannisbeerlik\u00f6rs mit einem unendlichen Nachgeschmack verweilen.<\/p><h2>Meistern Sie selbstst\u00e4ndig den Rhythmus- und Geschmackswechsel<\/h2><p>Der unabh\u00e4ngige 3-in-1-\u00d6ltank des Bang Leader 80000 Blueberry Watermelon &amp; Strawberry Mango &amp; Blackcurrant (Jede Geschmacksrichtung enth\u00e4lt 26 ml e-Liquid) erm\u00f6glicht es Ihnen, frei zwischen den Geschmacksrichtungen zu wechseln und sich der Stimmung jeder Szene anzupassen, ohne sich auf eine Geschmacksrichtung beschr\u00e4nken zu m\u00fcssen.<\/p><h2>Verschiedene Nikotinkonzentrationen<\/h2><p>Die Bang Leader 80000 Blueberry Watermelon &amp; Strawberry Mango &amp; Blackcurrant bietet verschiedene Nikotinkonzentrationen, darunter 0 %, 2 %, 3 % und 5 %, um den Bed\u00fcrfnissen jedes Nutzers gerecht zu werden. Ob Sie ein nikotinfreies Erlebnis suchen oder eine h\u00f6here Konzentration, um Ihre Gel\u00fcste zu befriedigen, diese E-Zigarette bietet Ihnen flexible Optionen f\u00fcr eine Nutzung, die Ihren Vorlieben entspricht.<\/p><h2>Innovatives Drei-in-einem-Design f\u00fcr E-Liquids<\/h2><p>Diese E-Zigarette bietet ein Fassungsverm\u00f6gen von 78 ml extra gro\u00dfer Fl\u00fcssigkeit, die intelligent auf drei separate 26-ml-Tanks aufgeteilt ist. Dieses einzigartige Drei-in-einem-Design verbessert nicht nur den Benutzerkomfort, sondern erm\u00f6glicht auch einen einfachen Wechsel zwischen den Geschmacksrichtungen f\u00fcr ein abwechslungsreiches Erlebnis. Jeder Beh\u00e4lter wurde sorgf\u00e4ltig entworfen, um eine sichere Aufbewahrung und einen einfachen Austausch der Fl\u00fcssigkeit zu gew\u00e4hrleisten.<\/p><p>Der Bang Leader 80000 Blueberry Watermelon &amp; Strawberry Mango &amp; Blackcurrant bietet bis zu 80K Z\u00fcge und ist f\u00fcr den Langzeitgebrauch konzipiert. Ob f\u00fcr den t\u00e4glichen Gebrauch oder f\u00fcr l\u00e4ngere Ausfl\u00fcge, dieses Ger\u00e4t bietet Ihnen ein kontinuierliches und stabiles Dampferlebnis, ohne h\u00e4ufiges Auswechseln oder Nachf\u00fcllen. Ideal f\u00fcr Nutzer, die Wert auf Langlebigkeit legen.<\/p><h2>Leistungsstarker Akku und schnelles Aufladen<\/h2><p>Diese elektronische Zigarette verf\u00fcgt \u00fcber einen eingebauten wiederaufladbaren 850-mAh-Akku und unterst\u00fctzt die Type-C-Schnellladetechnologie, die nur etwa 60 Minuten ben\u00f6tigt. Das effiziente Batteriemanagementsystem sorgt f\u00fcr eine l\u00e4ngere Akkulaufzeit, w\u00e4hrend Sie dank der Schnellladefunktion schnell wieder einsatzbereit sind, sodass Sie jederzeit und \u00fcberall ein fl\u00fcssiges Raucherlebnis genie\u00dfen k\u00f6nnen.<\/p><h2>Optimierte Mesh-Widerstandstechnologie<\/h2><p>Der Bang Leader 80000 Blueberry Watermelon &amp; Strawberry Mango &amp; Blackcurrant nimmt einen Mesh-Widerstand von 1,0 \u03a9 an. Er sorgt f\u00fcr eine gleichm\u00e4\u00dfige Erw\u00e4rmung und einen reichhaltigen, cremigen Dampf. Die Struktur des Mesh-Widerstands optimiert die Zerst\u00e4ubung der Fl\u00fcssigkeit und sorgt daf\u00fcr, dass jeder Zug einen reichen und konstanten Geschmack hat.<\/p>\t\t\t\t\t\t\t\t<\/div>\n\t\t\t\t<\/div>\n\t\t\t\t\t<\/div>\n\t\t\t\t<\/div>\n\t\t\t\t<\/div>","protected":false},"excerpt":{"rendered":"<p>Le Bang Leader 80000 Blueberry Watermelon &amp; Strawberry Mango &amp; Blackcurrant alterne naturellement entre chaque saveur, id\u00e9al pour les utilisateurs en qu\u00eate d&rsquo;une exp\u00e9rience vari\u00e9e. Si vous recherchez trois niveaux de saveurs fruit\u00e9es totalement diff\u00e9rents dans une m\u00eame cigarette \u00e9lectronique, cette Bang Leader 80000 est un choix int\u00e9ressant. Ar\u00f4me Myrtille Past\u00e8que : On se croirait [&hellip;]<\/p>\n","protected":false},"featured_media":5721,"comment_status":"open","ping_status":"closed","template":"","meta":{"site-sidebar-layout":"no-sidebar","site-content-layout":"page-builder","ast-site-content-layout":"normal-width-container","site-content-style":"default","site-sidebar-style":"default","ast-global-header-display":"","ast-banner-title-visibility":"","ast-main-header-display":"","ast-hfb-above-header-display":"","ast-hfb-below-header-display":"","ast-hfb-mobile-header-display":"","site-post-title":"disabled","ast-breadcrumbs-content":"","ast-featured-img":"disabled","footer-sml-layout":"","ast-disable-related-posts":"","theme-transparent-header-meta":"default","adv-header-id-meta":"","stick-header-meta":"default","header-above-stick-meta":"","header-main-stick-meta":"","header-below-stick-meta":"","astra-migrate-meta-layouts":"set","ast-page-background-enabled":"default","ast-page-background-meta":{"desktop":{"background-color":"","background-image":"","background-repeat":"repeat","background-position":"center center","background-size":"auto","background-attachment":"scroll","background-type":"","background-media":"","overlay-type":"","overlay-color":"","overlay-opacity":"","overlay-gradient":""},"tablet":{"background-color":"","background-image":"","background-repeat":"repeat","background-position":"center center","background-size":"auto","background-attachment":"scroll","background-type":"","background-media":"","overlay-type":"","overlay-color":"","overlay-opacity":"","overlay-gradient":""},"mobile":{"background-color":"","background-image":"","background-repeat":"repeat","background-position":"center center","background-size":"auto","background-attachment":"scroll","background-type":"","background-media":"","overlay-type":"","overlay-color":"","overlay-opacity":"","overlay-gradient":""}},"ast-content-background-meta":{"desktop":{"background-color":"var(--ast-global-color-5)","background-image":"","background-repeat":"repeat","background-position":"center center","background-size":"auto","background-attachment":"scroll","background-type":"","background-media":"","overlay-type":"","overlay-color":"","overlay-opacity":"","overlay-gradient":""},"tablet":{"background-color":"var(--ast-global-color-5)","background-image":"","background-repeat":"repeat","background-position":"center center","background-size":"auto","background-attachment":"scroll","background-type":"","background-media":"","overlay-type":"","overlay-color":"","overlay-opacity":"","overlay-gradient":""},"mobile":{"background-color":"var(--ast-global-color-5)","background-image":"","background-repeat":"repeat","background-position":"center center","background-size":"auto","background-attachment":"scroll","background-type":"","background-media":"","overlay-type":"","overlay-color":"","overlay-opacity":"","overlay-gradient":""}}},"product_brand":[53],"product_cat":[54,106,15],"product_tag":[],"class_list":{"0":"post-5893","1":"product","2":"type-product","3":"status-publish","4":"has-post-thumbnail","6":"product_brand-bang-cree-une-cigarette-electronique-plus-confortable","7":"product_cat-bang-leader-80k-dispose-de-trois-reservoirs-de-liquide-independants-integres","8":"product_cat-puff-80k","9":"product_cat-magasin-cigarette-electronique","10":"desktop-align-center","11":"tablet-align-center","12":"mobile-align-center","13":"ast-product-gallery-layout-horizontal","14":"ast-product-gallery-with-no-image","15":"ast-product-single-variable","16":"ast-product-tabs-layout-horizontal","17":"ast-qv-on-image","19":"first","20":"outofstock","21":"sale","22":"shipping-taxable","23":"purchasable","24":"product-type-variable","25":"has-default-attributes"},"tiered_pricing_type":"fixed","tiered_pricing_fixed_rules":{"50":7.24,"100":6.45},"tiered_pricing_product_settings":{"layout":"default","base_unit_name":{"singular":null,"plural":null},"default_variation":null},"tiered_pricing_minimum_quantity":null,"tiered_pricing_roles_data":[],"tiered_pricing_percentage_rules":[],"_links":{"self":[{"href":"https:\/\/puffvapestore.com\/de\/wp-json\/wp\/v2\/product\/5893","targetHints":{"allow":["GET"]}}],"collection":[{"href":"https:\/\/puffvapestore.com\/de\/wp-json\/wp\/v2\/product"}],"about":[{"href":"https:\/\/puffvapestore.com\/de\/wp-json\/wp\/v2\/types\/product"}],"replies":[{"embeddable":true,"href":"https:\/\/puffvapestore.com\/de\/wp-json\/wp\/v2\/comments?post=5893"}],"version-history":[{"count":11,"href":"https:\/\/puffvapestore.com\/de\/wp-json\/wp\/v2\/product\/5893\/revisions"}],"predecessor-version":[{"id":6223,"href":"https:\/\/puffvapestore.com\/de\/wp-json\/wp\/v2\/product\/5893\/revisions\/6223"}],"wp:featuredmedia":[{"embeddable":true,"href":"https:\/\/puffvapestore.com\/de\/wp-json\/wp\/v2\/media\/5721"}],"wp:attachment":[{"href":"https:\/\/puffvapestore.com\/de\/wp-json\/wp\/v2\/media?parent=5893"}],"wp:term":[{"taxonomy":"product_brand","embeddable":true,"href":"https:\/\/puffvapestore.com\/de\/wp-json\/wp\/v2\/product_brand?post=5893"},{"taxonomy":"product_cat","embeddable":true,"href":"https:\/\/puffvapestore.com\/de\/wp-json\/wp\/v2\/product_cat?post=5893"},{"taxonomy":"product_tag","embeddable":true,"href":"https:\/\/puffvapestore.com\/de\/wp-json\/wp\/v2\/product_tag?post=5893"}],"curies":[{"name":"wp","href":"https:\/\/api.w.org\/{rel}","templated":true}]}}