{"id":5863,"date":"2025-07-27T03:17:47","date_gmt":"2025-07-27T03:17:47","guid":{"rendered":"https:\/\/puffvapestore.com\/?post_type=product&#038;p=5863"},"modified":"2026-02-05T03:54:29","modified_gmt":"2026-02-05T03:54:29","slug":"red-bull-blueberry-watermelon-apple-pear-bang-leader-80k","status":"publish","type":"product","link":"https:\/\/puffvapestore.com\/de\/product\/red-bull-blueberry-watermelon-apple-pear-bang-leader-80k\/","title":{"rendered":"Red Bull &amp; Blueberry Watermelon &amp; Apple Pear - Bang Leader 80000 3 in 1"},"content":{"rendered":"<div data-elementor-type=\"wp-post\" data-elementor-id=\"5863\" class=\"elementor elementor-5863\">\n\t\t\t\t<div class=\"elementor-element elementor-element-08c26f9 e-flex e-con-boxed e-con e-parent\" data-id=\"08c26f9\" data-element_type=\"container\" data-e-type=\"container\">\n\t\t\t\t\t<div class=\"e-con-inner\">\n\t\t\t\t<div class=\"elementor-element elementor-element-a005a97 elementor-widget elementor-widget-text-editor\" data-id=\"a005a97\" data-element_type=\"widget\" data-e-type=\"widget\" data-widget_type=\"text-editor.default\">\n\t\t\t\t<div class=\"elementor-widget-container\">\n\t\t\t\t\t\t\t\t\t<p>Die Bang Leader 80000 Red Bull, Heidelbeere, Wassermelone, Apfel und Birne 3 in 1 ist eine E-Zigarette, die Energie und fruchtige Frische perfekt miteinander verbindet. Die Geschmacksrichtung Red Bull bietet die klassische Red Bull Stimulation, die Geschmacksrichtung Heidelbeere, Wassermelone eine Symphonie von fruchtigen Aromen und die Geschmacksrichtung Apfel und Birne einen warmen Abgang von \u00c4pfeln und Birnen. Sie eignet sich perfekt f\u00fcr Liebhaber von E-Zigaretten, die Geschmacksvariationen sch\u00e4tzen, ohne zu s\u00fc\u00df zu sein.<\/p><h2>Red Bull: Setzen Sie Ihre Energie frei und entspannen Sie sich<\/h2><p>Nach einem Tag auf den Stra\u00dfen von Paris wird es dunkel, die Lichter gehen an und ein Zug an der elektronischen Zigarette mit Red Bull Aroma ist, als w\u00fcrde man eine ganze Flasche Energydrink in sanften Dampf verwandeln und in die Lunge injizieren, was eine subtile S\u00fc\u00dfe und erfrischende Stimulation mit sich bringt. Ohne Koffein sorgt der \"wachmachende\" Geschmack daf\u00fcr, dass Ihre Nacht dynamischer und konzentrierter wird.<\/p><h2>Heidelbeere Wassermelone: Fruchtiges Sommeraroma, frisch und s\u00fc\u00df<\/h2><p>Im Urlaub in der Provence oder am Meer kombinieren Sie die S\u00fc\u00dfe der Heidelbeeren mit der Frische der Wassermelonen und verbreiten einen sanften, s\u00fc\u00dfen Nebel in der Luft. Dieser Duft ist ideal, um beim Lesen, Musikh\u00f6ren oder bei einem Drink einen Zug an der elektronischen Zigarette mit Heidelbeer-Wassermelonen-Aroma zu nehmen, so als w\u00fcrden Sie in einem Rattansessel auf einem sonnigen Balkon liegen und den Sommer in vollen Z\u00fcgen einatmen.<\/p><h2>Apfel Birne: Eleganter Obstgarten, Franz\u00f6sische Frische<\/h2><p>Die Kombination von Apfel und Birne ist das vertrauteste fruchtige Aroma an franz\u00f6sischen Familientischen. Bang Leader verwandelt diese Vertrautheit in einen eleganten, leichten Dampf, ideal f\u00fcr einen Zug an der E-Zigarette mit Apfel-Birnen-Geschmack zwischen zwei Arbeitsstunden oder allein am Abend, um sich an die s\u00fc\u00dfen Momente des Lebens zu erinnern.<\/p><h2>Verschiedene Nikotinkonzentrationen<\/h2><p>Die Bang Leader 80000 bietet verschiedene Nikotinkonzentrationen, darunter 0 %, 2 %, 3 % und 5 %, um den Bed\u00fcrfnissen jedes Benutzers gerecht zu werden. Ob Sie eine nikotinfreie Erfahrung suchen oder eine h\u00f6here Konzentration, um Ihre Gel\u00fcste zu befriedigen, diese E-Zigarette bietet Ihnen flexible Optionen f\u00fcr eine Nutzung, die Ihren Vorlieben entspricht.<\/p><h2>Innovatives Drei-in-einem-Design f\u00fcr E-Liquids<\/h2><p>Diese E-Zigarette bietet ein Fassungsverm\u00f6gen von 78 ml extra gro\u00dfer Fl\u00fcssigkeit, die intelligent auf drei separate 26-ml-Tanks aufgeteilt ist. Dieses einzigartige Drei-in-einem-Design verbessert nicht nur den Benutzerkomfort, sondern erm\u00f6glicht auch einen einfachen Wechsel zwischen den Geschmacksrichtungen f\u00fcr ein abwechslungsreiches Erlebnis. Jeder Beh\u00e4lter wurde sorgf\u00e4ltig entworfen, um eine sichere Aufbewahrung und einen einfachen Austausch der Fl\u00fcssigkeit zu gew\u00e4hrleisten.<\/p><p>Der Bang Leader 80000 bietet bis zu 80K Z\u00fcge und ist f\u00fcr den Langzeitgebrauch konzipiert. Ob f\u00fcr den t\u00e4glichen Gebrauch oder f\u00fcr l\u00e4ngere Ausfl\u00fcge, dieses Ger\u00e4t bietet Ihnen ein kontinuierliches und stabiles Dampferlebnis, ohne h\u00e4ufiges Auswechseln oder Nachf\u00fcllen. Ideal f\u00fcr Nutzer, die Wert auf Langlebigkeit legen.<\/p><h2>Leistungsstarker Akku und schnelles Aufladen<\/h2><p>Diese elektronische Zigarette verf\u00fcgt \u00fcber einen eingebauten wiederaufladbaren 850-mAh-Akku und unterst\u00fctzt die Type-C-Schnellladetechnologie, die nur etwa 60 Minuten ben\u00f6tigt. Das effiziente Batteriemanagementsystem sorgt f\u00fcr eine l\u00e4ngere Akkulaufzeit, w\u00e4hrend Sie dank der Schnellladefunktion schnell wieder einsatzbereit sind, sodass Sie jederzeit und \u00fcberall ein fl\u00fcssiges Raucherlebnis genie\u00dfen k\u00f6nnen.<\/p><h2>Optimierte Mesh-Widerstandstechnologie<\/h2><p>Der Bang Leader 80000 nimmt einen Mesh-Widerstand von 1,0 \u03a9 an. Er sorgt f\u00fcr eine gleichm\u00e4\u00dfige Erw\u00e4rmung und einen reichhaltigen, cremigen Dampf. Die Struktur des Mesh-Widerstands optimiert die Zerst\u00e4ubung des Liquids und sorgt daf\u00fcr, dass jeder Zug einen reichen und konstanten Geschmack hat.<\/p>\t\t\t\t\t\t\t\t<\/div>\n\t\t\t\t<\/div>\n\t\t\t\t\t<\/div>\n\t\t\t\t<\/div>\n\t\t\t\t<\/div>","protected":false},"excerpt":{"rendered":"<p>La Bang Leader 80000 Red Bull, Myrtille, Past\u00e8que, Pomme et Poire 3 en 1 est une cigarette \u00e9lectronique alliant parfaitement \u00e9nergie et fra\u00eecheur fruit\u00e9e. La saveur Red Bull offre la stimulation classique de Red Bull, la saveur Myrtille, Past\u00e8que, une symphonie d&rsquo;ar\u00f4mes fruit\u00e9s, et la saveur Pomme et Poire, une finale chaleureuse de pommes et [&hellip;]<\/p>\n","protected":false},"featured_media":5725,"comment_status":"open","ping_status":"closed","template":"","meta":{"site-sidebar-layout":"no-sidebar","site-content-layout":"page-builder","ast-site-content-layout":"normal-width-container","site-content-style":"default","site-sidebar-style":"default","ast-global-header-display":"","ast-banner-title-visibility":"","ast-main-header-display":"","ast-hfb-above-header-display":"","ast-hfb-below-header-display":"","ast-hfb-mobile-header-display":"","site-post-title":"disabled","ast-breadcrumbs-content":"","ast-featured-img":"disabled","footer-sml-layout":"","ast-disable-related-posts":"","theme-transparent-header-meta":"default","adv-header-id-meta":"","stick-header-meta":"default","header-above-stick-meta":"","header-main-stick-meta":"","header-below-stick-meta":"","astra-migrate-meta-layouts":"set","ast-page-background-enabled":"default","ast-page-background-meta":{"desktop":{"background-color":"","background-image":"","background-repeat":"repeat","background-position":"center center","background-size":"auto","background-attachment":"scroll","background-type":"","background-media":"","overlay-type":"","overlay-color":"","overlay-opacity":"","overlay-gradient":""},"tablet":{"background-color":"","background-image":"","background-repeat":"repeat","background-position":"center center","background-size":"auto","background-attachment":"scroll","background-type":"","background-media":"","overlay-type":"","overlay-color":"","overlay-opacity":"","overlay-gradient":""},"mobile":{"background-color":"","background-image":"","background-repeat":"repeat","background-position":"center center","background-size":"auto","background-attachment":"scroll","background-type":"","background-media":"","overlay-type":"","overlay-color":"","overlay-opacity":"","overlay-gradient":""}},"ast-content-background-meta":{"desktop":{"background-color":"var(--ast-global-color-5)","background-image":"","background-repeat":"repeat","background-position":"center center","background-size":"auto","background-attachment":"scroll","background-type":"","background-media":"","overlay-type":"","overlay-color":"","overlay-opacity":"","overlay-gradient":""},"tablet":{"background-color":"var(--ast-global-color-5)","background-image":"","background-repeat":"repeat","background-position":"center center","background-size":"auto","background-attachment":"scroll","background-type":"","background-media":"","overlay-type":"","overlay-color":"","overlay-opacity":"","overlay-gradient":""},"mobile":{"background-color":"var(--ast-global-color-5)","background-image":"","background-repeat":"repeat","background-position":"center center","background-size":"auto","background-attachment":"scroll","background-type":"","background-media":"","overlay-type":"","overlay-color":"","overlay-opacity":"","overlay-gradient":""}}},"product_brand":[53],"product_cat":[54,106,15],"product_tag":[],"class_list":{"0":"post-5863","1":"product","2":"type-product","3":"status-publish","4":"has-post-thumbnail","6":"product_brand-bang-cree-une-cigarette-electronique-plus-confortable","7":"product_cat-bang-leader-80k-dispose-de-trois-reservoirs-de-liquide-independants-integres","8":"product_cat-puff-80k","9":"product_cat-magasin-cigarette-electronique","10":"desktop-align-center","11":"tablet-align-center","12":"mobile-align-center","13":"ast-product-gallery-layout-horizontal","14":"ast-product-gallery-with-no-image","15":"ast-product-single-variable","16":"ast-product-tabs-layout-horizontal","17":"ast-qv-on-image","19":"first","20":"outofstock","21":"sale","22":"shipping-taxable","23":"purchasable","24":"product-type-variable","25":"has-default-attributes"},"tiered_pricing_type":"fixed","tiered_pricing_fixed_rules":{"50":7.24,"100":6.45},"tiered_pricing_product_settings":{"layout":"default","base_unit_name":{"singular":null,"plural":null},"default_variation":null},"tiered_pricing_minimum_quantity":null,"tiered_pricing_roles_data":[],"tiered_pricing_percentage_rules":[],"_links":{"self":[{"href":"https:\/\/puffvapestore.com\/de\/wp-json\/wp\/v2\/product\/5863","targetHints":{"allow":["GET"]}}],"collection":[{"href":"https:\/\/puffvapestore.com\/de\/wp-json\/wp\/v2\/product"}],"about":[{"href":"https:\/\/puffvapestore.com\/de\/wp-json\/wp\/v2\/types\/product"}],"replies":[{"embeddable":true,"href":"https:\/\/puffvapestore.com\/de\/wp-json\/wp\/v2\/comments?post=5863"}],"version-history":[{"count":11,"href":"https:\/\/puffvapestore.com\/de\/wp-json\/wp\/v2\/product\/5863\/revisions"}],"predecessor-version":[{"id":6221,"href":"https:\/\/puffvapestore.com\/de\/wp-json\/wp\/v2\/product\/5863\/revisions\/6221"}],"wp:featuredmedia":[{"embeddable":true,"href":"https:\/\/puffvapestore.com\/de\/wp-json\/wp\/v2\/media\/5725"}],"wp:attachment":[{"href":"https:\/\/puffvapestore.com\/de\/wp-json\/wp\/v2\/media?parent=5863"}],"wp:term":[{"taxonomy":"product_brand","embeddable":true,"href":"https:\/\/puffvapestore.com\/de\/wp-json\/wp\/v2\/product_brand?post=5863"},{"taxonomy":"product_cat","embeddable":true,"href":"https:\/\/puffvapestore.com\/de\/wp-json\/wp\/v2\/product_cat?post=5863"},{"taxonomy":"product_tag","embeddable":true,"href":"https:\/\/puffvapestore.com\/de\/wp-json\/wp\/v2\/product_tag?post=5863"}],"curies":[{"name":"wp","href":"https:\/\/api.w.org\/{rel}","templated":true}]}}