{"id":5841,"date":"2025-07-26T07:51:01","date_gmt":"2025-07-26T07:51:01","guid":{"rendered":"https:\/\/puffvapestore.com\/?post_type=product&#038;p=5841"},"modified":"2026-02-05T03:54:29","modified_gmt":"2026-02-05T03:54:29","slug":"bang-leader-80k-cola-ice-blueberry-raspberry-peach-mango-watermelon-une-detente-instantanee","status":"publish","type":"product","link":"https:\/\/puffvapestore.com\/de\/product\/bang-leader-80k-cola-ice-blueberry-raspberry-peach-mango-watermelon-instant-relaxation\/","title":{"rendered":"Bang Leader 80000 3 in 1 - Cola Ice &amp; Blueberry Raspberry &amp; Peach Mango Watermelon"},"content":{"rendered":"<div data-elementor-type=\"wp-post\" data-elementor-id=\"5841\" class=\"elementor elementor-5841\">\n\t\t\t\t<div class=\"elementor-element elementor-element-08c26f9 e-flex e-con-boxed e-con e-parent\" data-id=\"08c26f9\" data-element_type=\"container\" data-e-type=\"container\">\n\t\t\t\t\t<div class=\"e-con-inner\">\n\t\t\t\t<div class=\"elementor-element elementor-element-a005a97 elementor-widget elementor-widget-text-editor\" data-id=\"a005a97\" data-element_type=\"widget\" data-e-type=\"widget\" data-widget_type=\"text-editor.default\">\n\t\t\t\t<div class=\"elementor-widget-container\">\n\t\t\t\t\t\t\t\t\t<p>Das Drei-in-einem-Design der elektronischen Zigarette Bang Leader 80000 ist einer ihrer gr\u00f6\u00dften Vorteile, besonders auf einem Markt wie Frankreich, wo der Geschmack an erster Stelle steht und eine gr\u00f6\u00dfere Auswahl und mehr M\u00f6glichkeiten bietet. Das Aroma Cola Ice, das vom Rauch getragen wird, vermittelt ein Gef\u00fchl von Frische und K\u00fchle, als ob man sich in ein Caf\u00e9 am Meer im Hochsommer versetzt f\u00fchlen w\u00fcrde. Die Brise vermischt sich mit dem vertrauten Geruch von Sodaschaum und sorgt f\u00fcr sofortige Entspannung. Das Aroma Heidelbeere, Himbeere bietet eine reifere und elegantere S\u00fc\u00dfe. Die s\u00e4uerliche und s\u00fc\u00dfe Mischung der Beeren erinnert an einen Obstkuchen in den Stra\u00dfen von Paris, der s\u00fc\u00df, aber nicht fettig ist und die Sinne anregt. Und wenn Sie sich nach tropischem Trost sehnen, versetzt Sie der saftig-frische Geschmack von Pfirsich, Mango und Wassermelone unter die Mittelmeersonne, mitten in die Obstg\u00e4rten, entspannt und energetisierend.<\/p><h2>Spezifikationen von Bang Leader 80000 Cola Ice &amp; Blueberry Raspberry &amp; Peach Mango Watermelon 3 in 1 :<\/h2><p>Anzahl der Z\u00fcge: Jeder Bang Leader 80000 Cola Ice &amp; Blueberry Raspberry &amp; Peach Mango Watermelon bietet bis zu 80000 Z\u00fcge, f\u00fcr einen lang anhaltenden Gebrauch.<\/p><p>Kapazit\u00e4t: 78 ml Fl\u00fcssigkeit, aufgeteilt in drei unabh\u00e4ngige 26-ml-Beh\u00e4lter.<\/p><p>Akku: Wiederaufladbarer 850-mAh-Akku, der mit dem Typ-C-Schnellladeverfahren kompatibel ist und eine Ladezeit von ca. 60 Minuten erm\u00f6glicht.<\/p><p>Nikotinkonzentration: 0 %, 2 %, 3 % und 5 % Nikotin sind erh\u00e4ltlich, um den Bed\u00fcrfnissen jedes Nutzers gerecht zu werden.<\/p><p>Mesh-Widerstand: 1,0 \u03a9 Mesh-Widerstand f\u00fcr gleichm\u00e4\u00dfiges Erhitzen und fl\u00fcssigen Dampf.<\/p><h2>Eigenschaften des Bang Leader 80000 Cola Ice &amp; Blueberry Raspberry &amp; Peach Mango Watermelon 3 in 1 :<\/h2><p>Dreifach-Geschmackssystem: Ausgestattet mit drei unabh\u00e4ngigen Tanks, erm\u00f6glicht der Geschmackswahlschalter einen einfachen Wechsel der Geschmacksrichtungen und verhindert so die Eint\u00f6nigkeit eines einzigen Geschmacks.<\/p><p>Hochleistungs-Mesh-Widerstand: Der 1,0 \u03a9 Mesh-Widerstand sorgt f\u00fcr cremigen Dampf und ein reiches Aroma, wodurch bei jedem Zug ein gleichm\u00e4\u00dfiges Dampfen gew\u00e4hrleistet wird.<\/p><p>Wiederaufladbares Design: 850-mAh-Akku in Verbindung mit einer Schnellladung vom Typ C, wodurch Ausfallzeiten verringert und die Lebensdauer verl\u00e4ngert werden.<\/p><p>Ergonomisches Design: tragbar, leicht und bequem zu halten, geeignet f\u00fcr den t\u00e4glichen Transport und h\u00e4ufigen Gebrauch.<\/p><p>Verschiedene Nikotinoptionen: von nikotinfrei (0 %) bis hochkonzentriertes Nikotin (5 %), geeignet f\u00fcr Anf\u00e4nger und erfahrene Dampfer.<\/p><p>Sicherheitsfunktionen: Eingebauter \u00dcberlastungs-, Kurzschluss- und Niederspannungsschutz f\u00fcr eine sichere Nutzung.<\/p>\t\t\t\t\t\t\t\t<\/div>\n\t\t\t\t<\/div>\n\t\t\t\t\t<\/div>\n\t\t\t\t<\/div>\n\t\t\t\t<\/div>","protected":false},"excerpt":{"rendered":"<p>La conception trois en un de la cigarette \u00e9lectronique Bang Leader 80000 est l&rsquo;un de ses atouts majeurs, notamment sur un march\u00e9 comme la France, o\u00f9 le go\u00fbt est primordial, offrant un choix et des possibilit\u00e9s plus vastes. L&rsquo;ar\u00f4me Cola Ice, port\u00e9 par la fum\u00e9e, procure une sensation de fra\u00eecheur et de fra\u00eecheur, comme si [&hellip;]<\/p>\n","protected":false},"featured_media":5722,"comment_status":"open","ping_status":"closed","template":"","meta":{"site-sidebar-layout":"no-sidebar","site-content-layout":"page-builder","ast-site-content-layout":"normal-width-container","site-content-style":"default","site-sidebar-style":"default","ast-global-header-display":"","ast-banner-title-visibility":"","ast-main-header-display":"","ast-hfb-above-header-display":"","ast-hfb-below-header-display":"","ast-hfb-mobile-header-display":"","site-post-title":"disabled","ast-breadcrumbs-content":"","ast-featured-img":"disabled","footer-sml-layout":"","ast-disable-related-posts":"","theme-transparent-header-meta":"default","adv-header-id-meta":"","stick-header-meta":"default","header-above-stick-meta":"","header-main-stick-meta":"","header-below-stick-meta":"","astra-migrate-meta-layouts":"set","ast-page-background-enabled":"default","ast-page-background-meta":{"desktop":{"background-color":"","background-image":"","background-repeat":"repeat","background-position":"center center","background-size":"auto","background-attachment":"scroll","background-type":"","background-media":"","overlay-type":"","overlay-color":"","overlay-opacity":"","overlay-gradient":""},"tablet":{"background-color":"","background-image":"","background-repeat":"repeat","background-position":"center center","background-size":"auto","background-attachment":"scroll","background-type":"","background-media":"","overlay-type":"","overlay-color":"","overlay-opacity":"","overlay-gradient":""},"mobile":{"background-color":"","background-image":"","background-repeat":"repeat","background-position":"center center","background-size":"auto","background-attachment":"scroll","background-type":"","background-media":"","overlay-type":"","overlay-color":"","overlay-opacity":"","overlay-gradient":""}},"ast-content-background-meta":{"desktop":{"background-color":"var(--ast-global-color-5)","background-image":"","background-repeat":"repeat","background-position":"center center","background-size":"auto","background-attachment":"scroll","background-type":"","background-media":"","overlay-type":"","overlay-color":"","overlay-opacity":"","overlay-gradient":""},"tablet":{"background-color":"var(--ast-global-color-5)","background-image":"","background-repeat":"repeat","background-position":"center center","background-size":"auto","background-attachment":"scroll","background-type":"","background-media":"","overlay-type":"","overlay-color":"","overlay-opacity":"","overlay-gradient":""},"mobile":{"background-color":"var(--ast-global-color-5)","background-image":"","background-repeat":"repeat","background-position":"center center","background-size":"auto","background-attachment":"scroll","background-type":"","background-media":"","overlay-type":"","overlay-color":"","overlay-opacity":"","overlay-gradient":""}}},"product_brand":[53],"product_cat":[54,106,15],"product_tag":[],"class_list":{"0":"post-5841","1":"product","2":"type-product","3":"status-publish","4":"has-post-thumbnail","6":"product_brand-bang-cree-une-cigarette-electronique-plus-confortable","7":"product_cat-bang-leader-80k-dispose-de-trois-reservoirs-de-liquide-independants-integres","8":"product_cat-puff-80k","9":"product_cat-magasin-cigarette-electronique","10":"desktop-align-center","11":"tablet-align-center","12":"mobile-align-center","13":"ast-product-gallery-layout-horizontal","14":"ast-product-gallery-with-no-image","15":"ast-product-single-variable","16":"ast-product-tabs-layout-horizontal","17":"ast-qv-on-image","19":"first","20":"outofstock","21":"sale","22":"shipping-taxable","23":"purchasable","24":"product-type-variable","25":"has-default-attributes"},"tiered_pricing_type":"fixed","tiered_pricing_fixed_rules":{"50":7.24,"100":6.45},"tiered_pricing_product_settings":{"layout":"default","base_unit_name":{"singular":null,"plural":null},"default_variation":null},"tiered_pricing_minimum_quantity":null,"tiered_pricing_roles_data":[],"tiered_pricing_percentage_rules":[],"_links":{"self":[{"href":"https:\/\/puffvapestore.com\/de\/wp-json\/wp\/v2\/product\/5841","targetHints":{"allow":["GET"]}}],"collection":[{"href":"https:\/\/puffvapestore.com\/de\/wp-json\/wp\/v2\/product"}],"about":[{"href":"https:\/\/puffvapestore.com\/de\/wp-json\/wp\/v2\/types\/product"}],"replies":[{"embeddable":true,"href":"https:\/\/puffvapestore.com\/de\/wp-json\/wp\/v2\/comments?post=5841"}],"version-history":[{"count":7,"href":"https:\/\/puffvapestore.com\/de\/wp-json\/wp\/v2\/product\/5841\/revisions"}],"predecessor-version":[{"id":6219,"href":"https:\/\/puffvapestore.com\/de\/wp-json\/wp\/v2\/product\/5841\/revisions\/6219"}],"wp:featuredmedia":[{"embeddable":true,"href":"https:\/\/puffvapestore.com\/de\/wp-json\/wp\/v2\/media\/5722"}],"wp:attachment":[{"href":"https:\/\/puffvapestore.com\/de\/wp-json\/wp\/v2\/media?parent=5841"}],"wp:term":[{"taxonomy":"product_brand","embeddable":true,"href":"https:\/\/puffvapestore.com\/de\/wp-json\/wp\/v2\/product_brand?post=5841"},{"taxonomy":"product_cat","embeddable":true,"href":"https:\/\/puffvapestore.com\/de\/wp-json\/wp\/v2\/product_cat?post=5841"},{"taxonomy":"product_tag","embeddable":true,"href":"https:\/\/puffvapestore.com\/de\/wp-json\/wp\/v2\/product_tag?post=5841"}],"curies":[{"name":"wp","href":"https:\/\/api.w.org\/{rel}","templated":true}]}}