{"id":5815,"date":"2025-07-26T02:28:09","date_gmt":"2025-07-26T02:28:09","guid":{"rendered":"https:\/\/puffvapestore.com\/?post_type=product&#038;p=5815"},"modified":"2026-02-05T03:54:29","modified_gmt":"2026-02-05T03:54:29","slug":"bang-leader-80000-strawberry-watermelon-grape-ice-rainbow-candy","status":"publish","type":"product","link":"https:\/\/puffvapestore.com\/de\/product\/bang-leader-80000-strawberry-watermelon-grape-ice-rainbow-candy\/","title":{"rendered":"Bang Leader 80000 3 in 1 - Strawberry Watermelon &amp; Grape Ice &amp; Rainbow Candy"},"content":{"rendered":"<div data-elementor-type=\"wp-post\" data-elementor-id=\"5815\" class=\"elementor elementor-5815\">\n\t\t\t\t<div class=\"elementor-element elementor-element-08c26f9 e-flex e-con-boxed e-con e-parent\" data-id=\"08c26f9\" data-element_type=\"container\" data-e-type=\"container\">\n\t\t\t\t\t<div class=\"e-con-inner\">\n\t\t\t\t<div class=\"elementor-element elementor-element-a005a97 elementor-widget elementor-widget-text-editor\" data-id=\"a005a97\" data-element_type=\"widget\" data-e-type=\"widget\" data-widget_type=\"text-editor.default\">\n\t\t\t\t<div class=\"elementor-widget-container\">\n\t\t\t\t\t\t\t\t\t<p>Drei v\u00f6llig unterschiedliche und harmonische Geschmacksrichtungen: \"Erdbeer-Wassermelone\", \"Gefrorene Raspberry\" und \"Regenbogen-Bonbons\" werden in einer einzigen E-Zigarette gekonnt kombiniert. Sie k\u00f6nnen je nach Stimmung und Szene frei wechseln, als ob Sie eine bunte Reise mit Ihren Fingerspitzen steuern w\u00fcrden:<\/p><p>Am Nachmittag scheint die Sonne auf die Ufer der Seine in Paris. Nehmen Sie einen Zug an der elektronischen Zigarette mit dem Geschmack Bonbon Regenbogen, der gleichzeitig s\u00fc\u00df und sauer ist, als w\u00fcrden Sie in die unbeschwerte Zeit Ihrer Kindheit zur\u00fcckkehren.<\/p><p>Abends mit ein paar Freunden im Stra\u00dfencaf\u00e9 plaudern, den Geschmack anpassen, eine E-Zigarette mit Erdbeer- und Wassermelonengeschmack rauchen, einen leichten Zug nehmen, das fruchtige Aroma breitet sich auf deiner Zungenspitze aus, und die Hektik der Stadt vergessen ;<\/p><p>Entspannen Sie sich sp\u00e4t abends allein auf Ihrem Balkon, bewundern Sie die Lichter der Stadt und lassen Sie den k\u00fchlen Rauch mit dem Duft von Frozen Grape in Ihre Kehle steigen, was Ihnen einen Moment des inneren Friedens verschafft.<\/p><h2>Spezifikationen von Bang Leader 80000 3 in 1 :<\/h2><p>Anzahl der Z\u00fcge: Jeder Bang Leader 80000 Strawberry Watermelon &amp; Grape Ice &amp; Rainbow Candy bietet bis zu 80000 Z\u00fcge, f\u00fcr einen lang anhaltenden Gebrauch.<\/p><p>Kapazit\u00e4t: 78 ml Fl\u00fcssigkeit, aufgeteilt in drei unabh\u00e4ngige 26-ml-Beh\u00e4lter.<\/p><p>Akku: Wiederaufladbarer 850-mAh-Akku, der mit dem Typ-C-Schnellladeverfahren kompatibel ist und eine Ladezeit von ca. 60 Minuten erm\u00f6glicht.<\/p><p>Nikotinkonzentration: 0 %, 2 %, 3 % und 5 % Nikotin sind erh\u00e4ltlich, um den Bed\u00fcrfnissen jedes Nutzers gerecht zu werden.<\/p><p>Mesh-Widerstand: 1,0 \u03a9 Mesh-Widerstand f\u00fcr gleichm\u00e4\u00dfiges Erhitzen und fl\u00fcssigen Dampf.<\/p><h2>Eigenschaften des Bang Leader 80000 Strawberry Watermelon &amp; Grape Ice &amp; Rainbow Candy 3 in 1 :<\/h2><p>Dreifach-Geschmackssystem: Ausgestattet mit drei unabh\u00e4ngigen Tanks, erm\u00f6glicht der Geschmackswahlschalter einen einfachen Wechsel der Geschmacksrichtungen und verhindert so die Eint\u00f6nigkeit eines einzigen Geschmacks.<\/p><p>Hochleistungs-Mesh-Widerstand: Der 1,0 \u03a9 Mesh-Widerstand sorgt f\u00fcr cremigen Dampf und ein reiches Aroma, wodurch bei jedem Zug ein gleichm\u00e4\u00dfiges Dampfen gew\u00e4hrleistet wird.<\/p><p>Wiederaufladbares Design: 850-mAh-Akku in Verbindung mit einer Schnellladung vom Typ C, wodurch Ausfallzeiten verringert und die Lebensdauer verl\u00e4ngert werden.<\/p><p>Ergonomisches Design: tragbar, leicht und bequem zu halten, geeignet f\u00fcr den t\u00e4glichen Transport und h\u00e4ufigen Gebrauch.<\/p><p>Verschiedene Nikotinoptionen: von nikotinfrei (0 %) bis hochkonzentriertes Nikotin (5 %), geeignet f\u00fcr Anf\u00e4nger und erfahrene Dampfer.<\/p><p>Sicherheitsfunktionen: Eingebauter \u00dcberlastungs-, Kurzschluss- und Niederspannungsschutz f\u00fcr eine sichere Nutzung.<\/p>\t\t\t\t\t\t\t\t<\/div>\n\t\t\t\t<\/div>\n\t\t\t\t\t<\/div>\n\t\t\t\t<\/div>\n\t\t\t\t<\/div>","protected":false},"excerpt":{"rendered":"<p>Trois saveurs totalement diff\u00e9rentes et harmonieuses\u00a0: \u00ab\u00a0Fraise Past\u00e8que\u00a0\u00bb, \u00ab\u00a0Raspberry Glac\u00e9\u00a0\u00bb et \u00ab\u00a0Bonbon Arc-en-ciel\u00a0\u00bb sont savamment combin\u00e9es dans une seule cigarette \u00e9lectronique. Vous pouvez alterner librement selon vos humeurs et vos sc\u00e8nes, comme si vous contr\u00f4liez un voyage color\u00e9 du bout des doigts\u00a0: L&rsquo;apr\u00e8s-midi, le soleil brille sur les quais de la Seine \u00e0 Paris. Prenez [&hellip;]<\/p>\n","protected":false},"featured_media":5728,"comment_status":"open","ping_status":"closed","template":"","meta":{"site-sidebar-layout":"no-sidebar","site-content-layout":"page-builder","ast-site-content-layout":"normal-width-container","site-content-style":"default","site-sidebar-style":"default","ast-global-header-display":"","ast-banner-title-visibility":"","ast-main-header-display":"","ast-hfb-above-header-display":"","ast-hfb-below-header-display":"","ast-hfb-mobile-header-display":"","site-post-title":"disabled","ast-breadcrumbs-content":"","ast-featured-img":"disabled","footer-sml-layout":"","ast-disable-related-posts":"","theme-transparent-header-meta":"default","adv-header-id-meta":"","stick-header-meta":"default","header-above-stick-meta":"","header-main-stick-meta":"","header-below-stick-meta":"","astra-migrate-meta-layouts":"set","ast-page-background-enabled":"default","ast-page-background-meta":{"desktop":{"background-color":"","background-image":"","background-repeat":"repeat","background-position":"center center","background-size":"auto","background-attachment":"scroll","background-type":"","background-media":"","overlay-type":"","overlay-color":"","overlay-opacity":"","overlay-gradient":""},"tablet":{"background-color":"","background-image":"","background-repeat":"repeat","background-position":"center center","background-size":"auto","background-attachment":"scroll","background-type":"","background-media":"","overlay-type":"","overlay-color":"","overlay-opacity":"","overlay-gradient":""},"mobile":{"background-color":"","background-image":"","background-repeat":"repeat","background-position":"center center","background-size":"auto","background-attachment":"scroll","background-type":"","background-media":"","overlay-type":"","overlay-color":"","overlay-opacity":"","overlay-gradient":""}},"ast-content-background-meta":{"desktop":{"background-color":"var(--ast-global-color-5)","background-image":"","background-repeat":"repeat","background-position":"center center","background-size":"auto","background-attachment":"scroll","background-type":"","background-media":"","overlay-type":"","overlay-color":"","overlay-opacity":"","overlay-gradient":""},"tablet":{"background-color":"var(--ast-global-color-5)","background-image":"","background-repeat":"repeat","background-position":"center center","background-size":"auto","background-attachment":"scroll","background-type":"","background-media":"","overlay-type":"","overlay-color":"","overlay-opacity":"","overlay-gradient":""},"mobile":{"background-color":"var(--ast-global-color-5)","background-image":"","background-repeat":"repeat","background-position":"center center","background-size":"auto","background-attachment":"scroll","background-type":"","background-media":"","overlay-type":"","overlay-color":"","overlay-opacity":"","overlay-gradient":""}}},"product_brand":[53],"product_cat":[54,106,15],"product_tag":[],"class_list":{"0":"post-5815","1":"product","2":"type-product","3":"status-publish","4":"has-post-thumbnail","6":"product_brand-bang-cree-une-cigarette-electronique-plus-confortable","7":"product_cat-bang-leader-80k-dispose-de-trois-reservoirs-de-liquide-independants-integres","8":"product_cat-puff-80k","9":"product_cat-magasin-cigarette-electronique","10":"desktop-align-center","11":"tablet-align-center","12":"mobile-align-center","13":"ast-product-gallery-layout-horizontal","14":"ast-product-gallery-with-no-image","15":"ast-product-single-variable","16":"ast-product-tabs-layout-horizontal","17":"ast-qv-on-image","19":"first","20":"outofstock","21":"sale","22":"shipping-taxable","23":"purchasable","24":"product-type-variable","25":"has-default-attributes"},"tiered_pricing_type":"fixed","tiered_pricing_fixed_rules":{"50":7.24,"100":6.45},"tiered_pricing_product_settings":{"layout":"default","base_unit_name":{"singular":null,"plural":null},"default_variation":null},"tiered_pricing_minimum_quantity":null,"tiered_pricing_roles_data":[],"tiered_pricing_percentage_rules":[],"_links":{"self":[{"href":"https:\/\/puffvapestore.com\/de\/wp-json\/wp\/v2\/product\/5815","targetHints":{"allow":["GET"]}}],"collection":[{"href":"https:\/\/puffvapestore.com\/de\/wp-json\/wp\/v2\/product"}],"about":[{"href":"https:\/\/puffvapestore.com\/de\/wp-json\/wp\/v2\/types\/product"}],"replies":[{"embeddable":true,"href":"https:\/\/puffvapestore.com\/de\/wp-json\/wp\/v2\/comments?post=5815"}],"version-history":[{"count":11,"href":"https:\/\/puffvapestore.com\/de\/wp-json\/wp\/v2\/product\/5815\/revisions"}],"predecessor-version":[{"id":6217,"href":"https:\/\/puffvapestore.com\/de\/wp-json\/wp\/v2\/product\/5815\/revisions\/6217"}],"wp:featuredmedia":[{"embeddable":true,"href":"https:\/\/puffvapestore.com\/de\/wp-json\/wp\/v2\/media\/5728"}],"wp:attachment":[{"href":"https:\/\/puffvapestore.com\/de\/wp-json\/wp\/v2\/media?parent=5815"}],"wp:term":[{"taxonomy":"product_brand","embeddable":true,"href":"https:\/\/puffvapestore.com\/de\/wp-json\/wp\/v2\/product_brand?post=5815"},{"taxonomy":"product_cat","embeddable":true,"href":"https:\/\/puffvapestore.com\/de\/wp-json\/wp\/v2\/product_cat?post=5815"},{"taxonomy":"product_tag","embeddable":true,"href":"https:\/\/puffvapestore.com\/de\/wp-json\/wp\/v2\/product_tag?post=5815"}],"curies":[{"name":"wp","href":"https:\/\/api.w.org\/{rel}","templated":true}]}}