{"id":5751,"date":"2025-07-24T11:00:28","date_gmt":"2025-07-24T11:00:28","guid":{"rendered":"https:\/\/puffvapestore.com\/?post_type=product&#038;p=5751"},"modified":"2026-02-05T03:54:29","modified_gmt":"2026-02-05T03:54:29","slug":"bang-leader-80000-avec-78ml-de-liquide","status":"publish","type":"product","link":"https:\/\/puffvapestore.com\/de\/product\/bang-leader-80000-mit-78ml-flussigkeit\/","title":{"rendered":"Bang Leader 80K 3-in-1: 80000 Rauchz\u00fcge, 78 ml E-Fl\u00fcssigkeit, 850 mAh wiederaufladbare Batterie und Mesh-Widerstand"},"content":{"rendered":"<div data-elementor-type=\"wp-post\" data-elementor-id=\"5751\" class=\"elementor elementor-5751\">\n\t\t\t\t<div class=\"elementor-element elementor-element-08c26f9 e-flex e-con-boxed e-con e-parent\" data-id=\"08c26f9\" data-element_type=\"container\" data-e-type=\"container\">\n\t\t\t\t\t<div class=\"e-con-inner\">\n\t\t\t\t<div class=\"elementor-element elementor-element-a005a97 elementor-widget elementor-widget-text-editor\" data-id=\"a005a97\" data-element_type=\"widget\" data-e-type=\"widget\" data-widget_type=\"text-editor.default\">\n\t\t\t\t<div class=\"elementor-widget-container\">\n\t\t\t\t\t\t\t\t\t<h2>Spezifikationen von Bang Leader 80000 3 in 1 :<\/h2><p>Anzahl der Z\u00fcge: Jede Bang Leader 80000 bietet bis zu 80000 Z\u00fcge, f\u00fcr eine lange Nutzungsdauer.<\/p><p>Kapazit\u00e4t: 78 ml Fl\u00fcssigkeit, aufgeteilt in drei unabh\u00e4ngige 26-ml-Beh\u00e4lter.<\/p><p>Akku: Wiederaufladbarer 850-mAh-Akku, der mit dem Typ-C-Schnellladeverfahren kompatibel ist und eine Ladezeit von ca. 60 Minuten erm\u00f6glicht.<\/p><p>Nikotinkonzentration: 0 %, 2 %, 3 % und 5 % Nikotin sind erh\u00e4ltlich, um den Bed\u00fcrfnissen jedes Nutzers gerecht zu werden.<\/p><p>Mesh-Widerstand: 1,0 \u03a9 Mesh-Widerstand f\u00fcr gleichm\u00e4\u00dfiges Erhitzen und fl\u00fcssigen Dampf.<\/p><h2>Eigenschaften des Bang Leader 80000 3 in 1 :<\/h2><p>Dreifach-Geschmackssystem: Ausgestattet mit drei unabh\u00e4ngigen Tanks, erm\u00f6glicht der Geschmackswahlschalter einen einfachen Wechsel der Geschmacksrichtungen und verhindert so die Eint\u00f6nigkeit eines einzigen Geschmacks.<\/p><p>Hochleistungs-Mesh-Widerstand: Der 1,0 \u03a9 Mesh-Widerstand sorgt f\u00fcr cremigen Dampf und ein reiches Aroma, wodurch bei jedem Zug ein gleichm\u00e4\u00dfiges Dampfen gew\u00e4hrleistet wird.<\/p><p>Wiederaufladbares Design: 850-mAh-Akku in Verbindung mit einer Schnellladung vom Typ C, wodurch Ausfallzeiten verringert und die Lebensdauer verl\u00e4ngert werden.<\/p><p>Ergonomisches Design: tragbar, leicht und bequem zu halten, geeignet f\u00fcr den t\u00e4glichen Transport und h\u00e4ufigen Gebrauch.<\/p><p>Verschiedene Nikotinoptionen: von nikotinfrei (0 %) bis hochkonzentriertes Nikotin (5 %), geeignet f\u00fcr Anf\u00e4nger und erfahrene Dampfer.<\/p><p>Sicherheitsfunktionen: Eingebauter \u00dcberlastungs-, Kurzschluss- und Niederspannungsschutz f\u00fcr eine sichere Nutzung.<\/p><h2>Die Bang Leader 80K 3-in-1 bietet 12 einzigartige Geschmackskombinationen<\/h2><p>Die elektronische Zigarette Bang Leader 80K 3-in-1 bietet 12 einzigartige Geschmackskombinationen, die mit verschiedenen Zutaten wie Fr\u00fcchten, Eis, Desserts und Getr\u00e4nken abgestimmt sind, um die Bed\u00fcrfnisse jedes Benutzers zu erf\u00fcllen.<\/p><p>\"Avocado Ice &amp; Lemon Lime &amp; Watermelon Raspberry\": Diese Geschmackskombination vereint den cremigen Geschmack von Avocado-Eis, die erfrischende S\u00e4ure von Zitronen und Limetten und das fruchtig-s\u00fc\u00dfe Aroma von Wassermelone und Himbeere zu einem ausgewogenen Erlebnis von Frische und Fruchtigkeit.<\/p><p>\"Blueberry Ice &amp; Black Dragon Ice &amp; Mango Peach\": Erfrischendes Heidelbeereis trifft auf geheimnisvolles Pitaya-Eis, gepaart mit dem tropischen Geschmack von Mango-Pfirsich, f\u00fcr eine einzigartige Kombination aus fruchtiger Frische und K\u00fchle.<\/p><p>\"Blueberry Ice &amp; Strawberry Banana &amp; Mixed Berries\": Die Frische von Heidelbeereis verbindet sich mit dem milchig-s\u00fc\u00dfen Aroma von Erdbeeren und Bananen sowie dem reichen Fruchtgeschmack gemischter Beeren, die reich an Nuancen sind und vor Fruchtaromen strotzen.<\/p><p>\"Blueberry Watermelon &amp; Strawberry Mango &amp; Blackcurrant\": Die S\u00fc\u00dfe von Heidelbeere und Wassermelone erg\u00e4nzt den tropischen Geschmack von Erdbeere und Mango, w\u00e4hrend die S\u00e4ure der schwarzen Johannisbeere dem Ganzen Tiefe verleiht.<\/p><p>'Cola Ice &amp; Blueberry Raspberry &amp; Peach Mango Watermelon': Diese eisgek\u00fchlte Cola bietet den klassischen Soda-Geschmack, bei dem die S\u00e4ure der Himbeere mit der tropischen S\u00fc\u00dfe der Pfirsich Mango Wassermelone kontrastiert.<\/p><p>'Kiwi Passion Fruit Guava &amp; Lychee Ice &amp; Mango Peach Pineapple': Die tropische Kombination aus Kiwi, Passionsfrucht und Guave mit der Frische von Litschi-Eis und der S\u00fc\u00dfe von Mango-Pfirsich-Ananas sorgt f\u00fcr einen exotischen Stil.<\/p><p>'Raspberry Mojito Peach Ice &amp; Strawberry Watermelon &amp; Kiwi Passion Fruit Guava': Die Frische von Himbeer-Mojito und Pfirsich-Eis, kombiniert mit Erdbeer-Wassermelone und Kiwi Passion Fruit Guava, sorgt f\u00fcr ein fruchtiges und erfrischendes Gef\u00fchl auf mehreren Ebenen.<\/p><p>'Red Bull &amp; Blueberry Watermelon &amp; Apple Pear': Der Geschmack des Red Bull Energy Drinks verbindet sich mit der S\u00fc\u00dfe der Wassermelone Heidelbeere und dem fruchtig-spritzigen Aroma der Apfel-Birne zu einem Gef\u00fchl voller Vitalit\u00e4t.<\/p><p>\"Red Bull &amp; Watermelon Bubble Candy &amp; Strawberry Ice Cream\": Der berauschende Geschmack von Red Bull verbindet sich mit der S\u00fc\u00dfe von Wassermelonen-Bubble-Gum und dem milchigen Aroma von Erdbeereis zu einem s\u00fc\u00dfen und gleichzeitig k\u00f6stlichen Ergebnis.<\/p><p>\"Strawberry Kiwi &amp; Peach Ice &amp; Cherry Cola\": Die S\u00fc\u00dfe der Erdbeer-Kiwi, die Frische des Pfirsich-Eises und der klassische Geschmack der Kirsch-Cola ergeben eine einzigartige Kombination aus Fruchtaromen und Soda.<\/p><p>\"Strawberry Watermelon &amp; Grape Ice &amp; Rainbow Candy\": Die S\u00fc\u00dfe der Erdbeer-Wassermelone, die Frische des Trauben-Eises und die farbenfrohe S\u00fc\u00dfe der Regenbogen-Bonbons ergeben eine fruchtige und erfrischende Kombination.<\/p><p>\"Watermelon Ice &amp; Strawberry Mango &amp; Banana\": Die Frische von Wassermeloneneis, die tropische S\u00fc\u00dfe von Erdbeer-Mango und das milchige Aroma von Bananen sorgen f\u00fcr einen cremigen Geschmack und ein reichhaltiges Fruchtaroma.<\/p>\t\t\t\t\t\t\t\t<\/div>\n\t\t\t\t<\/div>\n\t\t\t\t\t<\/div>\n\t\t\t\t<\/div>\n\t\t\t\t<\/div>","protected":false},"excerpt":{"rendered":"<p>Sp\u00e9cifications du Bang Leader 80000 3 en 1\u00a0: Nombre de bouff\u00e9es\u00a0: Chaque Bang Leader 80000 offre jusqu\u2019\u00e0 80000 bouff\u00e9es, pour une utilisation longue dur\u00e9e. Capacit\u00e9\u00a0: 78\u00a0ml de liquide, r\u00e9partis dans trois r\u00e9servoirs ind\u00e9pendants de 26\u00a0ml. Batterie\u00a0: Batterie rechargeable de 850\u00a0mAh, compatible avec la charge rapide Type-C, pour une dur\u00e9e de charge d\u2019environ 60\u00a0minutes. Concentration en [&hellip;]<\/p>\n","protected":false},"featured_media":5730,"comment_status":"open","ping_status":"closed","template":"","meta":{"site-sidebar-layout":"no-sidebar","site-content-layout":"page-builder","ast-site-content-layout":"normal-width-container","site-content-style":"default","site-sidebar-style":"default","ast-global-header-display":"","ast-banner-title-visibility":"","ast-main-header-display":"","ast-hfb-above-header-display":"","ast-hfb-below-header-display":"","ast-hfb-mobile-header-display":"","site-post-title":"disabled","ast-breadcrumbs-content":"","ast-featured-img":"disabled","footer-sml-layout":"","ast-disable-related-posts":"","theme-transparent-header-meta":"default","adv-header-id-meta":"","stick-header-meta":"default","header-above-stick-meta":"","header-main-stick-meta":"","header-below-stick-meta":"","astra-migrate-meta-layouts":"set","ast-page-background-enabled":"default","ast-page-background-meta":{"desktop":{"background-color":"","background-image":"","background-repeat":"repeat","background-position":"center center","background-size":"auto","background-attachment":"scroll","background-type":"","background-media":"","overlay-type":"","overlay-color":"","overlay-opacity":"","overlay-gradient":""},"tablet":{"background-color":"","background-image":"","background-repeat":"repeat","background-position":"center center","background-size":"auto","background-attachment":"scroll","background-type":"","background-media":"","overlay-type":"","overlay-color":"","overlay-opacity":"","overlay-gradient":""},"mobile":{"background-color":"","background-image":"","background-repeat":"repeat","background-position":"center center","background-size":"auto","background-attachment":"scroll","background-type":"","background-media":"","overlay-type":"","overlay-color":"","overlay-opacity":"","overlay-gradient":""}},"ast-content-background-meta":{"desktop":{"background-color":"var(--ast-global-color-5)","background-image":"","background-repeat":"repeat","background-position":"center center","background-size":"auto","background-attachment":"scroll","background-type":"","background-media":"","overlay-type":"","overlay-color":"","overlay-opacity":"","overlay-gradient":""},"tablet":{"background-color":"var(--ast-global-color-5)","background-image":"","background-repeat":"repeat","background-position":"center center","background-size":"auto","background-attachment":"scroll","background-type":"","background-media":"","overlay-type":"","overlay-color":"","overlay-opacity":"","overlay-gradient":""},"mobile":{"background-color":"var(--ast-global-color-5)","background-image":"","background-repeat":"repeat","background-position":"center center","background-size":"auto","background-attachment":"scroll","background-type":"","background-media":"","overlay-type":"","overlay-color":"","overlay-opacity":"","overlay-gradient":""}}},"product_brand":[53],"product_cat":[54,106,15],"product_tag":[],"class_list":{"0":"post-5751","1":"product","2":"type-product","3":"status-publish","4":"has-post-thumbnail","6":"product_brand-bang-cree-une-cigarette-electronique-plus-confortable","7":"product_cat-bang-leader-80k-dispose-de-trois-reservoirs-de-liquide-independants-integres","8":"product_cat-puff-80k","9":"product_cat-magasin-cigarette-electronique","10":"desktop-align-center","11":"tablet-align-center","12":"mobile-align-center","13":"ast-product-gallery-layout-horizontal","14":"ast-product-single-variable","15":"ast-product-tabs-layout-horizontal","16":"ast-qv-on-image","18":"first","19":"outofstock","20":"sale","21":"shipping-taxable","22":"purchasable","23":"product-type-variable","24":"has-default-attributes"},"tiered_pricing_type":"fixed","tiered_pricing_fixed_rules":{"50":7.24,"100":6.45},"tiered_pricing_product_settings":{"layout":"default","base_unit_name":{"singular":null,"plural":null},"default_variation":null},"tiered_pricing_minimum_quantity":null,"tiered_pricing_roles_data":[],"tiered_pricing_percentage_rules":[],"_links":{"self":[{"href":"https:\/\/puffvapestore.com\/de\/wp-json\/wp\/v2\/product\/5751","targetHints":{"allow":["GET"]}}],"collection":[{"href":"https:\/\/puffvapestore.com\/de\/wp-json\/wp\/v2\/product"}],"about":[{"href":"https:\/\/puffvapestore.com\/de\/wp-json\/wp\/v2\/types\/product"}],"replies":[{"embeddable":true,"href":"https:\/\/puffvapestore.com\/de\/wp-json\/wp\/v2\/comments?post=5751"}],"version-history":[{"count":7,"href":"https:\/\/puffvapestore.com\/de\/wp-json\/wp\/v2\/product\/5751\/revisions"}],"predecessor-version":[{"id":5814,"href":"https:\/\/puffvapestore.com\/de\/wp-json\/wp\/v2\/product\/5751\/revisions\/5814"}],"wp:featuredmedia":[{"embeddable":true,"href":"https:\/\/puffvapestore.com\/de\/wp-json\/wp\/v2\/media\/5730"}],"wp:attachment":[{"href":"https:\/\/puffvapestore.com\/de\/wp-json\/wp\/v2\/media?parent=5751"}],"wp:term":[{"taxonomy":"product_brand","embeddable":true,"href":"https:\/\/puffvapestore.com\/de\/wp-json\/wp\/v2\/product_brand?post=5751"},{"taxonomy":"product_cat","embeddable":true,"href":"https:\/\/puffvapestore.com\/de\/wp-json\/wp\/v2\/product_cat?post=5751"},{"taxonomy":"product_tag","embeddable":true,"href":"https:\/\/puffvapestore.com\/de\/wp-json\/wp\/v2\/product_tag?post=5751"}],"curies":[{"name":"wp","href":"https:\/\/api.w.org\/{rel}","templated":true}]}}