{"id":5680,"date":"2025-07-24T05:37:12","date_gmt":"2025-07-24T05:37:12","guid":{"rendered":"https:\/\/puffvapestore.com\/?post_type=product&#038;p=5680"},"modified":"2026-01-19T10:54:36","modified_gmt":"2026-01-19T10:54:36","slug":"kiwi-passion-fruit-guava-lush-ice-straw-mango-bang-king-85k-un-plaisir-et-un-soulagement-instantanes","status":"publish","type":"product","link":"https:\/\/puffvapestore.com\/de\/product\/kiwi-passion-fruit-guava-lush-ice-straw-mango-bang-king-85k-sofortiges-vergnugen-und-erleichterung\/","title":{"rendered":"Kiwi Passion Fruit Guava &amp; Lush Ice &amp; Straw Mango - Bang King Triple 85000 3 in 1"},"content":{"rendered":"<div data-elementor-type=\"wp-post\" data-elementor-id=\"5680\" class=\"elementor elementor-5680\">\n\t\t\t\t<div class=\"elementor-element elementor-element-08c26f9 e-flex e-con-boxed e-con e-parent\" data-id=\"08c26f9\" data-element_type=\"container\" data-e-type=\"container\">\n\t\t\t\t\t<div class=\"e-con-inner\">\n\t\t\t\t<div class=\"elementor-element elementor-element-a005a97 elementor-widget elementor-widget-text-editor\" data-id=\"a005a97\" data-element_type=\"widget\" data-e-type=\"widget\" data-widget_type=\"text-editor.default\">\n\t\t\t\t<div class=\"elementor-widget-container\">\n\t\t\t\t\t\t\t\t\t<p>Die drei Geschmacksrichtungen Kiwi Passion Fruit Guava &amp; Lush Ice &amp; Straw Mango verk\u00f6rpern die Kraft tropischer Fruchtaromen, die Frische frischer Minze und die S\u00fc\u00dfe des s\u00fc\u00dfen Fruchtfleisches. Dank des intelligenten Wahlschalters k\u00f6nnen Sie sofort zwischen den Geschmacksrichtungen wechseln, indem Sie einfach den Wahlschalter verstellen und so jede Inhalation zu einer wahren Reise machen.<\/p><h2>Kiwi Passion Fruit Guava<\/h2><p>Dieses einzigartige tropische Trio vereint s\u00fc\u00df-saure Kiwi, duftende Passionsfrucht und saftige Guave zu einem intensiven und komplexen Geschmack. Wenn Sie bei Sonnenuntergang auf Ihrem Balkon sitzen und einen Zug dieser aromatisierten E-Zigarette nehmen, werden Sie sich f\u00fchlen, als w\u00e4ren Sie an einem Strand in Martinique und lie\u00dfen Ihre Gedanken mit dem Wind flattern.<\/p><h2>Lush Ice<\/h2><p>Die S\u00fc\u00dfe der Wassermelone wird sanft von der Frische der Minze umh\u00fcllt und erfrischt Ihre Geschmacksknospen. Diese aromatisierte elektronische Zigarette Lush Ice ist ideal, um sich am Nachmittag zu entspannen, besonders im Sommer. Steigen Sie aus dem Caf\u00e9 und nehmen Sie einen Zug von Lush Ice, der sich wie eine k\u00fchle Brise auf Ihrem Gesicht anf\u00fchlt.<\/p><h2>Straw Mango<\/h2><p>Die Kombination aus cremiger Mango und s\u00e4uerlicher Erdbeere ist wie ein hausgemachter Smoothie. Nehmen Sie nach einem Drink oder einer Lesestunde einen Zug von Straw Mango und genie\u00dfen Sie einen Moment der Entspannung und des Genusses.<\/p><p>Die Bang King 85000 Kiwi Passion Fruit Guava &amp; Lush Ice &amp; Straw Mango 3 in 1 Triple Flavour ist mit einem wiederaufladbaren Hochleistungs-Lithium-Akku mit 600 mAh ausgestattet und unterst\u00fctzt das Schnellladen \u00fcber USB-C, was Ihnen ein stabiles und lang anhaltendes Dampferlebnis bietet. Selbst Intensivnutzer k\u00f6nnen den t\u00e4glichen Gebrauch ohne h\u00e4ufiges Aufladen problemlos bew\u00e4ltigen.<\/p><p>Ausgestattet mit einem intelligenten, hochaufl\u00f6senden OLED-Display zeigt es in Echtzeit den Akkustand und die verbleibende Menge an E-Liquid an. Der Benutzer kann den Status des Ger\u00e4ts intuitiv visualisieren, was ihm erm\u00f6glicht, im Voraus zu laden und die Geschmacksrichtung nach Belieben zu wechseln.<\/p><h2>Drei Geschmacksrichtungen in einer Maschine<\/h2><p>Die Bang King 85000 Kiwi Passion Fruit Guava &amp; Lush Ice &amp; Straw Mango verf\u00fcgt \u00fcber einen originellen Tank mit drei E-Liquids, die jeweils unabh\u00e4ngig voneinander mit verschiedenen E-Liquid-Geschmacksrichtungen injiziert werden k\u00f6nnen, mit einer Gesamtkapazit\u00e4t von bis zu 63 ml (21 ml pro Tank). Mit dem Geschmackswahlschalter k\u00f6nnen Sie jederzeit frei zwischen den Geschmacksrichtungen wechseln, ohne das Ger\u00e4t oder die Patrone wechseln zu m\u00fcssen, um all Ihren Bed\u00fcrfnissen gerecht zu werden.<\/p><p>Jede Bang King Triple 85000 Kiwi Passion Fruit Guava &amp; Lush Ice &amp; Straw Mango E-Zigarette bietet bis zu 85000 Z\u00fcge Rauch, und jedes Aroma ca. 28300 Z\u00fcge unabh\u00e4ngig. Vielseitig und langlebig, ist sie die f\u00fchrende E-Zigarette mit sehr hoher Kapazit\u00e4t auf dem Markt.<\/p><h2>Drei S\u00e4tze unabh\u00e4ngige Mesh-Widerst\u00e4nde von 1,0 \u03a9<\/h2><p>Die Bang King 85000 Kiwi Passion Fruit Guava &amp; Lush Ice &amp; Straw Mango 3 in 1 Triple Flavor ist mit drei S\u00e4tzen unabh\u00e4ngiger, integrierter 1,0 \u03a9 Mesh-Widerst\u00e4nde ausgestattet, die ihre jeweiligen Tanks mit E-Fl\u00fcssigkeit versorgen, wodurch die Reinheit jedes Geschmacks erhalten bleibt und die Gleichm\u00e4\u00dfigkeit der Zerst\u00e4ubung und die F\u00fclle des Geschmacks verbessert werden. Da es keine Geschmacksmischungen gibt, ist dies die ideale Wahl f\u00fcr ein optimales Geschmackserlebnis.<\/p><h2>Mehrere Optionen f\u00fcr die Nikotinkonzentration<\/h2><p>Um den Bed\u00fcrfnissen jedes einzelnen Nutzers gerecht zu werden, bietet Bang King Triple 85000 Kiwi Passion Fruit Guava &amp; Lush Ice &amp; Straw Mango vier Optionen f\u00fcr die Nikotinkonzentration an:<\/p><p>0 % (nikotinfreie Version, ideal f\u00fcr Liebhaber von elektronischen Zigaretten, die ein optimales Geschmackserlebnis w\u00fcnschen)<\/p><p>2 %, 3 %, 5 % (mehrere Nikotinst\u00e4rken erh\u00e4ltlich)<\/p><p>W\u00e4hlen Sie frei die Intensit\u00e4t, die Ihnen zusagt, von einer einfachen Reduktion bis hin zu einem erfrischenden und befriedigenden Geschmack.<\/p><p>Ob auf Reisen, auf Partys oder zu Hause, die gro\u00dfe Kapazit\u00e4t und die Auswahl an Geschmacksrichtungen des Bang King Triple 85000 Kiwi Passion Fruit Guava &amp; Lush Ice &amp; Straw Mango passt sich allen Bed\u00fcrfnissen an, egal in welcher Umgebung. In Kombination mit raffiniertem Industriedesign und ergonomischer Gestaltung vereint er Funktionalit\u00e4t und \u00c4sthetik.<\/p><h2>Spezifikationen von Bang King 85000 3 in 1 Dreifacher Geschmack<\/h2><p>Maximales Zugvolumen: 85000 Z\u00fcge (ca. 28300 Z\u00fcge pro Geschmack)<\/p><p>Gesamtkapazit\u00e4t an e-Liquid: 63 ml (3 x 21 ml)<\/p><p>Batteriekapazit\u00e4t: 600 mAh, wiederaufladbar<\/p><p>Schnelles Aufladen: USB-C-Schnittstelle<\/p><p>Widerstandskonfiguration: Drei S\u00e4tze unabh\u00e4ngiger Mesh-Widerst\u00e4nde mit 1,0 \u03a9.<\/p><p>Optionen f\u00fcr die Nikotinkonzentration: 0 %, 2 %, 3 %, 5 %<\/p><p>Anzeigefunktion: OLED-Display (Anzeige der Akkuladung und der verbleibenden Menge an E-Fl\u00fcssigkeit)<\/p><p>Hauptfunktionen: einfacher Wechsel zwischen drei Geschmacksrichtungen, keine \u00dcberschneidungen der Geschmacksrichtungen<\/p>\t\t\t\t\t\t\t\t<\/div>\n\t\t\t\t<\/div>\n\t\t\t\t\t<\/div>\n\t\t\t\t<\/div>\n\t\t\t\t<\/div>","protected":false},"excerpt":{"rendered":"<p>Les trois saveurs Kiwi Passion Fruit Guava &amp; Lush Ice &amp; Straw Mango incarnent la puissance des ar\u00f4mes de fruits tropicaux, la fra\u00eecheur de la menthe fra\u00eeche et la douceur de la pulpe de fruit sucr\u00e9e. Gr\u00e2ce au s\u00e9lecteur intelligent, vous pouvez changer de saveur instantan\u00e9ment en ajustant simplement le s\u00e9lecteur, transformant chaque inhalation en [&hellip;]<\/p>\n","protected":false},"featured_media":5395,"comment_status":"open","ping_status":"closed","template":"","meta":{"site-sidebar-layout":"no-sidebar","site-content-layout":"page-builder","ast-site-content-layout":"normal-width-container","site-content-style":"default","site-sidebar-style":"default","ast-global-header-display":"","ast-banner-title-visibility":"","ast-main-header-display":"","ast-hfb-above-header-display":"","ast-hfb-below-header-display":"","ast-hfb-mobile-header-display":"","site-post-title":"disabled","ast-breadcrumbs-content":"","ast-featured-img":"disabled","footer-sml-layout":"","ast-disable-related-posts":"","theme-transparent-header-meta":"default","adv-header-id-meta":"","stick-header-meta":"default","header-above-stick-meta":"","header-main-stick-meta":"","header-below-stick-meta":"","astra-migrate-meta-layouts":"set","ast-page-background-enabled":"default","ast-page-background-meta":{"desktop":{"background-color":"","background-image":"","background-repeat":"repeat","background-position":"center center","background-size":"auto","background-attachment":"scroll","background-type":"","background-media":"","overlay-type":"","overlay-color":"","overlay-opacity":"","overlay-gradient":""},"tablet":{"background-color":"","background-image":"","background-repeat":"repeat","background-position":"center center","background-size":"auto","background-attachment":"scroll","background-type":"","background-media":"","overlay-type":"","overlay-color":"","overlay-opacity":"","overlay-gradient":""},"mobile":{"background-color":"","background-image":"","background-repeat":"repeat","background-position":"center center","background-size":"auto","background-attachment":"scroll","background-type":"","background-media":"","overlay-type":"","overlay-color":"","overlay-opacity":"","overlay-gradient":""}},"ast-content-background-meta":{"desktop":{"background-color":"var(--ast-global-color-5)","background-image":"","background-repeat":"repeat","background-position":"center center","background-size":"auto","background-attachment":"scroll","background-type":"","background-media":"","overlay-type":"","overlay-color":"","overlay-opacity":"","overlay-gradient":""},"tablet":{"background-color":"var(--ast-global-color-5)","background-image":"","background-repeat":"repeat","background-position":"center center","background-size":"auto","background-attachment":"scroll","background-type":"","background-media":"","overlay-type":"","overlay-color":"","overlay-opacity":"","overlay-gradient":""},"mobile":{"background-color":"var(--ast-global-color-5)","background-image":"","background-repeat":"repeat","background-position":"center center","background-size":"auto","background-attachment":"scroll","background-type":"","background-media":"","overlay-type":"","overlay-color":"","overlay-opacity":"","overlay-gradient":""}}},"product_brand":[52],"product_cat":[51,107,15],"product_tag":[],"class_list":{"0":"post-5680","1":"product","2":"type-product","3":"status-publish","4":"has-post-thumbnail","6":"product_brand-bang-king","7":"product_cat-bang-king-triple-85000-trois-saveurs-en-une","8":"product_cat-puff-85k","9":"product_cat-magasin-cigarette-electronique","10":"desktop-align-center","11":"tablet-align-center","12":"mobile-align-center","13":"ast-product-gallery-layout-horizontal","14":"ast-product-gallery-with-no-image","15":"ast-product-single-variable","16":"ast-product-tabs-layout-horizontal","17":"ast-qv-on-image","19":"first","20":"instock","21":"sale","22":"shipping-taxable","23":"purchasable","24":"product-type-variable","25":"has-default-attributes"},"tiered_pricing_type":"fixed","tiered_pricing_fixed_rules":[],"tiered_pricing_product_settings":{"layout":"default","base_unit_name":{"singular":null,"plural":null},"default_variation":null},"tiered_pricing_minimum_quantity":null,"tiered_pricing_roles_data":[],"tiered_pricing_percentage_rules":[],"_links":{"self":[{"href":"https:\/\/puffvapestore.com\/de\/wp-json\/wp\/v2\/product\/5680","targetHints":{"allow":["GET"]}}],"collection":[{"href":"https:\/\/puffvapestore.com\/de\/wp-json\/wp\/v2\/product"}],"about":[{"href":"https:\/\/puffvapestore.com\/de\/wp-json\/wp\/v2\/types\/product"}],"replies":[{"embeddable":true,"href":"https:\/\/puffvapestore.com\/de\/wp-json\/wp\/v2\/comments?post=5680"}],"version-history":[{"count":12,"href":"https:\/\/puffvapestore.com\/de\/wp-json\/wp\/v2\/product\/5680\/revisions"}],"predecessor-version":[{"id":10708,"href":"https:\/\/puffvapestore.com\/de\/wp-json\/wp\/v2\/product\/5680\/revisions\/10708"}],"wp:featuredmedia":[{"embeddable":true,"href":"https:\/\/puffvapestore.com\/de\/wp-json\/wp\/v2\/media\/5395"}],"wp:attachment":[{"href":"https:\/\/puffvapestore.com\/de\/wp-json\/wp\/v2\/media?parent=5680"}],"wp:term":[{"taxonomy":"product_brand","embeddable":true,"href":"https:\/\/puffvapestore.com\/de\/wp-json\/wp\/v2\/product_brand?post=5680"},{"taxonomy":"product_cat","embeddable":true,"href":"https:\/\/puffvapestore.com\/de\/wp-json\/wp\/v2\/product_cat?post=5680"},{"taxonomy":"product_tag","embeddable":true,"href":"https:\/\/puffvapestore.com\/de\/wp-json\/wp\/v2\/product_tag?post=5680"}],"curies":[{"name":"wp","href":"https:\/\/api.w.org\/{rel}","templated":true}]}}