{"id":5650,"date":"2025-07-23T10:11:33","date_gmt":"2025-07-23T10:11:33","guid":{"rendered":"https:\/\/puffvapestore.com\/?post_type=product&#038;p=5650"},"modified":"2026-01-19T10:54:36","modified_gmt":"2026-01-19T10:54:36","slug":"double-apple-pineapple-ice-fruity-fusion-bang-king-85000-3-en-1-triple-saveur","status":"publish","type":"product","link":"https:\/\/puffvapestore.com\/de\/product\/double-apple-pineapple-ice-fruity-fusion-bang-king-85000-3-in-1-dreifachgeschmack\/","title":{"rendered":"Double Apple &amp; Pineapple Ice &amp; Fruity Fusion - Bang King 85000 3 in 1 Triple Flavor"},"content":{"rendered":"<div data-elementor-type=\"wp-post\" data-elementor-id=\"5650\" class=\"elementor elementor-5650\">\n\t\t\t\t<div class=\"elementor-element elementor-element-08c26f9 e-flex e-con-boxed e-con e-parent\" data-id=\"08c26f9\" data-element_type=\"container\" data-e-type=\"container\">\n\t\t\t\t\t<div class=\"e-con-inner\">\n\t\t\t\t<div class=\"elementor-element elementor-element-a005a97 elementor-widget elementor-widget-text-editor\" data-id=\"a005a97\" data-element_type=\"widget\" data-e-type=\"widget\" data-widget_type=\"text-editor.default\">\n\t\t\t\t<div class=\"elementor-widget-container\">\n\t\t\t\t\t\t\t\t\t<p>Die Kombination \"Doppelter Apfel &amp; Gefrorene Ananas &amp; Fruchtige Fusion\" ist durch ihren erfrischenden, reichhaltigen und exotischen Geschmack zur idealen Wahl f\u00fcr Stadtbewohner geworden, die sich entspannen m\u00f6chten.<\/p><h2>Dieses einzigartige fruchtige Dreifacharoma vereint :<\/h2><p>Double Apple: Ein s\u00fc\u00df-saures Aroma, das typisch f\u00fcr die Wasserpfeife ist und eine h\u00e4ufige Inspirationsquelle in der franz\u00f6sischen Kaffeekultur darstellt.<\/p><p>Gefrorene Ananas: Erfrischend und anregend, mit einem leichten Gef\u00fchl von Eis, wie eine frische Ananas, die vom Mittelmeer abgebissen wurde, f\u00fcr ein sofortiges Frischegef\u00fchl.<\/p><p>Fruchtige Fusion: Eine Vielzahl von Fr\u00fcchten vermischt sich zu einem s\u00fc\u00dfen Aroma, das wie ein sonniger Obstgarten wirkt und die Stimulation und S\u00fc\u00dfe der ersten beiden Geschmacksrichtungen ausgleicht.<\/p><p>Ob an einem Nachmittag auf der Terrasse in Paris einen Espresso genie\u00dfen oder an einem Abend am Meer in S\u00fcdfrankreich, diese Geschmackskombination der elektronischen Zigarette Bang King 85000 ruft sensorisches Vergn\u00fcgen und geistige Entspannung hervor.<\/p><h2>Intelligenter HD-Bildschirm<\/h2><p>Der Bang King Triple 85000 Double Apple &amp; Pineapple Ice &amp; Fruity Fusion ist mit einem fortschrittlichen integrierten HD-Display ausgestattet, das eine intuitive Benutzererfahrung bietet. Dieser Bildschirm zeigt wichtige Informationen in Echtzeit an, einschlie\u00dflich der verbleibenden Akkuladung und der verbleibenden Menge an E-Fl\u00fcssigkeit, so dass die Benutzer stets den Status des Ger\u00e4ts im Auge behalten und ihr Erlebnis optimieren k\u00f6nnen.<\/p><h2>Auswahl von drei Geschmacksrichtungen und unabh\u00e4ngiger \u00d6ltank<\/h2><p>Die Bang King 85000 Double Apple &amp; Pineapple Ice &amp; Fruity Fusion 3 in 1 Triple Flavour integriert auf innovative Weise drei unabh\u00e4ngige Liquidtanks, die jeweils mit 21 ml Liquid vorgef\u00fcllt sind, was eine Gesamtkapazit\u00e4t von bis zu 63 ml ergibt. Ein praktischer Wahlschalter erm\u00f6glicht die freie Wahl zwischen drei Geschmacksrichtungen. Jede Geschmacksrichtung erm\u00f6glicht bis zu 28300 Z\u00fcge und insgesamt bis zu 85000 Z\u00fcge f\u00fcr ein abwechslungsreiches und lang anhaltendes Dampferlebnis.<\/p><p>Um den Bed\u00fcrfnissen jedes einzelnen Nutzers gerecht zu werden, bietet die Bang King Triple 85000 Double Apple &amp; Pineapple Ice &amp; Fruity Fusion vier verschiedene Nikotinst\u00e4rken: 0 % (nikotinfrei), 2 %, 3 % und 5 %. Diese Flexibilit\u00e4t erm\u00f6glicht es, die richtige Dosierung f\u00fcr die eigenen Vorlieben zu w\u00e4hlen, vom Raucher bis zum Gelegenheitsnutzer.<\/p><p>Diese elektronische Zigarette ist mit einem wiederaufladbaren 600-mAh-Akku ausgestattet und unterst\u00fctzt die USB-C-Schnellladetechnologie. Sie erm\u00f6glicht ein schnelles Aufladen des Ger\u00e4ts, verk\u00fcrzt die Wartezeit und sorgt f\u00fcr eine st\u00e4ndige Verf\u00fcgbarkeit, was ideal f\u00fcr den h\u00e4ufigen Gebrauch ist.<\/p><h2>Optimierte Konfiguration der Widerst\u00e4nde<\/h2><p>Die Bang King Triple 85000 Double Apple &amp; Pineapple Ice &amp; Fruity Fusion verwendet einen dreistufigen Mesh-Widerstand von 1,0 \u03a9, der f\u00fcr eine optimale Geschmackswiedergabe und Zerst\u00e4ubung optimiert wurde. Der Maschenwiderstand sorgt f\u00fcr eine gleichm\u00e4\u00dfige Erw\u00e4rmung und garantiert bei jedem Zug einen intensiven Geschmack und eine intensive Dampfproduktion.<\/p><p>Jede elektronische Zigarette Bang King Triple 85000 Double Apple &amp; Pineapple Ice &amp; Fruity Fusion bietet eine Gesamtkapazit\u00e4t von 63 ml E-Fl\u00fcssigkeit (3 Tanks zu je 21 ml) und bis zu 85.000 Z\u00fcge, was sie zu einem der Ger\u00e4te mit der l\u00e4ngsten Akkulaufzeit auf dem Markt macht. Ob f\u00fcr den t\u00e4glichen Gebrauch oder f\u00fcr l\u00e4ngere Ausfl\u00fcge, sie bietet Ihnen ein unbeschwertes Dampferlebnis.<\/p>\t\t\t\t\t\t\t\t<\/div>\n\t\t\t\t<\/div>\n\t\t\t\t\t<\/div>\n\t\t\t\t<\/div>\n\t\t\t\t<\/div>","protected":false},"excerpt":{"rendered":"<p>La combinaison \u00ab\u00a0Double Pomme &amp; Ananas Glac\u00e9 &amp; Fusion Fruit\u00e9e\u00a0\u00bb est devenue un choix id\u00e9al pour les citadins qui souhaitent se d\u00e9tendre gr\u00e2ce \u00e0 son go\u00fbt rafra\u00eechissant, riche et exotique. Ce triple ar\u00f4me fruit\u00e9 unique combine\u00a0: Double Pomme\u00a0: un ar\u00f4me aigre-doux, typique du narguil\u00e9, une source d&rsquo;inspiration fr\u00e9quente dans la culture des caf\u00e9s fran\u00e7ais. Ananas [&hellip;]<\/p>\n","protected":false},"featured_media":5393,"comment_status":"open","ping_status":"closed","template":"","meta":{"site-sidebar-layout":"no-sidebar","site-content-layout":"page-builder","ast-site-content-layout":"normal-width-container","site-content-style":"default","site-sidebar-style":"default","ast-global-header-display":"","ast-banner-title-visibility":"","ast-main-header-display":"","ast-hfb-above-header-display":"","ast-hfb-below-header-display":"","ast-hfb-mobile-header-display":"","site-post-title":"disabled","ast-breadcrumbs-content":"","ast-featured-img":"disabled","footer-sml-layout":"","ast-disable-related-posts":"","theme-transparent-header-meta":"default","adv-header-id-meta":"","stick-header-meta":"default","header-above-stick-meta":"","header-main-stick-meta":"","header-below-stick-meta":"","astra-migrate-meta-layouts":"set","ast-page-background-enabled":"default","ast-page-background-meta":{"desktop":{"background-color":"","background-image":"","background-repeat":"repeat","background-position":"center center","background-size":"auto","background-attachment":"scroll","background-type":"","background-media":"","overlay-type":"","overlay-color":"","overlay-opacity":"","overlay-gradient":""},"tablet":{"background-color":"","background-image":"","background-repeat":"repeat","background-position":"center center","background-size":"auto","background-attachment":"scroll","background-type":"","background-media":"","overlay-type":"","overlay-color":"","overlay-opacity":"","overlay-gradient":""},"mobile":{"background-color":"","background-image":"","background-repeat":"repeat","background-position":"center center","background-size":"auto","background-attachment":"scroll","background-type":"","background-media":"","overlay-type":"","overlay-color":"","overlay-opacity":"","overlay-gradient":""}},"ast-content-background-meta":{"desktop":{"background-color":"var(--ast-global-color-5)","background-image":"","background-repeat":"repeat","background-position":"center center","background-size":"auto","background-attachment":"scroll","background-type":"","background-media":"","overlay-type":"","overlay-color":"","overlay-opacity":"","overlay-gradient":""},"tablet":{"background-color":"var(--ast-global-color-5)","background-image":"","background-repeat":"repeat","background-position":"center center","background-size":"auto","background-attachment":"scroll","background-type":"","background-media":"","overlay-type":"","overlay-color":"","overlay-opacity":"","overlay-gradient":""},"mobile":{"background-color":"var(--ast-global-color-5)","background-image":"","background-repeat":"repeat","background-position":"center center","background-size":"auto","background-attachment":"scroll","background-type":"","background-media":"","overlay-type":"","overlay-color":"","overlay-opacity":"","overlay-gradient":""}}},"product_brand":[52],"product_cat":[51,107,15],"product_tag":[],"class_list":{"0":"post-5650","1":"product","2":"type-product","3":"status-publish","4":"has-post-thumbnail","6":"product_brand-bang-king","7":"product_cat-bang-king-triple-85000-trois-saveurs-en-une","8":"product_cat-puff-85k","9":"product_cat-magasin-cigarette-electronique","10":"desktop-align-center","11":"tablet-align-center","12":"mobile-align-center","13":"ast-product-gallery-layout-horizontal","14":"ast-product-gallery-with-no-image","15":"ast-product-single-variable","16":"ast-product-tabs-layout-horizontal","17":"ast-qv-on-image","19":"first","20":"instock","21":"sale","22":"shipping-taxable","23":"purchasable","24":"product-type-variable","25":"has-default-attributes"},"tiered_pricing_type":"fixed","tiered_pricing_fixed_rules":[],"tiered_pricing_product_settings":{"layout":"default","base_unit_name":{"singular":null,"plural":null},"default_variation":null},"tiered_pricing_minimum_quantity":null,"tiered_pricing_roles_data":[],"tiered_pricing_percentage_rules":[],"_links":{"self":[{"href":"https:\/\/puffvapestore.com\/de\/wp-json\/wp\/v2\/product\/5650","targetHints":{"allow":["GET"]}}],"collection":[{"href":"https:\/\/puffvapestore.com\/de\/wp-json\/wp\/v2\/product"}],"about":[{"href":"https:\/\/puffvapestore.com\/de\/wp-json\/wp\/v2\/types\/product"}],"replies":[{"embeddable":true,"href":"https:\/\/puffvapestore.com\/de\/wp-json\/wp\/v2\/comments?post=5650"}],"version-history":[{"count":8,"href":"https:\/\/puffvapestore.com\/de\/wp-json\/wp\/v2\/product\/5650\/revisions"}],"predecessor-version":[{"id":10699,"href":"https:\/\/puffvapestore.com\/de\/wp-json\/wp\/v2\/product\/5650\/revisions\/10699"}],"wp:featuredmedia":[{"embeddable":true,"href":"https:\/\/puffvapestore.com\/de\/wp-json\/wp\/v2\/media\/5393"}],"wp:attachment":[{"href":"https:\/\/puffvapestore.com\/de\/wp-json\/wp\/v2\/media?parent=5650"}],"wp:term":[{"taxonomy":"product_brand","embeddable":true,"href":"https:\/\/puffvapestore.com\/de\/wp-json\/wp\/v2\/product_brand?post=5650"},{"taxonomy":"product_cat","embeddable":true,"href":"https:\/\/puffvapestore.com\/de\/wp-json\/wp\/v2\/product_cat?post=5650"},{"taxonomy":"product_tag","embeddable":true,"href":"https:\/\/puffvapestore.com\/de\/wp-json\/wp\/v2\/product_tag?post=5650"}],"curies":[{"name":"wp","href":"https:\/\/api.w.org\/{rel}","templated":true}]}}