{"id":5617,"date":"2025-07-23T02:37:15","date_gmt":"2025-07-23T02:37:15","guid":{"rendered":"https:\/\/puffvapestore.com\/?post_type=product&#038;p=5617"},"modified":"2026-01-19T10:54:36","modified_gmt":"2026-01-19T10:54:36","slug":"strawberry-donut-love-66-banana-ice-bang-king-85k","status":"publish","type":"product","link":"https:\/\/puffvapestore.com\/de\/product\/strawberry-donut-love-66-banana-ice-bang-king-85k\/","title":{"rendered":"Strawberry Donut &amp; Love 66 &amp; Banana Ice - Bang King 85000 3 in 1 Triple Flavor"},"content":{"rendered":"<div data-elementor-type=\"wp-post\" data-elementor-id=\"5617\" class=\"elementor elementor-5617\">\n\t\t\t\t<div class=\"elementor-element elementor-element-08c26f9 e-flex e-con-boxed e-con e-parent\" data-id=\"08c26f9\" data-element_type=\"container\" data-e-type=\"container\">\n\t\t\t\t\t<div class=\"e-con-inner\">\n\t\t\t\t<div class=\"elementor-element elementor-element-a005a97 elementor-widget elementor-widget-text-editor\" data-id=\"a005a97\" data-element_type=\"widget\" data-e-type=\"widget\" data-widget_type=\"text-editor.default\">\n\t\t\t\t<div class=\"elementor-widget-container\">\n\t\t\t\t\t\t\t\t\t<h2>Erdbeer-Donut - Wie der erste Bissen eines Donuts in den Stra\u00dfen von Paris<\/h2><p>Wenn Sie von der Bang King 85000 auf den Erdbeer-Donut umschalten, wird ein s\u00fc\u00dfer, duftender Erdbeer-Sahne-Geschmack Ihren Gaumen umh\u00fcllen, wie ein morgendlicher Spaziergang auf den Champs-\u00c9lys\u00e9es, und die frisch gebackenen Erdbeerkrapfen in den franz\u00f6sischen Konditoreien am Stra\u00dfenrand werden Ihnen ein Gef\u00fchl von S\u00fc\u00dfe und W\u00e4rme vermitteln. \u00dcber den Geschmack der elektronischen Zigaretten hinaus ist es ein vertrauter und s\u00fc\u00dfer Trost. Bei einem Nickerchen am Fenster einen Zug zu nehmen, ist wie sich im Duft von Desserts zu entspannen und einen Moment puren franz\u00f6sischen Gl\u00fccks zu genie\u00dfen.<\/p><h2>Love 66 - Fruchtige Leidenschaft f\u00fcr eine romantische Nacht<\/h2><p>Das Aroma Love 66, diese geheimnisvolle und beliebte Fruchtkombination, eignet sich besonders f\u00fcr Frankreich, ein Land, das von Natur aus f\u00fcr Romantik empf\u00e4nglich ist. Die subtile Mischung aus der S\u00fc\u00dfe der Wassermelone und tropischen Fr\u00fcchten sorgt nicht nur f\u00fcr ein angenehmes Geschmackserlebnis, sondern regt auch ein leichtes Herzklopfen an. Ob in der Abendd\u00e4mmerung, allein an der Seine oder bei einem Abend mit Freunden, einen Zug Love 66 Rauch zur Entspannung zu nehmen, kann Sie in emotionale Tr\u00e4gheit und Wollust versetzen.<\/p><h2>Gefrorene Banane - Eine k\u00fchle Umarmung am Meer im Sommer<\/h2><p>Das Aroma Gefrorene Banane ist eine erfrischende Flucht aus dem Sommer. Das dichte Aroma der Banane vermischt sich mit der K\u00fchle und l\u00e4sst Sie frei atmen wie die blaue K\u00fcste S\u00fcdfrankreichs. Wenn die Stadt hei\u00df und unertr\u00e4glich ist, ist der Wechsel zum Banane-Eis-Geschmack wie ein Spaziergang am Strand, bei dem die Sonne auf Ihre Schultern scheint und die Frische Ihre Kehle durchdringt. Sobald Sie den Rauch einatmen, verfliegt die M\u00fcdigkeit sofort.<\/p><h2>Intelligenter HD-Bildschirm<\/h2><p>Der Bang King Triple 85000 Strawberry Donut &amp; Love 66 &amp; Banana Ice ist mit einem fortschrittlichen integrierten HD-Bildschirm ausgestattet, der eine intuitive Benutzererfahrung bietet. Dieser Bildschirm zeigt wichtige Informationen in Echtzeit an, einschlie\u00dflich der verbleibenden Akkuladung und der verbleibenden Menge an E-Fl\u00fcssigkeit, so dass die Benutzer immer den Status des Ger\u00e4ts im Auge behalten und ihr Erlebnis optimieren k\u00f6nnen.<\/p><h2>Auswahl von drei Geschmacksrichtungen und unabh\u00e4ngiger \u00d6ltank<\/h2><p>Der Bang King 85000 3 in 1 Triple Flavour integriert auf innovative Weise drei unabh\u00e4ngige Liquidtanks, die jeweils mit 21 ml Liquid vorgef\u00fcllt sind und eine Gesamtkapazit\u00e4t von bis zu 63 ml haben. Ein praktischer Wahlschalter erm\u00f6glicht die freie Wahl zwischen drei Geschmacksrichtungen. Jede Geschmacksrichtung reicht f\u00fcr bis zu 28300 Z\u00fcge und insgesamt bis zu 85000 Z\u00fcge, f\u00fcr ein abwechslungsreiches und lang anhaltendes Dampferlebnis.<\/p><p>Um den Bed\u00fcrfnissen jedes einzelnen Nutzers gerecht zu werden, bietet die Bang King Triple 85000 Strawberry Donut &amp; Love 66 &amp; Banana Ice vier verschiedene Nikotinst\u00e4rken: 0 % (nikotinfrei), 2 %, 3 % und 5 %. Diese Flexibilit\u00e4t erm\u00f6glicht es, die richtige Dosierung f\u00fcr die eigenen Vorlieben zu w\u00e4hlen, vom Raucher bis zum Gelegenheitsnutzer.<\/p><p>Diese elektronische Zigarette ist mit einem wiederaufladbaren 600-mAh-Akku ausgestattet und unterst\u00fctzt die USB-C-Schnellladetechnologie. Sie erm\u00f6glicht ein schnelles Aufladen des Ger\u00e4ts, verk\u00fcrzt die Wartezeit und sorgt f\u00fcr eine st\u00e4ndige Verf\u00fcgbarkeit, was ideal f\u00fcr den h\u00e4ufigen Gebrauch ist.<\/p><h2>Optimierte Konfiguration der Widerst\u00e4nde<\/h2><p>Der Bang King Triple 85000 Strawberry Donut &amp; Love 66 &amp; Banana Ice verwendet einen dreistufigen Mesh-Widerstand von 1,0 \u03a9, der f\u00fcr eine optimale Geschmackswiedergabe und Zerst\u00e4ubung optimiert wurde. Der Maschenwiderstand sorgt f\u00fcr eine gleichm\u00e4\u00dfige Erw\u00e4rmung und garantiert bei jedem Zug einen intensiven Geschmack und eine intensive Dampfproduktion.<\/p><p>Jede elektronische Zigarette Bang King Triple 85000 Strawberry Donut &amp; Love 66 &amp; Banana Ice bietet eine Gesamtkapazit\u00e4t von 63 ml E-Fl\u00fcssigkeit (3 Tanks zu je 21 ml) und bis zu 85.000 Z\u00fcge, was sie zu einem der Ger\u00e4te mit der l\u00e4ngsten Akkulaufzeit auf dem Markt macht. Ob f\u00fcr den t\u00e4glichen Gebrauch oder f\u00fcr l\u00e4ngere Ausfl\u00fcge, sie bietet Ihnen ein unbeschwertes Dampferlebnis.<\/p>\t\t\t\t\t\t\t\t<\/div>\n\t\t\t\t<\/div>\n\t\t\t\t\t<\/div>\n\t\t\t\t<\/div>\n\t\t\t\t<\/div>","protected":false},"excerpt":{"rendered":"<p>Donut Fraise &#8211; Comme la premi\u00e8re bouch\u00e9e d&rsquo;un donut dans les rues de Paris Lorsque vous passez du Bang King 85000 au Donut Fraise, une douce et parfum\u00e9e saveur fraise-cr\u00e8me enveloppera votre palais, comme une promenade matinale sur les Champs-\u00c9lys\u00e9es, et les beignets \u00e0 la fraise fra\u00eechement sortis du four dans les p\u00e2tisseries fran\u00e7aises du [&hellip;]<\/p>\n","protected":false},"featured_media":5400,"comment_status":"open","ping_status":"closed","template":"","meta":{"site-sidebar-layout":"no-sidebar","site-content-layout":"page-builder","ast-site-content-layout":"normal-width-container","site-content-style":"default","site-sidebar-style":"default","ast-global-header-display":"","ast-banner-title-visibility":"","ast-main-header-display":"","ast-hfb-above-header-display":"","ast-hfb-below-header-display":"","ast-hfb-mobile-header-display":"","site-post-title":"disabled","ast-breadcrumbs-content":"","ast-featured-img":"disabled","footer-sml-layout":"","ast-disable-related-posts":"","theme-transparent-header-meta":"default","adv-header-id-meta":"","stick-header-meta":"default","header-above-stick-meta":"","header-main-stick-meta":"","header-below-stick-meta":"","astra-migrate-meta-layouts":"set","ast-page-background-enabled":"default","ast-page-background-meta":{"desktop":{"background-color":"","background-image":"","background-repeat":"repeat","background-position":"center center","background-size":"auto","background-attachment":"scroll","background-type":"","background-media":"","overlay-type":"","overlay-color":"","overlay-opacity":"","overlay-gradient":""},"tablet":{"background-color":"","background-image":"","background-repeat":"repeat","background-position":"center center","background-size":"auto","background-attachment":"scroll","background-type":"","background-media":"","overlay-type":"","overlay-color":"","overlay-opacity":"","overlay-gradient":""},"mobile":{"background-color":"","background-image":"","background-repeat":"repeat","background-position":"center center","background-size":"auto","background-attachment":"scroll","background-type":"","background-media":"","overlay-type":"","overlay-color":"","overlay-opacity":"","overlay-gradient":""}},"ast-content-background-meta":{"desktop":{"background-color":"var(--ast-global-color-5)","background-image":"","background-repeat":"repeat","background-position":"center center","background-size":"auto","background-attachment":"scroll","background-type":"","background-media":"","overlay-type":"","overlay-color":"","overlay-opacity":"","overlay-gradient":""},"tablet":{"background-color":"var(--ast-global-color-5)","background-image":"","background-repeat":"repeat","background-position":"center center","background-size":"auto","background-attachment":"scroll","background-type":"","background-media":"","overlay-type":"","overlay-color":"","overlay-opacity":"","overlay-gradient":""},"mobile":{"background-color":"var(--ast-global-color-5)","background-image":"","background-repeat":"repeat","background-position":"center center","background-size":"auto","background-attachment":"scroll","background-type":"","background-media":"","overlay-type":"","overlay-color":"","overlay-opacity":"","overlay-gradient":""}}},"product_brand":[52],"product_cat":[51,107,15],"product_tag":[],"class_list":{"0":"post-5617","1":"product","2":"type-product","3":"status-publish","4":"has-post-thumbnail","6":"product_brand-bang-king","7":"product_cat-bang-king-triple-85000-trois-saveurs-en-une","8":"product_cat-puff-85k","9":"product_cat-magasin-cigarette-electronique","10":"desktop-align-center","11":"tablet-align-center","12":"mobile-align-center","13":"ast-product-gallery-layout-horizontal","14":"ast-product-gallery-with-no-image","15":"ast-product-single-variable","16":"ast-product-tabs-layout-horizontal","17":"ast-qv-on-image","19":"first","20":"instock","21":"sale","22":"shipping-taxable","23":"purchasable","24":"product-type-variable","25":"has-default-attributes"},"tiered_pricing_type":"fixed","tiered_pricing_fixed_rules":[],"tiered_pricing_product_settings":{"layout":"default","base_unit_name":{"singular":null,"plural":null},"default_variation":null},"tiered_pricing_minimum_quantity":null,"tiered_pricing_roles_data":[],"tiered_pricing_percentage_rules":[],"_links":{"self":[{"href":"https:\/\/puffvapestore.com\/de\/wp-json\/wp\/v2\/product\/5617","targetHints":{"allow":["GET"]}}],"collection":[{"href":"https:\/\/puffvapestore.com\/de\/wp-json\/wp\/v2\/product"}],"about":[{"href":"https:\/\/puffvapestore.com\/de\/wp-json\/wp\/v2\/types\/product"}],"replies":[{"embeddable":true,"href":"https:\/\/puffvapestore.com\/de\/wp-json\/wp\/v2\/comments?post=5617"}],"version-history":[{"count":8,"href":"https:\/\/puffvapestore.com\/de\/wp-json\/wp\/v2\/product\/5617\/revisions"}],"predecessor-version":[{"id":10695,"href":"https:\/\/puffvapestore.com\/de\/wp-json\/wp\/v2\/product\/5617\/revisions\/10695"}],"wp:featuredmedia":[{"embeddable":true,"href":"https:\/\/puffvapestore.com\/de\/wp-json\/wp\/v2\/media\/5400"}],"wp:attachment":[{"href":"https:\/\/puffvapestore.com\/de\/wp-json\/wp\/v2\/media?parent=5617"}],"wp:term":[{"taxonomy":"product_brand","embeddable":true,"href":"https:\/\/puffvapestore.com\/de\/wp-json\/wp\/v2\/product_brand?post=5617"},{"taxonomy":"product_cat","embeddable":true,"href":"https:\/\/puffvapestore.com\/de\/wp-json\/wp\/v2\/product_cat?post=5617"},{"taxonomy":"product_tag","embeddable":true,"href":"https:\/\/puffvapestore.com\/de\/wp-json\/wp\/v2\/product_tag?post=5617"}],"curies":[{"name":"wp","href":"https:\/\/api.w.org\/{rel}","templated":true}]}}