{"id":5590,"date":"2025-07-22T11:04:48","date_gmt":"2025-07-22T11:04:48","guid":{"rendered":"https:\/\/puffvapestore.com\/?post_type=product&#038;p=5590"},"modified":"2026-01-19T10:54:36","modified_gmt":"2026-01-19T10:54:36","slug":"bang-king-85k-pineapple-coconut-blue-razz-strawberry-banana-vous-offre-un-moment-de-detente","status":"publish","type":"product","link":"https:\/\/puffvapestore.com\/de\/product\/bang-king-85k-pineapple-coconut-blue-razz-strawberry-banana-schenkt-ihnen-einen-moment-der-entspannung\/","title":{"rendered":"Bang King Triple 85000 3 in 1 - Pineapple Coconut &amp; Blue Razz &amp; Strawberry Banana"},"content":{"rendered":"<div data-elementor-type=\"wp-post\" data-elementor-id=\"5590\" class=\"elementor elementor-5590\">\n\t\t\t\t<div class=\"elementor-element elementor-element-08c26f9 e-flex e-con-boxed e-con e-parent\" data-id=\"08c26f9\" data-element_type=\"container\" data-e-type=\"container\">\n\t\t\t\t\t<div class=\"e-con-inner\">\n\t\t\t\t<div class=\"elementor-element elementor-element-a005a97 elementor-widget elementor-widget-text-editor\" data-id=\"a005a97\" data-element_type=\"widget\" data-e-type=\"widget\" data-widget_type=\"text-editor.default\">\n\t\t\t\t<div class=\"elementor-widget-container\">\n\t\t\t\t\t\t\t\t\t<p>Ein Zug an einer dichten, fruchtigen E-Zigarette ist zu einem Muss f\u00fcr die zeitgen\u00f6ssische Entspannung \u00e0 la fran\u00e7aise geworden.<\/p><p>Die dreifache elektronische Zigarette Bang King Triple 85000 ist f\u00fcr diesen Moment geboren. Sie durchbricht die Monotonie eines einzigen Aromas und kombiniert auf innovative Weise die drei tropischen Geschmacksrichtungen \"Ananas, Kokosnuss\", \"Blue Razz\" und \"Erdbeer-Banane\". Sie k\u00f6nnen frei zwischen den einzelnen Geschmacksrichtungen wechseln, indem Sie einfach den Geschmackswahlschalter anpassen.<\/p><p>Das Aroma Ananas, Kokosnuss entf\u00fchrt Sie in die Brise der Karibik: S\u00fc\u00df-saure Ananas trifft auf den seidigen Duft der Kokosnuss, und jeder Zug schenkt Ihnen einen Moment der Entspannung am Mittelmeer.<\/p><p>Die Geschmacksrichtung Blue Razz ist eine Begegnung mit einem franz\u00f6sischen Obstgarten, in dem sich s\u00e4uerliche Himbeeren und Heidelbeeren vereinen, um Ihre Geschmacksknospen zu wecken, wenn Sie m\u00fcde sind.<\/p><p>Der Geschmack Erdbeer-Banane ist wie ein Dessert bei einem Picknick in der Provence, s\u00fc\u00df und dicht, mit einem anhaltenden Duft auf Lippen und Z\u00e4hnen, der Sie dazu bringt, einen ruhigen Moment in der Abendd\u00e4mmerung zu genie\u00dfen.<\/p><h2>Dreifaches Geschmackswechselsystem<\/h2><p>Der Bang King 85000 Pineapple Coconut &amp; Blue Razz &amp; Strawberry Banana 3 in 1 Triple Flavour ist mit drei unabh\u00e4ngigen Liquidtanks ausgestattet, die jeweils mit 21 ml hochwertiger E-Liquids vorgef\u00fcllt sind, was eine Gesamtkapazit\u00e4t von bis zu 63 ml ergibt. So k\u00f6nnen Sie ganz nach Lust und Laune zwischen den Geschmacksrichtungen wechseln. Wechseln Sie einfach von einem Aroma zum anderen, ohne das Ger\u00e4t zu wechseln. Entdecken Sie drei verschiedene Geschmacksrichtungen, um auch den anspruchsvollsten Gaumen zu befriedigen.<\/p><p>Die Bang King Triple 85000 Pineapple Coconut &amp; Blue Razz &amp; Strawberry Banana bietet 85000 Z\u00fcge, das sind etwa 28300 Z\u00fcge pro Geschmacksrichtung. Egal, ob Sie ihn im Alltag oder unterwegs benutzen, Sie werden sich lange auf ihn verlassen k\u00f6nnen, ohne ihn h\u00e4ufig austauschen zu m\u00fcssen.<\/p><h2>Intelligente digitale Anzeigetafel, \u00fcbersichtlich auf einen Blick<\/h2><p>Der Bang King 85000 Pineapple Coconut &amp; Blue Razz &amp; Strawberry Banana 3 in 1 Triple Flavour verf\u00fcgt \u00fcber ein integriertes, hochaufl\u00f6sendes Smart Display, das in Echtzeit die Akkuladung und die verbleibende Menge an e-Fl\u00fcssigkeit anzeigt. Intuitive Anzeigen machen den Nutzungsstatus leicht ersichtlich und sorgen f\u00fcr eine konstante Ladung der E-Fl\u00fcssigkeit und des Akkus.<\/p><h2>Es gibt verschiedene Nikotinkonzentrationen, um unterschiedlichen Bed\u00fcrfnissen gerecht zu werden.<\/h2><p>Die Bang King Triple 85000 Pineapple Coconut &amp; Blue Razz &amp; Strawberry Banana bietet vier Nikotinkonzentrationen: 0 %, 2 %, 3 % und 5 %, die auf unterschiedliche Nutzungsgewohnheiten abgestimmt sind. Vom einfachen nikotinfreien Genuss bis hin zur hohen Konzentration f\u00fcr intensive Bed\u00fcrfnisse passt sie sich an verschiedene Nutzungsszenarien an.<\/p><p>Drei S\u00e4tze unabh\u00e4ngiger 1,0 \u03a9 Mesh-Widerst\u00e4nde, die in jede \u00d6lbox eingebaut sind, verbessern die Effizienz der Zerst\u00e4ubung und die Geschmackswiedergabe. Die Mesh-Struktur heizt gleichm\u00e4\u00dfiger, der Dampf ist reichhaltiger und der Raucheintritt sanfter, f\u00fcr ein reines und mildes Raucherlebnis.<\/p><p>Ausgestattet mit einem wiederaufladbaren Hochleistungsakku mit 600 mAh, ist er mit der USB-C-Schnellladetechnologie kompatibel. Der Ladevorgang ist schnell und erm\u00f6glicht es Ihnen, Ihr Dampfen weiterhin zu genie\u00dfen, ohne sich Sorgen um die Lebensdauer des Akkus machen zu m\u00fcssen, was ihn ideal f\u00fcr h\u00e4ufige Ausfl\u00fcge oder Langzeitnutzer macht.<\/p><h2>Neues Aussehen und ergonomisches Design<\/h2><p>Der K\u00f6rper der Bang King 85000 Pineapple Coconut &amp; Blue Razz &amp; Strawberry Banana 3 in 1 Triple Saveur hat eine moderne, schlichte Form, die Technologie und Praktikabilit\u00e4t miteinander verbindet. Das auslaufsichere Design der E-Fl\u00fcssigkeitsstruktur garantiert einen problemlosen t\u00e4glichen Transport, und die handwerkliche Kunstfertigkeit spiegelt sich in jedem Detail wider.<\/p>\t\t\t\t\t\t\t\t<\/div>\n\t\t\t\t<\/div>\n\t\t\t\t\t<\/div>\n\t\t\t\t<\/div>\n\t\t\t\t<\/div>","protected":false},"excerpt":{"rendered":"<p>Une bouff\u00e9e de cigarette \u00e9lectronique dense et fruit\u00e9e est devenue un incontournable de la d\u00e9tente contemporaine \u00e0 la fran\u00e7aise. La cigarette \u00e9lectronique trois en un Bang King Triple 85000 est n\u00e9e pour ce moment. Elle rompt avec la monotonie d&rsquo;un ar\u00f4me unique et combine de mani\u00e8re innovante les trois saveurs tropicales \u00ab Ananas, Noix de [&hellip;]<\/p>\n","protected":false},"featured_media":5398,"comment_status":"open","ping_status":"closed","template":"","meta":{"site-sidebar-layout":"no-sidebar","site-content-layout":"page-builder","ast-site-content-layout":"normal-width-container","site-content-style":"default","site-sidebar-style":"default","ast-global-header-display":"","ast-banner-title-visibility":"","ast-main-header-display":"","ast-hfb-above-header-display":"","ast-hfb-below-header-display":"","ast-hfb-mobile-header-display":"","site-post-title":"disabled","ast-breadcrumbs-content":"","ast-featured-img":"disabled","footer-sml-layout":"","ast-disable-related-posts":"","theme-transparent-header-meta":"default","adv-header-id-meta":"","stick-header-meta":"default","header-above-stick-meta":"","header-main-stick-meta":"","header-below-stick-meta":"","astra-migrate-meta-layouts":"set","ast-page-background-enabled":"default","ast-page-background-meta":{"desktop":{"background-color":"","background-image":"","background-repeat":"repeat","background-position":"center center","background-size":"auto","background-attachment":"scroll","background-type":"","background-media":"","overlay-type":"","overlay-color":"","overlay-opacity":"","overlay-gradient":""},"tablet":{"background-color":"","background-image":"","background-repeat":"repeat","background-position":"center center","background-size":"auto","background-attachment":"scroll","background-type":"","background-media":"","overlay-type":"","overlay-color":"","overlay-opacity":"","overlay-gradient":""},"mobile":{"background-color":"","background-image":"","background-repeat":"repeat","background-position":"center center","background-size":"auto","background-attachment":"scroll","background-type":"","background-media":"","overlay-type":"","overlay-color":"","overlay-opacity":"","overlay-gradient":""}},"ast-content-background-meta":{"desktop":{"background-color":"var(--ast-global-color-5)","background-image":"","background-repeat":"repeat","background-position":"center center","background-size":"auto","background-attachment":"scroll","background-type":"","background-media":"","overlay-type":"","overlay-color":"","overlay-opacity":"","overlay-gradient":""},"tablet":{"background-color":"var(--ast-global-color-5)","background-image":"","background-repeat":"repeat","background-position":"center center","background-size":"auto","background-attachment":"scroll","background-type":"","background-media":"","overlay-type":"","overlay-color":"","overlay-opacity":"","overlay-gradient":""},"mobile":{"background-color":"var(--ast-global-color-5)","background-image":"","background-repeat":"repeat","background-position":"center center","background-size":"auto","background-attachment":"scroll","background-type":"","background-media":"","overlay-type":"","overlay-color":"","overlay-opacity":"","overlay-gradient":""}}},"product_brand":[52],"product_cat":[51,107,15],"product_tag":[],"class_list":{"0":"post-5590","1":"product","2":"type-product","3":"status-publish","4":"has-post-thumbnail","6":"product_brand-bang-king","7":"product_cat-bang-king-triple-85000-trois-saveurs-en-une","8":"product_cat-puff-85k","9":"product_cat-magasin-cigarette-electronique","10":"desktop-align-center","11":"tablet-align-center","12":"mobile-align-center","13":"ast-product-gallery-layout-horizontal","14":"ast-product-gallery-with-no-image","15":"ast-product-single-variable","16":"ast-product-tabs-layout-horizontal","17":"ast-qv-on-image","19":"first","20":"instock","21":"sale","22":"shipping-taxable","23":"purchasable","24":"product-type-variable","25":"has-default-attributes"},"tiered_pricing_type":"fixed","tiered_pricing_fixed_rules":[],"tiered_pricing_product_settings":{"layout":"default","base_unit_name":{"singular":null,"plural":null},"default_variation":null},"tiered_pricing_minimum_quantity":null,"tiered_pricing_roles_data":[],"tiered_pricing_percentage_rules":[],"_links":{"self":[{"href":"https:\/\/puffvapestore.com\/de\/wp-json\/wp\/v2\/product\/5590","targetHints":{"allow":["GET"]}}],"collection":[{"href":"https:\/\/puffvapestore.com\/de\/wp-json\/wp\/v2\/product"}],"about":[{"href":"https:\/\/puffvapestore.com\/de\/wp-json\/wp\/v2\/types\/product"}],"replies":[{"embeddable":true,"href":"https:\/\/puffvapestore.com\/de\/wp-json\/wp\/v2\/comments?post=5590"}],"version-history":[{"count":8,"href":"https:\/\/puffvapestore.com\/de\/wp-json\/wp\/v2\/product\/5590\/revisions"}],"predecessor-version":[{"id":10702,"href":"https:\/\/puffvapestore.com\/de\/wp-json\/wp\/v2\/product\/5590\/revisions\/10702"}],"wp:featuredmedia":[{"embeddable":true,"href":"https:\/\/puffvapestore.com\/de\/wp-json\/wp\/v2\/media\/5398"}],"wp:attachment":[{"href":"https:\/\/puffvapestore.com\/de\/wp-json\/wp\/v2\/media?parent=5590"}],"wp:term":[{"taxonomy":"product_brand","embeddable":true,"href":"https:\/\/puffvapestore.com\/de\/wp-json\/wp\/v2\/product_brand?post=5590"},{"taxonomy":"product_cat","embeddable":true,"href":"https:\/\/puffvapestore.com\/de\/wp-json\/wp\/v2\/product_cat?post=5590"},{"taxonomy":"product_tag","embeddable":true,"href":"https:\/\/puffvapestore.com\/de\/wp-json\/wp\/v2\/product_tag?post=5590"}],"curies":[{"name":"wp","href":"https:\/\/api.w.org\/{rel}","templated":true}]}}