{"id":5568,"date":"2025-07-22T05:31:10","date_gmt":"2025-07-22T05:31:10","guid":{"rendered":"https:\/\/puffvapestore.com\/?post_type=product&#038;p=5568"},"modified":"2026-01-19T10:54:36","modified_gmt":"2026-01-19T10:54:36","slug":"bang-king-triple-85k-strawberry-watermelon-triple-melon-strawberry-ice","status":"publish","type":"product","link":"https:\/\/puffvapestore.com\/de\/product\/bang-king-triple-85k-strawberry-watermelon-triple-melon-strawberry-ice\/","title":{"rendered":"Bang King Triple 85000 3 in 1 - Strawberry Watermelon &amp; Triple Melon &amp; Strawberry Ice"},"content":{"rendered":"<div data-elementor-type=\"wp-post\" data-elementor-id=\"5568\" class=\"elementor elementor-5568\">\n\t\t\t\t<div class=\"elementor-element elementor-element-08c26f9 e-flex e-con-boxed e-con e-parent\" data-id=\"08c26f9\" data-element_type=\"container\" data-e-type=\"container\">\n\t\t\t\t\t<div class=\"e-con-inner\">\n\t\t\t\t<div class=\"elementor-element elementor-element-a005a97 elementor-widget elementor-widget-text-editor\" data-id=\"a005a97\" data-element_type=\"widget\" data-e-type=\"widget\" data-widget_type=\"text-editor.default\">\n\t\t\t\t<div class=\"elementor-widget-container\">\n\t\t\t\t\t\t\t\t\t<p>Die Bang King Triple 85000 ist nicht nur eine elektronische Zigarette, sondern auch ein unverzichtbares Hilfsmittel, um Abwechslung in den Alltag zu bringen. Sie ist mit drei unabh\u00e4ngigen Tanks ausgestattet, die jeweils eine Kapazit\u00e4t von 21 ml bieten. Entdecken Sie verschiedene Geschmacksrichtungen, indem Sie einfach mit dem Wahlschalter die Geschmacksrichtung wechseln. Jede E-Zigarette bietet bis zu 85000 Z\u00fcge, ein perfektes Gleichgewicht zwischen Wirtschaftlichkeit und Premium-Genuss.<\/p><h2>Erdbeere Wassermelone: Der Duft eines Obstgartens an einem sonnigen Nachmittag in Frankreich<\/h2><p>Genie\u00dfen Sie auf einer Bank am Ufer der Seine in Paris, w\u00e4hrend die Sonne durch die Bl\u00e4tter auf Ihren Schultern bricht, einen Schluck aromatisierten Erdbeer-Wassermelonen-Rauch wie inmitten eines fr\u00fchsommerlichen Obstgartens. Die S\u00fc\u00dfe von Erdbeeren und die Frische von Wassermelonen verschmelzen miteinander und erzeugen ein weiches, helles Mundgef\u00fchl. Dieser Geschmack erinnert an die Obstst\u00e4nde in S\u00fcdfrankreich im Hochsommer, nat\u00fcrlich, frisch und nicht \u00fcbertrieben.<\/p><h2>Triple Melon: Saftig und s\u00fc\u00df nach s\u00fcdfranz\u00f6sischer Art<\/h2><p>Die Geschmacksrichtung Triple Melon ist eine perfekte Hommage an die Liebe der Franzosen zur fruchtigen Komplexit\u00e4t. Die Verschmelzung von drei Melonen- und Fruchtsorten, Schicht f\u00fcr Schicht: die S\u00fc\u00dfe der Cantaloupe, die Zartheit der Honigmelone und die leichte S\u00e4ure der Melone sorgen f\u00fcr einen reichhaltigen und lang anhaltenden Nachgeschmack. Genie\u00dfen Sie einen Schluck aromatisierten Triple Melon Rauch, als ob Sie auf einen provenzalischen Markt gehen w\u00fcrden, wo die Sonne auf die bunten Obstst\u00e4nde scheint und die Luft von fruchtigen D\u00fcften geschw\u00e4ngert ist. Dieser Duft eignet sich besonders gut nach Einbruch der Dunkelheit, wenn Sie auf Ihrem Balkon sitzen und mit Ihren Freunden plaudern. Schalten Sie zu jeder Zeit und an jedem Ort in den Entspannungsmodus.<\/p><h2>Gefrorene Erdbeere: Eine erfrischende Wahl f\u00fcr moderne Pariser N\u00e4chte<\/h2><p>Wenn Sie gerne nachts unterwegs sind, wird die Geschmacksrichtung Frozen Strawberry zu Ihrer unverzichtbaren Inspiration werden. Die s\u00fc\u00dfe S\u00fc\u00dfe der Erdbeeren, verfeinert mit der Frische der Minze, sorgt f\u00fcr einen erfrischenden Effekt, wie ein Cocktail aus roten Fr\u00fcchten nach einem n\u00e4chtlichen Spaziergang \u00fcber die Champs-\u00c9lys\u00e9es. Das Frischegef\u00fchl ist nicht stechend, sondern von franz\u00f6sischer Subtilit\u00e4t: elegant und zur\u00fcckhaltend. Dieser Duft ist ideal, um allein zu lesen, Jazz zu h\u00f6ren oder zu meditieren. Nach einem Schluck Rauch mit dem Aroma Erdbeer-Eis verfliegt die M\u00fcdigkeit und macht Platz f\u00fcr klare Gedanken.<\/p><h2>Dreifaches Geschmackswechselsystem<\/h2><p>Der Bang King 85000 Strawberry Watermelon &amp; Triple Melon &amp; Strawberry Ice 3 in 1 Triple Flavour ist mit drei unabh\u00e4ngigen Liquidtanks ausgestattet, die jeweils mit 21 ml hochwertiger E-Liquids vorgef\u00fcllt sind, was eine Gesamtkapazit\u00e4t von bis zu 63 ml ergibt. So k\u00f6nnen Sie ganz nach Lust und Laune zwischen den Geschmacksrichtungen wechseln. Wechseln Sie einfach von einem Aroma zum anderen, ohne das Ger\u00e4t zu wechseln. Entdecken Sie drei verschiedene Geschmacksrichtungen, um auch den anspruchsvollsten Gaumen zu befriedigen.<\/p><p>Die Bang King Triple 85000 Strawberry Watermelon &amp; Triple Melon &amp; Strawberry Ice bietet 85000 Z\u00fcge, das sind etwa 28300 Z\u00fcge pro Geschmacksrichtung. Egal, ob Sie ihn im Alltag oder unterwegs benutzen, Sie werden sich lange auf ihn verlassen k\u00f6nnen, ohne ihn h\u00e4ufig austauschen zu m\u00fcssen.<\/p><h2>Intelligente digitale Anzeigetafel, \u00fcbersichtlich auf einen Blick<\/h2><p>Der Bang King 85000 Strawberry Watermelon &amp; Triple Melon &amp; Strawberry Ice 3 in 1 Triple Flavour verf\u00fcgt \u00fcber ein integriertes, hochaufl\u00f6sendes Smart Display, das in Echtzeit die Akkuladung und die verbleibende Menge an e-Liquid anzeigt. Intuitive Anzeigen machen den Nutzungsstatus leicht ersichtlich und sorgen f\u00fcr eine konstante Ladung der E-Fl\u00fcssigkeit und des Akkus.<\/p><h2>Es gibt verschiedene Nikotinkonzentrationen, um unterschiedlichen Bed\u00fcrfnissen gerecht zu werden.<\/h2><p>Die Bang King Triple 85000 bietet vier Nikotinkonzentrationen: 0 %, 2 %, 3 % und 5 %, die auf unterschiedliche Nutzungsgewohnheiten abgestimmt sind. Vom einfachen nikotinfreien Genuss bis zur hohen Konzentration f\u00fcr intensive Bed\u00fcrfnisse passt er sich an verschiedene Nutzungsszenarien an.<\/p><p>Drei S\u00e4tze unabh\u00e4ngiger 1,0 \u03a9 Mesh-Widerst\u00e4nde, die in jede \u00d6lbox eingebaut sind, verbessern die Effizienz der Zerst\u00e4ubung und die Geschmackswiedergabe. Die Mesh-Struktur heizt gleichm\u00e4\u00dfiger, der Dampf ist reichhaltiger und der Raucheintritt sanfter, f\u00fcr ein reines und mildes Raucherlebnis.<\/p><p>Ausgestattet mit einem wiederaufladbaren Hochleistungsakku mit 600 mAh, ist er mit der USB-C-Schnellladetechnologie kompatibel. Der Ladevorgang ist schnell und erm\u00f6glicht es Ihnen, Ihr Dampfen weiterhin zu genie\u00dfen, ohne sich Sorgen um die Lebensdauer des Akkus machen zu m\u00fcssen, was ihn ideal f\u00fcr h\u00e4ufige Ausfl\u00fcge oder Langzeitnutzer macht.<\/p><h2>Neues Aussehen und ergonomisches Design<\/h2><p>Der K\u00f6rper der Bang King 85000 Strawberry Watermelon &amp; Triple Melon &amp; Strawberry Ice 3 in 1 Triple Flavour hat eine moderne, schlichte Form, die Technologie und Praktikabilit\u00e4t vereint. Das auslaufsichere Design der E-Fl\u00fcssigkeitsstruktur garantiert einen problemlosen t\u00e4glichen Transport, und die handwerkliche Kunstfertigkeit spiegelt sich in jedem Detail wider.<\/p>\t\t\t\t\t\t\t\t<\/div>\n\t\t\t\t<\/div>\n\t\t\t\t\t<\/div>\n\t\t\t\t<\/div>\n\t\t\t\t<\/div>","protected":false},"excerpt":{"rendered":"<p>La Bang King Triple 85000 est non seulement une cigarette \u00e9lectronique, mais aussi un outil indispensable pour varier les plaisirs au quotidien. Elle est \u00e9quip\u00e9e de trois r\u00e9servoirs ind\u00e9pendants, chacun offrant une capacit\u00e9 de 21 ml. D\u00e9couvrez diff\u00e9rentes saveurs en changeant simplement de saveur gr\u00e2ce au s\u00e9lecteur. Chaque cigarette \u00e9lectronique offre jusqu&rsquo;\u00e0 85000 bouff\u00e9es, un [&hellip;]<\/p>\n","protected":false},"featured_media":5402,"comment_status":"open","ping_status":"closed","template":"","meta":{"site-sidebar-layout":"no-sidebar","site-content-layout":"page-builder","ast-site-content-layout":"normal-width-container","site-content-style":"default","site-sidebar-style":"default","ast-global-header-display":"","ast-banner-title-visibility":"","ast-main-header-display":"","ast-hfb-above-header-display":"","ast-hfb-below-header-display":"","ast-hfb-mobile-header-display":"","site-post-title":"disabled","ast-breadcrumbs-content":"","ast-featured-img":"disabled","footer-sml-layout":"","ast-disable-related-posts":"","theme-transparent-header-meta":"default","adv-header-id-meta":"","stick-header-meta":"default","header-above-stick-meta":"","header-main-stick-meta":"","header-below-stick-meta":"","astra-migrate-meta-layouts":"set","ast-page-background-enabled":"default","ast-page-background-meta":{"desktop":{"background-color":"","background-image":"","background-repeat":"repeat","background-position":"center center","background-size":"auto","background-attachment":"scroll","background-type":"","background-media":"","overlay-type":"","overlay-color":"","overlay-opacity":"","overlay-gradient":""},"tablet":{"background-color":"","background-image":"","background-repeat":"repeat","background-position":"center center","background-size":"auto","background-attachment":"scroll","background-type":"","background-media":"","overlay-type":"","overlay-color":"","overlay-opacity":"","overlay-gradient":""},"mobile":{"background-color":"","background-image":"","background-repeat":"repeat","background-position":"center center","background-size":"auto","background-attachment":"scroll","background-type":"","background-media":"","overlay-type":"","overlay-color":"","overlay-opacity":"","overlay-gradient":""}},"ast-content-background-meta":{"desktop":{"background-color":"var(--ast-global-color-5)","background-image":"","background-repeat":"repeat","background-position":"center center","background-size":"auto","background-attachment":"scroll","background-type":"","background-media":"","overlay-type":"","overlay-color":"","overlay-opacity":"","overlay-gradient":""},"tablet":{"background-color":"var(--ast-global-color-5)","background-image":"","background-repeat":"repeat","background-position":"center center","background-size":"auto","background-attachment":"scroll","background-type":"","background-media":"","overlay-type":"","overlay-color":"","overlay-opacity":"","overlay-gradient":""},"mobile":{"background-color":"var(--ast-global-color-5)","background-image":"","background-repeat":"repeat","background-position":"center center","background-size":"auto","background-attachment":"scroll","background-type":"","background-media":"","overlay-type":"","overlay-color":"","overlay-opacity":"","overlay-gradient":""}}},"product_brand":[52],"product_cat":[51,107,15],"product_tag":[],"class_list":{"0":"post-5568","1":"product","2":"type-product","3":"status-publish","4":"has-post-thumbnail","6":"product_brand-bang-king","7":"product_cat-bang-king-triple-85000-trois-saveurs-en-une","8":"product_cat-puff-85k","9":"product_cat-magasin-cigarette-electronique","10":"desktop-align-center","11":"tablet-align-center","12":"mobile-align-center","13":"ast-product-gallery-layout-horizontal","14":"ast-product-gallery-with-no-image","15":"ast-product-single-variable","16":"ast-product-tabs-layout-horizontal","17":"ast-qv-on-image","19":"first","20":"instock","21":"sale","22":"shipping-taxable","23":"purchasable","24":"product-type-variable","25":"has-default-attributes"},"tiered_pricing_type":"fixed","tiered_pricing_fixed_rules":[],"tiered_pricing_product_settings":{"layout":"default","base_unit_name":{"singular":null,"plural":null},"default_variation":null},"tiered_pricing_minimum_quantity":null,"tiered_pricing_roles_data":[],"tiered_pricing_percentage_rules":[],"_links":{"self":[{"href":"https:\/\/puffvapestore.com\/de\/wp-json\/wp\/v2\/product\/5568","targetHints":{"allow":["GET"]}}],"collection":[{"href":"https:\/\/puffvapestore.com\/de\/wp-json\/wp\/v2\/product"}],"about":[{"href":"https:\/\/puffvapestore.com\/de\/wp-json\/wp\/v2\/types\/product"}],"replies":[{"embeddable":true,"href":"https:\/\/puffvapestore.com\/de\/wp-json\/wp\/v2\/comments?post=5568"}],"version-history":[{"count":8,"href":"https:\/\/puffvapestore.com\/de\/wp-json\/wp\/v2\/product\/5568\/revisions"}],"predecessor-version":[{"id":10704,"href":"https:\/\/puffvapestore.com\/de\/wp-json\/wp\/v2\/product\/5568\/revisions\/10704"}],"wp:featuredmedia":[{"embeddable":true,"href":"https:\/\/puffvapestore.com\/de\/wp-json\/wp\/v2\/media\/5402"}],"wp:attachment":[{"href":"https:\/\/puffvapestore.com\/de\/wp-json\/wp\/v2\/media?parent=5568"}],"wp:term":[{"taxonomy":"product_brand","embeddable":true,"href":"https:\/\/puffvapestore.com\/de\/wp-json\/wp\/v2\/product_brand?post=5568"},{"taxonomy":"product_cat","embeddable":true,"href":"https:\/\/puffvapestore.com\/de\/wp-json\/wp\/v2\/product_cat?post=5568"},{"taxonomy":"product_tag","embeddable":true,"href":"https:\/\/puffvapestore.com\/de\/wp-json\/wp\/v2\/product_tag?post=5568"}],"curies":[{"name":"wp","href":"https:\/\/api.w.org\/{rel}","templated":true}]}}