{"id":5538,"date":"2025-07-22T00:48:59","date_gmt":"2025-07-22T00:48:59","guid":{"rendered":"https:\/\/puffvapestore.com\/?post_type=product&#038;p=5538"},"modified":"2026-01-19T10:54:36","modified_gmt":"2026-01-19T10:54:36","slug":"bang-king-85k-strawberry-vanilla-coke-black-dragon-ice-peach-ice","status":"publish","type":"product","link":"https:\/\/puffvapestore.com\/de\/product\/bang-king-85k-strawberry-vanilla-coke-black-dragon-ice-peach-ice\/","title":{"rendered":"Bang King 85000 3 in 1 Triple Flavor - Strawberry Vanilla Coke &amp; Black Dragon Ice &amp; Peach Ice"},"content":{"rendered":"<div data-elementor-type=\"wp-post\" data-elementor-id=\"5538\" class=\"elementor elementor-5538\">\n\t\t\t\t<div class=\"elementor-element elementor-element-08c26f9 e-flex e-con-boxed e-con e-parent\" data-id=\"08c26f9\" data-element_type=\"container\" data-e-type=\"container\">\n\t\t\t\t\t<div class=\"e-con-inner\">\n\t\t\t\t<div class=\"elementor-element elementor-element-a005a97 elementor-widget elementor-widget-text-editor\" data-id=\"a005a97\" data-element_type=\"widget\" data-e-type=\"widget\" data-widget_type=\"text-editor.default\">\n\t\t\t\t<div class=\"elementor-widget-container\">\n\t\t\t\t\t\t\t\t\t<p>Die Bang King Triple 85000 verf\u00fcgt \u00fcber einen dreifachen Tank f\u00fcr E-Liquids. Dank des Geschmacksw\u00e4hlers k\u00f6nnen Sie jederzeit ganz einfach zwischen den Geschmacksrichtungen und Welten wechseln, je nach Lust und Laune. Mit 63 ml vorinstallierter E-Fl\u00fcssigkeit, d. h. 21 ml pro Geschmacksrichtung, k\u00f6nnen Sie etwa 28300 Z\u00fcge rauchen, was eine beeindruckende Gesamtzahl von 85000 Z\u00fcgen ergibt und die meisten Produkte auf dem Markt weit \u00fcbertrifft.<\/p><p>Coca-Cola Erdbeer-Vanille-Geschmack: Die S\u00fc\u00dfe der Erdbeere vermischt sich mit der S\u00fc\u00dfe der Vanille und den subtilen Bl\u00e4schen der Cola. Ein Hauch von Rauch erinnert an eine R\u00fcckkehr zu den ersten Sommern\u00e4chten in S\u00fcdfrankreich. Wenn man auf der Terrasse eines Caf\u00e9s sitzt, verblasst die Hektik der Stadt allm\u00e4hlich. Einen Zug zu nehmen, ist wie das \u00d6ffnen einer Flasche Limonade aus unserer Kindheit: Entspannung, Zufriedenheit und ein Hauch von Retro.<\/p><p>Geschmack Black Dragon Ice: Der Name Black Dragon Ice enth\u00fcllt einen Hauch von Geheimnis und Frische. Das Zusammentreffen von k\u00fchlen und reichen Fruchtaromen erinnert an eine k\u00fchle und erfrischende Bergbrise am Alpenrand. In der Meditation oder abends allein, einen Zug an einer Zigarette zu nehmen, ist wie das Knacken von Eis, sofortige Ern\u00fcchterung und das Eintauchen in seine weichen Schichten.<\/p><p>Saveur P\u00eache Glac\u00e9e: S\u00fc\u00dfe, saftige Pfirsiche vereinen sich mit der Frische des Eises. Wie ein provenzalischer Nachmittag, die Sonne scheint durch das wei\u00dfe Gazefenster, eine Tasse Pfirsich-Eistee in der Hand, melodische Musik und Entspannung f\u00fcr K\u00f6rper und Geist. Dieser Duft ist ideal, um eine Zigarette zu rauchen und sich zu entspannen, wie um den Stress der Welt zu vergessen und Platz f\u00fcr Sanftheit und ein herzerw\u00e4rmendes L\u00e4cheln zu machen.<\/p><h2>Innovatives Drei-in-einem-Design - drei unabh\u00e4ngige Geschmackssysteme<\/h2><p>Die Bang King Triple 85000 Strawberry Vanilla Coke &amp; Black Dragon Ice &amp; Peach Ice bietet mit 85000 Z\u00fcgen eine maximale Anzahl an Z\u00fcgen, die einen Marktrekord darstellt. Eine einzige elektronische Zigarette BangKing Triple85000 erm\u00f6glicht eine lange Nutzungsdauer, ohne dass sie h\u00e4ufig ersetzt oder transportiert werden muss, was ideal f\u00fcr Intensivnutzer oder Langzeitreisende ist. Egal, ob sie t\u00e4glich oder als Backup-Zubeh\u00f6r verwendet wird, sie bietet eine stabile und lang anhaltende Dampfleistung und ist dabei \u00e4u\u00dferst sparsam.<\/p><p>Die Bang King Triple 85000 Strawberry Vanilla Coke &amp; Black Dragon Ice &amp; Peach Ice verf\u00fcgt \u00fcber einen einzigartigen Tank mit drei E-Liquids, die jeweils mit einem bestimmten E-Liquid vorgef\u00fcllt sind. Der Benutzer kann mit dem Wahlschalter nach Belieben zwischen drei verschiedenen Geschmacksrichtungen w\u00e4hlen und sogar mischen und rauchen, um ein v\u00f6llig neues Geschmackserlebnis zu erhalten.<\/p><h2>Umweltfreundliches, wiederaufladbares Design - Typ-C-Schnellladung<\/h2><p>Die Bang King Triple 85000 Strawberry Vanilla Coke &amp; Black Dragon Ice &amp; Peach Ice ist mit einem leistungsstarken 600-mAh-Lithium-Akku und einer Typ-C-Schnellladestation ausgestattet, die mehrere Ladezyklen erm\u00f6glicht. Im Vergleich zu herk\u00f6mmlichen elektronischen Einwegzigaretten ist sie nicht nur umweltfreundlicher, sondern langfristig auch kosteng\u00fcnstiger. Au\u00dferdem ist die Akkulaufzeit stabil und die bei jedem Zug abgegebene Leistung ist konstant, was einen gleichbleibenden Geschmack garantiert.<\/p><p>Jeder e-Liquid-Tank ist mit einem hocheffizienten 1,0 \u03a9 Mesh-Zerst\u00e4ubungswiderstand ausgestattet, der eine gleichm\u00e4\u00dfige W\u00e4rmeleitung, schnelles Aufheizen, eine vollst\u00e4ndigere Zerst\u00e4ubung und einen weicheren, volleren Geschmack bietet. Ob frisches Obst oder Sahnedessert, er gibt den urspr\u00fcnglichen Geschmack des E-Liquids originalgetreu wieder und sorgt f\u00fcr einen zartschmelzenden Rauch und einen lang anhaltenden Nachgeschmack, was das Raucherlebnis erheblich verbessert. Selbst bei st\u00e4ndigem Inhalieren werden Sie keinen Brandgeruch oder \u00dcberhitzungsprobleme versp\u00fcren.<\/p><h2>Intelligenter LED-Bildschirm<\/h2><p>Der Bang King Triple 85000 Strawberry Vanilla Coke &amp; Black Dragon Ice &amp; Peach Ice ist mit einem intelligenten LED-Display auf der Vorderseite ausgestattet, das in Echtzeit den Akkustand, die verbleibende E-Liquidmenge und andere Informationen anzeigt, so dass die Benutzer ihre Betriebszeit und die verbleibende Kapazit\u00e4t effektiv verwalten k\u00f6nnen. F\u00fcr regelm\u00e4\u00dfige Nutzer ist es nicht mehr n\u00f6tig, die Restlebensdauer des Ger\u00e4ts abzusch\u00e4tzen: eine visuelle, menschlichere und intelligentere Bedienung.<\/p><p>Die BangKing Triple 85000 Strawberry Vanilla Coke &amp; Black Dragon Ice &amp; Peach Ice bietet bis zu vier Stufen der Nikotinkonzentration: 0 %, 2 %, 3 % und 5 %. Egal, ob Sie mit dem Rauchen aufh\u00f6ren, Ihren Nikotinkonsum reduzieren oder Ihr Geschmackserlebnis bewahren m\u00f6chten, Sie werden die ideale L\u00f6sung finden. F\u00fcr Benutzer von elektronischen Zigaretten aller Niveaus bietet dieses Design viel Freiheit und ein durchdachtes Design, das nicht nur den Bed\u00fcrfnissen von Anf\u00e4ngern, sondern auch den individuellen Erfahrungen von erfahrenen Benutzern gerecht wird.<\/p><h2>Weitere St\u00e4rken :<\/h2><p>Automatische Aktivierungsfunktion: Kein Knopfdruck mehr n\u00f6tig, die Inhalation aktiviert die elektronische Zigarette, einfach zu bedienen.<\/p><p>Trendiges, farbenfrohes Aussehen: Mehrfarbiges Design und trendige Lichteffekte sorgen f\u00fcr ein technik- und trendbewusstes Aussehen.<\/p><h2>Technische Daten zu Bang King Triple 85000 3 in 1 Strawberry Vanilla Coke &amp; Black Dragon Ice &amp; Peach Ice<\/h2><p>Maximale Anzahl von Z\u00fcgen: bis zu 85000 Z\u00fcge (28300 Z\u00fcge f\u00fcr jede der drei Geschmacksrichtungen)<\/p><p>Drei \u00d6ltanks: Enth\u00e4lt drei \u00d6ltanks, erm\u00f6glicht mit dem Wahlschalter den Wechsel der Geschmacksrichtungen.<\/p><p>Gesamtvolumen: 63 ml vorgef\u00fcllte e-Fl\u00fcssigkeit (21 ml x 3 je).<\/p><p>Akkukapazit\u00e4t und -ladung: Wiederaufladbarer 600-mAh-Akku, kompatibel mit USB-C-Schnellladung.<\/p><p>Widerstandskonfiguration: Drei S\u00e4tze von 1,0 \u03a9 Mesh-Widerst\u00e4nden zur Verbesserung des Geschmacks und der Zerst\u00e4ubungsleistung.<\/p><p>Nikotinkonzentration: Vier Stufen zur Auswahl: 0 %, 2 %, 3 % und 5 %.<\/p><p>Intelligentes Display: Ausgestattet mit einem hochaufl\u00f6senden Display, das die Batterieladung und den verbleibenden \u00d6lstand anzeigt.<\/p>\t\t\t\t\t\t\t\t<\/div>\n\t\t\t\t<\/div>\n\t\t\t\t\t<\/div>\n\t\t\t\t<\/div>\n\t\t\t\t<\/div>","protected":false},"excerpt":{"rendered":"<p>La Bang King Triple 85000 est dot\u00e9e d&rsquo;un triple r\u00e9servoir d&rsquo;e-liquide. Gr\u00e2ce au s\u00e9lecteur de saveurs, vous pouvez facilement changer de saveur et d&rsquo;univers \u00e0 tout moment, selon votre humeur. Avec 63 ml d&rsquo;e-liquide pr\u00e9-install\u00e9, soit 21 ml par saveur, vous pouvez fumer environ 28300 bouff\u00e9es, soit un total impressionnant de 85000 bouff\u00e9es, d\u00e9passant largement [&hellip;]<\/p>\n","protected":false},"featured_media":5401,"comment_status":"open","ping_status":"closed","template":"","meta":{"site-sidebar-layout":"no-sidebar","site-content-layout":"page-builder","ast-site-content-layout":"normal-width-container","site-content-style":"default","site-sidebar-style":"default","ast-global-header-display":"","ast-banner-title-visibility":"","ast-main-header-display":"","ast-hfb-above-header-display":"","ast-hfb-below-header-display":"","ast-hfb-mobile-header-display":"","site-post-title":"disabled","ast-breadcrumbs-content":"","ast-featured-img":"disabled","footer-sml-layout":"","ast-disable-related-posts":"","theme-transparent-header-meta":"default","adv-header-id-meta":"","stick-header-meta":"default","header-above-stick-meta":"","header-main-stick-meta":"","header-below-stick-meta":"","astra-migrate-meta-layouts":"set","ast-page-background-enabled":"default","ast-page-background-meta":{"desktop":{"background-color":"","background-image":"","background-repeat":"repeat","background-position":"center center","background-size":"auto","background-attachment":"scroll","background-type":"","background-media":"","overlay-type":"","overlay-color":"","overlay-opacity":"","overlay-gradient":""},"tablet":{"background-color":"","background-image":"","background-repeat":"repeat","background-position":"center center","background-size":"auto","background-attachment":"scroll","background-type":"","background-media":"","overlay-type":"","overlay-color":"","overlay-opacity":"","overlay-gradient":""},"mobile":{"background-color":"","background-image":"","background-repeat":"repeat","background-position":"center center","background-size":"auto","background-attachment":"scroll","background-type":"","background-media":"","overlay-type":"","overlay-color":"","overlay-opacity":"","overlay-gradient":""}},"ast-content-background-meta":{"desktop":{"background-color":"var(--ast-global-color-5)","background-image":"","background-repeat":"repeat","background-position":"center center","background-size":"auto","background-attachment":"scroll","background-type":"","background-media":"","overlay-type":"","overlay-color":"","overlay-opacity":"","overlay-gradient":""},"tablet":{"background-color":"var(--ast-global-color-5)","background-image":"","background-repeat":"repeat","background-position":"center center","background-size":"auto","background-attachment":"scroll","background-type":"","background-media":"","overlay-type":"","overlay-color":"","overlay-opacity":"","overlay-gradient":""},"mobile":{"background-color":"var(--ast-global-color-5)","background-image":"","background-repeat":"repeat","background-position":"center center","background-size":"auto","background-attachment":"scroll","background-type":"","background-media":"","overlay-type":"","overlay-color":"","overlay-opacity":"","overlay-gradient":""}}},"product_brand":[52],"product_cat":[51,107,15],"product_tag":[],"class_list":{"0":"post-5538","1":"product","2":"type-product","3":"status-publish","4":"has-post-thumbnail","6":"product_brand-bang-king","7":"product_cat-bang-king-triple-85000-trois-saveurs-en-une","8":"product_cat-puff-85k","9":"product_cat-magasin-cigarette-electronique","10":"desktop-align-center","11":"tablet-align-center","12":"mobile-align-center","13":"ast-product-gallery-layout-horizontal","14":"ast-product-gallery-with-no-image","15":"ast-product-single-variable","16":"ast-product-tabs-layout-horizontal","17":"ast-qv-on-image","19":"first","20":"instock","21":"sale","22":"shipping-taxable","23":"purchasable","24":"product-type-variable","25":"has-default-attributes"},"tiered_pricing_type":"fixed","tiered_pricing_fixed_rules":[],"tiered_pricing_product_settings":{"layout":"default","base_unit_name":{"singular":null,"plural":null},"default_variation":null},"tiered_pricing_minimum_quantity":null,"tiered_pricing_roles_data":[],"tiered_pricing_percentage_rules":[],"_links":{"self":[{"href":"https:\/\/puffvapestore.com\/de\/wp-json\/wp\/v2\/product\/5538","targetHints":{"allow":["GET"]}}],"collection":[{"href":"https:\/\/puffvapestore.com\/de\/wp-json\/wp\/v2\/product"}],"about":[{"href":"https:\/\/puffvapestore.com\/de\/wp-json\/wp\/v2\/types\/product"}],"replies":[{"embeddable":true,"href":"https:\/\/puffvapestore.com\/de\/wp-json\/wp\/v2\/comments?post=5538"}],"version-history":[{"count":11,"href":"https:\/\/puffvapestore.com\/de\/wp-json\/wp\/v2\/product\/5538\/revisions"}],"predecessor-version":[{"id":10706,"href":"https:\/\/puffvapestore.com\/de\/wp-json\/wp\/v2\/product\/5538\/revisions\/10706"}],"wp:featuredmedia":[{"embeddable":true,"href":"https:\/\/puffvapestore.com\/de\/wp-json\/wp\/v2\/media\/5401"}],"wp:attachment":[{"href":"https:\/\/puffvapestore.com\/de\/wp-json\/wp\/v2\/media?parent=5538"}],"wp:term":[{"taxonomy":"product_brand","embeddable":true,"href":"https:\/\/puffvapestore.com\/de\/wp-json\/wp\/v2\/product_brand?post=5538"},{"taxonomy":"product_cat","embeddable":true,"href":"https:\/\/puffvapestore.com\/de\/wp-json\/wp\/v2\/product_cat?post=5538"},{"taxonomy":"product_tag","embeddable":true,"href":"https:\/\/puffvapestore.com\/de\/wp-json\/wp\/v2\/product_tag?post=5538"}],"curies":[{"name":"wp","href":"https:\/\/api.w.org\/{rel}","templated":true}]}}