{"id":5512,"date":"2025-07-20T02:26:25","date_gmt":"2025-07-20T02:26:25","guid":{"rendered":"https:\/\/puffvapestore.com\/?post_type=product&#038;p=5512"},"modified":"2026-01-19T10:54:36","modified_gmt":"2026-01-19T10:54:36","slug":"bang-king-85000-watermelon-ice-red-bull-strawberry-kiwi-offre-une-vapeur-riche","status":"publish","type":"product","link":"https:\/\/puffvapestore.com\/de\/product\/bang-king-85000-watermelon-ice-red-bull-strawberry-kiwi-bietet-einen-reichhaltigen-dampf\/","title":{"rendered":"Bang King 85000 3 in 1 Triple Flavor - Watermelon Ice &amp; Red Bull &amp; Strawberry Kiwi"},"content":{"rendered":"<div data-elementor-type=\"wp-post\" data-elementor-id=\"5512\" class=\"elementor elementor-5512\">\n\t\t\t\t<div class=\"elementor-element elementor-element-d3f3f97 e-flex e-con-boxed e-con e-parent\" data-id=\"d3f3f97\" data-element_type=\"container\" data-e-type=\"container\">\n\t\t\t\t\t<div class=\"e-con-inner\">\n\t\t\t\t<div class=\"elementor-element elementor-element-9600b1d elementor-widget elementor-widget-text-editor\" data-id=\"9600b1d\" data-element_type=\"widget\" data-e-type=\"widget\" data-widget_type=\"text-editor.default\">\n\t\t\t\t<div class=\"elementor-widget-container\">\n\t\t\t\t\t\t\t\t\t<p>Die Bang King 85000 3 in 1 Triple Flavour - Watermelon Ice &amp; Red Bull &amp; Strawberry Kiwi bietet ein reichhaltiges Dampferlebnis mit erfrischenden Fruchtaromen (eiskalte Wassermelone), intensiven Getr\u00e4nkearomen (Red Bull) und s\u00e4uerlichen tropischen Fruchtaromen (Erdbeer-Kiwi). Jede Geschmacksrichtung wurde sorgf\u00e4ltig zusammengestellt, um den Bed\u00fcrfnissen jedes einzelnen Nutzers gerecht zu werden.<\/p><h2>Watermelon Ice<\/h2><p>Hauptnote: S\u00fc\u00dfer, saftiger Wassermelonengeschmack<\/p><p>Nebennote: Eisige Minzfrische<\/p><p>Geschmackseigenschaften: Auf das nat\u00fcrliche fruchtige Aroma der reifen Wassermelone folgt eine erfrischende K\u00fchle, \u00e4hnlich der von Minze oder Eiskristallen, die einen frischen Nachgeschmack im Mund hinterl\u00e4sst.<\/p><h2>Red Bull<\/h2><p>Hauptbemerkung: Das Aroma eines klassischen Energydrinks, \u00e4hnlich dem des klassischen Red Bull.<\/p><p>Geschmackseigenschaften: Der komplexe Geschmack, der leicht nach Karamell und s\u00e4uerlichen Zitrusfr\u00fcchten schmeckt, ist sofort im Mund zu schmecken. Er vermittelt ein erfrischendes und anregendes Gef\u00fchl, ideal f\u00fcr Liebhaber starker Aromen. Ein anhaltendes Aroma von Honig und Zitrusfr\u00fcchten bleibt im Mund.<\/p><h2>Strawberry Kiwi<\/h2><p>Hauptnote: Ein komplexes fruchtiges Aroma von s\u00fc\u00dfen Erdbeeren und leicht s\u00e4uerlichen Kiwis.<\/p><p>Geschmackseigenschaften: Das Erdbeeraroma ist s\u00fc\u00df und nat\u00fcrlich, mit einer leichten Milchbasis, und bietet einen cremigen Geschmack, der an Marmelade erinnert. Der Zusatz von Kiwi bringt einen Hauch von S\u00e4ure mit sich und verleiht dem Gesamtgeschmack eine dreidimensionalere, frische und nicht fettige Textur. Die fruchtige Struktur ist kr\u00e4ftig, mit verwobenen s\u00fc\u00dfen und s\u00e4uerlichen Noten, ideal f\u00fcr einen l\u00e4ngeren Verzehr.<\/p><h2>Geschmackserlebnis: Watermelon Ice &amp; Red Bull &amp; Strawberry Kiwi<\/h2><p>Die 3-in-1-Serie des Bang King 85000 Watermelon Ice &amp; Red Bull &amp; Strawberry Kiwi erm\u00f6glicht es den Nutzern, durch die Kombination von drei Geschmacksrichtungen drei v\u00f6llig unterschiedliche Geschmackserlebnisse in einem einzigen Ger\u00e4t zu erleben:<\/p><p>Von der erfrischenden, eisgek\u00fchlten Wassermelone \u00fcber den energiespendenden Red Bull bis hin zur ausgewogenen, s\u00fc\u00dfen und s\u00e4uerlichen Erdbeer-Kiwi.<\/p><p>Ideal f\u00fcr Nutzer, die gerne verschiedene Geschmacksrichtungen variieren oder nach einem reichhaltigen Geschmackserlebnis suchen.<\/p><p>Jeder Geschmack wird bei der Ver\u00e4nderung deutlich \u00fcberlagert und beh\u00e4lt seine eigenen Merkmale bei.<\/p>\t\t\t\t\t\t\t\t<\/div>\n\t\t\t\t<\/div>\n\t\t\t\t\t<\/div>\n\t\t\t\t<\/div>\n\t\t<div class=\"elementor-element elementor-element-08c26f9 e-flex e-con-boxed e-con e-parent\" data-id=\"08c26f9\" data-element_type=\"container\" data-e-type=\"container\">\n\t\t\t\t\t<div class=\"e-con-inner\">\n\t\t\t\t<div class=\"elementor-element elementor-element-a005a97 elementor-widget elementor-widget-text-editor\" data-id=\"a005a97\" data-element_type=\"widget\" data-e-type=\"widget\" data-widget_type=\"text-editor.default\">\n\t\t\t\t<div class=\"elementor-widget-container\">\n\t\t\t\t\t\t\t\t\t<h2>Innovatives Drei-in-einem-Design - drei unabh\u00e4ngige Geschmackssysteme<\/h2><p>Die Bang King Triple 85000 bietet mit 85000 Z\u00fcgen eine maximale Anzahl von Z\u00fcgen, die einen Marktrekord darstellt. Eine einzige elektronische Zigarette BangKing Triple85000 erm\u00f6glicht eine lange Nutzungsdauer, ohne dass sie h\u00e4ufig ersetzt oder transportiert werden muss, was ideal f\u00fcr Intensivnutzer oder Langzeitreisende ist. Egal, ob sie t\u00e4glich oder als Backup-Zubeh\u00f6r verwendet wird, sie bietet eine stabile und lang anhaltende Dampfleistung und ist dabei \u00e4u\u00dferst sparsam.<\/p><p>Die Bang King Triple 85000 verf\u00fcgt \u00fcber einen einzigartigen Tank mit drei E-Liquids, die jeweils mit einem bestimmten E-Liquid vorgef\u00fcllt sind. Der Benutzer kann mit dem Wahlschalter nach Belieben zwischen drei verschiedenen Geschmacksrichtungen w\u00e4hlen und sogar mischen und rauchen, um ein v\u00f6llig neues Geschmackserlebnis zu erhalten.<\/p><h2>Umweltfreundliches, wiederaufladbares Design - Typ-C-Schnellladung<\/h2><p>Die Bang King Triple 85000 ist mit einem Hochleistungs-Lithium-Akku mit 600 mAh und einer Typ-C-Schnellladestation ausgestattet, die mehrere Ladezyklen erm\u00f6glicht. Im Vergleich zu herk\u00f6mmlichen elektronischen Einwegzigaretten ist sie nicht nur umweltfreundlicher, sondern auf lange Sicht auch kosteng\u00fcnstiger. Au\u00dferdem ist die Akkulaufzeit stabil und die bei jedem Zug abgegebene Leistung ist konstant, was einen gleichbleibenden Geschmack garantiert.<\/p><p>Jeder e-Liquid-Tank ist mit einem hocheffizienten 1,0 \u03a9 Mesh-Zerst\u00e4ubungswiderstand ausgestattet, der eine gleichm\u00e4\u00dfige W\u00e4rmeleitung, schnelles Aufheizen, eine vollst\u00e4ndigere Zerst\u00e4ubung und einen weicheren, volleren Geschmack bietet. Ob frisches Obst oder Sahnedessert, er gibt den urspr\u00fcnglichen Geschmack des E-Liquids originalgetreu wieder und sorgt f\u00fcr einen zartschmelzenden Rauch und einen lang anhaltenden Nachgeschmack, was das Raucherlebnis erheblich verbessert. Selbst bei st\u00e4ndigem Inhalieren werden Sie keinen Brandgeruch oder \u00dcberhitzungsprobleme versp\u00fcren.<\/p><h2>Intelligenter LED-Bildschirm<\/h2><p>Der Bang King Triple 85000 ist mit einem intelligenten LED-Display auf der Vorderseite ausgestattet, das in Echtzeit den Akkustand, die verbleibende E-Fl\u00fcssigkeit und andere Informationen anzeigt, so dass die Benutzer ihre Betriebszeit und die verbleibende Kapazit\u00e4t effektiv verwalten k\u00f6nnen. F\u00fcr regelm\u00e4\u00dfige Nutzer ist es nicht mehr n\u00f6tig, die Restlebensdauer des Ger\u00e4ts abzusch\u00e4tzen: eine visuelle, humanere und intelligentere Bedienung.<\/p><p>Die BangKing Triple 85000 bietet bis zu vier Stufen der Nikotinkonzentration: 0 %, 2 %, 3 % und 5 %. Egal, ob Sie mit dem Rauchen aufh\u00f6ren, Ihren Nikotinkonsum reduzieren oder Ihr Geschmackserlebnis bewahren m\u00f6chten, Sie werden die ideale L\u00f6sung finden. F\u00fcr Benutzer von elektronischen Zigaretten aller Niveaus bietet dieses Design viel Freiheit und ein durchdachtes Design, das nicht nur den Bed\u00fcrfnissen von Anf\u00e4ngern, sondern auch den individuellen Erfahrungen von erfahrenen Benutzern gerecht wird.<\/p><h2>Weitere St\u00e4rken :<\/h2><p>Automatische Aktivierungsfunktion: Kein Knopfdruck mehr n\u00f6tig, die Inhalation aktiviert die elektronische Zigarette, einfach zu bedienen.<\/p><p>Trendiges, farbenfrohes Aussehen: Mehrfarbiges Design und trendige Lichteffekte sorgen f\u00fcr ein technik- und trendbewusstes Aussehen.<\/p><h2>Technische Daten zu Bang King Triple 85000 3 in 1<\/h2><p>Maximale Anzahl von Z\u00fcgen: bis zu 85000 Z\u00fcge (28300 Z\u00fcge f\u00fcr jede der drei Geschmacksrichtungen)<\/p><p>Drei \u00d6ltanks: Enth\u00e4lt drei \u00d6ltanks, erm\u00f6glicht mit dem Wahlschalter den Wechsel der Geschmacksrichtungen.<\/p><p>Gesamtvolumen: 63 ml vorgef\u00fcllte e-Fl\u00fcssigkeit (21 ml x 3 je).<\/p><p>Akkukapazit\u00e4t und -ladung: Wiederaufladbarer 600-mAh-Akku, kompatibel mit USB-C-Schnellladung.<\/p><p>Widerstandskonfiguration: Drei S\u00e4tze von 1,0 \u03a9 Mesh-Widerst\u00e4nden zur Verbesserung des Geschmacks und der Zerst\u00e4ubungsleistung.<\/p><p>Nikotinkonzentration: Vier Stufen zur Auswahl: 0 %, 2 %, 3 % und 5 %.<\/p><p>Intelligentes Display: Ausgestattet mit einem hochaufl\u00f6senden Display, das die Batterieladung und den verbleibenden \u00d6lstand anzeigt.<\/p>\t\t\t\t\t\t\t\t<\/div>\n\t\t\t\t<\/div>\n\t\t\t\t\t<\/div>\n\t\t\t\t<\/div>\n\t\t\t\t<\/div>","protected":false},"excerpt":{"rendered":"<p>Le Bang King 85000 3 en 1 Triple Saveur &#8211; Watermelon Ice &amp; Red Bull &amp; Strawberry Kiwi offre une exp\u00e9rience de vapotage riche en saveurs fruit\u00e9es rafra\u00eechissantes (past\u00e8que glac\u00e9e), en saveurs de boisson intenses (Red Bull) et en saveurs de fruits tropicaux acidul\u00e9s (fraise kiwi). Chaque saveur est soigneusement formul\u00e9e pour r\u00e9pondre aux besoins [&hellip;]<\/p>\n","protected":false},"featured_media":5404,"comment_status":"open","ping_status":"closed","template":"","meta":{"site-sidebar-layout":"no-sidebar","site-content-layout":"page-builder","ast-site-content-layout":"normal-width-container","site-content-style":"default","site-sidebar-style":"default","ast-global-header-display":"","ast-banner-title-visibility":"","ast-main-header-display":"","ast-hfb-above-header-display":"","ast-hfb-below-header-display":"","ast-hfb-mobile-header-display":"","site-post-title":"disabled","ast-breadcrumbs-content":"","ast-featured-img":"disabled","footer-sml-layout":"","ast-disable-related-posts":"","theme-transparent-header-meta":"default","adv-header-id-meta":"","stick-header-meta":"default","header-above-stick-meta":"","header-main-stick-meta":"","header-below-stick-meta":"","astra-migrate-meta-layouts":"set","ast-page-background-enabled":"default","ast-page-background-meta":{"desktop":{"background-color":"","background-image":"","background-repeat":"repeat","background-position":"center center","background-size":"auto","background-attachment":"scroll","background-type":"","background-media":"","overlay-type":"","overlay-color":"","overlay-opacity":"","overlay-gradient":""},"tablet":{"background-color":"","background-image":"","background-repeat":"repeat","background-position":"center center","background-size":"auto","background-attachment":"scroll","background-type":"","background-media":"","overlay-type":"","overlay-color":"","overlay-opacity":"","overlay-gradient":""},"mobile":{"background-color":"","background-image":"","background-repeat":"repeat","background-position":"center center","background-size":"auto","background-attachment":"scroll","background-type":"","background-media":"","overlay-type":"","overlay-color":"","overlay-opacity":"","overlay-gradient":""}},"ast-content-background-meta":{"desktop":{"background-color":"var(--ast-global-color-5)","background-image":"","background-repeat":"repeat","background-position":"center center","background-size":"auto","background-attachment":"scroll","background-type":"","background-media":"","overlay-type":"","overlay-color":"","overlay-opacity":"","overlay-gradient":""},"tablet":{"background-color":"var(--ast-global-color-5)","background-image":"","background-repeat":"repeat","background-position":"center center","background-size":"auto","background-attachment":"scroll","background-type":"","background-media":"","overlay-type":"","overlay-color":"","overlay-opacity":"","overlay-gradient":""},"mobile":{"background-color":"var(--ast-global-color-5)","background-image":"","background-repeat":"repeat","background-position":"center center","background-size":"auto","background-attachment":"scroll","background-type":"","background-media":"","overlay-type":"","overlay-color":"","overlay-opacity":"","overlay-gradient":""}}},"product_brand":[52],"product_cat":[51,107,15],"product_tag":[],"class_list":{"0":"post-5512","1":"product","2":"type-product","3":"status-publish","4":"has-post-thumbnail","6":"product_brand-bang-king","7":"product_cat-bang-king-triple-85000-trois-saveurs-en-une","8":"product_cat-puff-85k","9":"product_cat-magasin-cigarette-electronique","10":"desktop-align-center","11":"tablet-align-center","12":"mobile-align-center","13":"ast-product-gallery-layout-horizontal","14":"ast-product-gallery-with-no-image","15":"ast-product-single-variable","16":"ast-product-tabs-layout-horizontal","17":"ast-qv-on-image","19":"first","20":"instock","21":"sale","22":"shipping-taxable","23":"purchasable","24":"product-type-variable","25":"has-default-attributes"},"tiered_pricing_type":"fixed","tiered_pricing_fixed_rules":[],"tiered_pricing_product_settings":{"layout":"default","base_unit_name":{"singular":null,"plural":null},"default_variation":null},"tiered_pricing_minimum_quantity":null,"tiered_pricing_roles_data":[],"tiered_pricing_percentage_rules":[],"_links":{"self":[{"href":"https:\/\/puffvapestore.com\/de\/wp-json\/wp\/v2\/product\/5512","targetHints":{"allow":["GET"]}}],"collection":[{"href":"https:\/\/puffvapestore.com\/de\/wp-json\/wp\/v2\/product"}],"about":[{"href":"https:\/\/puffvapestore.com\/de\/wp-json\/wp\/v2\/types\/product"}],"replies":[{"embeddable":true,"href":"https:\/\/puffvapestore.com\/de\/wp-json\/wp\/v2\/comments?post=5512"}],"version-history":[{"count":9,"href":"https:\/\/puffvapestore.com\/de\/wp-json\/wp\/v2\/product\/5512\/revisions"}],"predecessor-version":[{"id":10698,"href":"https:\/\/puffvapestore.com\/de\/wp-json\/wp\/v2\/product\/5512\/revisions\/10698"}],"wp:featuredmedia":[{"embeddable":true,"href":"https:\/\/puffvapestore.com\/de\/wp-json\/wp\/v2\/media\/5404"}],"wp:attachment":[{"href":"https:\/\/puffvapestore.com\/de\/wp-json\/wp\/v2\/media?parent=5512"}],"wp:term":[{"taxonomy":"product_brand","embeddable":true,"href":"https:\/\/puffvapestore.com\/de\/wp-json\/wp\/v2\/product_brand?post=5512"},{"taxonomy":"product_cat","embeddable":true,"href":"https:\/\/puffvapestore.com\/de\/wp-json\/wp\/v2\/product_cat?post=5512"},{"taxonomy":"product_tag","embeddable":true,"href":"https:\/\/puffvapestore.com\/de\/wp-json\/wp\/v2\/product_tag?post=5512"}],"curies":[{"name":"wp","href":"https:\/\/api.w.org\/{rel}","templated":true}]}}