{"id":5432,"date":"2025-07-20T01:07:06","date_gmt":"2025-07-20T01:07:06","guid":{"rendered":"https:\/\/puffvapestore.com\/?post_type=product&#038;p=5432"},"modified":"2026-01-19T10:54:35","modified_gmt":"2026-01-19T10:54:35","slug":"bang-king-85000-3-in-1-triple-flavor-equipe-de-resistances-mesh","status":"publish","type":"product","link":"https:\/\/puffvapestore.com\/de\/product\/bang-king-85000-3-in-1-triple-flavor-mit-mesh-widerstanden-ausgestattet\/","title":{"rendered":"Bang King 85000 3 in 1 Triple Flavor: Bietet 85K Z\u00fcge, ausgestattet mit Mesh-Widerst\u00e4nden"},"content":{"rendered":"<div data-elementor-type=\"wp-post\" data-elementor-id=\"5432\" class=\"elementor elementor-5432\">\n\t\t\t\t<div class=\"elementor-element elementor-element-08c26f9 e-flex e-con-boxed e-con e-parent\" data-id=\"08c26f9\" data-element_type=\"container\" data-e-type=\"container\">\n\t\t\t\t\t<div class=\"e-con-inner\">\n\t\t\t\t<div class=\"elementor-element elementor-element-a005a97 elementor-widget elementor-widget-text-editor\" data-id=\"a005a97\" data-element_type=\"widget\" data-e-type=\"widget\" data-widget_type=\"text-editor.default\">\n\t\t\t\t<div class=\"elementor-widget-container\">\n\t\t\t\t\t\t\t\t\t<h2>Innovatives Drei-in-einem-Design - drei unabh\u00e4ngige Geschmackssysteme<\/h2><p>Die Bang King Triple 85000 bietet mit 85000 Z\u00fcgen eine maximale Anzahl von Z\u00fcgen, die einen Marktrekord darstellt. Eine einzige elektronische Zigarette BangKing Triple85000 erm\u00f6glicht eine lange Nutzungsdauer, ohne dass sie h\u00e4ufig ersetzt oder transportiert werden muss, was ideal f\u00fcr Intensivnutzer oder Langzeitreisende ist. Egal, ob sie t\u00e4glich oder als Backup-Zubeh\u00f6r verwendet wird, sie bietet eine stabile und lang anhaltende Dampfleistung und ist dabei \u00e4u\u00dferst sparsam.<\/p><p>Die Bang King Triple 85000 verf\u00fcgt \u00fcber einen einzigartigen Tank mit drei E-Liquids, die jeweils mit einem bestimmten E-Liquid vorgef\u00fcllt sind. Der Benutzer kann mit dem Wahlschalter nach Belieben zwischen drei verschiedenen Geschmacksrichtungen w\u00e4hlen und sogar mischen und rauchen, um ein v\u00f6llig neues Geschmackserlebnis zu erhalten.<\/p><h2>Umweltfreundliches, wiederaufladbares Design - Typ-C-Schnellladung<\/h2><p>Die Bang King Triple 85000 ist mit einem Hochleistungs-Lithium-Akku mit 600 mAh und einer Typ-C-Schnellladestation ausgestattet, die mehrere Ladezyklen erm\u00f6glicht. Im Vergleich zu herk\u00f6mmlichen elektronischen Einwegzigaretten ist sie nicht nur umweltfreundlicher, sondern auf lange Sicht auch kosteng\u00fcnstiger. Au\u00dferdem ist die Akkulaufzeit stabil und die bei jedem Zug abgegebene Leistung ist konstant, was einen gleichbleibenden Geschmack garantiert.<\/p><p>Jeder e-Liquid-Tank ist mit einem hocheffizienten 1,0 \u03a9 Mesh-Zerst\u00e4ubungswiderstand ausgestattet, der eine gleichm\u00e4\u00dfige W\u00e4rmeleitung, schnelles Aufheizen, eine vollst\u00e4ndigere Zerst\u00e4ubung und einen weicheren, volleren Geschmack bietet. Ob frisches Obst oder Sahnedessert, er gibt den urspr\u00fcnglichen Geschmack des E-Liquids originalgetreu wieder und sorgt f\u00fcr einen zartschmelzenden Rauch und einen lang anhaltenden Nachgeschmack, was das Raucherlebnis erheblich verbessert. Selbst bei st\u00e4ndigem Inhalieren werden Sie keinen Brandgeruch oder \u00dcberhitzungsprobleme versp\u00fcren.<\/p><h2>Intelligenter LED-Bildschirm<\/h2><p>Der Bang King Triple 85000 ist mit einem intelligenten LED-Display auf der Vorderseite ausgestattet, das in Echtzeit den Akkustand, die verbleibende E-Fl\u00fcssigkeit und andere Informationen anzeigt, so dass die Benutzer ihre Betriebszeit und die verbleibende Kapazit\u00e4t effektiv verwalten k\u00f6nnen. F\u00fcr regelm\u00e4\u00dfige Nutzer ist es nicht mehr n\u00f6tig, die Restlebensdauer des Ger\u00e4ts abzusch\u00e4tzen: eine visuelle, humanere und intelligentere Bedienung.<\/p><p>Die BangKing Triple 85000 bietet bis zu vier Stufen der Nikotinkonzentration: 0 %, 2 %, 3 % und 5 %. Egal, ob Sie mit dem Rauchen aufh\u00f6ren, Ihren Nikotinkonsum reduzieren oder Ihr Geschmackserlebnis bewahren m\u00f6chten, Sie werden die ideale L\u00f6sung finden. F\u00fcr Benutzer von elektronischen Zigaretten aller Niveaus bietet dieses Design viel Freiheit und ein durchdachtes Design, das nicht nur den Bed\u00fcrfnissen von Anf\u00e4ngern, sondern auch den individuellen Erfahrungen von erfahrenen Benutzern gerecht wird.<\/p><h2>Weitere St\u00e4rken :<\/h2><p>Automatische Aktivierungsfunktion: Kein Knopfdruck mehr n\u00f6tig, die Inhalation aktiviert die elektronische Zigarette, einfach zu bedienen.<\/p><p>Trendiges, farbenfrohes Aussehen: Mehrfarbiges Design und trendige Lichteffekte sorgen f\u00fcr ein technik- und trendbewusstes Aussehen.<\/p><h2>Technische Daten zu Bang King Triple 85000 3 in 1<\/h2><p>Maximale Anzahl von Z\u00fcgen: bis zu 85000 Z\u00fcge (28300 Z\u00fcge f\u00fcr jede der drei Geschmacksrichtungen)<\/p><p>Drei \u00d6ltanks: Enth\u00e4lt drei \u00d6ltanks, erm\u00f6glicht mit dem Wahlschalter den Wechsel der Geschmacksrichtungen.<\/p><p>Gesamtvolumen: 63 ml vorgef\u00fcllte e-Fl\u00fcssigkeit (21 ml x 3 je).<\/p><p>Akkukapazit\u00e4t und -ladung: Wiederaufladbarer 600-mAh-Akku, kompatibel mit USB-C-Schnellladung.<\/p><p>Widerstandskonfiguration: Drei S\u00e4tze von 1,0 \u03a9 Mesh-Widerst\u00e4nden zur Verbesserung des Geschmacks und der Zerst\u00e4ubungsleistung.<\/p><p>Nikotinkonzentration: Vier Stufen zur Auswahl: 0 %, 2 %, 3 % und 5 %.<\/p><p>Intelligentes Display: Ausgestattet mit einem hochaufl\u00f6senden Display, das die Batterieladung und den verbleibenden \u00d6lstand anzeigt.<\/p>\t\t\t\t\t\t\t\t<\/div>\n\t\t\t\t<\/div>\n\t\t\t\t\t<\/div>\n\t\t\t\t<\/div>\n\t\t<div class=\"elementor-element elementor-element-d3f3f97 e-flex e-con-boxed e-con e-parent\" data-id=\"d3f3f97\" data-element_type=\"container\" data-e-type=\"container\">\n\t\t\t\t\t<div class=\"e-con-inner\">\n\t\t\t\t<div class=\"elementor-element elementor-element-9600b1d elementor-widget elementor-widget-text-editor\" data-id=\"9600b1d\" data-element_type=\"widget\" data-e-type=\"widget\" data-widget_type=\"text-editor.default\">\n\t\t\t\t<div class=\"elementor-widget-container\">\n\t\t\t\t\t\t\t\t\t<h2>16 Triple-Geschmacksrichtungen aus dem Bang King Triple 85000<\/h2><p>Die 16 Geschmacksrichtungen der Bang King Triple 85K bieten eine reiche und kreative Kombination von Aromen, die sich an den drei Hauptthemen Obst, Getr\u00e4nke und Desserts orientieren. Jede Geschmacksrichtung ist eine Mischung aus drei verschiedenen Patronengeschmacksrichtungen und sorgt so f\u00fcr ein reichhaltiges und komplexes Erlebnis. Zum Beispiel verbindet \"Berry Lemonade &amp; Strawberry Red Bull &amp; Strawberry Pomp\" den erfrischenden Geschmack von Limonade mit roten Fr\u00fcchten, die Lebendigkeit von Red Bull mit Erdbeeren und die S\u00fc\u00dfe von Erdbeer-Granatapfel, w\u00e4hrend \"Blue Razz Ice &amp; Strawberry Watermelon &amp; Watermelon Ice\" die Frische des Heidelbeer-Smoothies aufgreift und mit der sommerlichen Seite von Erdbeer-Wassermelone und reinem Wassermelonen-Eis verfeinert wird. Diese Kombination bewahrt nicht nur die Signatur eines einzigartigen Geschmacks, sondern sorgt durch ihre Kombinationen auch f\u00fcr Frische.<\/p><p>Die Serie bietet viele gewagte und grenz\u00fcberschreitende Kombinationen, wie \"Strawberry Vanilla Coke &amp; Black Dragon Ice &amp; Peach Ice\", das Getr\u00e4nke und Fr\u00fcchte miteinander verbindet, oder \"Strawberry Donut &amp; Love 66 &amp; Banana Ice\", das von Desserts inspiriert ist. Auch tropische Fruchtgeschmacksrichtungen nehmen einen wichtigen Platz ein, wie \"Tropical Fruit &amp; Lemon Peach &amp; Strawberry Watermelon\" und \"Kiwi Passion Fruit Guava &amp; Lush Ice &amp; Straw Mango\", die durch die reichen Fruchtaromen von Passionsfrucht, Guave, Mango usw. eine exotische Atmosph\u00e4re schaffen.<\/p><p>Das Aromendesign des Bang King Triple 85K legt den Schwerpunkt auf die Ausgewogenheit zwischen eisigem Geschmack (wie viele Geschmacksrichtungen, die als \"Eis\" bezeichnet werden) und S\u00fc\u00dfe, wobei sowohl klassische (wie Cola, Red Bull) als auch innovative Bed\u00fcrfnisse (wie Donuts, Ananas und Kokosnuss) erf\u00fcllt werden. Verschiedene Kombinationen eignen sich f\u00fcr unterschiedliche Szenarien. Beispielsweise ist \"Ice Tea Lemon Ice &amp; Lychee Ice Cream &amp; Mango On Ice\" ideal, um fettige Gef\u00fchle zu lindern, w\u00e4hrend die Red Bull-Reihe einen erfrischenden Effekt bietet, um den unterschiedlichen Geschm\u00e4ckern der Verbraucher gerecht zu werden.<\/p>\t\t\t\t\t\t\t\t<\/div>\n\t\t\t\t<\/div>\n\t\t\t\t\t<\/div>\n\t\t\t\t<\/div>\n\t\t\t\t<\/div>","protected":false},"excerpt":{"rendered":"<p>Conception innovante trois-en-un &#8211; trois syst\u00e8mes de saveurs ind\u00e9pendants La Bang King Triple 85000 offre un nombre maximal de bouff\u00e9es, un record du march\u00e9, avec 85000 bouff\u00e9es. Une seule cigarette \u00e9lectronique BangKing Triple85000 permet une utilisation longue dur\u00e9e, sans avoir \u00e0 la remplacer fr\u00e9quemment ni \u00e0 la transporter, ce qui est id\u00e9al pour les utilisateurs [&hellip;]<\/p>\n","protected":false},"featured_media":5408,"comment_status":"open","ping_status":"closed","template":"","meta":{"site-sidebar-layout":"no-sidebar","site-content-layout":"page-builder","ast-site-content-layout":"normal-width-container","site-content-style":"default","site-sidebar-style":"default","ast-global-header-display":"","ast-banner-title-visibility":"","ast-main-header-display":"","ast-hfb-above-header-display":"","ast-hfb-below-header-display":"","ast-hfb-mobile-header-display":"","site-post-title":"disabled","ast-breadcrumbs-content":"","ast-featured-img":"disabled","footer-sml-layout":"","ast-disable-related-posts":"","theme-transparent-header-meta":"default","adv-header-id-meta":"","stick-header-meta":"default","header-above-stick-meta":"","header-main-stick-meta":"","header-below-stick-meta":"","astra-migrate-meta-layouts":"set","ast-page-background-enabled":"default","ast-page-background-meta":{"desktop":{"background-color":"","background-image":"","background-repeat":"repeat","background-position":"center center","background-size":"auto","background-attachment":"scroll","background-type":"","background-media":"","overlay-type":"","overlay-color":"","overlay-opacity":"","overlay-gradient":""},"tablet":{"background-color":"","background-image":"","background-repeat":"repeat","background-position":"center center","background-size":"auto","background-attachment":"scroll","background-type":"","background-media":"","overlay-type":"","overlay-color":"","overlay-opacity":"","overlay-gradient":""},"mobile":{"background-color":"","background-image":"","background-repeat":"repeat","background-position":"center center","background-size":"auto","background-attachment":"scroll","background-type":"","background-media":"","overlay-type":"","overlay-color":"","overlay-opacity":"","overlay-gradient":""}},"ast-content-background-meta":{"desktop":{"background-color":"var(--ast-global-color-5)","background-image":"","background-repeat":"repeat","background-position":"center center","background-size":"auto","background-attachment":"scroll","background-type":"","background-media":"","overlay-type":"","overlay-color":"","overlay-opacity":"","overlay-gradient":""},"tablet":{"background-color":"var(--ast-global-color-5)","background-image":"","background-repeat":"repeat","background-position":"center center","background-size":"auto","background-attachment":"scroll","background-type":"","background-media":"","overlay-type":"","overlay-color":"","overlay-opacity":"","overlay-gradient":""},"mobile":{"background-color":"var(--ast-global-color-5)","background-image":"","background-repeat":"repeat","background-position":"center center","background-size":"auto","background-attachment":"scroll","background-type":"","background-media":"","overlay-type":"","overlay-color":"","overlay-opacity":"","overlay-gradient":""}}},"product_brand":[52],"product_cat":[51,107,15],"product_tag":[],"class_list":{"0":"post-5432","1":"product","2":"type-product","3":"status-publish","4":"has-post-thumbnail","6":"product_brand-bang-king","7":"product_cat-bang-king-triple-85000-trois-saveurs-en-une","8":"product_cat-puff-85k","9":"product_cat-magasin-cigarette-electronique","10":"desktop-align-center","11":"tablet-align-center","12":"mobile-align-center","13":"ast-product-gallery-layout-horizontal","14":"ast-product-single-variable","15":"ast-product-tabs-layout-horizontal","16":"ast-qv-on-image","18":"first","19":"instock","20":"sale","21":"shipping-taxable","22":"purchasable","23":"product-type-variable","24":"has-default-attributes"},"tiered_pricing_type":"fixed","tiered_pricing_fixed_rules":[],"tiered_pricing_product_settings":{"layout":"default","base_unit_name":{"singular":null,"plural":null},"default_variation":null},"tiered_pricing_minimum_quantity":null,"tiered_pricing_roles_data":[],"tiered_pricing_percentage_rules":[],"_links":{"self":[{"href":"https:\/\/puffvapestore.com\/de\/wp-json\/wp\/v2\/product\/5432","targetHints":{"allow":["GET"]}}],"collection":[{"href":"https:\/\/puffvapestore.com\/de\/wp-json\/wp\/v2\/product"}],"about":[{"href":"https:\/\/puffvapestore.com\/de\/wp-json\/wp\/v2\/types\/product"}],"replies":[{"embeddable":true,"href":"https:\/\/puffvapestore.com\/de\/wp-json\/wp\/v2\/comments?post=5432"}],"version-history":[{"count":8,"href":"https:\/\/puffvapestore.com\/de\/wp-json\/wp\/v2\/product\/5432\/revisions"}],"predecessor-version":[{"id":10711,"href":"https:\/\/puffvapestore.com\/de\/wp-json\/wp\/v2\/product\/5432\/revisions\/10711"}],"wp:featuredmedia":[{"embeddable":true,"href":"https:\/\/puffvapestore.com\/de\/wp-json\/wp\/v2\/media\/5408"}],"wp:attachment":[{"href":"https:\/\/puffvapestore.com\/de\/wp-json\/wp\/v2\/media?parent=5432"}],"wp:term":[{"taxonomy":"product_brand","embeddable":true,"href":"https:\/\/puffvapestore.com\/de\/wp-json\/wp\/v2\/product_brand?post=5432"},{"taxonomy":"product_cat","embeddable":true,"href":"https:\/\/puffvapestore.com\/de\/wp-json\/wp\/v2\/product_cat?post=5432"},{"taxonomy":"product_tag","embeddable":true,"href":"https:\/\/puffvapestore.com\/de\/wp-json\/wp\/v2\/product_tag?post=5432"}],"curies":[{"name":"wp","href":"https:\/\/api.w.org\/{rel}","templated":true}]}}