{"id":5378,"date":"2025-07-19T09:02:00","date_gmt":"2025-07-19T09:02:00","guid":{"rendered":"https:\/\/puffvapestore.com\/?post_type=product&#038;p=5378"},"modified":"2026-04-21T07:08:56","modified_gmt":"2026-04-21T07:08:56","slug":"blueberry-cherry-cranberry-fumot-40000-offre-un-gout-doux","status":"publish","type":"product","link":"https:\/\/puffvapestore.com\/de\/product\/blueberry-cherry-cranberry-fumot-40000-bietet-einen-susen-geschmack\/","title":{"rendered":"Blueberry Cherry Cranberry - Fumot RandM Tornado 40000"},"content":{"rendered":"<div data-elementor-type=\"wp-post\" data-elementor-id=\"5378\" class=\"elementor elementor-5378\">\n\t\t\t\t<div class=\"elementor-element elementor-element-08c26f9 e-flex e-con-boxed e-con e-parent\" data-id=\"08c26f9\" data-element_type=\"container\" data-e-type=\"container\">\n\t\t\t\t\t<div class=\"e-con-inner\">\n\t\t\t\t<div class=\"elementor-element elementor-element-a005a97 elementor-widget elementor-widget-text-editor\" data-id=\"a005a97\" data-element_type=\"widget\" data-e-type=\"widget\" data-widget_type=\"text-editor.default\">\n\t\t\t\t<div class=\"elementor-widget-container\">\n\t\t\t\t\t\t\t\t\t<p>Beim franz\u00f6sischen Streetfood-Festival war die Luft erf\u00fcllt vom Aroma frisch gebackener Cr\u00eapes und dem verlockenden Geschmack warmer K\u00e4seschnecken. Mit einer elektronischen Zigarette RandM Tornado 40000 Heidelbeere Kirsche Cranberry in der Hand atmen Sie einen Rauch aus, der die Frische von Heidelbeeren, die S\u00fc\u00dfe von Kirschen und die leichte S\u00e4ure von Cranberrys sanft miteinander verbindet und durch diese Mischung von Geschm\u00e4ckern und Aromen ein einzigartiges Sinneserlebnis schafft.<\/p><p>Heidelbeere: Die Heidelbeere verleiht dieser Geschmacksrichtung eine s\u00fc\u00dfe und leicht s\u00e4uerliche Basis. Ihr Aroma f\u00e4ngt den saftigen Saft reifer Heidelbeeren ein und bietet ein frisches, nat\u00fcrliches Fruchtaroma. Der Geschmack ist \u00e4hnlich wie bei frisch gepfl\u00fcckten Heidelbeeren, mit einem runden Mundgef\u00fchl und einem nat\u00fcrlichen Fruchtaroma.<\/p><p>Kirsche: Die Kirsche bringt eine reiche S\u00fc\u00dfe und einen Hauch von S\u00e4ure mit, was dem Geschmack Nuancen und Komplexit\u00e4t verleiht. Sie bringt ein vollmundigeres Fruchterlebnis, als ob Sie den reichhaltigen Saft einer frischen Kirsche genie\u00dfen w\u00fcrden.<\/p><p>Cranberry: Die Cranberry schlie\u00dft den Geschmack ab und entfaltet sich nach und nach beim Ausatmen. Ihre ausgepr\u00e4gte S\u00e4ure sorgt f\u00fcr den letzten Schliff und verleiht dem Ganzen eine erfrischende und adstringierende Note.<\/p><h2>Fumot Leopard 40000 Heidelbeere Kirsche Cranberry geeignet f\u00fcr Personen :<\/h2><p>Liebt gemischte Aromen von roten Fr\u00fcchten<\/p><p>Nutzer\/innen von elektronischen Zigaretten, die leicht s\u00e4uerliche, leichte und frische Geschmacksrichtungen bevorzugen<\/p><p>Nutzer\/innen, die keine zu s\u00fc\u00dfen oder monofruchtigen Geschmacksrichtungen m\u00f6gen<\/p>\t\t\t\t\t\t\t\t<\/div>\n\t\t\t\t<\/div>\n\t\t\t\t\t<\/div>\n\t\t\t\t<\/div>\n\t\t<div class=\"elementor-element elementor-element-718b380 e-flex e-con-boxed e-con e-parent\" data-id=\"718b380\" data-element_type=\"container\" data-e-type=\"container\">\n\t\t\t\t\t<div class=\"e-con-inner\">\n\t\t\t\t<div class=\"elementor-element elementor-element-d2cc8fa elementor-widget elementor-widget-text-editor\" data-id=\"d2cc8fa\" data-element_type=\"widget\" data-e-type=\"widget\" data-widget_type=\"text-editor.default\">\n\t\t\t\t<div class=\"elementor-widget-container\">\n\t\t\t\t\t\t\t\t\t<h2>Akku mit hoher Kapazit\u00e4t - Wiederaufladbarer Lithium-Akku 700 mAh<\/h2><p>Der Fumot Leopard 40000 (RandM Tornado 40K) Blueberry Cherry Cranberry bietet bis zu 40000 Z\u00fcge und \u00fcbertrifft damit den Marktdurchschnitt deutlich. Er bietet eine lang anhaltende Erfahrung, die besonders f\u00fcr regelm\u00e4\u00dfige Nutzer geeignet ist, und beseitigt das Problem des h\u00e4ufigen Austauschs des Ger\u00e4ts.<\/p><p>Der eingebaute 700-mAh-Gro\u00dfraumakku kann \u00fcber die USB-Typ-C-Schnittstelle mehrfach aufgeladen werden. Im Vergleich zu herk\u00f6mmlichen Einwegger\u00e4ten ist das wiederaufladbare Design umweltfreundlicher und kosteng\u00fcnstiger, und die Akkulaufzeit ist hoch, sodass selbst Intensivnutzer sie \u00fcber einen Tag lang verwenden k\u00f6nnen.<\/p><p>Da er die moderne und g\u00e4ngige USB-Typ-C-Schnittstelle \u00fcbernimmt, bietet er nicht nur eine h\u00f6here Ladeeffizienz, sondern auch ein einfacheres Ein- und Ausstecken. Dank der Schnellladetechnologie l\u00e4dt es sich in der Regel in kurzer Zeit vollst\u00e4ndig auf, sodass die Wartezeit verk\u00fcrzt wird und Sie jederzeit und \u00fcberall in Verbindung bleiben k\u00f6nnen.<\/p><h2>Doppelte Mesh-Widerstandstechnologie<\/h2><p>Die Fumot Leopard 40000 (RandM Tornado 40K) Blueberry Cherry Cranberry ist mit einer fortschrittlichen, doppelmaschigen Heizdrahtstruktur ausgestattet, die f\u00fcr ein gleichm\u00e4\u00dfigeres und effizienteres Erhitzen sorgt und bei jedem Zug einen reichen, zarten Rauch mit cremigem Geschmack liefert. Der doppelte Widerstand verl\u00e4ngert effektiv die Lebensdauer des Widerstands, bewahrt die Geschmacksstabilit\u00e4t und verhindert den Verfall.<\/p><p>Um den Vorlieben jedes einzelnen Nutzers gerecht zu werden, bietet die Fumot Leopard 40000 vier Nikotinkonzentrationen: 0 %, 2 %, 3 % und 5 %. Egal, ob Sie ein Gelegenheitskonsument sind, der kein Nikotin konsumiert, oder ein starker Raucher, der eine hohe Konzentration ben\u00f6tigt, um seinen Entw\u00f6hnungsbed\u00fcrfnissen gerecht zu werden, Sie werden das ideale Produkt finden.<\/p><h2>Hochaufl\u00f6sende LED-Anzeige<\/h2><p>Der Fumot Leopard 40000 (RandM Tornado 40K) ist mit einem hochentwickelten digitalen LED-Display ausgestattet, das in Echtzeit die verbleibende E-Fl\u00fcssigkeit und den Akkuladestand anzeigt. So k\u00f6nnen die Benutzer den Status des Ger\u00e4ts auf einen Blick erkennen, vorausschauend planen, wann sie ihren Akku aufladen oder nachf\u00fcllen m\u00fcssen, und so Stromausf\u00e4lle oder einen leeren Akku vermeiden.<\/p><p>Die Schale mit Leopardenstruktur, die aus einem Material mit hoher Transmission gefertigt ist, vereint visuelle Wirkung und Eleganz. Beim Inhalieren drehen und blinken die dynamischen, trendigen RGB-Lichter, die bei jedem Zug das Gef\u00fchl eines Nachtclubs vermitteln. Es ist ein ideales Trendprodukt f\u00fcr Partys und besondere Anl\u00e4sse.<\/p><p>Die praktische Technologie zur automatischen Aktivierung der Inhalation kommt ohne Kn\u00f6pfe oder Einstellungen aus, sodass sich auch Anf\u00e4nger leicht damit vertraut machen k\u00f6nnen. Sie m\u00fcssen nur sanft einatmen und das Ger\u00e4t beginnt automatisch mit der Zerst\u00e4ubung, was f\u00fcr ein sanftes und angenehmes Einatmungserlebnis sorgt.<\/p><h2>Ergonomisches Design<\/h2><p>Das ergonomische Design des Fumot Leopard 40000 (RandM Tornado 40K) Blueberry Cherry Cranberry liegt bequem in der Hand und l\u00e4sst sich dank seiner kompakten Gr\u00f6\u00dfe leicht transportieren. Da es leicht ist, l\u00e4sst es sich einfach transportieren und mitnehmen.<\/p>\t\t\t\t\t\t\t\t<\/div>\n\t\t\t\t<\/div>\n\t\t\t\t\t<\/div>\n\t\t\t\t<\/div>\n\t\t\t\t<\/div>","protected":false},"excerpt":{"rendered":"<p>Lors du festival de street food fran\u00e7ais, l&rsquo;air \u00e9tait envahi par l&rsquo;ar\u00f4me des cr\u00eapes fra\u00eechement cuites et le go\u00fbt all\u00e9chant des escargots chauds au fromage. Tenant une cigarette \u00e9lectronique RandM Tornado 40000 Myrtille Cerise Canneberge, vous exhalez une fum\u00e9e qui allie d\u00e9licatement la fra\u00eecheur des myrtilles, la douceur des cerises et la l\u00e9g\u00e8re acidit\u00e9 des [&hellip;]<\/p>\n","protected":false},"featured_media":5083,"comment_status":"open","ping_status":"closed","template":"","meta":{"site-sidebar-layout":"no-sidebar","site-content-layout":"page-builder","ast-site-content-layout":"normal-width-container","site-content-style":"default","site-sidebar-style":"default","ast-global-header-display":"","ast-banner-title-visibility":"","ast-main-header-display":"","ast-hfb-above-header-display":"","ast-hfb-below-header-display":"","ast-hfb-mobile-header-display":"","site-post-title":"disabled","ast-breadcrumbs-content":"","ast-featured-img":"disabled","footer-sml-layout":"","ast-disable-related-posts":"","theme-transparent-header-meta":"default","adv-header-id-meta":"","stick-header-meta":"default","header-above-stick-meta":"","header-main-stick-meta":"","header-below-stick-meta":"","astra-migrate-meta-layouts":"set","ast-page-background-enabled":"default","ast-page-background-meta":{"desktop":{"background-color":"","background-image":"","background-repeat":"repeat","background-position":"center center","background-size":"auto","background-attachment":"scroll","background-type":"","background-media":"","overlay-type":"","overlay-color":"","overlay-opacity":"","overlay-gradient":""},"tablet":{"background-color":"","background-image":"","background-repeat":"repeat","background-position":"center center","background-size":"auto","background-attachment":"scroll","background-type":"","background-media":"","overlay-type":"","overlay-color":"","overlay-opacity":"","overlay-gradient":""},"mobile":{"background-color":"","background-image":"","background-repeat":"repeat","background-position":"center center","background-size":"auto","background-attachment":"scroll","background-type":"","background-media":"","overlay-type":"","overlay-color":"","overlay-opacity":"","overlay-gradient":""}},"ast-content-background-meta":{"desktop":{"background-color":"var(--ast-global-color-5)","background-image":"","background-repeat":"repeat","background-position":"center center","background-size":"auto","background-attachment":"scroll","background-type":"","background-media":"","overlay-type":"","overlay-color":"","overlay-opacity":"","overlay-gradient":""},"tablet":{"background-color":"var(--ast-global-color-5)","background-image":"","background-repeat":"repeat","background-position":"center center","background-size":"auto","background-attachment":"scroll","background-type":"","background-media":"","overlay-type":"","overlay-color":"","overlay-opacity":"","overlay-gradient":""},"mobile":{"background-color":"var(--ast-global-color-5)","background-image":"","background-repeat":"repeat","background-position":"center center","background-size":"auto","background-attachment":"scroll","background-type":"","background-media":"","overlay-type":"","overlay-color":"","overlay-opacity":"","overlay-gradient":""}}},"product_brand":[42],"product_cat":[50,88,77,15],"product_tag":[],"class_list":{"0":"post-5378","1":"product","2":"type-product","3":"status-publish","4":"has-post-thumbnail","6":"product_brand-randm-tornado","7":"product_cat-randm-tornado-40000-avec-ecran-led-hd","8":"product_cat-puff-40k","9":"product_cat-entrepot-de-lue","10":"product_cat-magasin-cigarette-electronique","11":"desktop-align-center","12":"tablet-align-center","13":"mobile-align-center","14":"ast-product-gallery-layout-horizontal","15":"ast-product-gallery-with-no-image","16":"ast-product-single-variable","17":"ast-product-tabs-layout-horizontal","18":"ast-qv-on-image","20":"first","21":"instock","22":"sale","23":"shipping-taxable","24":"purchasable","25":"product-type-variable","26":"has-default-attributes"},"tiered_pricing_type":"fixed","tiered_pricing_fixed_rules":{"30":10.42,"60":9.26,"100":8.05,"200":7.8,"500":7.67,"1000":7.38},"tiered_pricing_product_settings":{"layout":"default","base_unit_name":{"singular":null,"plural":null},"default_variation":null},"tiered_pricing_minimum_quantity":null,"tiered_pricing_roles_data":[],"tiered_pricing_percentage_rules":[],"_links":{"self":[{"href":"https:\/\/puffvapestore.com\/de\/wp-json\/wp\/v2\/product\/5378","targetHints":{"allow":["GET"]}}],"collection":[{"href":"https:\/\/puffvapestore.com\/de\/wp-json\/wp\/v2\/product"}],"about":[{"href":"https:\/\/puffvapestore.com\/de\/wp-json\/wp\/v2\/types\/product"}],"replies":[{"embeddable":true,"href":"https:\/\/puffvapestore.com\/de\/wp-json\/wp\/v2\/comments?post=5378"}],"version-history":[{"count":7,"href":"https:\/\/puffvapestore.com\/de\/wp-json\/wp\/v2\/product\/5378\/revisions"}],"predecessor-version":[{"id":10758,"href":"https:\/\/puffvapestore.com\/de\/wp-json\/wp\/v2\/product\/5378\/revisions\/10758"}],"wp:featuredmedia":[{"embeddable":true,"href":"https:\/\/puffvapestore.com\/de\/wp-json\/wp\/v2\/media\/5083"}],"wp:attachment":[{"href":"https:\/\/puffvapestore.com\/de\/wp-json\/wp\/v2\/media?parent=5378"}],"wp:term":[{"taxonomy":"product_brand","embeddable":true,"href":"https:\/\/puffvapestore.com\/de\/wp-json\/wp\/v2\/product_brand?post=5378"},{"taxonomy":"product_cat","embeddable":true,"href":"https:\/\/puffvapestore.com\/de\/wp-json\/wp\/v2\/product_cat?post=5378"},{"taxonomy":"product_tag","embeddable":true,"href":"https:\/\/puffvapestore.com\/de\/wp-json\/wp\/v2\/product_tag?post=5378"}],"curies":[{"name":"wp","href":"https:\/\/api.w.org\/{rel}","templated":true}]}}