{"id":5352,"date":"2025-07-19T05:43:27","date_gmt":"2025-07-19T05:43:27","guid":{"rendered":"https:\/\/puffvapestore.com\/?post_type=product&#038;p=5352"},"modified":"2026-04-21T07:08:37","modified_gmt":"2026-04-21T07:08:37","slug":"cherry-ice-fumot-40000-un-arome-de-cerises-mures-bien-present","status":"publish","type":"product","link":"https:\/\/puffvapestore.com\/de\/product\/cherry-ice-fumot-40000-ein-prasentes-aroma-von-reifen-kirschen\/","title":{"rendered":"Cherry Ice - Fumot RandM Tornado 40000"},"content":{"rendered":"<div data-elementor-type=\"wp-post\" data-elementor-id=\"5352\" class=\"elementor elementor-5352\">\n\t\t\t\t<div class=\"elementor-element elementor-element-08c26f9 e-flex e-con-boxed e-con e-parent\" data-id=\"08c26f9\" data-element_type=\"container\" data-e-type=\"container\">\n\t\t\t\t\t<div class=\"e-con-inner\">\n\t\t\t\t<div class=\"elementor-element elementor-element-a005a97 elementor-widget elementor-widget-text-editor\" data-id=\"a005a97\" data-element_type=\"widget\" data-e-type=\"widget\" data-widget_type=\"text-editor.default\">\n\t\t\t\t<div class=\"elementor-widget-container\">\n\t\t\t\t\t\t\t\t\t<p>\"Cherry Ice\" verbindet das intensive, saftige Aroma der Kirsche mit der K\u00fchle von Eis, als ob Sie an einem Sommernachmittag in der Provence in eine frisch gepfl\u00fcckte rote Kirsche bei\u00dfen w\u00fcrden und dann eine frische Brise aus dem Tal Ihre Kehle umspielt und Ihnen ein erfrischendes Erlebnis beschert. Dieser Geschmack ist unaufdringlich und subtil und eignet sich perfekt f\u00fcr Liebhaber nat\u00fcrlicher und reiner Aromen.<\/p><h2>Hauptaroma : Fruchtiges Kirscharoma<\/h2><p>Reiches, fruchtiges Aroma: Das Hauptaroma von Cherry Ice ist das Kirscharoma, das s\u00fc\u00dfe rote Kirschen nachahmt, und nicht das der Sauerkirsche. Im Mund verstr\u00f6mt der Rauch ein Aroma von reifem Fruchtfleisch, das an aus den USA importierte Dosenkirschen erinnert, mit einer leichten S\u00fc\u00dfe, die der von Marmelade \u00e4hnelt, aber nicht zu fettig ist.<\/p><h2>Sekund\u00e4re Aromaeigenschaften: frische Minze<\/h2><p>M\u00e4\u00dfiges bis starkes Eisgef\u00fchl: Der Inhaltsstoff \"Ice\" stammt von der Zugabe von leichter Minze. Es handelt sich nicht um ein intensives K\u00e4ltegef\u00fchl, das sich in die Kehle bohrt, sondern um ein erfrischendes Gef\u00fchl mit einer leichten Taubheit, das besonders beim Schlucken oder Ausatmen sp\u00fcrbar ist.<\/p><p>Frischer Nachgeschmack: Das Gef\u00fchl der Frische wird haupts\u00e4chlich beim Ausatmen betont, was den Mund k\u00fchlt und sich gut f\u00fcr hei\u00dfe Getr\u00e4nke oder bei M\u00fcdigkeit eignet.<\/p><h2>Gesamterfahrung und Nutzung<\/h2><p>Gutes Gleichgewicht zwischen S\u00fc\u00dfe und Eisgef\u00fchl: Dieses Produkt ist weder zu s\u00fc\u00df noch zu fettig oder zu schwer im Mund.\u00a0<\/p><p>Anhaltender Nachgeschmack : Nach dem Rauchen bleibt die S\u00fc\u00dfe der Kirsche kurzzeitig im Mund und in der Nase erhalten und erinnert an einen Nachgeschmack von S\u00fc\u00dfigkeiten oder Getr\u00e4nken.<\/p><p>Geeignet f\u00fcr Verbraucher, die fruchtige und erfrischende Geschmacksrichtungen m\u00f6gen: Besonders geeignet f\u00fcr Verbraucher, die s\u00fc\u00dfe fruchtige Geschmacksrichtungen m\u00f6gen, ohne zu fettig zu sein.<\/p>\t\t\t\t\t\t\t\t<\/div>\n\t\t\t\t<\/div>\n\t\t\t\t\t<\/div>\n\t\t\t\t<\/div>\n\t\t<div class=\"elementor-element elementor-element-718b380 e-flex e-con-boxed e-con e-parent\" data-id=\"718b380\" data-element_type=\"container\" data-e-type=\"container\">\n\t\t\t\t\t<div class=\"e-con-inner\">\n\t\t\t\t<div class=\"elementor-element elementor-element-d2cc8fa elementor-widget elementor-widget-text-editor\" data-id=\"d2cc8fa\" data-element_type=\"widget\" data-e-type=\"widget\" data-widget_type=\"text-editor.default\">\n\t\t\t\t<div class=\"elementor-widget-container\">\n\t\t\t\t\t\t\t\t\t<h2>Akku mit hoher Kapazit\u00e4t - Wiederaufladbarer Lithium-Akku 700 mAh<\/h2><p>Der Fumot Leopard 40000 (RandM Tornado 40K) bietet bis zu 40000 Z\u00fcge und \u00fcbertrifft damit den Marktdurchschnitt bei weitem. Er bietet eine lang anhaltende Erfahrung, die besonders f\u00fcr regelm\u00e4\u00dfige Nutzer geeignet ist, und beseitigt die Probleme, die durch h\u00e4ufigen Austausch des Ger\u00e4ts entstehen.<\/p><p>Der eingebaute 700-mAh-Gro\u00dfraumakku kann \u00fcber die USB-Typ-C-Schnittstelle mehrfach aufgeladen werden. Im Vergleich zu herk\u00f6mmlichen Einwegger\u00e4ten ist das wiederaufladbare Design umweltfreundlicher und kosteng\u00fcnstiger, und die Akkulaufzeit ist hoch, sodass selbst Intensivnutzer sie \u00fcber einen Tag lang verwenden k\u00f6nnen.<\/p><p>Da er die moderne und g\u00e4ngige USB-Typ-C-Schnittstelle \u00fcbernimmt, bietet er nicht nur eine h\u00f6here Ladeeffizienz, sondern auch ein einfacheres Ein- und Ausstecken. Dank der Schnellladetechnologie l\u00e4dt es sich in der Regel in kurzer Zeit vollst\u00e4ndig auf, sodass die Wartezeit verk\u00fcrzt wird und Sie jederzeit und \u00fcberall in Verbindung bleiben k\u00f6nnen.<\/p><h2>Doppelte Mesh-Widerstandstechnologie<\/h2><p>Die Fumot Leopard 40000 (RandM Tornado 40K) ist mit einer fortschrittlichen Doppelmaschen-Heizdrahtstruktur ausgestattet, die f\u00fcr eine gleichm\u00e4\u00dfigere und effizientere Erhitzung sorgt und bei jedem Zug einen reichhaltigen, zarten Rauch mit cremigem Geschmack liefert. Der doppelte Widerstand verl\u00e4ngert effektiv die Lebensdauer des Widerstands, bewahrt die Geschmacksstabilit\u00e4t und verhindert den Verfall.<\/p><p>Um den Vorlieben jedes einzelnen Nutzers gerecht zu werden, bietet die Fumot Leopard 40000 vier Nikotinkonzentrationen: 0 %, 2 %, 3 % und 5 %. Egal, ob Sie ein Gelegenheitskonsument sind, der kein Nikotin konsumiert, oder ein starker Raucher, der eine hohe Konzentration ben\u00f6tigt, um seinen Entw\u00f6hnungsbed\u00fcrfnissen gerecht zu werden, Sie werden das ideale Produkt finden.<\/p><h2>Hochaufl\u00f6sende LED-Anzeige<\/h2><p>Der Fumot Leopard 40000 (RandM Tornado 40K) ist mit einem hochentwickelten digitalen LED-Display ausgestattet, das in Echtzeit die verbleibende E-Fl\u00fcssigkeit und den Akkuladestand anzeigt. So k\u00f6nnen die Benutzer den Status des Ger\u00e4ts auf einen Blick erkennen, vorausschauend planen, wann sie ihren Akku aufladen oder nachf\u00fcllen m\u00fcssen, und so Stromausf\u00e4lle oder einen leeren Akku vermeiden.<\/p><p>Die Schale mit Leopardenstruktur, die aus einem Material mit hoher Transmission gefertigt ist, vereint visuelle Wirkung und Eleganz. Beim Inhalieren drehen und blinken die dynamischen, trendigen RGB-Lichter, die bei jedem Zug das Gef\u00fchl eines Nachtclubs vermitteln. Es ist ein ideales Trendprodukt f\u00fcr Partys und besondere Anl\u00e4sse.<\/p><p>Die praktische Technologie zur automatischen Aktivierung der Inhalation kommt ohne Kn\u00f6pfe oder Einstellungen aus, sodass sich auch Anf\u00e4nger leicht damit vertraut machen k\u00f6nnen. Sie m\u00fcssen nur sanft einatmen und das Ger\u00e4t beginnt automatisch mit der Zerst\u00e4ubung, was f\u00fcr ein sanftes und angenehmes Einatmungserlebnis sorgt.<\/p><h2>Ergonomisches Design<\/h2><p>Das ergonomische Design des Fumot Leopard 40000 (RandM Tornado 40K) liegt bequem in der Hand und l\u00e4sst sich dank seiner kompakten Gr\u00f6\u00dfe leicht transportieren. Da es leicht ist, l\u00e4sst es sich leicht transportieren und mitnehmen.<\/p>\t\t\t\t\t\t\t\t<\/div>\n\t\t\t\t<\/div>\n\t\t\t\t\t<\/div>\n\t\t\t\t<\/div>\n\t\t\t\t<\/div>","protected":false},"excerpt":{"rendered":"<p>\u00ab Cherry Ice \u00bb allie l&rsquo;ar\u00f4me intense et juteux de la cerise \u00e0 la fra\u00eecheur de la glace, comme si vous croquiez dans une cerise rouge fra\u00eechement cueillie par un apr\u00e8s-midi d&rsquo;\u00e9t\u00e9 en Provence, puis qu&rsquo;une brise fra\u00eeche de la vall\u00e9e vous caressait la gorge, vous procurant une exp\u00e9rience rafra\u00eechissante. Cette saveur, discr\u00e8te et subtile, [&hellip;]<\/p>\n","protected":false},"featured_media":5086,"comment_status":"open","ping_status":"closed","template":"","meta":{"site-sidebar-layout":"no-sidebar","site-content-layout":"page-builder","ast-site-content-layout":"normal-width-container","site-content-style":"default","site-sidebar-style":"default","ast-global-header-display":"","ast-banner-title-visibility":"","ast-main-header-display":"","ast-hfb-above-header-display":"","ast-hfb-below-header-display":"","ast-hfb-mobile-header-display":"","site-post-title":"disabled","ast-breadcrumbs-content":"","ast-featured-img":"disabled","footer-sml-layout":"","ast-disable-related-posts":"","theme-transparent-header-meta":"default","adv-header-id-meta":"","stick-header-meta":"default","header-above-stick-meta":"","header-main-stick-meta":"","header-below-stick-meta":"","astra-migrate-meta-layouts":"set","ast-page-background-enabled":"default","ast-page-background-meta":{"desktop":{"background-color":"","background-image":"","background-repeat":"repeat","background-position":"center center","background-size":"auto","background-attachment":"scroll","background-type":"","background-media":"","overlay-type":"","overlay-color":"","overlay-opacity":"","overlay-gradient":""},"tablet":{"background-color":"","background-image":"","background-repeat":"repeat","background-position":"center center","background-size":"auto","background-attachment":"scroll","background-type":"","background-media":"","overlay-type":"","overlay-color":"","overlay-opacity":"","overlay-gradient":""},"mobile":{"background-color":"","background-image":"","background-repeat":"repeat","background-position":"center center","background-size":"auto","background-attachment":"scroll","background-type":"","background-media":"","overlay-type":"","overlay-color":"","overlay-opacity":"","overlay-gradient":""}},"ast-content-background-meta":{"desktop":{"background-color":"var(--ast-global-color-5)","background-image":"","background-repeat":"repeat","background-position":"center center","background-size":"auto","background-attachment":"scroll","background-type":"","background-media":"","overlay-type":"","overlay-color":"","overlay-opacity":"","overlay-gradient":""},"tablet":{"background-color":"var(--ast-global-color-5)","background-image":"","background-repeat":"repeat","background-position":"center center","background-size":"auto","background-attachment":"scroll","background-type":"","background-media":"","overlay-type":"","overlay-color":"","overlay-opacity":"","overlay-gradient":""},"mobile":{"background-color":"var(--ast-global-color-5)","background-image":"","background-repeat":"repeat","background-position":"center center","background-size":"auto","background-attachment":"scroll","background-type":"","background-media":"","overlay-type":"","overlay-color":"","overlay-opacity":"","overlay-gradient":""}}},"product_brand":[42],"product_cat":[50,88,77,15],"product_tag":[],"class_list":{"0":"post-5352","1":"product","2":"type-product","3":"status-publish","4":"has-post-thumbnail","6":"product_brand-randm-tornado","7":"product_cat-randm-tornado-40000-avec-ecran-led-hd","8":"product_cat-puff-40k","9":"product_cat-entrepot-de-lue","10":"product_cat-magasin-cigarette-electronique","11":"desktop-align-center","12":"tablet-align-center","13":"mobile-align-center","14":"ast-product-gallery-layout-horizontal","15":"ast-product-gallery-with-no-image","16":"ast-product-single-variable","17":"ast-product-tabs-layout-horizontal","18":"ast-qv-on-image","20":"first","21":"instock","22":"sale","23":"shipping-taxable","24":"purchasable","25":"product-type-variable","26":"has-default-attributes"},"tiered_pricing_type":"fixed","tiered_pricing_fixed_rules":{"30":10.42,"60":9.26,"100":8.05,"200":7.8,"500":7.67,"1000":7.38},"tiered_pricing_product_settings":{"layout":"default","base_unit_name":{"singular":null,"plural":null},"default_variation":null},"tiered_pricing_minimum_quantity":null,"tiered_pricing_roles_data":[],"tiered_pricing_percentage_rules":[],"_links":{"self":[{"href":"https:\/\/puffvapestore.com\/de\/wp-json\/wp\/v2\/product\/5352","targetHints":{"allow":["GET"]}}],"collection":[{"href":"https:\/\/puffvapestore.com\/de\/wp-json\/wp\/v2\/product"}],"about":[{"href":"https:\/\/puffvapestore.com\/de\/wp-json\/wp\/v2\/types\/product"}],"replies":[{"embeddable":true,"href":"https:\/\/puffvapestore.com\/de\/wp-json\/wp\/v2\/comments?post=5352"}],"version-history":[{"count":11,"href":"https:\/\/puffvapestore.com\/de\/wp-json\/wp\/v2\/product\/5352\/revisions"}],"predecessor-version":[{"id":10760,"href":"https:\/\/puffvapestore.com\/de\/wp-json\/wp\/v2\/product\/5352\/revisions\/10760"}],"wp:featuredmedia":[{"embeddable":true,"href":"https:\/\/puffvapestore.com\/de\/wp-json\/wp\/v2\/media\/5086"}],"wp:attachment":[{"href":"https:\/\/puffvapestore.com\/de\/wp-json\/wp\/v2\/media?parent=5352"}],"wp:term":[{"taxonomy":"product_brand","embeddable":true,"href":"https:\/\/puffvapestore.com\/de\/wp-json\/wp\/v2\/product_brand?post=5352"},{"taxonomy":"product_cat","embeddable":true,"href":"https:\/\/puffvapestore.com\/de\/wp-json\/wp\/v2\/product_cat?post=5352"},{"taxonomy":"product_tag","embeddable":true,"href":"https:\/\/puffvapestore.com\/de\/wp-json\/wp\/v2\/product_tag?post=5352"}],"curies":[{"name":"wp","href":"https:\/\/api.w.org\/{rel}","templated":true}]}}