{"id":5341,"date":"2025-07-19T02:36:17","date_gmt":"2025-07-19T02:36:17","guid":{"rendered":"https:\/\/puffvapestore.com\/?post_type=product&#038;p=5341"},"modified":"2026-04-21T07:08:29","modified_gmt":"2026-04-21T07:08:29","slug":"strawberry-banana-fumot-40000-offre-un-arriere-gout-chaleureux","status":"publish","type":"product","link":"https:\/\/puffvapestore.com\/de\/product\/strawberry-banana-fumot-40000-bietet-einen-warmen-nachgeschmack\/","title":{"rendered":"Strawberry Banana - Fumot RandM Tornado 40000"},"content":{"rendered":"<div data-elementor-type=\"wp-post\" data-elementor-id=\"5341\" class=\"elementor elementor-5341\">\n\t\t\t\t<div class=\"elementor-element elementor-element-08c26f9 e-flex e-con-boxed e-con e-parent\" data-id=\"08c26f9\" data-element_type=\"container\" data-e-type=\"container\">\n\t\t\t\t\t<div class=\"e-con-inner\">\n\t\t\t\t<div class=\"elementor-element elementor-element-a005a97 elementor-widget elementor-widget-text-editor\" data-id=\"a005a97\" data-element_type=\"widget\" data-e-type=\"widget\" data-widget_type=\"text-editor.default\">\n\t\t\t\t<div class=\"elementor-widget-container\">\n\t\t\t\t\t\t\t\t\t<p>Die Erdbeer-Banane von Fumot Leopard 40000 ist ein klassisches Dessert mit reichhaltigen Noten, s\u00fc\u00df, ohne fettig zu sein, duftend und frisch. Die Frische der Erdbeeren harmoniert perfekt mit der eines Bananenmilchshakes mit intensivem Milchgeschmack. Der Kern ist weich und cremig, der Nachgeschmack warm und die allgemeine Rundheit ist nat\u00fcrlich. Es ist eine Geschmacksrichtung, die zu jeder Jahreszeit passt und t\u00e4glich genossen werden kann.<\/p><h2>Die S\u00fc\u00dfe und leichte S\u00e4ure der Erdbeeren :<\/h2><p>Der Geschmack von Erdbeeren ist von reifen, fleischigen Fr\u00fcchten inspiriert und bringt eine reiche S\u00fc\u00dfe mit sich, die von einer leichten S\u00e4ure begleitet wird, die f\u00fcr einen Hauch von Frische sorgt. Diese s\u00fc\u00df-saure Balance erinnert an frisch gepfl\u00fcckte, sonnenverw\u00f6hnte Erdbeeren, die saftig und vibrierend sind.<\/p><p>Beim Einatmen trifft das s\u00fc\u00dfe, fruchtige Aroma der Erdbeere auf den Gaumen und sorgt f\u00fcr einen lebhaften, erfrischenden Auftakt.<\/p><h2>S\u00e4mige, cremige Banane :<\/h2><p>Der Geschmack der Banane zeichnet sich durch ihre charakteristische Cremigkeit und cremige Textur aus, die einen warmen, weichen Geschmack erzeugt. Ihre weichere S\u00fc\u00dfe steht im Kontrast zu der lebhaften S\u00fc\u00dfe der Erdbeere und verleiht ihr zus\u00e4tzliche Tiefe.<\/p><p>Beim Ausatmen tritt allm\u00e4hlich der cremige Bananengeschmack hervor und schafft ein Smoothie-\u00e4hnliches Erlebnis, als ob Sie eine reife, s\u00fc\u00dfe, nicht fettende Banane genie\u00dfen w\u00fcrden.<\/p>\t\t\t\t\t\t\t\t<\/div>\n\t\t\t\t<\/div>\n\t\t\t\t\t<\/div>\n\t\t\t\t<\/div>\n\t\t<div class=\"elementor-element elementor-element-718b380 e-flex e-con-boxed e-con e-parent\" data-id=\"718b380\" data-element_type=\"container\" data-e-type=\"container\">\n\t\t\t\t\t<div class=\"e-con-inner\">\n\t\t\t\t<div class=\"elementor-element elementor-element-d2cc8fa elementor-widget elementor-widget-text-editor\" data-id=\"d2cc8fa\" data-element_type=\"widget\" data-e-type=\"widget\" data-widget_type=\"text-editor.default\">\n\t\t\t\t<div class=\"elementor-widget-container\">\n\t\t\t\t\t\t\t\t\t<h2>Akku mit hoher Kapazit\u00e4t - Wiederaufladbarer Lithium-Akku 700 mAh<\/h2><p>Der Fumot Leopard 40000 (RandM Tornado 40K) Strawberry Banana bietet bis zu 40000 Z\u00fcge und \u00fcbertrifft damit den Marktdurchschnitt deutlich. Er bietet eine lang anhaltende Erfahrung, die besonders f\u00fcr regelm\u00e4\u00dfige Nutzer geeignet ist, und beseitigt das Problem des h\u00e4ufigen Austauschs des Ger\u00e4ts.<\/p><p>Der eingebaute 700-mAh-Gro\u00dfraumakku kann \u00fcber die USB-Typ-C-Schnittstelle mehrfach aufgeladen werden. Im Vergleich zu herk\u00f6mmlichen Einwegger\u00e4ten ist das wiederaufladbare Design umweltfreundlicher und kosteng\u00fcnstiger, und die Akkulaufzeit ist hoch, sodass selbst Intensivnutzer sie \u00fcber einen Tag lang verwenden k\u00f6nnen.<\/p><p>Da er die moderne und g\u00e4ngige USB-Typ-C-Schnittstelle \u00fcbernimmt, bietet er nicht nur eine h\u00f6here Ladeeffizienz, sondern auch ein einfacheres Ein- und Ausstecken. Dank der Schnellladetechnologie l\u00e4dt es sich in der Regel in kurzer Zeit vollst\u00e4ndig auf, sodass die Wartezeit verk\u00fcrzt wird und Sie jederzeit und \u00fcberall in Verbindung bleiben k\u00f6nnen.<\/p><h2>Doppelte Mesh-Widerstandstechnologie<\/h2><p>Die Fumot Leopard 40000 (RandM Tornado 40K) Strawberry Banana ist mit einer fortschrittlichen, doppelmaschigen Heizdrahtstruktur ausgestattet, die f\u00fcr eine gleichm\u00e4\u00dfigere und effizientere Erhitzung sorgt und mit jedem Zug einen reichen, zarten Rauch mit cremigem Geschmack liefert. Der doppelte Widerstand verl\u00e4ngert effektiv die Lebensdauer des Widerstands, bewahrt die Geschmacksstabilit\u00e4t und verhindert den Verfall.<\/p><p>Um den Vorlieben jedes einzelnen Nutzers gerecht zu werden, bietet die Fumot Leopard 40000 vier Nikotinkonzentrationen: 0 %, 2 %, 3 % und 5 %. Egal, ob Sie ein Gelegenheitskonsument sind, der kein Nikotin konsumiert, oder ein starker Raucher, der eine hohe Konzentration ben\u00f6tigt, um seinen Entw\u00f6hnungsbed\u00fcrfnissen gerecht zu werden, Sie werden das ideale Produkt finden.<\/p><h2>Hochaufl\u00f6sende LED-Anzeige<\/h2><p>Der Fumot Leopard 40000 (RandM Tornado 40K) Strawberry Banana ist mit einem hochentwickelten digitalen LED-Display ausgestattet, das in Echtzeit anzeigt, wie viel E-Fl\u00fcssigkeit noch vorhanden ist und wie voll der Akku ist. So k\u00f6nnen die Benutzer den Status des Ger\u00e4ts auf einen Blick sehen, vorausschauend planen, wann sie den Akku aufladen oder nachladen m\u00fcssen, und so Stromausf\u00e4lle oder einen leeren Akku vermeiden.<\/p><p>Die Schale mit Leopardenstruktur, die aus einem Material mit hoher Transmission gefertigt ist, vereint visuelle Wirkung und Eleganz. Beim Inhalieren drehen und blinken die dynamischen, trendigen RGB-Lichter, die bei jedem Zug das Gef\u00fchl eines Nachtclubs vermitteln. Es ist ein ideales Trendprodukt f\u00fcr Partys und besondere Anl\u00e4sse.<\/p><p>Die praktische Technologie zur automatischen Aktivierung der Inhalation kommt ohne Kn\u00f6pfe oder Einstellungen aus, sodass sich auch Anf\u00e4nger leicht damit vertraut machen k\u00f6nnen. Sie m\u00fcssen nur sanft einatmen und das Ger\u00e4t beginnt automatisch mit der Zerst\u00e4ubung, was f\u00fcr ein sanftes und angenehmes Einatmungserlebnis sorgt.<\/p><h2>Ergonomisches Design<\/h2><p>Das ergonomische Design des Fumot Leopard 40000 (RandM Tornado 40K) Strawberry Banana liegt bequem in der Hand und l\u00e4sst sich dank seiner kompakten Gr\u00f6\u00dfe leicht transportieren. Da es leicht ist, l\u00e4sst es sich leicht transportieren und mitnehmen.<\/p>\t\t\t\t\t\t\t\t<\/div>\n\t\t\t\t<\/div>\n\t\t\t\t\t<\/div>\n\t\t\t\t<\/div>\n\t\t\t\t<\/div>","protected":false},"excerpt":{"rendered":"<p>La Fraise Banane de Fumot Leopard 40000 est un dessert classique aux notes riches, sucr\u00e9 sans \u00eatre gras, parfum\u00e9 et frais. La fra\u00eecheur des fraises se marie parfaitement avec celle d&rsquo;un milkshake \u00e0 la banane au go\u00fbt lact\u00e9 intense. Le c\u0153ur est moelleux et onctueux, l&rsquo;arri\u00e8re-go\u00fbt est chaleureux et la rondeur g\u00e9n\u00e9rale est naturelle. C&rsquo;est [&hellip;]<\/p>\n","protected":false},"featured_media":5093,"comment_status":"open","ping_status":"closed","template":"","meta":{"site-sidebar-layout":"no-sidebar","site-content-layout":"page-builder","ast-site-content-layout":"normal-width-container","site-content-style":"default","site-sidebar-style":"default","ast-global-header-display":"","ast-banner-title-visibility":"","ast-main-header-display":"","ast-hfb-above-header-display":"","ast-hfb-below-header-display":"","ast-hfb-mobile-header-display":"","site-post-title":"disabled","ast-breadcrumbs-content":"","ast-featured-img":"disabled","footer-sml-layout":"","ast-disable-related-posts":"","theme-transparent-header-meta":"default","adv-header-id-meta":"","stick-header-meta":"default","header-above-stick-meta":"","header-main-stick-meta":"","header-below-stick-meta":"","astra-migrate-meta-layouts":"set","ast-page-background-enabled":"default","ast-page-background-meta":{"desktop":{"background-color":"","background-image":"","background-repeat":"repeat","background-position":"center center","background-size":"auto","background-attachment":"scroll","background-type":"","background-media":"","overlay-type":"","overlay-color":"","overlay-opacity":"","overlay-gradient":""},"tablet":{"background-color":"","background-image":"","background-repeat":"repeat","background-position":"center center","background-size":"auto","background-attachment":"scroll","background-type":"","background-media":"","overlay-type":"","overlay-color":"","overlay-opacity":"","overlay-gradient":""},"mobile":{"background-color":"","background-image":"","background-repeat":"repeat","background-position":"center center","background-size":"auto","background-attachment":"scroll","background-type":"","background-media":"","overlay-type":"","overlay-color":"","overlay-opacity":"","overlay-gradient":""}},"ast-content-background-meta":{"desktop":{"background-color":"var(--ast-global-color-5)","background-image":"","background-repeat":"repeat","background-position":"center center","background-size":"auto","background-attachment":"scroll","background-type":"","background-media":"","overlay-type":"","overlay-color":"","overlay-opacity":"","overlay-gradient":""},"tablet":{"background-color":"var(--ast-global-color-5)","background-image":"","background-repeat":"repeat","background-position":"center center","background-size":"auto","background-attachment":"scroll","background-type":"","background-media":"","overlay-type":"","overlay-color":"","overlay-opacity":"","overlay-gradient":""},"mobile":{"background-color":"var(--ast-global-color-5)","background-image":"","background-repeat":"repeat","background-position":"center center","background-size":"auto","background-attachment":"scroll","background-type":"","background-media":"","overlay-type":"","overlay-color":"","overlay-opacity":"","overlay-gradient":""}}},"product_brand":[42],"product_cat":[50,88,77,15],"product_tag":[],"class_list":{"0":"post-5341","1":"product","2":"type-product","3":"status-publish","4":"has-post-thumbnail","6":"product_brand-randm-tornado","7":"product_cat-randm-tornado-40000-avec-ecran-led-hd","8":"product_cat-puff-40k","9":"product_cat-entrepot-de-lue","10":"product_cat-magasin-cigarette-electronique","11":"desktop-align-center","12":"tablet-align-center","13":"mobile-align-center","14":"ast-product-gallery-layout-horizontal","15":"ast-product-gallery-with-no-image","16":"ast-product-single-variable","17":"ast-product-tabs-layout-horizontal","18":"ast-qv-on-image","20":"first","21":"instock","22":"sale","23":"shipping-taxable","24":"purchasable","25":"product-type-variable","26":"has-default-attributes"},"tiered_pricing_type":"fixed","tiered_pricing_fixed_rules":{"30":10.42,"60":9.26,"100":8.05,"200":7.8,"500":7.67,"1000":7.38},"tiered_pricing_product_settings":{"layout":"default","base_unit_name":{"singular":null,"plural":null},"default_variation":null},"tiered_pricing_minimum_quantity":null,"tiered_pricing_roles_data":[],"tiered_pricing_percentage_rules":[],"_links":{"self":[{"href":"https:\/\/puffvapestore.com\/de\/wp-json\/wp\/v2\/product\/5341","targetHints":{"allow":["GET"]}}],"collection":[{"href":"https:\/\/puffvapestore.com\/de\/wp-json\/wp\/v2\/product"}],"about":[{"href":"https:\/\/puffvapestore.com\/de\/wp-json\/wp\/v2\/types\/product"}],"replies":[{"embeddable":true,"href":"https:\/\/puffvapestore.com\/de\/wp-json\/wp\/v2\/comments?post=5341"}],"version-history":[{"count":8,"href":"https:\/\/puffvapestore.com\/de\/wp-json\/wp\/v2\/product\/5341\/revisions"}],"predecessor-version":[{"id":13909,"href":"https:\/\/puffvapestore.com\/de\/wp-json\/wp\/v2\/product\/5341\/revisions\/13909"}],"wp:featuredmedia":[{"embeddable":true,"href":"https:\/\/puffvapestore.com\/de\/wp-json\/wp\/v2\/media\/5093"}],"wp:attachment":[{"href":"https:\/\/puffvapestore.com\/de\/wp-json\/wp\/v2\/media?parent=5341"}],"wp:term":[{"taxonomy":"product_brand","embeddable":true,"href":"https:\/\/puffvapestore.com\/de\/wp-json\/wp\/v2\/product_brand?post=5341"},{"taxonomy":"product_cat","embeddable":true,"href":"https:\/\/puffvapestore.com\/de\/wp-json\/wp\/v2\/product_cat?post=5341"},{"taxonomy":"product_tag","embeddable":true,"href":"https:\/\/puffvapestore.com\/de\/wp-json\/wp\/v2\/product_tag?post=5341"}],"curies":[{"name":"wp","href":"https:\/\/api.w.org\/{rel}","templated":true}]}}