{"id":5330,"date":"2025-07-19T01:27:59","date_gmt":"2025-07-19T01:27:59","guid":{"rendered":"https:\/\/puffvapestore.com\/?post_type=product&#038;p=5330"},"modified":"2026-04-21T07:08:20","modified_gmt":"2026-04-21T07:08:20","slug":"blueberry-raspberry-tornado-40000-un-arome-raffine","status":"publish","type":"product","link":"https:\/\/puffvapestore.com\/de\/product\/blueberry-raspberry-tornado-40000-ein-raffiniertes-aroma\/","title":{"rendered":"Fumot Leopard 40000 - Blueberry Raspberry"},"content":{"rendered":"<div data-elementor-type=\"wp-post\" data-elementor-id=\"5330\" class=\"elementor elementor-5330\">\n\t\t\t\t<div class=\"elementor-element elementor-element-08c26f9 e-flex e-con-boxed e-con e-parent\" data-id=\"08c26f9\" data-element_type=\"container\" data-e-type=\"container\">\n\t\t\t\t\t<div class=\"e-con-inner\">\n\t\t\t\t<div class=\"elementor-element elementor-element-a005a97 elementor-widget elementor-widget-text-editor\" data-id=\"a005a97\" data-element_type=\"widget\" data-e-type=\"widget\" data-widget_type=\"text-editor.default\">\n\t\t\t\t<div class=\"elementor-widget-container\">\n\t\t\t\t\t\t\t\t\t<p>Das Besondere an Heidelbeere Himbeere ist die von der Heidelbeere dominierte S\u00fc\u00dfe und der s\u00e4uerliche Himbeerabgang. Die Textur ist ausgepr\u00e4gter, ohne die Komplexit\u00e4t und Vermischung der anderen Fruchtaromen, geeignet f\u00fcr Nutzer, die klare Fruchtaromen bevorzugen.<\/p><p>Hauptnote Heidelbeere: Der Geschmack erinnert an die S\u00fc\u00dfe von reifen Heidelbeeren. Das fruchtige, volle und saftige Aroma ist schon beim Eintritt in den Mund sp\u00fcrbar, mit einem runden Geschmack, der an Heidelbeermarmelade oder -bonbons erinnert.<\/p><p>Himbeer-Nebennote: Die Himbeeren bringen ein leicht s\u00e4uerliches Gef\u00fchl mit sich, \u00fcberlagern den allgemeinen Geschmack, machen die S\u00fc\u00dfe nicht fettig, und es ist ein s\u00fc\u00dfer Duft nach sauren Beeren.<\/p>\t\t\t\t\t\t\t\t<\/div>\n\t\t\t\t<\/div>\n\t\t\t\t\t<\/div>\n\t\t\t\t<\/div>\n\t\t<div class=\"elementor-element elementor-element-718b380 e-flex e-con-boxed e-con e-parent\" data-id=\"718b380\" data-element_type=\"container\" data-e-type=\"container\">\n\t\t\t\t\t<div class=\"e-con-inner\">\n\t\t\t\t<div class=\"elementor-element elementor-element-d2cc8fa elementor-widget elementor-widget-text-editor\" data-id=\"d2cc8fa\" data-element_type=\"widget\" data-e-type=\"widget\" data-widget_type=\"text-editor.default\">\n\t\t\t\t<div class=\"elementor-widget-container\">\n\t\t\t\t\t\t\t\t\t<h2>Akku mit hoher Kapazit\u00e4t - Wiederaufladbarer Lithium-Akku 700 mAh<\/h2><p>Der Fumot Leopard 40000 (RandM Tornado 40K) Blueberry Raspberry bietet bis zu 40000 Z\u00fcge und \u00fcbertrifft damit den Marktdurchschnitt bei weitem. Er bietet eine Langzeiterfahrung, die besonders f\u00fcr regelm\u00e4\u00dfige Nutzer geeignet ist, und beseitigt die Probleme, die durch h\u00e4ufigen Austausch des Ger\u00e4ts entstehen.<\/p><p>Der eingebaute 700-mAh-Gro\u00dfraumakku kann \u00fcber die USB-Typ-C-Schnittstelle mehrfach aufgeladen werden. Im Vergleich zu herk\u00f6mmlichen Einwegger\u00e4ten ist das wiederaufladbare Design umweltfreundlicher und kosteng\u00fcnstiger, und die Akkulaufzeit ist hoch, sodass selbst Intensivnutzer sie \u00fcber einen Tag lang verwenden k\u00f6nnen.<\/p><p>Da er die moderne und g\u00e4ngige USB-Typ-C-Schnittstelle \u00fcbernimmt, bietet er nicht nur eine h\u00f6here Ladeeffizienz, sondern auch ein einfacheres Ein- und Ausstecken. Dank der Schnellladetechnologie l\u00e4dt es sich in der Regel in kurzer Zeit vollst\u00e4ndig auf, sodass die Wartezeit verk\u00fcrzt wird und Sie jederzeit und \u00fcberall in Verbindung bleiben k\u00f6nnen.<\/p><h2>Doppelte Mesh-Widerstandstechnologie<\/h2><p>Die Fumot Leopard 40000 (RandM Tornado 40K) Blueberry Raspberry ist mit einer fortschrittlichen doppelten Mesh-Heizdrahtstruktur ausgestattet, die f\u00fcr eine gleichm\u00e4\u00dfigere und effizientere Erhitzung sorgt und bei jedem Zug einen reichhaltigen, delikaten Rauch mit cremigem Geschmack liefert. Der doppelte Widerstand verl\u00e4ngert effektiv die Lebensdauer des Widerstands, bewahrt die Geschmacksstabilit\u00e4t und verhindert den Verfall.<\/p><p>Um den Vorlieben jedes einzelnen Nutzers gerecht zu werden, bietet die Fumot Leopard 40000 vier Nikotinkonzentrationen: 0 %, 2 %, 3 % und 5 %. Egal, ob Sie ein Gelegenheitskonsument sind, der kein Nikotin konsumiert, oder ein starker Raucher, der eine hohe Konzentration ben\u00f6tigt, um seinen Entw\u00f6hnungsbed\u00fcrfnissen gerecht zu werden, Sie werden das ideale Produkt finden.<\/p><h2>Hochaufl\u00f6sende LED-Anzeige<\/h2><p>Der Fumot Leopard 40000 (RandM Tornado 40K) Blueberry Raspberry ist mit einem hochentwickelten digitalen LED-Display ausgestattet, das in Echtzeit anzeigt, wie viel E-Fl\u00fcssigkeit noch vorhanden ist und wie voll der Akku ist. So k\u00f6nnen die Nutzer den Status des Ger\u00e4ts auf einen Blick erkennen, vorausschauend planen, wann sie ihren Akku aufladen oder nachladen m\u00fcssen, und so Stromausf\u00e4lle oder einen leeren Akku vermeiden.<\/p><p>Die Schale mit Leopardenstruktur, die aus einem Material mit hoher Transmission gefertigt ist, vereint visuelle Wirkung und Eleganz. Beim Inhalieren drehen und blinken die dynamischen, trendigen RGB-Lichter, die bei jedem Zug das Gef\u00fchl eines Nachtclubs vermitteln. Es ist ein ideales Trendprodukt f\u00fcr Partys und besondere Anl\u00e4sse.<\/p><p>Die praktische Technologie zur automatischen Aktivierung der Inhalation kommt ohne Kn\u00f6pfe oder Einstellungen aus, sodass sich auch Anf\u00e4nger leicht damit vertraut machen k\u00f6nnen. Sie m\u00fcssen nur sanft einatmen und das Ger\u00e4t beginnt automatisch mit der Zerst\u00e4ubung, was f\u00fcr ein sanftes und angenehmes Einatmungserlebnis sorgt.<\/p><h2>Ergonomisches Design<\/h2><p>Das ergonomische Design des Fumot Leopard 40000 (RandM Tornado 40K) Blueberry Raspberry liegt bequem in der Hand und l\u00e4sst sich dank seiner kompakten Gr\u00f6\u00dfe leicht transportieren. Durch sein geringes Gewicht l\u00e4sst er sich leicht transportieren und mitnehmen.<\/p>\t\t\t\t\t\t\t\t<\/div>\n\t\t\t\t<\/div>\n\t\t\t\t\t<\/div>\n\t\t\t\t<\/div>\n\t\t\t\t<\/div>","protected":false},"excerpt":{"rendered":"<p>La particularit\u00e9 de la Myrtille Framboise r\u00e9side dans sa douceur domin\u00e9e par la myrtille et sa finale acidul\u00e9e \u00e0 la framboise. La texture est plus prononc\u00e9e, sans la complexit\u00e9 et le m\u00e9lange des autres ar\u00f4mes fruit\u00e9s, convenant aux utilisateurs qui pr\u00e9f\u00e8rent les saveurs fruit\u00e9es franches. Note principale de Myrtille : Le go\u00fbt \u00e9voque la douceur [&hellip;]<\/p>\n","protected":false},"featured_media":5085,"comment_status":"open","ping_status":"closed","template":"","meta":{"site-sidebar-layout":"no-sidebar","site-content-layout":"page-builder","ast-site-content-layout":"normal-width-container","site-content-style":"default","site-sidebar-style":"default","ast-global-header-display":"","ast-banner-title-visibility":"","ast-main-header-display":"","ast-hfb-above-header-display":"","ast-hfb-below-header-display":"","ast-hfb-mobile-header-display":"","site-post-title":"disabled","ast-breadcrumbs-content":"","ast-featured-img":"disabled","footer-sml-layout":"","ast-disable-related-posts":"","theme-transparent-header-meta":"default","adv-header-id-meta":"","stick-header-meta":"default","header-above-stick-meta":"","header-main-stick-meta":"","header-below-stick-meta":"","astra-migrate-meta-layouts":"set","ast-page-background-enabled":"default","ast-page-background-meta":{"desktop":{"background-color":"","background-image":"","background-repeat":"repeat","background-position":"center center","background-size":"auto","background-attachment":"scroll","background-type":"","background-media":"","overlay-type":"","overlay-color":"","overlay-opacity":"","overlay-gradient":""},"tablet":{"background-color":"","background-image":"","background-repeat":"repeat","background-position":"center center","background-size":"auto","background-attachment":"scroll","background-type":"","background-media":"","overlay-type":"","overlay-color":"","overlay-opacity":"","overlay-gradient":""},"mobile":{"background-color":"","background-image":"","background-repeat":"repeat","background-position":"center center","background-size":"auto","background-attachment":"scroll","background-type":"","background-media":"","overlay-type":"","overlay-color":"","overlay-opacity":"","overlay-gradient":""}},"ast-content-background-meta":{"desktop":{"background-color":"var(--ast-global-color-5)","background-image":"","background-repeat":"repeat","background-position":"center center","background-size":"auto","background-attachment":"scroll","background-type":"","background-media":"","overlay-type":"","overlay-color":"","overlay-opacity":"","overlay-gradient":""},"tablet":{"background-color":"var(--ast-global-color-5)","background-image":"","background-repeat":"repeat","background-position":"center center","background-size":"auto","background-attachment":"scroll","background-type":"","background-media":"","overlay-type":"","overlay-color":"","overlay-opacity":"","overlay-gradient":""},"mobile":{"background-color":"var(--ast-global-color-5)","background-image":"","background-repeat":"repeat","background-position":"center center","background-size":"auto","background-attachment":"scroll","background-type":"","background-media":"","overlay-type":"","overlay-color":"","overlay-opacity":"","overlay-gradient":""}}},"product_brand":[42],"product_cat":[50,88,77,15],"product_tag":[],"class_list":{"0":"post-5330","1":"product","2":"type-product","3":"status-publish","4":"has-post-thumbnail","6":"product_brand-randm-tornado","7":"product_cat-randm-tornado-40000-avec-ecran-led-hd","8":"product_cat-puff-40k","9":"product_cat-entrepot-de-lue","10":"product_cat-magasin-cigarette-electronique","11":"desktop-align-center","12":"tablet-align-center","13":"mobile-align-center","14":"ast-product-gallery-layout-horizontal","15":"ast-product-gallery-with-no-image","16":"ast-product-single-variable","17":"ast-product-tabs-layout-horizontal","18":"ast-qv-on-image","20":"first","21":"instock","22":"sale","23":"shipping-taxable","24":"purchasable","25":"product-type-variable","26":"has-default-attributes"},"tiered_pricing_type":"fixed","tiered_pricing_fixed_rules":{"30":10.42,"60":9.26,"100":8.05,"200":7.8,"500":7.67,"1000":7.38},"tiered_pricing_product_settings":{"layout":"default","base_unit_name":{"singular":null,"plural":null},"default_variation":null},"tiered_pricing_minimum_quantity":null,"tiered_pricing_roles_data":[],"tiered_pricing_percentage_rules":[],"_links":{"self":[{"href":"https:\/\/puffvapestore.com\/de\/wp-json\/wp\/v2\/product\/5330","targetHints":{"allow":["GET"]}}],"collection":[{"href":"https:\/\/puffvapestore.com\/de\/wp-json\/wp\/v2\/product"}],"about":[{"href":"https:\/\/puffvapestore.com\/de\/wp-json\/wp\/v2\/types\/product"}],"replies":[{"embeddable":true,"href":"https:\/\/puffvapestore.com\/de\/wp-json\/wp\/v2\/comments?post=5330"}],"version-history":[{"count":7,"href":"https:\/\/puffvapestore.com\/de\/wp-json\/wp\/v2\/product\/5330\/revisions"}],"predecessor-version":[{"id":10762,"href":"https:\/\/puffvapestore.com\/de\/wp-json\/wp\/v2\/product\/5330\/revisions\/10762"}],"wp:featuredmedia":[{"embeddable":true,"href":"https:\/\/puffvapestore.com\/de\/wp-json\/wp\/v2\/media\/5085"}],"wp:attachment":[{"href":"https:\/\/puffvapestore.com\/de\/wp-json\/wp\/v2\/media?parent=5330"}],"wp:term":[{"taxonomy":"product_brand","embeddable":true,"href":"https:\/\/puffvapestore.com\/de\/wp-json\/wp\/v2\/product_brand?post=5330"},{"taxonomy":"product_cat","embeddable":true,"href":"https:\/\/puffvapestore.com\/de\/wp-json\/wp\/v2\/product_cat?post=5330"},{"taxonomy":"product_tag","embeddable":true,"href":"https:\/\/puffvapestore.com\/de\/wp-json\/wp\/v2\/product_tag?post=5330"}],"curies":[{"name":"wp","href":"https:\/\/api.w.org\/{rel}","templated":true}]}}