{"id":5304,"date":"2025-07-17T15:00:31","date_gmt":"2025-07-17T15:00:31","guid":{"rendered":"https:\/\/puffvapestore.com\/?post_type=product&#038;p=5304"},"modified":"2026-04-21T07:09:38","modified_gmt":"2026-04-21T07:09:38","slug":"watermelon-ice-fumot-randm-tornado-40000","status":"publish","type":"product","link":"https:\/\/puffvapestore.com\/de\/product\/watermelon-ice-fumot-randm-tornado-40000\/","title":{"rendered":"Fumot Leopard 40000 - Watermelon Ice (Wassermelonen-Eis)"},"content":{"rendered":"<div data-elementor-type=\"wp-post\" data-elementor-id=\"5304\" class=\"elementor elementor-5304\">\n\t\t\t\t<div class=\"elementor-element elementor-element-08c26f9 e-flex e-con-boxed e-con e-parent\" data-id=\"08c26f9\" data-element_type=\"container\" data-e-type=\"container\">\n\t\t\t\t\t<div class=\"e-con-inner\">\n\t\t\t\t<div class=\"elementor-element elementor-element-a005a97 elementor-widget elementor-widget-text-editor\" data-id=\"a005a97\" data-element_type=\"widget\" data-e-type=\"widget\" data-widget_type=\"text-editor.default\">\n\t\t\t\t<div class=\"elementor-widget-container\">\n\t\t\t\t\t\t\t\t\t<p>Fumot Leopard 40000 (Fumot RandM Tornado 40000) Frozen Watermelon ist haupts\u00e4chlich vom s\u00fc\u00dfen Aroma der reifen Wassermelone inspiriert, mit einer aromatischen Doppelstruktur aus frischer Minze. Beim Einatmen bietet der Rauch einen vollen, saftigen Geschmack, der beim Ausatmen erfrischt, und einen frischen Nachgeschmack, der an sommerliche Getr\u00e4nke erinnert: s\u00fc\u00df und frisch, rund und erfrischend, ideal f\u00fcr Liebhaber fruchtig-frischer Aromen.<\/p><p><strong>Hauptgeschmacksrichtung: S\u00fc\u00dfe Wassermelone<\/strong><br \/>Die offensichtliche S\u00fc\u00dfe des Wassermelonenfleisches, wie eine frisch aufgeschnittene reife Wassermelone, ist ein s\u00fc\u00dfer Saft mit einem nat\u00fcrlichen fruchtigen Aroma, das der S\u00fc\u00dfe einer echten reifen Wassermelone nahe kommt.<\/p><p><strong>Erfrischender Vorteil : Erfrischende Minze<\/strong><br \/>Schon beim Einatmen sp\u00fcren Sie die K\u00fchle von Minze oder Borneol, die der von Eisw\u00fcrfeln \u00e4hnelt. Dieses k\u00fchle Gef\u00fchl betont die Frische und neutralisiert leicht die S\u00fc\u00dfe der Wassermelone, wodurch sie erfrischender im Mund wirkt.<\/p><h2>Geschmacksstruktur und Schichtung<\/h2><p>Sanfte Inhalation: Dank der Doppelmaschen-Zerst\u00e4ubungstechnologie verdampft die Fl\u00fcssigkeit gleichm\u00e4\u00dfig, wodurch die Reinheit und die Geschmacksintensit\u00e4t verbessert werden.<\/p><p>Gleichgewicht zwischen S\u00fc\u00dfe und Frische: S\u00fc\u00dfe und Frische harmonieren auf nat\u00fcrliche Weise, mit dem weichen Geschmack der Wassermelone und dem k\u00fchlenden Gef\u00fchl durch das Eis; der Geschmack bleibt w\u00e4hrend der gesamten Inhalation konstant.<\/p>\t\t\t\t\t\t\t\t<\/div>\n\t\t\t\t<\/div>\n\t\t\t\t\t<\/div>\n\t\t\t\t<\/div>\n\t\t<div class=\"elementor-element elementor-element-718b380 e-flex e-con-boxed e-con e-parent\" data-id=\"718b380\" data-element_type=\"container\" data-e-type=\"container\">\n\t\t\t\t\t<div class=\"e-con-inner\">\n\t\t\t\t<div class=\"elementor-element elementor-element-d2cc8fa elementor-widget elementor-widget-text-editor\" data-id=\"d2cc8fa\" data-element_type=\"widget\" data-e-type=\"widget\" data-widget_type=\"text-editor.default\">\n\t\t\t\t<div class=\"elementor-widget-container\">\n\t\t\t\t\t\t\t\t\t<h2>Eigenschaften des Fumot Leopard 40000 Watermelon Ice:<\/h2><p>Z\u00fcge und Batterie: Ausgestattet mit einer wiederaufladbaren 700-mAh-Batterie, die \u00fcber USB-C f\u00fcr bis zu 40000 Z\u00fcge aufgeladen wird.<\/p><p>Dual-Mesh-Widerstandssystem: Ausgestattet mit einem Dual-Mesh-Widerstand, der sich kontinuierlich erhitzt und w\u00e4hrend seiner gesamten Lebensdauer einen reichhaltigen, cremigen Dampf erzeugt.<\/p><p>LED- und Digitalanzeige: Ausgestattet mit einem RGB-Lichtset und einer doppelten digitalen R\u00f6hrenanzeige: Eine Seite zeigt die verbleibende E-Liquidmenge an, die andere den Batteriestand.<\/p><p>Nikotinst\u00e4rke und Geschmacksrichtungen: Erh\u00e4ltlich in 0 %, 2 %, 3 % oder 5 % Nikotin.<\/p><p>Design: Transparente Schale mit attraktivem Leopardenmuster, bunte Innenlichter, die sich bei jedem Zug drehen.<\/p><h2>Vorteile des Fumot Leopard 40000 Watermelon Ice:<\/h2><p>Wiederaufladbar, sodass Sie das Ger\u00e4t nicht vorzeitig wegwerfen m\u00fcssen.<\/p><p>Elegante LED-Visualisierungen + klares, ansprechendes Design.<\/p><p>Einfache \u00dcberwachung der verbleibenden E-Fl\u00fcssigkeit und des Batteriestands.<\/p>\t\t\t\t\t\t\t\t<\/div>\n\t\t\t\t<\/div>\n\t\t\t\t\t<\/div>\n\t\t\t\t<\/div>\n\t\t\t\t<\/div>","protected":false},"excerpt":{"rendered":"<p>Fumot Leopard 40000 (Fumot RandM Tornado 40000) Past\u00e8que Glac\u00e9e est principalement inspir\u00e9 de l&rsquo;ar\u00f4me sucr\u00e9 de la past\u00e8que m\u00fbre, avec une double structure aromatique de menthe fra\u00eeche. \u00c0 l&rsquo;inhalation, la fum\u00e9e offre un go\u00fbt ample et juteux, rafra\u00eechissant \u00e0 l&rsquo;expiration, et un arri\u00e8re-go\u00fbt frais, \u00e9voquant les boissons estivales\u00a0: sucr\u00e9 et frais, rond et rafra\u00eechissant, id\u00e9al [&hellip;]<\/p>\n","protected":false},"featured_media":5097,"comment_status":"open","ping_status":"closed","template":"","meta":{"site-sidebar-layout":"no-sidebar","site-content-layout":"page-builder","ast-site-content-layout":"normal-width-container","site-content-style":"default","site-sidebar-style":"default","ast-global-header-display":"","ast-banner-title-visibility":"","ast-main-header-display":"","ast-hfb-above-header-display":"","ast-hfb-below-header-display":"","ast-hfb-mobile-header-display":"","site-post-title":"disabled","ast-breadcrumbs-content":"","ast-featured-img":"disabled","footer-sml-layout":"","ast-disable-related-posts":"","theme-transparent-header-meta":"default","adv-header-id-meta":"","stick-header-meta":"default","header-above-stick-meta":"","header-main-stick-meta":"","header-below-stick-meta":"","astra-migrate-meta-layouts":"set","ast-page-background-enabled":"default","ast-page-background-meta":{"desktop":{"background-color":"","background-image":"","background-repeat":"repeat","background-position":"center center","background-size":"auto","background-attachment":"scroll","background-type":"","background-media":"","overlay-type":"","overlay-color":"","overlay-opacity":"","overlay-gradient":""},"tablet":{"background-color":"","background-image":"","background-repeat":"repeat","background-position":"center center","background-size":"auto","background-attachment":"scroll","background-type":"","background-media":"","overlay-type":"","overlay-color":"","overlay-opacity":"","overlay-gradient":""},"mobile":{"background-color":"","background-image":"","background-repeat":"repeat","background-position":"center center","background-size":"auto","background-attachment":"scroll","background-type":"","background-media":"","overlay-type":"","overlay-color":"","overlay-opacity":"","overlay-gradient":""}},"ast-content-background-meta":{"desktop":{"background-color":"var(--ast-global-color-5)","background-image":"","background-repeat":"repeat","background-position":"center center","background-size":"auto","background-attachment":"scroll","background-type":"","background-media":"","overlay-type":"","overlay-color":"","overlay-opacity":"","overlay-gradient":""},"tablet":{"background-color":"var(--ast-global-color-5)","background-image":"","background-repeat":"repeat","background-position":"center center","background-size":"auto","background-attachment":"scroll","background-type":"","background-media":"","overlay-type":"","overlay-color":"","overlay-opacity":"","overlay-gradient":""},"mobile":{"background-color":"var(--ast-global-color-5)","background-image":"","background-repeat":"repeat","background-position":"center center","background-size":"auto","background-attachment":"scroll","background-type":"","background-media":"","overlay-type":"","overlay-color":"","overlay-opacity":"","overlay-gradient":""}}},"product_brand":[42],"product_cat":[50,88,77,15],"product_tag":[],"class_list":{"0":"post-5304","1":"product","2":"type-product","3":"status-publish","4":"has-post-thumbnail","6":"product_brand-randm-tornado","7":"product_cat-randm-tornado-40000-avec-ecran-led-hd","8":"product_cat-puff-40k","9":"product_cat-entrepot-de-lue","10":"product_cat-magasin-cigarette-electronique","11":"desktop-align-center","12":"tablet-align-center","13":"mobile-align-center","14":"ast-product-gallery-layout-horizontal","15":"ast-product-gallery-with-no-image","16":"ast-product-single-variable","17":"ast-product-tabs-layout-horizontal","18":"ast-qv-on-image","20":"first","21":"instock","22":"sale","23":"shipping-taxable","24":"purchasable","25":"product-type-variable","26":"has-default-attributes"},"tiered_pricing_type":"fixed","tiered_pricing_fixed_rules":{"30":10.42,"60":9.26,"100":8.05,"200":7.8,"500":7.67,"1000":7.38},"tiered_pricing_product_settings":{"layout":"default","base_unit_name":{"singular":null,"plural":null},"default_variation":null},"tiered_pricing_minimum_quantity":null,"tiered_pricing_roles_data":[],"tiered_pricing_percentage_rules":[],"_links":{"self":[{"href":"https:\/\/puffvapestore.com\/de\/wp-json\/wp\/v2\/product\/5304","targetHints":{"allow":["GET"]}}],"collection":[{"href":"https:\/\/puffvapestore.com\/de\/wp-json\/wp\/v2\/product"}],"about":[{"href":"https:\/\/puffvapestore.com\/de\/wp-json\/wp\/v2\/types\/product"}],"replies":[{"embeddable":true,"href":"https:\/\/puffvapestore.com\/de\/wp-json\/wp\/v2\/comments?post=5304"}],"version-history":[{"count":7,"href":"https:\/\/puffvapestore.com\/de\/wp-json\/wp\/v2\/product\/5304\/revisions"}],"predecessor-version":[{"id":10753,"href":"https:\/\/puffvapestore.com\/de\/wp-json\/wp\/v2\/product\/5304\/revisions\/10753"}],"wp:featuredmedia":[{"embeddable":true,"href":"https:\/\/puffvapestore.com\/de\/wp-json\/wp\/v2\/media\/5097"}],"wp:attachment":[{"href":"https:\/\/puffvapestore.com\/de\/wp-json\/wp\/v2\/media?parent=5304"}],"wp:term":[{"taxonomy":"product_brand","embeddable":true,"href":"https:\/\/puffvapestore.com\/de\/wp-json\/wp\/v2\/product_brand?post=5304"},{"taxonomy":"product_cat","embeddable":true,"href":"https:\/\/puffvapestore.com\/de\/wp-json\/wp\/v2\/product_cat?post=5304"},{"taxonomy":"product_tag","embeddable":true,"href":"https:\/\/puffvapestore.com\/de\/wp-json\/wp\/v2\/product_tag?post=5304"}],"curies":[{"name":"wp","href":"https:\/\/api.w.org\/{rel}","templated":true}]}}