{"id":5282,"date":"2025-07-17T08:46:37","date_gmt":"2025-07-17T08:46:37","guid":{"rendered":"https:\/\/puffvapestore.com\/?post_type=product&#038;p=5282"},"modified":"2026-04-21T07:09:22","modified_gmt":"2026-04-21T07:09:22","slug":"blueberry-on-ice-fumot-leopard-40000-est-un-arome-de-myrtille-authentique","status":"publish","type":"product","link":"https:\/\/puffvapestore.com\/de\/product\/blueberry-on-ice-fumot-leopard-40000-ist-ein-echtes-heidelbeeraroma\/","title":{"rendered":"Blueberry on Ice - Fumot Leopard 40000"},"content":{"rendered":"<div data-elementor-type=\"wp-post\" data-elementor-id=\"5282\" class=\"elementor elementor-5282\">\n\t\t\t\t<div class=\"elementor-element elementor-element-08c26f9 e-flex e-con-boxed e-con e-parent\" data-id=\"08c26f9\" data-element_type=\"container\" data-e-type=\"container\">\n\t\t\t\t\t<div class=\"e-con-inner\">\n\t\t\t\t<div class=\"elementor-element elementor-element-a005a97 elementor-widget elementor-widget-text-editor\" data-id=\"a005a97\" data-element_type=\"widget\" data-e-type=\"widget\" data-widget_type=\"text-editor.default\">\n\t\t\t\t<div class=\"elementor-widget-container\">\n\t\t\t\t\t\t\t\t\t<p>Fumot Leopard 40000 Blueberry on Ice ist ein beliebtes und weithin akzeptiertes Aroma f\u00fcr elektronische Zigaretten, das auf echter Heidelbeere basiert und ein k\u00fchles, frisches Gef\u00fchl bietet. Seine Merkmale sind: ein reiches fruchtiges Aroma, eine m\u00e4\u00dfige S\u00fc\u00dfe, ein eisiges Frischegef\u00fchl und deutliche Nuancen. Es handelt sich um ein klassisches Aroma, das f\u00fcr einen l\u00e4ngeren Verzehr geeignet ist und einen angenehmen Geschmack bietet.<\/p><p>Heidelbeeraroma (Heidelbeere) : Das nat\u00fcrliche Heidelbeeraroma ist reichhaltig, mit dem s\u00e4uerlich-s\u00fc\u00dfen Geschmack echter Fr\u00fcchte, und erinnert eher an den saftigen Geschmack reifer Heidelbeeren als an ein k\u00fcnstliches Bonbonaroma.<\/p><p>Frische (auf Eis) : Die Frische ist m\u00e4\u00dfig bis stark, nicht einfach nur minzig, sondern eher wie ein k\u00fchles Gef\u00fchl im Mund, nachdem man den Smoothie zu sich genommen hat. Die Frische erstreckt sich von der Zungenspitze bis in den Rachen, ist erfrischend und k\u00fchlend und tr\u00e4gt dazu bei, die S\u00fc\u00dfe der Blaubeeren zu neutralisieren und ein s\u00fc\u00dfes Geruchserlebnis zu bieten.<\/p><h2>Ausgewogenheit und \u00dcberlagerung der Aromen von Blueberry on Ice<\/h2><p>Kopfnote: Der Rauch verstr\u00f6mt einen lebhaften, frischen Duft von Heidelbeeren, leicht adstringierend, s\u00fc\u00df-sauer.<\/p><p>Herznote: Die S\u00fc\u00dfe wird betont, das fruchtige Gef\u00fchl ist voller, mit einem leichten Gef\u00fchl von Marmelade und cremigem Rauch.<\/p><p>Basisnote: Das Gef\u00fchl von Eis nimmt allm\u00e4hlich zu und beim Ausatmen verbreitet sich die Frische, die einen leichten Blaubeerduft und einen leicht frischen Nachgeschmack im Rachenraum hinterl\u00e4sst.<\/p><p>Gesamterlebnis: Die fruchtigen und eisigen Empfindungen verbinden sich auf nat\u00fcrliche Weise, ohne dass man das Gef\u00fchl hat, zwei Geschmacksrichtungen zu trennen.<\/p>\t\t\t\t\t\t\t\t<\/div>\n\t\t\t\t<\/div>\n\t\t\t\t\t<\/div>\n\t\t\t\t<\/div>\n\t\t<div class=\"elementor-element elementor-element-718b380 e-flex e-con-boxed e-con e-parent\" data-id=\"718b380\" data-element_type=\"container\" data-e-type=\"container\">\n\t\t\t\t\t<div class=\"e-con-inner\">\n\t\t\t\t<div class=\"elementor-element elementor-element-d2cc8fa elementor-widget elementor-widget-text-editor\" data-id=\"d2cc8fa\" data-element_type=\"widget\" data-e-type=\"widget\" data-widget_type=\"text-editor.default\">\n\t\t\t\t<div class=\"elementor-widget-container\">\n\t\t\t\t\t\t\t\t\t<h2>Eigenschaften des Fumot Leopard 40000 Blueberry on Ice:<\/h2><p>Z\u00fcge und Batterie: Ausgestattet mit einer wiederaufladbaren 700-mAh-Batterie, die \u00fcber USB-C f\u00fcr bis zu 40000 Z\u00fcge aufgeladen wird.<\/p><p>Dual-Mesh-Widerstandssystem: Ausgestattet mit einem Dual-Mesh-Widerstand, der sich kontinuierlich erhitzt und w\u00e4hrend seiner gesamten Lebensdauer einen reichhaltigen, cremigen Dampf erzeugt.<\/p><p>LED- und Digitalanzeige: Ausgestattet mit einem RGB-Lichtset und einer doppelten digitalen R\u00f6hrenanzeige: Eine Seite zeigt die verbleibende E-Liquidmenge an, die andere den Batteriestand.<\/p><p>Nikotinst\u00e4rke und Geschmacksrichtungen: Erh\u00e4ltlich in 0 %, 2 %, 3 % oder 5 % Nikotin.<\/p><p>Design: Transparente Schale mit attraktivem Leopardenmuster, bunte Innenlichter, die sich bei jedem Zug drehen.<\/p><h2>Vorteile des Fumot Leopard 40000 Blueberry on Ice:<\/h2><p>Wiederaufladbar, sodass Sie das Ger\u00e4t nicht vorzeitig wegwerfen m\u00fcssen.<\/p><p>Elegante LED-Visualisierungen + klares, ansprechendes Design.<\/p><p>Einfache \u00dcberwachung der verbleibenden E-Fl\u00fcssigkeit und des Batteriestands.<\/p>\t\t\t\t\t\t\t\t<\/div>\n\t\t\t\t<\/div>\n\t\t\t\t\t<\/div>\n\t\t\t\t<\/div>\n\t\t\t\t<\/div>","protected":false},"excerpt":{"rendered":"<p>Fumot Leopard 40000 Blueberry on Ice est un ar\u00f4me de cigarette \u00e9lectronique \u00e0 base de myrtille authentique, offrant une sensation de fra\u00eecheur et de fra\u00eecheur, tr\u00e8s appr\u00e9ci\u00e9 et largement accept\u00e9. Ses caract\u00e9ristiques sont\u00a0: un ar\u00f4me fruit\u00e9 riche, une douceur mod\u00e9r\u00e9e, une sensation de fra\u00eecheur glac\u00e9e et des nuances distinctes. C&rsquo;est un ar\u00f4me classique adapt\u00e9 \u00e0 [&hellip;]<\/p>\n","protected":false},"featured_media":5084,"comment_status":"open","ping_status":"closed","template":"","meta":{"site-sidebar-layout":"no-sidebar","site-content-layout":"page-builder","ast-site-content-layout":"normal-width-container","site-content-style":"default","site-sidebar-style":"default","ast-global-header-display":"","ast-banner-title-visibility":"","ast-main-header-display":"","ast-hfb-above-header-display":"","ast-hfb-below-header-display":"","ast-hfb-mobile-header-display":"","site-post-title":"disabled","ast-breadcrumbs-content":"","ast-featured-img":"disabled","footer-sml-layout":"","ast-disable-related-posts":"","theme-transparent-header-meta":"default","adv-header-id-meta":"","stick-header-meta":"default","header-above-stick-meta":"","header-main-stick-meta":"","header-below-stick-meta":"","astra-migrate-meta-layouts":"set","ast-page-background-enabled":"default","ast-page-background-meta":{"desktop":{"background-color":"","background-image":"","background-repeat":"repeat","background-position":"center center","background-size":"auto","background-attachment":"scroll","background-type":"","background-media":"","overlay-type":"","overlay-color":"","overlay-opacity":"","overlay-gradient":""},"tablet":{"background-color":"","background-image":"","background-repeat":"repeat","background-position":"center center","background-size":"auto","background-attachment":"scroll","background-type":"","background-media":"","overlay-type":"","overlay-color":"","overlay-opacity":"","overlay-gradient":""},"mobile":{"background-color":"","background-image":"","background-repeat":"repeat","background-position":"center center","background-size":"auto","background-attachment":"scroll","background-type":"","background-media":"","overlay-type":"","overlay-color":"","overlay-opacity":"","overlay-gradient":""}},"ast-content-background-meta":{"desktop":{"background-color":"var(--ast-global-color-5)","background-image":"","background-repeat":"repeat","background-position":"center center","background-size":"auto","background-attachment":"scroll","background-type":"","background-media":"","overlay-type":"","overlay-color":"","overlay-opacity":"","overlay-gradient":""},"tablet":{"background-color":"var(--ast-global-color-5)","background-image":"","background-repeat":"repeat","background-position":"center center","background-size":"auto","background-attachment":"scroll","background-type":"","background-media":"","overlay-type":"","overlay-color":"","overlay-opacity":"","overlay-gradient":""},"mobile":{"background-color":"var(--ast-global-color-5)","background-image":"","background-repeat":"repeat","background-position":"center center","background-size":"auto","background-attachment":"scroll","background-type":"","background-media":"","overlay-type":"","overlay-color":"","overlay-opacity":"","overlay-gradient":""}}},"product_brand":[42],"product_cat":[50,88,77,15],"product_tag":[],"class_list":{"0":"post-5282","1":"product","2":"type-product","3":"status-publish","4":"has-post-thumbnail","6":"product_brand-randm-tornado","7":"product_cat-randm-tornado-40000-avec-ecran-led-hd","8":"product_cat-puff-40k","9":"product_cat-entrepot-de-lue","10":"product_cat-magasin-cigarette-electronique","11":"desktop-align-center","12":"tablet-align-center","13":"mobile-align-center","14":"ast-product-gallery-layout-horizontal","15":"ast-product-gallery-with-no-image","16":"ast-product-single-variable","17":"ast-product-tabs-layout-horizontal","18":"ast-qv-on-image","20":"first","21":"instock","22":"sale","23":"shipping-taxable","24":"purchasable","25":"product-type-variable","26":"has-default-attributes"},"tiered_pricing_type":"fixed","tiered_pricing_fixed_rules":{"30":10.42,"60":9.26,"100":8.05,"200":7.8,"500":7.67,"1000":7.38},"tiered_pricing_product_settings":{"layout":"default","base_unit_name":{"singular":null,"plural":null},"default_variation":null},"tiered_pricing_minimum_quantity":null,"tiered_pricing_roles_data":[],"tiered_pricing_percentage_rules":[],"_links":{"self":[{"href":"https:\/\/puffvapestore.com\/de\/wp-json\/wp\/v2\/product\/5282","targetHints":{"allow":["GET"]}}],"collection":[{"href":"https:\/\/puffvapestore.com\/de\/wp-json\/wp\/v2\/product"}],"about":[{"href":"https:\/\/puffvapestore.com\/de\/wp-json\/wp\/v2\/types\/product"}],"replies":[{"embeddable":true,"href":"https:\/\/puffvapestore.com\/de\/wp-json\/wp\/v2\/comments?post=5282"}],"version-history":[{"count":7,"href":"https:\/\/puffvapestore.com\/de\/wp-json\/wp\/v2\/product\/5282\/revisions"}],"predecessor-version":[{"id":10755,"href":"https:\/\/puffvapestore.com\/de\/wp-json\/wp\/v2\/product\/5282\/revisions\/10755"}],"wp:featuredmedia":[{"embeddable":true,"href":"https:\/\/puffvapestore.com\/de\/wp-json\/wp\/v2\/media\/5084"}],"wp:attachment":[{"href":"https:\/\/puffvapestore.com\/de\/wp-json\/wp\/v2\/media?parent=5282"}],"wp:term":[{"taxonomy":"product_brand","embeddable":true,"href":"https:\/\/puffvapestore.com\/de\/wp-json\/wp\/v2\/product_brand?post=5282"},{"taxonomy":"product_cat","embeddable":true,"href":"https:\/\/puffvapestore.com\/de\/wp-json\/wp\/v2\/product_cat?post=5282"},{"taxonomy":"product_tag","embeddable":true,"href":"https:\/\/puffvapestore.com\/de\/wp-json\/wp\/v2\/product_tag?post=5282"}],"curies":[{"name":"wp","href":"https:\/\/api.w.org\/{rel}","templated":true}]}}