{"id":5271,"date":"2025-07-17T06:37:40","date_gmt":"2025-07-17T06:37:40","guid":{"rendered":"https:\/\/puffvapestore.com\/?post_type=product&#038;p=5271"},"modified":"2026-04-21T07:09:14","modified_gmt":"2026-04-21T07:09:14","slug":"watermelon-bubblegum-fumot-leopard-40000-offre-la-fraicheur","status":"publish","type":"product","link":"https:\/\/puffvapestore.com\/de\/product\/watermelon-bubblegum-fumot-leopard-40000-bietet-frische\/","title":{"rendered":"Watermelon Bubblegum - Fumot Leopard 40000"},"content":{"rendered":"<div data-elementor-type=\"wp-post\" data-elementor-id=\"5271\" class=\"elementor elementor-5271\">\n\t\t\t\t<div class=\"elementor-element elementor-element-08c26f9 e-flex e-con-boxed e-con e-parent\" data-id=\"08c26f9\" data-element_type=\"container\" data-e-type=\"container\">\n\t\t\t\t\t<div class=\"e-con-inner\">\n\t\t\t\t<div class=\"elementor-element elementor-element-a005a97 elementor-widget elementor-widget-text-editor\" data-id=\"a005a97\" data-element_type=\"widget\" data-e-type=\"widget\" data-widget_type=\"text-editor.default\">\n\t\t\t\t<div class=\"elementor-widget-container\">\n\t\t\t\t\t\t\t\t\t<p>Dieser Geschmack Wassermelone Bubblegum vereint auf raffinierte Weise die Frische einer saftigen Wassermelone mit dem s\u00fc\u00dfen Aroma von Bubblegum. Schon beim Einatmen enth\u00fcllt der Rauch die nat\u00fcrliche Frische eines sommerlichen Obstgartens, gefolgt vom s\u00fc\u00dfen Duft eines rosafarbenen Bubblegum, dem Symbol der Kindheit. Mit jeder Inhalation werden Sie sich wie in einem Garten im Freien in S\u00fcdfrankreich f\u00fchlen. Die Sonne scheint und an einem entspannten Nachmittag k\u00f6nnen Sie mit einer elektronischen Zigarette Fumot Leopard 40000 mit dem Geschmack Wassermelone Bubblegum in der Hand einen Hauch von Dampf ausatmen. Die Atmosph\u00e4re scheint von einer sanften Brise gef\u00e4rbt zu sein, die in dieser Atmosph\u00e4re besonders nat\u00fcrlich und elegant wirkt.<\/p><h2>S\u00fc\u00dfe und Saftigkeit der Wassermelone<\/h2><p>Hauptgeschmacksrichtung: Im Mittelpunkt dieses Geschmacks steht die Wassermelone, die die frischen, s\u00fc\u00dfen und saftigen Eigenschaften einer reifen Wassermelone offenbart.<\/p><p>Details: Die Wassermelone orientiert sich an frischen Fruchtaromen mit einer leicht breiigen Textur, als ob man Wassermelonensaft schl\u00fcrfen w\u00fcrde. Diese S\u00fc\u00dfe ist bei der Inhalation sofort sp\u00fcrbar und bietet den Geschmacksknospen eine sommerliche Frische.<\/p><h2>S\u00fc\u00dfe und Nostalgie des Bubblegum<\/h2><p>Zweite Geschmacksrichtung: Der Bubblegum-Geschmack f\u00fcgt dem Geschmack eine s\u00fc\u00dfe, leicht cremige Note hinzu, die nostalgische Erinnerungen an die Kaugummis Ihrer Kindheit hervorruft. Er ist etwas s\u00fc\u00dfer als Wassermelone und verstr\u00f6mt ein s\u00fc\u00dfes Bonbonaroma, \u00e4hnlich dem klassischen Kaugummi Bubblicious oder Hubba Bubba.<\/p><p>Details: Der Kaugummigeschmack ist beim Ausatmen am st\u00e4rksten ausgepr\u00e4gt und bietet einen weichen, s\u00fc\u00dfen Abgang.<\/p>\t\t\t\t\t\t\t\t<\/div>\n\t\t\t\t<\/div>\n\t\t\t\t\t<\/div>\n\t\t\t\t<\/div>\n\t\t<div class=\"elementor-element elementor-element-718b380 e-flex e-con-boxed e-con e-parent\" data-id=\"718b380\" data-element_type=\"container\" data-e-type=\"container\">\n\t\t\t\t\t<div class=\"e-con-inner\">\n\t\t\t\t<div class=\"elementor-element elementor-element-d2cc8fa elementor-widget elementor-widget-text-editor\" data-id=\"d2cc8fa\" data-element_type=\"widget\" data-e-type=\"widget\" data-widget_type=\"text-editor.default\">\n\t\t\t\t<div class=\"elementor-widget-container\">\n\t\t\t\t\t\t\t\t\t<h2>Eigenschaften des Fumot Leopard 40000 Watermelon Bubblegum:<\/h2><p>Z\u00fcge und Batterie: Ausgestattet mit einer wiederaufladbaren 700-mAh-Batterie, die \u00fcber USB-C f\u00fcr bis zu 40000 Z\u00fcge aufgeladen wird.<\/p><p>Dual-Mesh-Widerstandssystem: Ausgestattet mit einem Dual-Mesh-Widerstand, der sich kontinuierlich erhitzt und w\u00e4hrend seiner gesamten Lebensdauer einen reichhaltigen, cremigen Dampf erzeugt.<\/p><p>LED- und Digitalanzeige: Ausgestattet mit einem RGB-Lichtset und einer doppelten digitalen R\u00f6hrenanzeige: Eine Seite zeigt die verbleibende E-Liquidmenge an, die andere den Batteriestand.<\/p><p>Nikotinst\u00e4rke und Geschmacksrichtungen: Erh\u00e4ltlich in 0 %, 2 %, 3 % oder 5 % Nikotin.<\/p><p>Design: Transparente Schale mit attraktivem Leopardenmuster, bunte Innenlichter, die sich bei jedem Zug drehen.<\/p><h2>Vorteile des Fumot Leopard 40000 Watermelon Bubblegum:<\/h2><p>Wiederaufladbar, sodass Sie das Ger\u00e4t nicht vorzeitig wegwerfen m\u00fcssen.<\/p><p>Elegante LED-Visualisierungen + klares, ansprechendes Design.<\/p><p>Einfache \u00dcberwachung der verbleibenden E-Fl\u00fcssigkeit und des Batteriestands.<\/p>\t\t\t\t\t\t\t\t<\/div>\n\t\t\t\t<\/div>\n\t\t\t\t\t<\/div>\n\t\t\t\t<\/div>\n\t\t\t\t<\/div>","protected":false},"excerpt":{"rendered":"<p>Ce go\u00fbt Past\u00e8que Bubblegum allie avec raffinement la fra\u00eecheur d&rsquo;une past\u00e8que juteuse \u00e0 l&rsquo;ar\u00f4me sucr\u00e9 du bubblegum. D\u00e8s l&rsquo;inhalation, la fum\u00e9e r\u00e9v\u00e8le la fra\u00eecheur naturelle d&rsquo;un verger estival, suivie du doux parfum d&rsquo;un bubblegum rose, symbole de l&rsquo;enfance. \u00c0 chaque inhalation, vous vous sentirez comme dans un jardin en plein air du sud de la [&hellip;]<\/p>\n","protected":false},"featured_media":5096,"comment_status":"open","ping_status":"closed","template":"","meta":{"site-sidebar-layout":"no-sidebar","site-content-layout":"page-builder","ast-site-content-layout":"normal-width-container","site-content-style":"default","site-sidebar-style":"default","ast-global-header-display":"","ast-banner-title-visibility":"","ast-main-header-display":"","ast-hfb-above-header-display":"","ast-hfb-below-header-display":"","ast-hfb-mobile-header-display":"","site-post-title":"disabled","ast-breadcrumbs-content":"","ast-featured-img":"disabled","footer-sml-layout":"","ast-disable-related-posts":"","theme-transparent-header-meta":"default","adv-header-id-meta":"","stick-header-meta":"default","header-above-stick-meta":"","header-main-stick-meta":"","header-below-stick-meta":"","astra-migrate-meta-layouts":"set","ast-page-background-enabled":"default","ast-page-background-meta":{"desktop":{"background-color":"","background-image":"","background-repeat":"repeat","background-position":"center center","background-size":"auto","background-attachment":"scroll","background-type":"","background-media":"","overlay-type":"","overlay-color":"","overlay-opacity":"","overlay-gradient":""},"tablet":{"background-color":"","background-image":"","background-repeat":"repeat","background-position":"center center","background-size":"auto","background-attachment":"scroll","background-type":"","background-media":"","overlay-type":"","overlay-color":"","overlay-opacity":"","overlay-gradient":""},"mobile":{"background-color":"","background-image":"","background-repeat":"repeat","background-position":"center center","background-size":"auto","background-attachment":"scroll","background-type":"","background-media":"","overlay-type":"","overlay-color":"","overlay-opacity":"","overlay-gradient":""}},"ast-content-background-meta":{"desktop":{"background-color":"var(--ast-global-color-5)","background-image":"","background-repeat":"repeat","background-position":"center center","background-size":"auto","background-attachment":"scroll","background-type":"","background-media":"","overlay-type":"","overlay-color":"","overlay-opacity":"","overlay-gradient":""},"tablet":{"background-color":"var(--ast-global-color-5)","background-image":"","background-repeat":"repeat","background-position":"center center","background-size":"auto","background-attachment":"scroll","background-type":"","background-media":"","overlay-type":"","overlay-color":"","overlay-opacity":"","overlay-gradient":""},"mobile":{"background-color":"var(--ast-global-color-5)","background-image":"","background-repeat":"repeat","background-position":"center center","background-size":"auto","background-attachment":"scroll","background-type":"","background-media":"","overlay-type":"","overlay-color":"","overlay-opacity":"","overlay-gradient":""}}},"product_brand":[42],"product_cat":[50,88,77,15],"product_tag":[],"class_list":{"0":"post-5271","1":"product","2":"type-product","3":"status-publish","4":"has-post-thumbnail","6":"product_brand-randm-tornado","7":"product_cat-randm-tornado-40000-avec-ecran-led-hd","8":"product_cat-puff-40k","9":"product_cat-entrepot-de-lue","10":"product_cat-magasin-cigarette-electronique","11":"desktop-align-center","12":"tablet-align-center","13":"mobile-align-center","14":"ast-product-gallery-layout-horizontal","15":"ast-product-gallery-with-no-image","16":"ast-product-single-variable","17":"ast-product-tabs-layout-horizontal","18":"ast-qv-on-image","20":"first","21":"instock","22":"sale","23":"shipping-taxable","24":"purchasable","25":"product-type-variable","26":"has-default-attributes"},"tiered_pricing_type":"fixed","tiered_pricing_fixed_rules":{"30":10.42,"60":9.26,"100":8.05,"200":7.8,"500":7.67,"1000":7.38},"tiered_pricing_product_settings":{"layout":"default","base_unit_name":{"singular":null,"plural":null},"default_variation":null},"tiered_pricing_minimum_quantity":null,"tiered_pricing_roles_data":[],"tiered_pricing_percentage_rules":[],"_links":{"self":[{"href":"https:\/\/puffvapestore.com\/de\/wp-json\/wp\/v2\/product\/5271","targetHints":{"allow":["GET"]}}],"collection":[{"href":"https:\/\/puffvapestore.com\/de\/wp-json\/wp\/v2\/product"}],"about":[{"href":"https:\/\/puffvapestore.com\/de\/wp-json\/wp\/v2\/types\/product"}],"replies":[{"embeddable":true,"href":"https:\/\/puffvapestore.com\/de\/wp-json\/wp\/v2\/comments?post=5271"}],"version-history":[{"count":7,"href":"https:\/\/puffvapestore.com\/de\/wp-json\/wp\/v2\/product\/5271\/revisions"}],"predecessor-version":[{"id":10756,"href":"https:\/\/puffvapestore.com\/de\/wp-json\/wp\/v2\/product\/5271\/revisions\/10756"}],"wp:featuredmedia":[{"embeddable":true,"href":"https:\/\/puffvapestore.com\/de\/wp-json\/wp\/v2\/media\/5096"}],"wp:attachment":[{"href":"https:\/\/puffvapestore.com\/de\/wp-json\/wp\/v2\/media?parent=5271"}],"wp:term":[{"taxonomy":"product_brand","embeddable":true,"href":"https:\/\/puffvapestore.com\/de\/wp-json\/wp\/v2\/product_brand?post=5271"},{"taxonomy":"product_cat","embeddable":true,"href":"https:\/\/puffvapestore.com\/de\/wp-json\/wp\/v2\/product_cat?post=5271"},{"taxonomy":"product_tag","embeddable":true,"href":"https:\/\/puffvapestore.com\/de\/wp-json\/wp\/v2\/product_tag?post=5271"}],"curies":[{"name":"wp","href":"https:\/\/api.w.org\/{rel}","templated":true}]}}