{"id":5241,"date":"2025-07-16T12:11:27","date_gmt":"2025-07-16T12:11:27","guid":{"rendered":"https:\/\/puffvapestore.com\/?post_type=product&#038;p=5241"},"modified":"2026-04-21T07:10:03","modified_gmt":"2026-04-21T07:10:03","slug":"mixed-berries-fumot-randm-tornado-40000","status":"publish","type":"product","link":"https:\/\/puffvapestore.com\/de\/product\/mixed-berries-fumot-randm-tornado-40000\/","title":{"rendered":"Mixed Berries - Fumot Leopard 40000"},"content":{"rendered":"<div data-elementor-type=\"wp-post\" data-elementor-id=\"5241\" class=\"elementor elementor-5241\">\n\t\t\t\t<div class=\"elementor-element elementor-element-08c26f9 e-flex e-con-boxed e-con e-parent\" data-id=\"08c26f9\" data-element_type=\"container\" data-e-type=\"container\">\n\t\t\t\t\t<div class=\"e-con-inner\">\n\t\t\t\t<div class=\"elementor-element elementor-element-a005a97 elementor-widget elementor-widget-text-editor\" data-id=\"a005a97\" data-element_type=\"widget\" data-e-type=\"widget\" data-widget_type=\"text-editor.default\">\n\t\t\t\t<div class=\"elementor-widget-container\">\n\t\t\t\t\t\t\t\t\t<p>Diese E-Zigarette mit dem Geschmack Waldfr\u00fcchte bietet ein berauschendes Festmahl aus Waldfr\u00fcchten: Die S\u00fc\u00dfe der Heidelbeeren, die S\u00e4ure der Brombeeren und das fruchtige Aroma der Himbeeren entfalten sich auf der Zungenspitze wie ein Korb voll wilder Fr\u00fcchte, die im Fr\u00fchsommer in Frankreich frisch aus dem Wald gepfl\u00fcckt wurden. Das fruchtige Aroma bleibt bestehen und fasziniert Sie. Das ist nicht nur ein Geschmackserlebnis, sondern baut auch den Alltagsstress ab.<\/p><h2>Kopfnote (im Mund) :<\/h2><p>Der erste Eindruck ist die S\u00fc\u00dfe von Erdbeeren mit der S\u00fc\u00dfe reifer Fr\u00fcchte, gefolgt von einer leichten S\u00e4ure und einem leichten Blumenduft von Himbeeren, die die allgemeine Frische hervorheben.<\/p><h2>zur kontinuierlichen Inhalation:<\/h2><p>Dann entfaltet sich das runde, fruchtige Aroma der Heidelbeere, das f\u00fcr einen vollen, leicht fruchtigen Geschmack sorgt. Der fruchtige, dunkle Geschmack der Brombeere verst\u00e4rkt die allgemeine Dicke und verwandelt das Ganze in eine sanfte S\u00fc\u00dfe. Der fruchtige Geschmack ist dann intensiver, aber nicht zu ausgepr\u00e4gt und bewahrt ein gutes Gleichgewicht.<\/p><h2>Hintergrundnoten (beim Ausatmen) :<\/h2><p>Beim Ausatmen bleiben eine milde S\u00e4ure und eine leichte Frische zur\u00fcck, die von der Beerenmischung hinterlassen wurden. Der Nachgeschmack ist lang und vermittelt den Eindruck, als w\u00fcrde man in eine frische Obstplatte bei\u00dfen.<\/p>\t\t\t\t\t\t\t\t<\/div>\n\t\t\t\t<\/div>\n\t\t\t\t\t<\/div>\n\t\t\t\t<\/div>\n\t\t<div class=\"elementor-element elementor-element-718b380 e-flex e-con-boxed e-con e-parent\" data-id=\"718b380\" data-element_type=\"container\" data-e-type=\"container\">\n\t\t\t\t\t<div class=\"e-con-inner\">\n\t\t\t\t<div class=\"elementor-element elementor-element-d2cc8fa elementor-widget elementor-widget-text-editor\" data-id=\"d2cc8fa\" data-element_type=\"widget\" data-e-type=\"widget\" data-widget_type=\"text-editor.default\">\n\t\t\t\t<div class=\"elementor-widget-container\">\n\t\t\t\t\t\t\t\t\t<h2>Wiederaufladbarer Hochleistungsakku<\/h2><p>Die Fumot Leopard (RandM Tornado) 40000 Mixed Berries verf\u00fcgt \u00fcber einen integrierten 700-mAh-Lithium-Akku, der mit USB-C-Schnellladung kompatibel ist und in etwa 30 bis 45 Minuten vollst\u00e4ndig aufgeladen ist.<\/p><p>Obwohl es sich um eine elektronische Einwegzigarette handelt, kann der Akku immer wieder aufgeladen werden, um sicherzustellen, dass jeder Tropfen E-Fl\u00fcssigkeit optimal genutzt wird.<\/p><h2>Zahlreiche Z\u00fcge: bis zu 40000 Z\u00fcge<\/h2><p>Die Fumot Leopard (RandM Tornado) 40000 bietet eine au\u00dfergew\u00f6hnliche Kapazit\u00e4t von 40000 Z\u00fcgen, die weit \u00fcber der herk\u00f6mmlicher Einwegger\u00e4te liegt (normalerweise 1000 bis 3000 Z\u00fcge).<\/p><p>Die theoretische Nutzungsdauer kann mehrere Wochen oder sogar Monate betragen (berechnet mit 500 Z\u00fcgen pro Tag, was etwa 80 Tagen Nutzung entspricht).<\/p><p>Besonders geeignet f\u00fcr Nutzer, die nicht h\u00e4ufig das Ger\u00e4t wechseln m\u00f6chten.<\/p><h2>Doppelmaschiger Widerstand<\/h2><p>Der Fumot Leopard (RandM Tornado) 40000 nimmt eine fortschrittliche Doppelmaschen-Heizstruktur an, die ein schnelles Aufheizen und eine gleichm\u00e4\u00dfige Zerst\u00e4ubung erm\u00f6glicht.<\/p><p>Er bietet einen intensiven Geschmack und einen hochdichten Dampf w\u00e4hrend des gesamten Nutzungszyklus ohne merkliche D\u00e4mpfung.<\/p><p>Verbessern Sie das Raucherlebnis, insbesondere f\u00fcr Nutzer, die einen starken Hit im Hals oder einen cremigen Geschmack w\u00fcnschen.<\/p><h2>Intelligente digitale LED-Anzeige<\/h2><p>Der Fumot Leopard 40000 Mixed Berries verf\u00fcgt \u00fcber ein integriertes, hochaufl\u00f6sendes LED-Display, das in Echtzeit anzeigt :<\/p><p>Prozentualer Anteil der Batterieladung<\/p><p>Restliche E-Liquids<\/p><p>Informieren Sie die Nutzer auf einen Blick \u00fcber den Status des Ger\u00e4ts und vermeiden Sie so pl\u00f6tzliche Batterieausf\u00e4lle oder das Problem \"Trockenrauchen ohne E-Liquid\".<\/p><h2>Farbige RGB-Ambiente-Beleuchtung<\/h2><p>Ausgestattet mit trendigen RGB-Lichteffekten, dreht sie sich und wechselt die Farbe, wenn Sie rauchen, und f\u00fcgt so einen Hauch von Technologie und visuellem Genuss hinzu.<\/p><p>Besonders attraktiv und erkennbar in der Nacht oder am Abend.<\/p><h2>Mehrere Nikotinkonzentrationen verf\u00fcgbar<\/h2><p>Mehrere Nikotinkonzentrationen verf\u00fcgbar :<\/p><p>0 % (nikotinfrei, reiner Geschmack)<\/p><p>2 %, 3 %, 5 % (erf\u00fcllen die unterschiedlichen Bed\u00fcrfnisse von leichten bis starken Rauchern)<\/p><h2>F\u00fcr wen ist Fumot Leopard 40000 (RandM Tornado 40K) Mixed Berries geeignet?<\/h2><p>Starke Raucher auf der Suche nach nachhaltigen Einwegprodukten<\/p><p>Fans von anspruchsvollen und \u00e4sthetischen elektronischen Zigaretten<\/p><p>Personen, die ein pflegeleichtes, wiederaufladbares Ger\u00e4t suchen<\/p><h2>Was gef\u00e4llt Ihnen an Fumot Leopard 40000 (RandM Tornado 40K) Mixed Berries?<\/h2><p>Lebensdauer: 40000 Z\u00fcge entsprechen etwa 9 bis 12 Wochen, d. h. etwa 500 Z\u00fcge pro Tag<\/p><p>Visuelles Feedback: Der Bildschirm und die Leuchtanzeigen liefern Informationen in Echtzeit und verbessern die \u00c4sthetik.<\/p><p>Leistung: Doppelte Maschenwiderst\u00e4nde sorgen f\u00fcr gleichbleibenden Geschmack und Dampf.<\/p>\t\t\t\t\t\t\t\t<\/div>\n\t\t\t\t<\/div>\n\t\t\t\t\t<\/div>\n\t\t\t\t<\/div>\n\t\t\t\t<\/div>","protected":false},"excerpt":{"rendered":"<p>Cette cigarette \u00e9lectronique saveur Fruits des bois offre un festin enivrant de fruits des bois\u00a0: la douceur des myrtilles, l&rsquo;acidit\u00e9 des m\u00fbres et l&rsquo;ar\u00f4me fruit\u00e9 des framboises s&rsquo;\u00e9panouissent sur le bout de la langue, tel un panier de fruits sauvages fra\u00eechement cueillis dans la for\u00eat au d\u00e9but de l&rsquo;\u00e9t\u00e9 en France. L&rsquo;ar\u00f4me fruit\u00e9 persiste et [&hellip;]<\/p>\n","protected":false},"featured_media":5089,"comment_status":"open","ping_status":"closed","template":"","meta":{"site-sidebar-layout":"no-sidebar","site-content-layout":"page-builder","ast-site-content-layout":"normal-width-container","site-content-style":"default","site-sidebar-style":"default","ast-global-header-display":"","ast-banner-title-visibility":"","ast-main-header-display":"","ast-hfb-above-header-display":"","ast-hfb-below-header-display":"","ast-hfb-mobile-header-display":"","site-post-title":"disabled","ast-breadcrumbs-content":"","ast-featured-img":"disabled","footer-sml-layout":"","ast-disable-related-posts":"","theme-transparent-header-meta":"default","adv-header-id-meta":"","stick-header-meta":"default","header-above-stick-meta":"","header-main-stick-meta":"","header-below-stick-meta":"","astra-migrate-meta-layouts":"set","ast-page-background-enabled":"default","ast-page-background-meta":{"desktop":{"background-color":"","background-image":"","background-repeat":"repeat","background-position":"center center","background-size":"auto","background-attachment":"scroll","background-type":"","background-media":"","overlay-type":"","overlay-color":"","overlay-opacity":"","overlay-gradient":""},"tablet":{"background-color":"","background-image":"","background-repeat":"repeat","background-position":"center center","background-size":"auto","background-attachment":"scroll","background-type":"","background-media":"","overlay-type":"","overlay-color":"","overlay-opacity":"","overlay-gradient":""},"mobile":{"background-color":"","background-image":"","background-repeat":"repeat","background-position":"center center","background-size":"auto","background-attachment":"scroll","background-type":"","background-media":"","overlay-type":"","overlay-color":"","overlay-opacity":"","overlay-gradient":""}},"ast-content-background-meta":{"desktop":{"background-color":"var(--ast-global-color-5)","background-image":"","background-repeat":"repeat","background-position":"center center","background-size":"auto","background-attachment":"scroll","background-type":"","background-media":"","overlay-type":"","overlay-color":"","overlay-opacity":"","overlay-gradient":""},"tablet":{"background-color":"var(--ast-global-color-5)","background-image":"","background-repeat":"repeat","background-position":"center center","background-size":"auto","background-attachment":"scroll","background-type":"","background-media":"","overlay-type":"","overlay-color":"","overlay-opacity":"","overlay-gradient":""},"mobile":{"background-color":"var(--ast-global-color-5)","background-image":"","background-repeat":"repeat","background-position":"center center","background-size":"auto","background-attachment":"scroll","background-type":"","background-media":"","overlay-type":"","overlay-color":"","overlay-opacity":"","overlay-gradient":""}}},"product_brand":[42],"product_cat":[50,88,77,15],"product_tag":[],"class_list":{"0":"post-5241","1":"product","2":"type-product","3":"status-publish","4":"has-post-thumbnail","6":"product_brand-randm-tornado","7":"product_cat-randm-tornado-40000-avec-ecran-led-hd","8":"product_cat-puff-40k","9":"product_cat-entrepot-de-lue","10":"product_cat-magasin-cigarette-electronique","11":"desktop-align-center","12":"tablet-align-center","13":"mobile-align-center","14":"ast-product-gallery-layout-horizontal","15":"ast-product-gallery-with-no-image","16":"ast-product-single-variable","17":"ast-product-tabs-layout-horizontal","18":"ast-qv-on-image","20":"first","21":"instock","22":"sale","23":"shipping-taxable","24":"purchasable","25":"product-type-variable","26":"has-default-attributes"},"tiered_pricing_type":"fixed","tiered_pricing_fixed_rules":{"30":10.42,"60":9.26,"100":8.05,"200":7.8,"500":7.67,"1000":7.38},"tiered_pricing_product_settings":{"layout":"default","base_unit_name":{"singular":null,"plural":null},"default_variation":null},"tiered_pricing_minimum_quantity":null,"tiered_pricing_roles_data":[],"tiered_pricing_percentage_rules":[],"_links":{"self":[{"href":"https:\/\/puffvapestore.com\/de\/wp-json\/wp\/v2\/product\/5241","targetHints":{"allow":["GET"]}}],"collection":[{"href":"https:\/\/puffvapestore.com\/de\/wp-json\/wp\/v2\/product"}],"about":[{"href":"https:\/\/puffvapestore.com\/de\/wp-json\/wp\/v2\/types\/product"}],"replies":[{"embeddable":true,"href":"https:\/\/puffvapestore.com\/de\/wp-json\/wp\/v2\/comments?post=5241"}],"version-history":[{"count":11,"href":"https:\/\/puffvapestore.com\/de\/wp-json\/wp\/v2\/product\/5241\/revisions"}],"predecessor-version":[{"id":10750,"href":"https:\/\/puffvapestore.com\/de\/wp-json\/wp\/v2\/product\/5241\/revisions\/10750"}],"wp:featuredmedia":[{"embeddable":true,"href":"https:\/\/puffvapestore.com\/de\/wp-json\/wp\/v2\/media\/5089"}],"wp:attachment":[{"href":"https:\/\/puffvapestore.com\/de\/wp-json\/wp\/v2\/media?parent=5241"}],"wp:term":[{"taxonomy":"product_brand","embeddable":true,"href":"https:\/\/puffvapestore.com\/de\/wp-json\/wp\/v2\/product_brand?post=5241"},{"taxonomy":"product_cat","embeddable":true,"href":"https:\/\/puffvapestore.com\/de\/wp-json\/wp\/v2\/product_cat?post=5241"},{"taxonomy":"product_tag","embeddable":true,"href":"https:\/\/puffvapestore.com\/de\/wp-json\/wp\/v2\/product_tag?post=5241"}],"curies":[{"name":"wp","href":"https:\/\/api.w.org\/{rel}","templated":true}]}}