{"id":5230,"date":"2025-07-16T10:58:21","date_gmt":"2025-07-16T10:58:21","guid":{"rendered":"https:\/\/puffvapestore.com\/?post_type=product&#038;p=5230"},"modified":"2026-04-21T07:10:11","modified_gmt":"2026-04-21T07:10:11","slug":"tornado-40000-strawberry-ice-evoque-le-souvenir-rafraichissant-dun-verger-dete","status":"publish","type":"product","link":"https:\/\/puffvapestore.com\/de\/product\/tornado-40000-strawberry-ice-erweckt-die-erfrischende-erinnerung-an-einen-trockenen-obstgarten\/","title":{"rendered":"RandM Tornado 40000 - Strawberry Ice"},"content":{"rendered":"<div data-elementor-type=\"wp-post\" data-elementor-id=\"5230\" class=\"elementor elementor-5230\">\n\t\t\t\t<div class=\"elementor-element elementor-element-08c26f9 e-flex e-con-boxed e-con e-parent\" data-id=\"08c26f9\" data-element_type=\"container\" data-e-type=\"container\">\n\t\t\t\t\t<div class=\"e-con-inner\">\n\t\t\t\t<div class=\"elementor-element elementor-element-a005a97 elementor-widget elementor-widget-text-editor\" data-id=\"a005a97\" data-element_type=\"widget\" data-e-type=\"widget\" data-widget_type=\"text-editor.default\">\n\t\t\t\t<div class=\"elementor-widget-container\">\n\t\t\t\t\t\t\t\t\t<p>Mit einer einfachen Inhalation entf\u00fchrt Sie das Aroma Strawberry Ice in eine frische und s\u00fc\u00dfe Welt. Die nat\u00fcrliche S\u00fc\u00dfe der Erdbeeren und der subtile Hauch von Frische passen perfekt zusammen. Der Rauch schmilzt im Mund, aber der Nachgeschmack ist lang, was nicht nur die Geschmacksknospen anregt, sondern auch die erfrischende Erinnerung an einen sommerlichen Obstgarten heraufbeschw\u00f6rt. Dieser Geschmack ist ideal, um allein nach dem Sonnenuntergang zu entspannen oder mit Freunden zu teilen, wobei jeder Zug zu einem unaufdringlichen, aber raffinierten Genuss wird.<\/p><h2>Eigenschaften des Erdbeergeschmacks :<\/h2><p>Ein echtes Fruchtaroma: Schon beim ersten Zug nimmt man das Aroma nat\u00fcrlich reifer Erdbeeren wahr, das dem einer frisch angeschnittenen Erdbeere \u00e4hnelt.<\/p><p>S\u00fc\u00df-sauer: Das Erdbeeraroma weist eine subtile S\u00e4ure auf, die den komplexen Geschmack echter Erdbeeren nachahmt und so f\u00fcr einen dezent s\u00fc\u00dfen Geschmack sorgt.<\/p><h2>Eisiges Gef\u00fchl :<\/h2><p>M\u00e4\u00dfiges Frischegef\u00fchl: Der Eiseffekt ist m\u00e4\u00dfig, ohne starke Mentholfrische, sondern eher ein erfrischendes, k\u00fchles Gef\u00fchl, das sich allm\u00e4hlich ausbreitet und an eisgek\u00fchlte Erdbeergetr\u00e4nke erinnert.<\/p><p>Bleibt klar: Beim Ausatmen sp\u00fcrt man, wie sich die Frische sanft im Mund und Rachenraum ausbreitet, ein Gef\u00fchl von Reinheit vermittelt und das gesamte Aromaprofil erh\u00f6ht.<\/p><h2>Allgemeine Aromastruktur der gefrorenen Erdbeere :<\/h2><p>Kopfnote: Das fruchtige Aroma und die leichte S\u00e4ure der Erdbeeren entfalten sich schnell und sorgen schon beim ersten Zug f\u00fcr einen angenehmen Aufprall.<\/p><p>Herznote: Der fruchtige Geschmack wird allm\u00e4hlich intensiver, begleitet von einer leichten S\u00fc\u00dfe und einer Textur von Fruchtfleisch, f\u00fcr einen volleren Geschmack.<\/p><p>Bleibt klar: Ein Gef\u00fchl von Frische stellt sich ein, mit einem Hauch von reiner Luft, die den Atem erfrischt.<\/p>\t\t\t\t\t\t\t\t<\/div>\n\t\t\t\t<\/div>\n\t\t\t\t\t<\/div>\n\t\t\t\t<\/div>\n\t\t<div class=\"elementor-element elementor-element-718b380 e-flex e-con-boxed e-con e-parent\" data-id=\"718b380\" data-element_type=\"container\" data-e-type=\"container\">\n\t\t\t\t\t<div class=\"e-con-inner\">\n\t\t\t\t<div class=\"elementor-element elementor-element-d2cc8fa elementor-widget elementor-widget-text-editor\" data-id=\"d2cc8fa\" data-element_type=\"widget\" data-e-type=\"widget\" data-widget_type=\"text-editor.default\">\n\t\t\t\t<div class=\"elementor-widget-container\">\n\t\t\t\t\t\t\t\t\t<h2>Wiederaufladbarer Hochleistungsakku<\/h2><p>Die Fumot Leopard (RandM Tornado) 40000 Strawberry Ice verf\u00fcgt \u00fcber einen integrierten 700-mAh-Lithium-Akku, der mit USB-C-Schnellladung kompatibel ist und in etwa 30 bis 45 Minuten vollst\u00e4ndig aufgeladen ist.<\/p><p>Obwohl es sich um eine elektronische Einwegzigarette handelt, kann der Akku immer wieder aufgeladen werden, um sicherzustellen, dass jeder Tropfen E-Fl\u00fcssigkeit optimal genutzt wird.<\/p><h2>Zahlreiche Z\u00fcge: bis zu 40000 Z\u00fcge<\/h2><p>Die Fumot Leopard (RandM Tornado) 40000 Strawberry Ice bietet eine au\u00dfergew\u00f6hnliche Kapazit\u00e4t von 40000 Z\u00fcgen, die weit \u00fcber der von herk\u00f6mmlichen Einwegger\u00e4ten liegt (normalerweise 1000 bis 3000 Z\u00fcge).<\/p><p>Die theoretische Nutzungsdauer kann mehrere Wochen oder sogar Monate betragen (berechnet mit 500 Z\u00fcgen pro Tag, was etwa 80 Tagen Nutzung entspricht).<\/p><p>Besonders geeignet f\u00fcr Nutzer, die nicht h\u00e4ufig das Ger\u00e4t wechseln m\u00f6chten.<\/p><h2>Doppelmaschiger Widerstand<\/h2><p>Der Fumot Leopard (RandM Tornado) 40000 Strawberry Ice \u00fcbernimmt eine fortschrittliche Doppelmaschen-Heizstruktur, die ein schnelles Aufheizen und eine gleichm\u00e4\u00dfige Zerst\u00e4ubung erm\u00f6glicht.<\/p><p>Er bietet einen intensiven Geschmack und einen hochdichten Dampf w\u00e4hrend des gesamten Nutzungszyklus ohne merkliche D\u00e4mpfung.<\/p><p>Verbessern Sie das Raucherlebnis, insbesondere f\u00fcr Nutzer, die einen starken Hit im Hals oder einen cremigen Geschmack w\u00fcnschen.<\/p><h2>Intelligente digitale LED-Anzeige<\/h2><p>Die Fumot Leopard 40000 verf\u00fcgt \u00fcber ein integriertes, hochaufl\u00f6sendes LED-Display, das in Echtzeit anzeigt :<\/p><p>Prozentualer Anteil der Batterieladung<\/p><p>Restliche E-Liquids<\/p><p>Informieren Sie die Nutzer auf einen Blick \u00fcber den Status des Ger\u00e4ts und vermeiden Sie so pl\u00f6tzliche Batterieausf\u00e4lle oder das Problem \"Trockenrauchen ohne E-Liquid\".<\/p><h2>Farbige RGB-Ambiente-Beleuchtung<\/h2><p>Ausgestattet mit trendigen RGB-Lichteffekten, dreht sie sich und wechselt die Farbe, wenn Sie rauchen, und f\u00fcgt so einen Hauch von Technologie und visuellem Genuss hinzu.<\/p><p>Besonders attraktiv und erkennbar in der Nacht oder am Abend.<\/p><h2>Mehrere Nikotinkonzentrationen verf\u00fcgbar<\/h2><p>Mehrere Nikotinkonzentrationen verf\u00fcgbar :<\/p><p>0 % (nikotinfrei, reiner Geschmack)<\/p><p>2 %, 3 %, 5 % (erf\u00fcllen die unterschiedlichen Bed\u00fcrfnisse von leichten bis starken Rauchern)<\/p><h2>F\u00fcr wen ist die Fumot Leopard 40000 (RandM Tornado 40K) Strawberry Ice geeignet?<\/h2><p>Starke Raucher auf der Suche nach nachhaltigen Einwegprodukten<\/p><p>Fans von anspruchsvollen und \u00e4sthetischen elektronischen Zigaretten<\/p><p>Personen, die ein pflegeleichtes, wiederaufladbares Ger\u00e4t suchen<\/p><h2>Was gef\u00e4llt Ihnen an Fumot Leopard 40000 (RandM Tornado 40K)?<\/h2><p>Lebensdauer: 40000 Z\u00fcge entsprechen etwa 9 bis 12 Wochen, d. h. etwa 500 Z\u00fcge pro Tag<\/p><p>Visuelles Feedback: Der Bildschirm und die Leuchtanzeigen liefern Informationen in Echtzeit und verbessern die \u00c4sthetik.<\/p><p>Leistung: Doppelte Maschenwiderst\u00e4nde sorgen f\u00fcr gleichbleibenden Geschmack und Dampf.<\/p>\t\t\t\t\t\t\t\t<\/div>\n\t\t\t\t<\/div>\n\t\t\t\t\t<\/div>\n\t\t\t\t<\/div>\n\t\t\t\t<\/div>","protected":false},"excerpt":{"rendered":"<p>D&rsquo;une simple inhalation, l&rsquo;ar\u00f4me Strawberry Ice vous transporte dans un univers frais et sucr\u00e9. La douceur naturelle des fraises et la subtile touche de fra\u00eecheur se marient parfaitement. La fum\u00e9e fond en bouche, mais l&rsquo;arri\u00e8re-go\u00fbt est long, ce qui non seulement \u00e9veille les papilles, mais \u00e9voque \u00e9galement le souvenir rafra\u00eechissant d&rsquo;un verger d&rsquo;\u00e9t\u00e9. Cette saveur [&hellip;]<\/p>\n","protected":false},"featured_media":5094,"comment_status":"open","ping_status":"closed","template":"","meta":{"site-sidebar-layout":"no-sidebar","site-content-layout":"page-builder","ast-site-content-layout":"normal-width-container","site-content-style":"default","site-sidebar-style":"default","ast-global-header-display":"","ast-banner-title-visibility":"","ast-main-header-display":"","ast-hfb-above-header-display":"","ast-hfb-below-header-display":"","ast-hfb-mobile-header-display":"","site-post-title":"disabled","ast-breadcrumbs-content":"","ast-featured-img":"disabled","footer-sml-layout":"","ast-disable-related-posts":"","theme-transparent-header-meta":"default","adv-header-id-meta":"","stick-header-meta":"default","header-above-stick-meta":"","header-main-stick-meta":"","header-below-stick-meta":"","astra-migrate-meta-layouts":"set","ast-page-background-enabled":"default","ast-page-background-meta":{"desktop":{"background-color":"","background-image":"","background-repeat":"repeat","background-position":"center center","background-size":"auto","background-attachment":"scroll","background-type":"","background-media":"","overlay-type":"","overlay-color":"","overlay-opacity":"","overlay-gradient":""},"tablet":{"background-color":"","background-image":"","background-repeat":"repeat","background-position":"center center","background-size":"auto","background-attachment":"scroll","background-type":"","background-media":"","overlay-type":"","overlay-color":"","overlay-opacity":"","overlay-gradient":""},"mobile":{"background-color":"","background-image":"","background-repeat":"repeat","background-position":"center center","background-size":"auto","background-attachment":"scroll","background-type":"","background-media":"","overlay-type":"","overlay-color":"","overlay-opacity":"","overlay-gradient":""}},"ast-content-background-meta":{"desktop":{"background-color":"var(--ast-global-color-5)","background-image":"","background-repeat":"repeat","background-position":"center center","background-size":"auto","background-attachment":"scroll","background-type":"","background-media":"","overlay-type":"","overlay-color":"","overlay-opacity":"","overlay-gradient":""},"tablet":{"background-color":"var(--ast-global-color-5)","background-image":"","background-repeat":"repeat","background-position":"center center","background-size":"auto","background-attachment":"scroll","background-type":"","background-media":"","overlay-type":"","overlay-color":"","overlay-opacity":"","overlay-gradient":""},"mobile":{"background-color":"var(--ast-global-color-5)","background-image":"","background-repeat":"repeat","background-position":"center center","background-size":"auto","background-attachment":"scroll","background-type":"","background-media":"","overlay-type":"","overlay-color":"","overlay-opacity":"","overlay-gradient":""}}},"product_brand":[42],"product_cat":[50,88,77,15],"product_tag":[],"class_list":{"0":"post-5230","1":"product","2":"type-product","3":"status-publish","4":"has-post-thumbnail","6":"product_brand-randm-tornado","7":"product_cat-randm-tornado-40000-avec-ecran-led-hd","8":"product_cat-puff-40k","9":"product_cat-entrepot-de-lue","10":"product_cat-magasin-cigarette-electronique","11":"desktop-align-center","12":"tablet-align-center","13":"mobile-align-center","14":"ast-product-gallery-layout-horizontal","15":"ast-product-gallery-with-no-image","16":"ast-product-single-variable","17":"ast-product-tabs-layout-horizontal","18":"ast-qv-on-image","20":"first","21":"instock","22":"sale","23":"shipping-taxable","24":"purchasable","25":"product-type-variable","26":"has-default-attributes"},"tiered_pricing_type":"fixed","tiered_pricing_fixed_rules":{"30":10.42,"60":9.26,"100":8.05,"200":7.8,"500":7.67,"1000":7.38},"tiered_pricing_product_settings":{"layout":"default","base_unit_name":{"singular":null,"plural":null},"default_variation":null},"tiered_pricing_minimum_quantity":null,"tiered_pricing_roles_data":[],"tiered_pricing_percentage_rules":[],"_links":{"self":[{"href":"https:\/\/puffvapestore.com\/de\/wp-json\/wp\/v2\/product\/5230","targetHints":{"allow":["GET"]}}],"collection":[{"href":"https:\/\/puffvapestore.com\/de\/wp-json\/wp\/v2\/product"}],"about":[{"href":"https:\/\/puffvapestore.com\/de\/wp-json\/wp\/v2\/types\/product"}],"replies":[{"embeddable":true,"href":"https:\/\/puffvapestore.com\/de\/wp-json\/wp\/v2\/comments?post=5230"}],"version-history":[{"count":7,"href":"https:\/\/puffvapestore.com\/de\/wp-json\/wp\/v2\/product\/5230\/revisions"}],"predecessor-version":[{"id":10749,"href":"https:\/\/puffvapestore.com\/de\/wp-json\/wp\/v2\/product\/5230\/revisions\/10749"}],"wp:featuredmedia":[{"embeddable":true,"href":"https:\/\/puffvapestore.com\/de\/wp-json\/wp\/v2\/media\/5094"}],"wp:attachment":[{"href":"https:\/\/puffvapestore.com\/de\/wp-json\/wp\/v2\/media?parent=5230"}],"wp:term":[{"taxonomy":"product_brand","embeddable":true,"href":"https:\/\/puffvapestore.com\/de\/wp-json\/wp\/v2\/product_brand?post=5230"},{"taxonomy":"product_cat","embeddable":true,"href":"https:\/\/puffvapestore.com\/de\/wp-json\/wp\/v2\/product_cat?post=5230"},{"taxonomy":"product_tag","embeddable":true,"href":"https:\/\/puffvapestore.com\/de\/wp-json\/wp\/v2\/product_tag?post=5230"}],"curies":[{"name":"wp","href":"https:\/\/api.w.org\/{rel}","templated":true}]}}