{"id":5197,"date":"2025-07-15T09:29:08","date_gmt":"2025-07-15T09:29:08","guid":{"rendered":"https:\/\/puffvapestore.com\/?post_type=product&#038;p=5197"},"modified":"2026-04-21T07:10:20","modified_gmt":"2026-04-21T07:10:20","slug":"tornado-40000-black-dragon-ice-presente-un-gout-sucre-et-legerement-acidule","status":"publish","type":"product","link":"https:\/\/puffvapestore.com\/de\/product\/tornado-40000-black-dragon-ice-hat-einen-susen-und-leicht-sauerlichen-geschmack\/","title":{"rendered":"RandM Tornado 40000 - Black Dragon Ice"},"content":{"rendered":"<div data-elementor-type=\"wp-post\" data-elementor-id=\"5197\" class=\"elementor elementor-5197\">\n\t\t\t\t<div class=\"elementor-element elementor-element-08c26f9 e-flex e-con-boxed e-con e-parent\" data-id=\"08c26f9\" data-element_type=\"container\" data-e-type=\"container\">\n\t\t\t\t\t<div class=\"e-con-inner\">\n\t\t\t\t<div class=\"elementor-element elementor-element-a005a97 elementor-widget elementor-widget-text-editor\" data-id=\"a005a97\" data-element_type=\"widget\" data-e-type=\"widget\" data-widget_type=\"text-editor.default\">\n\t\t\t\t<div class=\"elementor-widget-container\">\n\t\t\t\t\t\t\t\t\t<p>Black Dragon Ice ist eine Geschmacksrichtung, die den reichen s\u00fc\u00df-sauren Geschmack der schwarzen Johannisbeere, das fruchtig-wilde Aroma der Brombeere, die exotische Frische der Pitaya und den lebhaften, s\u00e4uerlichen Geschmack der Zitrone mit einem starken Frischegef\u00fchl zu einem reichen und aufregenden Raucherlebnis vereint.<\/p><p>Schwarze Johannisbeere: Dieser reiche, fruchtige Geschmack von schwarzer Johannisbeere weist einen s\u00fc\u00dfen, leicht s\u00e4uerlichen Geschmack auf, der dem von Marmelade \u00e4hnelt und eine tiefe, leicht s\u00e4uerliche Note mit sich bringt. Dieser Geschmack bietet dem Ganzen eine kr\u00e4ftige Basis.<\/p><p>Wilde Brombeeren: Die Zugabe von wilden Brombeeren verleiht einen s\u00e4uerlichen, lebhaften Geschmack, der mit dem tiefen Geschmack der schwarzen Johannisbeere kontrastiert und einen leichteren, subtileren fruchtigen Touch verleiht, der die Komplexit\u00e4t des Geschmacks erh\u00f6ht.<\/p><p>Drachenfrucht: Die Drachenfrucht haucht der Frucht einen exotischen Geschmack ein und sorgt f\u00fcr ein leicht s\u00fc\u00dfes und s\u00fc\u00dfes Fruchtaroma mit einer leicht erfrischenden pflanzlichen Note. Dieser Geschmack gleicht die Kraft der schwarzen Johannisbeere und der Brombeere aus und verleiht dem Ganzen eine ausgepr\u00e4gtere Rundheit.<\/p><p>Zitrone: Die S\u00e4ure der Zitrone f\u00fcgt eine lebhafte Zitrusnote hinzu und sorgt f\u00fcr eine erfrischende S\u00e4ure, die im Kontrast zu den anderen fruchtigen Aromen steht und die \u00dcberlagerung der Aromen betont.<\/p><p>Eis: Das Markenzeichen von Black Dragon Ice ist seine starke k\u00fchlende Wirkung, die beim Ausatmen ein Gef\u00fchl von frischer Minze oder Eis hinterl\u00e4sst und ein k\u00fchlendes Prickeln auf der Zungenspitze hinterl\u00e4sst. Dieses k\u00fchle Gef\u00fchl verst\u00e4rkt nicht nur die Frische, sondern betont auch den fruchtigen Geschmack und sorgt so f\u00fcr ein sommerliches Frischegef\u00fchl.<\/p><h2>Aromen von Black Dragon Ice :<\/h2><p>Einatmen: Beim Einatmen verstr\u00f6mt der Rauch ein fruchtig-s\u00fc\u00dfes Aroma von schwarzer Johannisbeere und Brombeere, leicht s\u00e4uerlich und mit ausgepr\u00e4gten Beerennoten.<\/p><p>Mittlerer Abschnitt: Die S\u00fc\u00dfe der Pitaya entfaltet sich allm\u00e4hlich, bringt die Frische exotischer Fr\u00fcchte mit sich, vermischt sich mit der S\u00e4ure der Zitrone, betont die Komplexit\u00e4t des Geschmacks und durchbricht die Monotonie eines einzigartigen s\u00fc\u00dfen Geschmacks.<\/p><p>Nachgeschmack: Beim Ausatmen dringt die Frische schnell in den Mund ein und bietet einen erfrischenden Abgang, w\u00e4hrend der fruchtige Nachgeschmack erhalten bleibt. Die Intensit\u00e4t des Eisgef\u00fchls ist perfekt, \u00fcberdeckt den fruchtigen Geschmack nicht und unterstreicht das erfrischende Gesamterlebnis.<\/p>\t\t\t\t\t\t\t\t<\/div>\n\t\t\t\t<\/div>\n\t\t\t\t\t<\/div>\n\t\t\t\t<\/div>\n\t\t<div class=\"elementor-element elementor-element-718b380 e-flex e-con-boxed e-con e-parent\" data-id=\"718b380\" data-element_type=\"container\" data-e-type=\"container\">\n\t\t\t\t\t<div class=\"e-con-inner\">\n\t\t\t\t<div class=\"elementor-element elementor-element-d2cc8fa elementor-widget elementor-widget-text-editor\" data-id=\"d2cc8fa\" data-element_type=\"widget\" data-e-type=\"widget\" data-widget_type=\"text-editor.default\">\n\t\t\t\t<div class=\"elementor-widget-container\">\n\t\t\t\t\t\t\t\t\t<h2>Wiederaufladbarer Hochleistungsakku<\/h2><p>Die Fumot Leopard (RandM Tornado) 40000 verf\u00fcgt \u00fcber einen integrierten 700-mAh-Lithium-Akku, der mit USB-C-Schnellladung kompatibel ist und in etwa 30 bis 45 Minuten vollst\u00e4ndig aufgeladen ist.<\/p><p>Obwohl es sich um eine elektronische Einwegzigarette handelt, kann der Akku immer wieder aufgeladen werden, um sicherzustellen, dass jeder Tropfen E-Fl\u00fcssigkeit optimal genutzt wird.<\/p><h2>Zahlreiche Z\u00fcge: bis zu 40000 Z\u00fcge<\/h2><p>Die Fumot Leopard (RandM Tornado) 40000 bietet eine au\u00dfergew\u00f6hnliche Kapazit\u00e4t von 40000 Z\u00fcgen, die weit \u00fcber der herk\u00f6mmlicher Einwegger\u00e4te liegt (normalerweise 1000 bis 3000 Z\u00fcge).<\/p><p>Die theoretische Nutzungsdauer kann mehrere Wochen oder sogar Monate betragen (berechnet mit 500 Z\u00fcgen pro Tag, was etwa 80 Tagen Nutzung entspricht).<\/p><p>Besonders geeignet f\u00fcr Nutzer, die nicht h\u00e4ufig das Ger\u00e4t wechseln m\u00f6chten.<\/p><h2>Doppelmaschiger Widerstand<\/h2><p>Der Fumot Leopard (RandM Tornado) 40000 nimmt eine fortschrittliche Doppelmaschen-Heizstruktur an, die ein schnelles Aufheizen und eine gleichm\u00e4\u00dfige Zerst\u00e4ubung erm\u00f6glicht.<\/p><p>Er bietet einen intensiven Geschmack und einen hochdichten Dampf w\u00e4hrend des gesamten Nutzungszyklus ohne merkliche D\u00e4mpfung.<\/p><p>Verbessern Sie das Raucherlebnis, insbesondere f\u00fcr Nutzer, die einen starken Hit im Hals oder einen cremigen Geschmack w\u00fcnschen.<\/p><h2>Intelligente digitale LED-Anzeige<\/h2><p>Die Fumot Leopard 40000 verf\u00fcgt \u00fcber ein integriertes, hochaufl\u00f6sendes LED-Display, das in Echtzeit anzeigt :<\/p><p>Prozentualer Anteil der Batterieladung<\/p><p>Restliche E-Liquids<\/p><p>Informieren Sie die Nutzer auf einen Blick \u00fcber den Status des Ger\u00e4ts und vermeiden Sie so pl\u00f6tzliche Batterieausf\u00e4lle oder das Problem \"Trockenrauchen ohne E-Liquid\".<\/p><h2>Farbige RGB-Ambiente-Beleuchtung<\/h2><p>Ausgestattet mit trendigen RGB-Lichteffekten, dreht sie sich und wechselt die Farbe, wenn Sie rauchen, und f\u00fcgt so einen Hauch von Technologie und visuellem Genuss hinzu.<\/p><p>Besonders attraktiv und erkennbar in der Nacht oder am Abend.<\/p><h2>Mehrere Nikotinkonzentrationen verf\u00fcgbar<\/h2><p>Mehrere Nikotinkonzentrationen verf\u00fcgbar :<\/p><p>0 % (nikotinfrei, reiner Geschmack)<\/p><p>2 %, 3 %, 5 % (erf\u00fcllen die unterschiedlichen Bed\u00fcrfnisse von leichten bis starken Rauchern)<\/p><h2>An wen richtet sich die Fumot Leopard 40000 (RandM Tornado 40K)?<\/h2><p>Starke Raucher auf der Suche nach nachhaltigen Einwegprodukten<\/p><p>Fans von anspruchsvollen und \u00e4sthetischen elektronischen Zigaretten<\/p><p>Personen, die ein pflegeleichtes, wiederaufladbares Ger\u00e4t suchen<\/p><h2>Was gef\u00e4llt Ihnen an Fumot Leopard 40000 (RandM Tornado 40K)?<\/h2><p>Lebensdauer: 40000 Z\u00fcge entsprechen etwa 9 bis 12 Wochen, d. h. etwa 500 Z\u00fcge pro Tag<\/p><p>Visuelles Feedback: Der Bildschirm und die Leuchtanzeigen liefern Informationen in Echtzeit und verbessern die \u00c4sthetik.<\/p><p>Leistung: Doppelte Maschenwiderst\u00e4nde sorgen f\u00fcr gleichbleibenden Geschmack und Dampf.<\/p>\t\t\t\t\t\t\t\t<\/div>\n\t\t\t\t<\/div>\n\t\t\t\t\t<\/div>\n\t\t\t\t<\/div>\n\t\t\t\t<\/div>","protected":false},"excerpt":{"rendered":"<p>Black Dragon Ice est une saveur qui allie la riche saveur sucr\u00e9e-acidul\u00e9 du cassis, l&rsquo;ar\u00f4me fruit\u00e9 et sauvage de la m\u00fbre, la fra\u00eecheur exotique de la pitaya et la saveur vive et acidul\u00e9e du citron, le tout avec une forte sensation de fra\u00eecheur, pour une exp\u00e9rience de fumage riche et exaltante. Cassis\u00a0: Ce go\u00fbt riche [&hellip;]<\/p>\n","protected":false},"featured_media":5082,"comment_status":"open","ping_status":"closed","template":"","meta":{"site-sidebar-layout":"no-sidebar","site-content-layout":"page-builder","ast-site-content-layout":"normal-width-container","site-content-style":"default","site-sidebar-style":"default","ast-global-header-display":"","ast-banner-title-visibility":"","ast-main-header-display":"","ast-hfb-above-header-display":"","ast-hfb-below-header-display":"","ast-hfb-mobile-header-display":"","site-post-title":"disabled","ast-breadcrumbs-content":"","ast-featured-img":"disabled","footer-sml-layout":"","ast-disable-related-posts":"","theme-transparent-header-meta":"default","adv-header-id-meta":"","stick-header-meta":"default","header-above-stick-meta":"","header-main-stick-meta":"","header-below-stick-meta":"","astra-migrate-meta-layouts":"set","ast-page-background-enabled":"default","ast-page-background-meta":{"desktop":{"background-color":"","background-image":"","background-repeat":"repeat","background-position":"center center","background-size":"auto","background-attachment":"scroll","background-type":"","background-media":"","overlay-type":"","overlay-color":"","overlay-opacity":"","overlay-gradient":""},"tablet":{"background-color":"","background-image":"","background-repeat":"repeat","background-position":"center center","background-size":"auto","background-attachment":"scroll","background-type":"","background-media":"","overlay-type":"","overlay-color":"","overlay-opacity":"","overlay-gradient":""},"mobile":{"background-color":"","background-image":"","background-repeat":"repeat","background-position":"center center","background-size":"auto","background-attachment":"scroll","background-type":"","background-media":"","overlay-type":"","overlay-color":"","overlay-opacity":"","overlay-gradient":""}},"ast-content-background-meta":{"desktop":{"background-color":"var(--ast-global-color-5)","background-image":"","background-repeat":"repeat","background-position":"center center","background-size":"auto","background-attachment":"scroll","background-type":"","background-media":"","overlay-type":"","overlay-color":"","overlay-opacity":"","overlay-gradient":""},"tablet":{"background-color":"var(--ast-global-color-5)","background-image":"","background-repeat":"repeat","background-position":"center center","background-size":"auto","background-attachment":"scroll","background-type":"","background-media":"","overlay-type":"","overlay-color":"","overlay-opacity":"","overlay-gradient":""},"mobile":{"background-color":"var(--ast-global-color-5)","background-image":"","background-repeat":"repeat","background-position":"center center","background-size":"auto","background-attachment":"scroll","background-type":"","background-media":"","overlay-type":"","overlay-color":"","overlay-opacity":"","overlay-gradient":""}}},"product_brand":[42],"product_cat":[50,88,77,15],"product_tag":[],"class_list":{"0":"post-5197","1":"product","2":"type-product","3":"status-publish","4":"has-post-thumbnail","6":"product_brand-randm-tornado","7":"product_cat-randm-tornado-40000-avec-ecran-led-hd","8":"product_cat-puff-40k","9":"product_cat-entrepot-de-lue","10":"product_cat-magasin-cigarette-electronique","11":"desktop-align-center","12":"tablet-align-center","13":"mobile-align-center","14":"ast-product-gallery-layout-horizontal","15":"ast-product-gallery-with-no-image","16":"ast-product-single-variable","17":"ast-product-tabs-layout-horizontal","18":"ast-qv-on-image","20":"first","21":"instock","22":"sale","23":"shipping-taxable","24":"purchasable","25":"product-type-variable","26":"has-default-attributes"},"tiered_pricing_type":"fixed","tiered_pricing_fixed_rules":{"30":10.42,"60":9.26,"100":8.05,"200":7.8,"500":7.67,"1000":7.38},"tiered_pricing_product_settings":{"layout":"default","base_unit_name":{"singular":null,"plural":null},"default_variation":null},"tiered_pricing_minimum_quantity":null,"tiered_pricing_roles_data":[],"tiered_pricing_percentage_rules":[],"_links":{"self":[{"href":"https:\/\/puffvapestore.com\/de\/wp-json\/wp\/v2\/product\/5197","targetHints":{"allow":["GET"]}}],"collection":[{"href":"https:\/\/puffvapestore.com\/de\/wp-json\/wp\/v2\/product"}],"about":[{"href":"https:\/\/puffvapestore.com\/de\/wp-json\/wp\/v2\/types\/product"}],"replies":[{"embeddable":true,"href":"https:\/\/puffvapestore.com\/de\/wp-json\/wp\/v2\/comments?post=5197"}],"version-history":[{"count":7,"href":"https:\/\/puffvapestore.com\/de\/wp-json\/wp\/v2\/product\/5197\/revisions"}],"predecessor-version":[{"id":10748,"href":"https:\/\/puffvapestore.com\/de\/wp-json\/wp\/v2\/product\/5197\/revisions\/10748"}],"wp:featuredmedia":[{"embeddable":true,"href":"https:\/\/puffvapestore.com\/de\/wp-json\/wp\/v2\/media\/5082"}],"wp:attachment":[{"href":"https:\/\/puffvapestore.com\/de\/wp-json\/wp\/v2\/media?parent=5197"}],"wp:term":[{"taxonomy":"product_brand","embeddable":true,"href":"https:\/\/puffvapestore.com\/de\/wp-json\/wp\/v2\/product_brand?post=5197"},{"taxonomy":"product_cat","embeddable":true,"href":"https:\/\/puffvapestore.com\/de\/wp-json\/wp\/v2\/product_cat?post=5197"},{"taxonomy":"product_tag","embeddable":true,"href":"https:\/\/puffvapestore.com\/de\/wp-json\/wp\/v2\/product_tag?post=5197"}],"curies":[{"name":"wp","href":"https:\/\/api.w.org\/{rel}","templated":true}]}}