{"id":5121,"date":"2025-07-15T08:12:24","date_gmt":"2025-07-15T08:12:24","guid":{"rendered":"https:\/\/puffvapestore.com\/?post_type=product&#038;p=5121"},"modified":"2026-04-21T07:08:04","modified_gmt":"2026-04-21T07:08:04","slug":"fumot-leopard-40000-offre-40k-bouffees","status":"publish","type":"product","link":"https:\/\/puffvapestore.com\/de\/product\/fumot-leopard-40000-angebot-40k-aufgefressen\/","title":{"rendered":"Fumot Leopard 40000 (RandM Tornado 40K): 40000 Rauchz\u00fcge mit 700 mAh Batterie und doppelten Mesh-Widerst\u00e4nden"},"content":{"rendered":"<div data-elementor-type=\"wp-post\" data-elementor-id=\"5121\" class=\"elementor elementor-5121\">\n\t\t\t\t<div class=\"elementor-element elementor-element-718b380 e-flex e-con-boxed e-con e-parent\" data-id=\"718b380\" data-element_type=\"container\" data-e-type=\"container\">\n\t\t\t\t\t<div class=\"e-con-inner\">\n\t\t\t\t<div class=\"elementor-element elementor-element-d2cc8fa elementor-widget elementor-widget-text-editor\" data-id=\"d2cc8fa\" data-element_type=\"widget\" data-e-type=\"widget\" data-widget_type=\"text-editor.default\">\n\t\t\t\t<div class=\"elementor-widget-container\">\n\t\t\t\t\t\t\t\t\t<h2>Wiederaufladbarer Hochleistungsakku<\/h2><p>Die Fumot Leopard (RandM Tornado) 40000 verf\u00fcgt \u00fcber einen integrierten 700-mAh-Lithium-Akku, der mit USB-C-Schnellladung kompatibel ist und in etwa 30 bis 45 Minuten vollst\u00e4ndig aufgeladen ist.<\/p><p>Obwohl es sich um eine elektronische Einwegzigarette handelt, kann der Akku immer wieder aufgeladen werden, um sicherzustellen, dass jeder Tropfen E-Fl\u00fcssigkeit optimal genutzt wird.<\/p><h2>Zahlreiche Z\u00fcge: bis zu 40000 Z\u00fcge<\/h2><p>Die Fumot Leopard (RandM Tornado) 40000 bietet eine au\u00dfergew\u00f6hnliche Kapazit\u00e4t von 40000 Z\u00fcgen, die weit \u00fcber der herk\u00f6mmlicher Einwegger\u00e4te liegt (normalerweise 1000 bis 3000 Z\u00fcge).<\/p><p>Die theoretische Nutzungsdauer kann mehrere Wochen oder sogar Monate betragen (berechnet mit 500 Z\u00fcgen pro Tag, was etwa 80 Tagen Nutzung entspricht).<\/p><p>Besonders geeignet f\u00fcr Nutzer, die nicht h\u00e4ufig das Ger\u00e4t wechseln m\u00f6chten.<\/p><h2>Doppelmaschiger Widerstand<\/h2><p>Der Fumot Leopard (RandM Tornado) 40000 nimmt eine fortschrittliche Doppelmaschen-Heizstruktur an, die ein schnelles Aufheizen und eine gleichm\u00e4\u00dfige Zerst\u00e4ubung erm\u00f6glicht.<\/p><p>Er bietet einen intensiven Geschmack und einen hochdichten Dampf w\u00e4hrend des gesamten Nutzungszyklus ohne merkliche D\u00e4mpfung.<\/p><p>Verbessern Sie das Raucherlebnis, insbesondere f\u00fcr Nutzer, die einen starken Hit im Hals oder einen cremigen Geschmack w\u00fcnschen.<\/p><h2>Intelligente digitale LED-Anzeige<\/h2><p>Die Fumot Leopard 40000 verf\u00fcgt \u00fcber ein integriertes, hochaufl\u00f6sendes LED-Display, das in Echtzeit anzeigt :<\/p><p>Prozentualer Anteil der Batterieladung<\/p><p>Restliche E-Liquids<\/p><p>Informieren Sie die Nutzer auf einen Blick \u00fcber den Status des Ger\u00e4ts und vermeiden Sie so pl\u00f6tzliche Batterieausf\u00e4lle oder das Problem \"Trockenrauchen ohne E-Liquid\".<\/p><h2>Farbige RGB-Ambiente-Beleuchtung<\/h2><p>Ausgestattet mit trendigen RGB-Lichteffekten, dreht sie sich und wechselt die Farbe, wenn Sie rauchen, und f\u00fcgt so einen Hauch von Technologie und visuellem Genuss hinzu.<\/p><p>Besonders attraktiv und erkennbar in der Nacht oder am Abend.<\/p><h2>Mehrere Nikotinkonzentrationen verf\u00fcgbar<\/h2><p>Mehrere Nikotinkonzentrationen verf\u00fcgbar :<\/p><p>0 % (nikotinfrei, reiner Geschmack)<\/p><p>2 %, 3 %, 5 % (erf\u00fcllen die unterschiedlichen Bed\u00fcrfnisse von leichten bis starken Rauchern)<\/p><h2>An wen richtet sich die Fumot Leopard 40000 (RandM Tornado 40K)?<\/h2><p>Starke Raucher auf der Suche nach nachhaltigen Einwegprodukten<\/p><p>Fans von anspruchsvollen und \u00e4sthetischen elektronischen Zigaretten<\/p><p>Personen, die ein pflegeleichtes, wiederaufladbares Ger\u00e4t suchen<\/p><h2>Was gef\u00e4llt Ihnen an Fumot Leopard 40000 (RandM Tornado 40K)?<\/h2><p>Lebensdauer: 40000 Z\u00fcge entsprechen etwa 9 bis 12 Wochen, d. h. etwa 500 Z\u00fcge pro Tag<\/p><p>Visuelles Feedback: Der Bildschirm und die Leuchtanzeigen liefern Informationen in Echtzeit und verbessern die \u00c4sthetik.<\/p><p>Leistung: Doppelte Maschenwiderst\u00e4nde sorgen f\u00fcr gleichbleibenden Geschmack und Dampf.<\/p>\t\t\t\t\t\t\t\t<\/div>\n\t\t\t\t<\/div>\n\t\t\t\t\t<\/div>\n\t\t\t\t<\/div>\n\t\t<div class=\"elementor-element elementor-element-08c26f9 e-flex e-con-boxed e-con e-parent\" data-id=\"08c26f9\" data-element_type=\"container\" data-e-type=\"container\">\n\t\t\t\t\t<div class=\"e-con-inner\">\n\t\t\t\t<div class=\"elementor-element elementor-element-a005a97 elementor-widget elementor-widget-text-editor\" data-id=\"a005a97\" data-element_type=\"widget\" data-e-type=\"widget\" data-widget_type=\"text-editor.default\">\n\t\t\t\t<div class=\"elementor-widget-container\">\n\t\t\t\t\t\t\t\t\t<h2>25 Geschmacksrichtungen der Fumot Leopard 40000<\/h2><p>Die Fumot Leopard 40000 ist eine hochwertige elektronische Zigarette mit bis zu 25 Geschmacksrichtungen, die f\u00fcr Benutzer entwickelt wurde, die nach einem reichhaltigen und erfrischenden Geschmackserlebnis suchen. Diese Geschmacksrichtungen reichen von einfachen fruchtigen Aromen bis hin zu komplexen Mischungen. Der allgemeine Stil ist haupts\u00e4chlich eine Kombination aus Fr\u00fcchten und ICE, passend f\u00fcr eine Vielzahl von Geschm\u00e4ckern.<\/p><p>Fr\u00fcchte + Eis: Zum Beispiel Black Dragon Ice, Blueberry on Ice, Cherry Ice, Strawberry Ice und Watermelon Ice. Diese Geschmacksrichtungen sind alle erfrischend und eignen sich f\u00fcr alle, die Minze oder eine k\u00fchle Erfrischung m\u00f6gen, vor allem an hei\u00dfen Tagen. Unter ihnen ist Black Dragon Ice origineller, da es dunkle Fr\u00fcchte wie schwarze Johannisbeeren mit einer Eisbasis kombiniert und so einen reichhaltigeren Geschmack bietet.<\/p><p>Gemischte Fr\u00fcchte : Zum Beispiel Blueberry Cherry Cranberry, Blueberry Raspberry, Kiwi Passionfruit Guava, Peachy Mango Pineapple und Mixed Berries. Diese komplexen Fruchtaromen bieten eine ausgewogene S\u00fc\u00dfe-S\u00e4ure-Balance und reichhaltige Schichten und eignen sich f\u00fcr Liebhaber von tropischen Aromen oder S\u00e4ften.<\/p><p>Einfache oder doppelte s\u00fc\u00dfe Geschmacksrichtungen: Zum Beispiel Peach Berry, Erdbeer-Banane, Erdbeer-Wassermelone und Wassermelonen-Bubblegum. Diese Geschmacksrichtungen sind in der Regel s\u00fc\u00df und cremig und heben die nat\u00fcrliche S\u00fc\u00dfe der Frucht hervor. Insbesondere Wassermelone Bubblegum ist mit seinem s\u00fc\u00dfen Geschmack f\u00fcr Dessertliebhaber geeignet.<\/p><p>Besondere Geschmacksrichtungen: Dr Blue und Pink Lemonade sind einzigartige Geschmacksmischungen. Ersteres erinnert mit seinem einzigartigen Aroma aus Gew\u00fcrzen und Fr\u00fcchten an den \"Dr. Pepper\"-Getr\u00e4nkestil; letzteres ist ein erfrischendes, prickelndes Getr\u00e4nk mit Zitrone und Erdbeere, das gleichzeitig s\u00fc\u00df-sauer und erfrischend ist.<\/p>\t\t\t\t\t\t\t\t<\/div>\n\t\t\t\t<\/div>\n\t\t\t\t\t<\/div>\n\t\t\t\t<\/div>\n\t\t\t\t<\/div>","protected":false},"excerpt":{"rendered":"<p>Batterie rechargeable haute performance La Fumot Leopard (RandM Tornado) 40000 est \u00e9quip\u00e9e d&rsquo;une batterie lithium int\u00e9gr\u00e9e de 700 mAh, compatible avec la charge rapide USB-C, et se recharge compl\u00e8tement en 30 \u00e0 45 minutes environ. Bien qu&rsquo;il s&rsquo;agisse d&rsquo;une cigarette \u00e9lectronique jetable, la batterie peut \u00eatre recharg\u00e9e \u00e0 plusieurs reprises pour garantir une utilisation optimale [&hellip;]<\/p>\n","protected":false},"featured_media":5082,"comment_status":"open","ping_status":"closed","template":"","meta":{"site-sidebar-layout":"no-sidebar","site-content-layout":"page-builder","ast-site-content-layout":"normal-width-container","site-content-style":"default","site-sidebar-style":"default","ast-global-header-display":"","ast-banner-title-visibility":"","ast-main-header-display":"","ast-hfb-above-header-display":"","ast-hfb-below-header-display":"","ast-hfb-mobile-header-display":"","site-post-title":"disabled","ast-breadcrumbs-content":"","ast-featured-img":"disabled","footer-sml-layout":"","ast-disable-related-posts":"","theme-transparent-header-meta":"default","adv-header-id-meta":"","stick-header-meta":"default","header-above-stick-meta":"","header-main-stick-meta":"","header-below-stick-meta":"","astra-migrate-meta-layouts":"set","ast-page-background-enabled":"default","ast-page-background-meta":{"desktop":{"background-color":"","background-image":"","background-repeat":"repeat","background-position":"center center","background-size":"auto","background-attachment":"scroll","background-type":"","background-media":"","overlay-type":"","overlay-color":"","overlay-opacity":"","overlay-gradient":""},"tablet":{"background-color":"","background-image":"","background-repeat":"repeat","background-position":"center center","background-size":"auto","background-attachment":"scroll","background-type":"","background-media":"","overlay-type":"","overlay-color":"","overlay-opacity":"","overlay-gradient":""},"mobile":{"background-color":"","background-image":"","background-repeat":"repeat","background-position":"center center","background-size":"auto","background-attachment":"scroll","background-type":"","background-media":"","overlay-type":"","overlay-color":"","overlay-opacity":"","overlay-gradient":""}},"ast-content-background-meta":{"desktop":{"background-color":"var(--ast-global-color-5)","background-image":"","background-repeat":"repeat","background-position":"center center","background-size":"auto","background-attachment":"scroll","background-type":"","background-media":"","overlay-type":"","overlay-color":"","overlay-opacity":"","overlay-gradient":""},"tablet":{"background-color":"var(--ast-global-color-5)","background-image":"","background-repeat":"repeat","background-position":"center center","background-size":"auto","background-attachment":"scroll","background-type":"","background-media":"","overlay-type":"","overlay-color":"","overlay-opacity":"","overlay-gradient":""},"mobile":{"background-color":"var(--ast-global-color-5)","background-image":"","background-repeat":"repeat","background-position":"center center","background-size":"auto","background-attachment":"scroll","background-type":"","background-media":"","overlay-type":"","overlay-color":"","overlay-opacity":"","overlay-gradient":""}}},"product_brand":[42],"product_cat":[50,88,77,15],"product_tag":[],"class_list":{"0":"post-5121","1":"product","2":"type-product","3":"status-publish","4":"has-post-thumbnail","6":"product_brand-randm-tornado","7":"product_cat-randm-tornado-40000-avec-ecran-led-hd","8":"product_cat-puff-40k","9":"product_cat-entrepot-de-lue","10":"product_cat-magasin-cigarette-electronique","11":"desktop-align-center","12":"tablet-align-center","13":"mobile-align-center","14":"ast-product-gallery-layout-horizontal","15":"ast-product-single-variable","16":"ast-product-tabs-layout-horizontal","17":"ast-qv-on-image","19":"first","20":"instock","21":"sale","22":"shipping-taxable","23":"purchasable","24":"product-type-variable","25":"has-default-attributes"},"tiered_pricing_type":"fixed","tiered_pricing_fixed_rules":{"30":10.42,"60":9.26,"100":8.05,"200":7.8,"500":7.67,"1000":7.38},"tiered_pricing_product_settings":{"layout":"default","base_unit_name":{"singular":null,"plural":null},"default_variation":null},"tiered_pricing_minimum_quantity":null,"tiered_pricing_roles_data":[],"tiered_pricing_percentage_rules":[],"_links":{"self":[{"href":"https:\/\/puffvapestore.com\/de\/wp-json\/wp\/v2\/product\/5121","targetHints":{"allow":["GET"]}}],"collection":[{"href":"https:\/\/puffvapestore.com\/de\/wp-json\/wp\/v2\/product"}],"about":[{"href":"https:\/\/puffvapestore.com\/de\/wp-json\/wp\/v2\/types\/product"}],"replies":[{"embeddable":true,"href":"https:\/\/puffvapestore.com\/de\/wp-json\/wp\/v2\/comments?post=5121"}],"version-history":[{"count":12,"href":"https:\/\/puffvapestore.com\/de\/wp-json\/wp\/v2\/product\/5121\/revisions"}],"predecessor-version":[{"id":17807,"href":"https:\/\/puffvapestore.com\/de\/wp-json\/wp\/v2\/product\/5121\/revisions\/17807"}],"wp:featuredmedia":[{"embeddable":true,"href":"https:\/\/puffvapestore.com\/de\/wp-json\/wp\/v2\/media\/5082"}],"wp:attachment":[{"href":"https:\/\/puffvapestore.com\/de\/wp-json\/wp\/v2\/media?parent=5121"}],"wp:term":[{"taxonomy":"product_brand","embeddable":true,"href":"https:\/\/puffvapestore.com\/de\/wp-json\/wp\/v2\/product_brand?post=5121"},{"taxonomy":"product_cat","embeddable":true,"href":"https:\/\/puffvapestore.com\/de\/wp-json\/wp\/v2\/product_cat?post=5121"},{"taxonomy":"product_tag","embeddable":true,"href":"https:\/\/puffvapestore.com\/de\/wp-json\/wp\/v2\/product_tag?post=5121"}],"curies":[{"name":"wp","href":"https:\/\/api.w.org\/{rel}","templated":true}]}}