{"id":5052,"date":"2025-07-14T10:38:35","date_gmt":"2025-07-14T10:38:35","guid":{"rendered":"https:\/\/puffvapestore.com\/?post_type=product&#038;p=5052"},"modified":"2026-01-19T10:31:54","modified_gmt":"2026-01-19T10:31:54","slug":"ice-pop-tornado-35000-une-saveur-douce-et-rafraichissante","status":"publish","type":"product","link":"https:\/\/puffvapestore.com\/de\/product\/ice-pop-tornado-35000-ein-suser-und-erfrischender-geschmack\/","title":{"rendered":"Fumot Tornado 35000 - Ice Pop"},"content":{"rendered":"<div data-elementor-type=\"wp-post\" data-elementor-id=\"5052\" class=\"elementor elementor-5052\">\n\t\t\t\t<div class=\"elementor-element elementor-element-08c26f9 e-flex e-con-boxed e-con e-parent\" data-id=\"08c26f9\" data-element_type=\"container\" data-e-type=\"container\">\n\t\t\t\t\t<div class=\"e-con-inner\">\n\t\t\t\t<div class=\"elementor-element elementor-element-a005a97 elementor-widget elementor-widget-text-editor\" data-id=\"a005a97\" data-element_type=\"widget\" data-e-type=\"widget\" data-widget_type=\"text-editor.default\">\n\t\t\t\t<div class=\"elementor-widget-container\">\n\t\t\t\t\t\t\t\t\t<p>Fumot RandM Tornado 35000 Ice Pop ist ein beliebtes Aroma bei elektronischen Zigaretten und zieht mit seinem einzigartigen erfrischenden und s\u00fc\u00dfen Erlebnis eine gro\u00dfe Anzahl von Nutzern an.<\/p><p>Erster Schluck : Schon beim Einatmen str\u00f6mt eine sanfte Note von frischer Minze in den Mund und verleiht dem gesamten Geschmack eine sanfte, erfrischende K\u00fchle.<\/p><p>Was folgt, ist ein s\u00fc\u00dfes Aroma einer Mischung aus verschiedenen Fruchtgeschmacksrichtungen, \u00e4hnlich den bunten Eissorten, die ich als Kind gegessen habe: Erdbeere, Heidelbeere, Traube, Zitrone und andere Fruchtaromen vermischen sich, ohne eine deutliche fruchtige Dominante, sondern mit einem Gef\u00fchl wie eine Limonade aus gemischten Fruchts\u00e4ften.<\/p><p>Gaumenmittelpunkt: In der Mitte des Mundes taucht allm\u00e4hlich die S\u00fc\u00dfe auf, ohne schweres sirupartiges Gef\u00fchl, sondern mit einem saftigen Geschmack nach Bonbons und Fr\u00fcchten, als w\u00fcrde man einen Eislutscher kauen.<\/p><p>Die S\u00e4ure wird leicht betont, vor allem durch die leichte S\u00e4ure der Zitrusfr\u00fcchte, die f\u00fcr einen erfrischenden Effekt sorgt und das Ganze lebhaft und komplex macht, ohne eint\u00f6nig oder fett zu sein.<\/p><p>Nachgeschmack: Nach dem Einatmen ist der Nachgeschmack deutlich und hinterl\u00e4sst eine leichte Minzfrische und einen fruchtigen R\u00fcckstand im Mund. Der Abgang dieses Eises ist eher erfrischend und verursacht kein s\u00fc\u00dfes oder fettiges Gef\u00fchl.<\/p>\t\t\t\t\t\t\t\t<\/div>\n\t\t\t\t<\/div>\n\t\t\t\t\t<\/div>\n\t\t\t\t<\/div>\n\t\t<div class=\"elementor-element elementor-element-718b380 e-flex e-con-boxed e-con e-parent\" data-id=\"718b380\" data-element_type=\"container\" data-e-type=\"container\">\n\t\t\t\t\t<div class=\"e-con-inner\">\n\t\t\t\t<div class=\"elementor-element elementor-element-d2cc8fa elementor-widget elementor-widget-text-editor\" data-id=\"d2cc8fa\" data-element_type=\"widget\" data-e-type=\"widget\" data-widget_type=\"text-editor.default\">\n\t\t\t\t<div class=\"elementor-widget-container\">\n\t\t\t\t\t\t\t\t\t<h2>Au\u00dfergew\u00f6hnlicher Geschmack und Dampfproduktion :<\/h2><p>Die Doppelmaschen-Widerstandstechnologie des RandM Tornado 35000 Ice Pop sorgt f\u00fcr eine optimale Erw\u00e4rmung der E-Liquids und bietet einen reicheren Geschmack und eine gr\u00f6\u00dfere Dampfwolke - ideal f\u00fcr Benutzer, die nach intensiven Aromen und starken visuellen Effekten suchen.<\/p><h2>Trendiges und individuelles Design :<\/h2><p>Die RGB-Lichteffekte k\u00f6nnen mit der Musik synchronisiert werden und erh\u00f6hen so die Freude an der Nutzung, besonders geeignet f\u00fcr gesellige Anl\u00e4sse oder junge Nutzer. Die Nutzer k\u00f6nnen die Lichteffekte f\u00fcr eine diskretere Nutzung ausschalten.<\/p><p>Inspiriert vom modernen Design der Digitalbox 12000 vereint sie \u00c4sthetik und Tragbarkeit, liegt gut in der Hand und l\u00e4sst sich bequem im Alltag transportieren.<\/p><h2>Einfach zu verwenden :<\/h2><p>Der RandM Tornado 35000 Ice Pop ben\u00f6tigt keine Wartung und keinen Austausch von Widerst\u00e4nden oder Liquidbeh\u00e4ltern. Er kann direkt verwendet werden, was ihn ideal f\u00fcr Anf\u00e4nger oder Benutzer mit geringen Anspr\u00fcchen macht.<\/p><p>Das intelligente Display zeigt intuitiv den Akkustand und die verbleibende E-Fl\u00fcssigkeit an und vermeidet so Sorgen wegen Stromausf\u00e4llen oder leerer E-Fl\u00fcssigkeit.<\/p><p>Das Typ-C-Schnellladeger\u00e4t verk\u00fcrzt die Wartezeit und die lange Akkulaufzeit sorgt f\u00fcr eine lange Nutzung.<\/p><h2>Eigenschaften des RandM Tornado 35000 Ice Pop<\/h2><p>Anzahl der Z\u00fcge : Bis zu 35.000 Z\u00fcge, eine der gr\u00f6\u00dften Kapazit\u00e4ten auf dem Markt, ideal f\u00fcr Intensivnutzer und Langzeitnutzer.<\/p><p>Batteriekapazit\u00e4t: Ausgestattet mit einer wiederaufladbaren 700-mAh-Batterie. Das schnelle Aufladen \u00fcber die Type-C-Schnittstelle garantiert eine lange Nutzungsdauer und eine schnelle Erholung.<\/p><p>Widerstandstechnologie: \u00dcbernimmt einen 1,2 \u03a9 Doppelmaschenwiderstand f\u00fcr gleichm\u00e4\u00dfigeres Erhitzen, dichteren Dampf und einen besseren Geschmack.<\/p><p>Nikotindosierung: Sie k\u00f6nnen zwischen 0 %, 2 % oder 5 % Nikotin w\u00e4hlen, um den Bed\u00fcrfnissen jedes Nutzers gerecht zu werden.<\/p><p>Anzeigefunktion: Ausgestattet mit einem LED-Display, zeigt es in Echtzeit den Akkuladestand und die verbleibende Menge an E-Fl\u00fcssigkeit an, sodass die Benutzer den Status des Ger\u00e4ts \u00fcberwachen k\u00f6nnen.<\/p><p>Design und Tragbarkeit: Sie ist kompakt und leicht und l\u00e4sst sich problemlos transportieren. Sein Design ist von der Digitalbox 12000 inspiriert und bietet einen modernen, eleganten Look.<\/p>\t\t\t\t\t\t\t\t<\/div>\n\t\t\t\t<\/div>\n\t\t\t\t\t<\/div>\n\t\t\t\t<\/div>\n\t\t\t\t<\/div>","protected":false},"excerpt":{"rendered":"<p>Fumot RandM Tornado 35000 Ice Pop est un ar\u00f4me populaire parmi les cigarettes \u00e9lectroniques, attirant un grand nombre d&rsquo;utilisateurs gr\u00e2ce \u00e0 son exp\u00e9rience rafra\u00eechissante et sucr\u00e9e unique. Premi\u00e8re gorg\u00e9e\u00a0: D\u00e8s l&rsquo;inhalation, une douce note de menthe fra\u00eeche envahit la bouche, apportant une fra\u00eecheur douce et rafra\u00eechissante \u00e0 l&rsquo;ensemble de la saveur. Ce qui suit est [&hellip;]<\/p>\n","protected":false},"featured_media":4765,"comment_status":"open","ping_status":"closed","template":"","meta":{"site-sidebar-layout":"no-sidebar","site-content-layout":"page-builder","ast-site-content-layout":"normal-width-container","site-content-style":"default","site-sidebar-style":"default","ast-global-header-display":"","ast-banner-title-visibility":"","ast-main-header-display":"","ast-hfb-above-header-display":"","ast-hfb-below-header-display":"","ast-hfb-mobile-header-display":"","site-post-title":"disabled","ast-breadcrumbs-content":"","ast-featured-img":"disabled","footer-sml-layout":"","ast-disable-related-posts":"","theme-transparent-header-meta":"default","adv-header-id-meta":"","stick-header-meta":"default","header-above-stick-meta":"","header-main-stick-meta":"","header-below-stick-meta":"","astra-migrate-meta-layouts":"set","ast-page-background-enabled":"default","ast-page-background-meta":{"desktop":{"background-color":"","background-image":"","background-repeat":"repeat","background-position":"center center","background-size":"auto","background-attachment":"scroll","background-type":"","background-media":"","overlay-type":"","overlay-color":"","overlay-opacity":"","overlay-gradient":""},"tablet":{"background-color":"","background-image":"","background-repeat":"repeat","background-position":"center center","background-size":"auto","background-attachment":"scroll","background-type":"","background-media":"","overlay-type":"","overlay-color":"","overlay-opacity":"","overlay-gradient":""},"mobile":{"background-color":"","background-image":"","background-repeat":"repeat","background-position":"center center","background-size":"auto","background-attachment":"scroll","background-type":"","background-media":"","overlay-type":"","overlay-color":"","overlay-opacity":"","overlay-gradient":""}},"ast-content-background-meta":{"desktop":{"background-color":"var(--ast-global-color-5)","background-image":"","background-repeat":"repeat","background-position":"center center","background-size":"auto","background-attachment":"scroll","background-type":"","background-media":"","overlay-type":"","overlay-color":"","overlay-opacity":"","overlay-gradient":""},"tablet":{"background-color":"var(--ast-global-color-5)","background-image":"","background-repeat":"repeat","background-position":"center center","background-size":"auto","background-attachment":"scroll","background-type":"","background-media":"","overlay-type":"","overlay-color":"","overlay-opacity":"","overlay-gradient":""},"mobile":{"background-color":"var(--ast-global-color-5)","background-image":"","background-repeat":"repeat","background-position":"center center","background-size":"auto","background-attachment":"scroll","background-type":"","background-media":"","overlay-type":"","overlay-color":"","overlay-opacity":"","overlay-gradient":""}}},"product_brand":[42],"product_cat":[49,105,15],"product_tag":[],"class_list":{"0":"post-5052","1":"product","2":"type-product","3":"status-publish","4":"has-post-thumbnail","6":"product_brand-randm-tornado","7":"product_cat-randm-tornado-35000-offre-35000-bouffees-de-cigarettes","8":"product_cat-puff-35k","9":"product_cat-magasin-cigarette-electronique","10":"desktop-align-center","11":"tablet-align-center","12":"mobile-align-center","13":"ast-product-gallery-layout-horizontal","14":"ast-product-gallery-with-no-image","15":"ast-product-single-variable","16":"ast-product-tabs-layout-horizontal","17":"ast-qv-on-image","19":"first","20":"instock","21":"sale","22":"shipping-taxable","23":"purchasable","24":"product-type-variable","25":"has-default-attributes"},"tiered_pricing_type":"fixed","tiered_pricing_fixed_rules":{"50":12.99,"100":11.39,"200":10.79,"400":10.39},"tiered_pricing_product_settings":{"layout":"default","base_unit_name":{"singular":null,"plural":null},"default_variation":null},"tiered_pricing_minimum_quantity":null,"tiered_pricing_roles_data":[],"tiered_pricing_percentage_rules":[],"_links":{"self":[{"href":"https:\/\/puffvapestore.com\/de\/wp-json\/wp\/v2\/product\/5052","targetHints":{"allow":["GET"]}}],"collection":[{"href":"https:\/\/puffvapestore.com\/de\/wp-json\/wp\/v2\/product"}],"about":[{"href":"https:\/\/puffvapestore.com\/de\/wp-json\/wp\/v2\/types\/product"}],"replies":[{"embeddable":true,"href":"https:\/\/puffvapestore.com\/de\/wp-json\/wp\/v2\/comments?post=5052"}],"version-history":[{"count":6,"href":"https:\/\/puffvapestore.com\/de\/wp-json\/wp\/v2\/product\/5052\/revisions"}],"predecessor-version":[{"id":5061,"href":"https:\/\/puffvapestore.com\/de\/wp-json\/wp\/v2\/product\/5052\/revisions\/5061"}],"wp:featuredmedia":[{"embeddable":true,"href":"https:\/\/puffvapestore.com\/de\/wp-json\/wp\/v2\/media\/4765"}],"wp:attachment":[{"href":"https:\/\/puffvapestore.com\/de\/wp-json\/wp\/v2\/media?parent=5052"}],"wp:term":[{"taxonomy":"product_brand","embeddable":true,"href":"https:\/\/puffvapestore.com\/de\/wp-json\/wp\/v2\/product_brand?post=5052"},{"taxonomy":"product_cat","embeddable":true,"href":"https:\/\/puffvapestore.com\/de\/wp-json\/wp\/v2\/product_cat?post=5052"},{"taxonomy":"product_tag","embeddable":true,"href":"https:\/\/puffvapestore.com\/de\/wp-json\/wp\/v2\/product_tag?post=5052"}],"curies":[{"name":"wp","href":"https:\/\/api.w.org\/{rel}","templated":true}]}}