{"id":5042,"date":"2025-07-14T09:30:43","date_gmt":"2025-07-14T09:30:43","guid":{"rendered":"https:\/\/puffvapestore.com\/?post_type=product&#038;p=5042"},"modified":"2026-01-19T10:31:54","modified_gmt":"2026-01-19T10:31:54","slug":"pink-lemonade-fumot-tornado-35000-rafraichissante","status":"publish","type":"product","link":"https:\/\/puffvapestore.com\/de\/product\/pink-lemonade-fumot-tornado-35000-erfrischend\/","title":{"rendered":"Fumot Tornado 35000 - Pink Lemonade"},"content":{"rendered":"<div data-elementor-type=\"wp-post\" data-elementor-id=\"5042\" class=\"elementor elementor-5042\">\n\t\t\t\t<div class=\"elementor-element elementor-element-08c26f9 e-flex e-con-boxed e-con e-parent\" data-id=\"08c26f9\" data-element_type=\"container\" data-e-type=\"container\">\n\t\t\t\t\t<div class=\"e-con-inner\">\n\t\t\t\t<div class=\"elementor-element elementor-element-a005a97 elementor-widget elementor-widget-text-editor\" data-id=\"a005a97\" data-element_type=\"widget\" data-e-type=\"widget\" data-widget_type=\"text-editor.default\">\n\t\t\t\t<div class=\"elementor-widget-container\">\n\t\t\t\t\t\t\t\t\t<p>Der Geschmack von Fumot RandM Tornado 35000 Limonade Rose bietet einen ausgewogenen, typisch s\u00fc\u00df-sauren Fruchtgeschmack, der das einzigartige fruchtige Aroma der rosa Zitrone mit dem Gef\u00fchl einer Limonade verbindet. Das Gesamterlebnis ist frisch, anregend und komplex.<\/p><p><strong>Kopfnote: Lebhafte Zitronens\u00e4ure.<\/strong><br \/>Sobald Sie rauchen, sp\u00fcren Sie sofort die erfrischende S\u00e4ure der Zitrone, mit Zitruss\u00e4ure und einem s\u00fc\u00dfen Fruchtaroma. Diese S\u00e4ure kommt dem nat\u00fcrlichen Zitronensaft sehr nahe und vermittelt das Gef\u00fchl, \"nur ausgepresst\" zu sein.<\/p><p><strong>Herznote: S\u00fc\u00dfe von Beeren<\/strong><br \/>Es folgt die Note \"Rose\": eine Mischung aus Erdbeeren, Himbeeren oder Cranberries, die einen Hauch von S\u00fc\u00dfe aus Fruchtfleisch mitbringt.<\/p><p><strong>Basisnote: Sodagef\u00fchl und leicht frischer Geschmack<\/strong><br \/>Beim Einatmen und im Abgang entsteht ein subtiles Gef\u00fchl von kohlens\u00e4urehaltiger Limonade, als ob man ein Glas eiskalte rosa Limonade trinken w\u00fcrde.<\/p><h2>Zusammenfassung der allgemeinen Geschmackseigenschaften von rosa Limonade<\/h2><p>S\u00fc\u00df-saures Gleichgewicht: Der \u00dcbergang zwischen der S\u00e4ure der Zitrone und der S\u00fc\u00dfe der Beeren ist nat\u00fcrlich.<\/p><p>Dreidimensionales Aroma: Von der fruchtigen S\u00e4ure \u00fcber die fruchtige S\u00fc\u00dfe bis hin zu den Bl\u00e4schen entwickelt sich das Rauchinhalat in aufeinanderfolgenden Schichten.<\/p><p>Nicht fett: Im Vergleich zu dicker Sahne oder rein s\u00fc\u00dfen Geschmacksrichtungen ist diese Art von fruchtigem Geschmack erfrischend und eignet sich f\u00fcr einen l\u00e4ngeren Verzehr.<\/p>\t\t\t\t\t\t\t\t<\/div>\n\t\t\t\t<\/div>\n\t\t\t\t\t<\/div>\n\t\t\t\t<\/div>\n\t\t<div class=\"elementor-element elementor-element-718b380 e-flex e-con-boxed e-con e-parent\" data-id=\"718b380\" data-element_type=\"container\" data-e-type=\"container\">\n\t\t\t\t\t<div class=\"e-con-inner\">\n\t\t\t\t<div class=\"elementor-element elementor-element-d2cc8fa elementor-widget elementor-widget-text-editor\" data-id=\"d2cc8fa\" data-element_type=\"widget\" data-e-type=\"widget\" data-widget_type=\"text-editor.default\">\n\t\t\t\t<div class=\"elementor-widget-container\">\n\t\t\t\t\t\t\t\t\t<h2>Au\u00dfergew\u00f6hnlicher Geschmack und Dampfproduktion :<\/h2><p>Die doppelmaschige Widerstandstechnologie des RandM Tornado 35000 Pink Lemonade sorgt f\u00fcr eine optimale Erw\u00e4rmung der e-Liquids und bietet einen reicheren Geschmack und eine gr\u00f6\u00dfere Dampfwolke, ideal f\u00fcr Benutzer, die nach intensiven Aromen und starken visuellen Effekten suchen.<\/p><h2>Trendiges und individuelles Design :<\/h2><p>Die RGB-Lichteffekte k\u00f6nnen mit der Musik synchronisiert werden und erh\u00f6hen so die Freude an der Nutzung, besonders geeignet f\u00fcr gesellige Anl\u00e4sse oder junge Nutzer. Die Nutzer k\u00f6nnen die Lichteffekte f\u00fcr eine diskretere Nutzung ausschalten.<\/p><p>Inspiriert vom modernen Design der Digitalbox 12000 vereint sie \u00c4sthetik und Tragbarkeit, liegt gut in der Hand und l\u00e4sst sich bequem im Alltag transportieren.<\/p><h2>Einfach zu verwenden :<\/h2><p>Der RandM Tornado 35000 Pink Lemonade erfordert keine Wartung und keinen Austausch von Widerst\u00e4nden\/Liquidtanks. Er kann direkt verwendet werden, was ihn ideal f\u00fcr Anf\u00e4nger oder Benutzer mit geringen Anspr\u00fcchen macht.<\/p><p>Das intelligente Display zeigt intuitiv den Akkustand und die verbleibende E-Fl\u00fcssigkeit an und vermeidet so Sorgen wegen Stromausf\u00e4llen oder leerer E-Fl\u00fcssigkeit.<\/p><p>Das Typ-C-Schnellladeger\u00e4t verk\u00fcrzt die Wartezeit und die lange Akkulaufzeit sorgt f\u00fcr eine lange Nutzung.<\/p><h2>Eigenschaften von RandM Tornado 35000 Pink Lemonade<\/h2><p>Anzahl der Z\u00fcge : Bis zu 35.000 Z\u00fcge, eine der gr\u00f6\u00dften Kapazit\u00e4ten auf dem Markt, ideal f\u00fcr Intensivnutzer und Langzeitnutzer.<\/p><p>Batteriekapazit\u00e4t: Ausgestattet mit einer wiederaufladbaren 700-mAh-Batterie. Das schnelle Aufladen \u00fcber die Type-C-Schnittstelle garantiert eine lange Nutzungsdauer und eine schnelle Erholung.<\/p><p>Widerstandstechnologie: \u00dcbernimmt einen 1,2 \u03a9 Doppelmaschenwiderstand f\u00fcr gleichm\u00e4\u00dfigeres Erhitzen, dichteren Dampf und einen besseren Geschmack.<\/p><p>Nikotindosierung: Sie k\u00f6nnen zwischen 0 %, 2 % oder 5 % Nikotin w\u00e4hlen, um den Bed\u00fcrfnissen jedes Nutzers gerecht zu werden.<\/p><p>Anzeigefunktion: Ausgestattet mit einem LED-Display, zeigt es in Echtzeit den Akkuladestand und die verbleibende Menge an E-Fl\u00fcssigkeit an, sodass die Benutzer den Status des Ger\u00e4ts \u00fcberwachen k\u00f6nnen.<\/p><p>Design und Tragbarkeit: Sie ist kompakt und leicht und l\u00e4sst sich problemlos transportieren. Sein Design ist von der Digitalbox 12000 inspiriert und bietet einen modernen, eleganten Look.<\/p>\t\t\t\t\t\t\t\t<\/div>\n\t\t\t\t<\/div>\n\t\t\t\t\t<\/div>\n\t\t\t\t<\/div>\n\t\t\t\t<\/div>","protected":false},"excerpt":{"rendered":"<p>Le go\u00fbt de Fumot RandM Tornado 35000 Limonade Rose offre une saveur fruit\u00e9e \u00e9quilibr\u00e9e, aigre-douce typique, qui allie l&rsquo;ar\u00f4me fruit\u00e9 unique du citron rose \u00e0 la sensation d&rsquo;un soda. L&rsquo;exp\u00e9rience globale est fra\u00eeche, stimulante et complexe. Note de t\u00eate : acidit\u00e9 citronn\u00e9e vive.D\u00e8s que vous fumez, vous ressentez imm\u00e9diatement l&rsquo;acidit\u00e9 rafra\u00eechissante du citron, avec une [&hellip;]<\/p>\n","protected":false},"featured_media":4770,"comment_status":"open","ping_status":"closed","template":"","meta":{"site-sidebar-layout":"no-sidebar","site-content-layout":"page-builder","ast-site-content-layout":"normal-width-container","site-content-style":"default","site-sidebar-style":"default","ast-global-header-display":"","ast-banner-title-visibility":"","ast-main-header-display":"","ast-hfb-above-header-display":"","ast-hfb-below-header-display":"","ast-hfb-mobile-header-display":"","site-post-title":"disabled","ast-breadcrumbs-content":"","ast-featured-img":"disabled","footer-sml-layout":"","ast-disable-related-posts":"","theme-transparent-header-meta":"default","adv-header-id-meta":"","stick-header-meta":"default","header-above-stick-meta":"","header-main-stick-meta":"","header-below-stick-meta":"","astra-migrate-meta-layouts":"set","ast-page-background-enabled":"default","ast-page-background-meta":{"desktop":{"background-color":"","background-image":"","background-repeat":"repeat","background-position":"center center","background-size":"auto","background-attachment":"scroll","background-type":"","background-media":"","overlay-type":"","overlay-color":"","overlay-opacity":"","overlay-gradient":""},"tablet":{"background-color":"","background-image":"","background-repeat":"repeat","background-position":"center center","background-size":"auto","background-attachment":"scroll","background-type":"","background-media":"","overlay-type":"","overlay-color":"","overlay-opacity":"","overlay-gradient":""},"mobile":{"background-color":"","background-image":"","background-repeat":"repeat","background-position":"center center","background-size":"auto","background-attachment":"scroll","background-type":"","background-media":"","overlay-type":"","overlay-color":"","overlay-opacity":"","overlay-gradient":""}},"ast-content-background-meta":{"desktop":{"background-color":"var(--ast-global-color-5)","background-image":"","background-repeat":"repeat","background-position":"center center","background-size":"auto","background-attachment":"scroll","background-type":"","background-media":"","overlay-type":"","overlay-color":"","overlay-opacity":"","overlay-gradient":""},"tablet":{"background-color":"var(--ast-global-color-5)","background-image":"","background-repeat":"repeat","background-position":"center center","background-size":"auto","background-attachment":"scroll","background-type":"","background-media":"","overlay-type":"","overlay-color":"","overlay-opacity":"","overlay-gradient":""},"mobile":{"background-color":"var(--ast-global-color-5)","background-image":"","background-repeat":"repeat","background-position":"center center","background-size":"auto","background-attachment":"scroll","background-type":"","background-media":"","overlay-type":"","overlay-color":"","overlay-opacity":"","overlay-gradient":""}}},"product_brand":[42],"product_cat":[49,105,15],"product_tag":[],"class_list":{"0":"post-5042","1":"product","2":"type-product","3":"status-publish","4":"has-post-thumbnail","6":"product_brand-randm-tornado","7":"product_cat-randm-tornado-35000-offre-35000-bouffees-de-cigarettes","8":"product_cat-puff-35k","9":"product_cat-magasin-cigarette-electronique","10":"desktop-align-center","11":"tablet-align-center","12":"mobile-align-center","13":"ast-product-gallery-layout-horizontal","14":"ast-product-gallery-with-no-image","15":"ast-product-single-variable","16":"ast-product-tabs-layout-horizontal","17":"ast-qv-on-image","19":"first","20":"instock","21":"sale","22":"shipping-taxable","23":"purchasable","24":"product-type-variable","25":"has-default-attributes"},"tiered_pricing_type":"fixed","tiered_pricing_fixed_rules":{"50":12.99,"100":11.39,"200":10.79,"400":10.39},"tiered_pricing_product_settings":{"layout":"default","base_unit_name":{"singular":null,"plural":null},"default_variation":null},"tiered_pricing_minimum_quantity":null,"tiered_pricing_roles_data":[],"tiered_pricing_percentage_rules":[],"_links":{"self":[{"href":"https:\/\/puffvapestore.com\/de\/wp-json\/wp\/v2\/product\/5042","targetHints":{"allow":["GET"]}}],"collection":[{"href":"https:\/\/puffvapestore.com\/de\/wp-json\/wp\/v2\/product"}],"about":[{"href":"https:\/\/puffvapestore.com\/de\/wp-json\/wp\/v2\/types\/product"}],"replies":[{"embeddable":true,"href":"https:\/\/puffvapestore.com\/de\/wp-json\/wp\/v2\/comments?post=5042"}],"version-history":[{"count":6,"href":"https:\/\/puffvapestore.com\/de\/wp-json\/wp\/v2\/product\/5042\/revisions"}],"predecessor-version":[{"id":5051,"href":"https:\/\/puffvapestore.com\/de\/wp-json\/wp\/v2\/product\/5042\/revisions\/5051"}],"wp:featuredmedia":[{"embeddable":true,"href":"https:\/\/puffvapestore.com\/de\/wp-json\/wp\/v2\/media\/4770"}],"wp:attachment":[{"href":"https:\/\/puffvapestore.com\/de\/wp-json\/wp\/v2\/media?parent=5042"}],"wp:term":[{"taxonomy":"product_brand","embeddable":true,"href":"https:\/\/puffvapestore.com\/de\/wp-json\/wp\/v2\/product_brand?post=5042"},{"taxonomy":"product_cat","embeddable":true,"href":"https:\/\/puffvapestore.com\/de\/wp-json\/wp\/v2\/product_cat?post=5042"},{"taxonomy":"product_tag","embeddable":true,"href":"https:\/\/puffvapestore.com\/de\/wp-json\/wp\/v2\/product_tag?post=5042"}],"curies":[{"name":"wp","href":"https:\/\/api.w.org\/{rel}","templated":true}]}}