{"id":5022,"date":"2025-07-14T05:47:38","date_gmt":"2025-07-14T05:47:38","guid":{"rendered":"https:\/\/puffvapestore.com\/?post_type=product&#038;p=5022"},"modified":"2026-01-19T10:31:55","modified_gmt":"2026-01-19T10:31:55","slug":"mexico-mango-ice-tornado-35000-riche-fruitee-et-rafraichissante","status":"publish","type":"product","link":"https:\/\/puffvapestore.com\/de\/product\/mexico-mango-ice-tornado-35000-reichhaltig-fruchtig-und-erfrischend\/","title":{"rendered":"Mexico Mango Ice - Fumot RandM Tornado 35000"},"content":{"rendered":"<div data-elementor-type=\"wp-post\" data-elementor-id=\"5022\" class=\"elementor elementor-5022\">\n\t\t\t\t<div class=\"elementor-element elementor-element-08c26f9 e-flex e-con-boxed e-con e-parent\" data-id=\"08c26f9\" data-element_type=\"container\" data-e-type=\"container\">\n\t\t\t\t\t<div class=\"e-con-inner\">\n\t\t\t\t<div class=\"elementor-element elementor-element-a005a97 elementor-widget elementor-widget-text-editor\" data-id=\"a005a97\" data-element_type=\"widget\" data-e-type=\"widget\" data-widget_type=\"text-editor.default\">\n\t\t\t\t<div class=\"elementor-widget-container\">\n\t\t\t\t\t\t\t\t\t<p>Die Geschmacksrichtung Mexican Mango Iced betont die reife S\u00fc\u00dfe der mexikanischen Mango, die durch einen Hauch frischer Minze erg\u00e4nzt wird und ein reichhaltiges, fruchtiges und erfrischendes Raucherlebnis schafft. Dieser Geschmack gibt das nat\u00fcrliche Aroma der mexikanischen Mango perfekt wieder, das sich von der klassischen Mango unterscheidet, mit einer besseren aromatischen Wahrnehmung und einem fleischigen Gef\u00fchl.<\/p><h2>Das Herzst\u00fcck des Mangogeschmacks :<\/h2><p>S\u00fc\u00dfe und fruchtiges Aroma: Im Mund bietet die Frozen Mexican Mango eine reiche Mangos\u00fc\u00dfe, als ob Sie in eine reife Mango bei\u00dfen w\u00fcrden, die frisch von einem tropischen Obstgarten in Mexiko gepfl\u00fcckt wurde. Die S\u00fc\u00dfe der Mango ist voll und nat\u00fcrlich, zusammen mit dem reichen und einzigartigen fruchtigen Aroma tropischer Fr\u00fcchte, das an die tropische Atmosph\u00e4re unter der Sonne erinnert.<\/p><p>Leichte S\u00e4ure: Im Vergleich zu gew\u00f6hnlichen Mangos weisen mexikanische Mangos in der Regel eine leichte S\u00e4ure auf. Diese S\u00e4ure f\u00fcgt der allgemeinen S\u00fc\u00dfe einen Hauch von Lebendigkeit hinzu und vermeidet so ein s\u00fc\u00dfes, fettiges Gef\u00fchl, wodurch der Geschmack komplexer wird.<\/p><p>Textur des Fruchtfleisches: Bei der Inhalation bietet die Mango eine cremige und volle Textur, als ob der feine Geschmack des Fruchtfleisches wiedergegeben w\u00fcrde, was zu einem immersiven Geschmackserlebnis f\u00fchrt.<\/p><h2>Fusion aus frischer Minze :<\/h2><p>Erfrischende Wirkung : Die S\u00fc\u00dfe der Mango wird von einer frischen Minznote (Menthol) begleitet, die ein Gef\u00fchl von Frische verleiht. Dieses Frischegef\u00fchl ist nicht zu stark, sondern hinterl\u00e4sst einen erfrischenden Nachgeschmack in Mund und Rachen, als w\u00fcrde man an einem hei\u00dfen Sommertag einen Schluck eisgek\u00fchlten Mangosaft schl\u00fcrfen.<\/p><h2>Schichten und Nachgeschmack :<\/h2><p>Inhalation: Bei der Inhalation durchdringt das fruchtige, s\u00fc\u00dfe und leicht s\u00e4uerliche Aroma der Mango zuerst die Geschmacksknospen und bringt einen reichen, angenehmen Geschmack tropischer Fr\u00fcchte mit sich.<\/p><p>Ausatmen: Beim Ausatmen kommt allm\u00e4hlich die Frische der Minze zum Vorschein, begleitet vom anhaltenden Duft der Mango, der einen erfrischenden Nachgeschmack hinterl\u00e4sst.<\/p>\t\t\t\t\t\t\t\t<\/div>\n\t\t\t\t<\/div>\n\t\t\t\t\t<\/div>\n\t\t\t\t<\/div>\n\t\t<div class=\"elementor-element elementor-element-718b380 e-flex e-con-boxed e-con e-parent\" data-id=\"718b380\" data-element_type=\"container\" data-e-type=\"container\">\n\t\t\t\t\t<div class=\"e-con-inner\">\n\t\t\t\t<div class=\"elementor-element elementor-element-d2cc8fa elementor-widget elementor-widget-text-editor\" data-id=\"d2cc8fa\" data-element_type=\"widget\" data-e-type=\"widget\" data-widget_type=\"text-editor.default\">\n\t\t\t\t<div class=\"elementor-widget-container\">\n\t\t\t\t\t\t\t\t\t<h2>Au\u00dfergew\u00f6hnlicher Geschmack und Dampfproduktion :<\/h2><p>Die doppelmaschige Widerstandstechnologie des RandM Tornado 35000 Mexico Mango Ice sorgt f\u00fcr eine optimale Erw\u00e4rmung der e-Fl\u00fcssigkeit und bietet einen reicheren Geschmack und eine gr\u00f6\u00dfere Dampfwolke, ideal f\u00fcr Benutzer, die nach intensiven Aromen und starken visuellen Effekten suchen.<\/p><h2>Trendiges und individuelles Design :<\/h2><p>Die RGB-Lichteffekte k\u00f6nnen mit der Musik synchronisiert werden und erh\u00f6hen so die Freude an der Nutzung, besonders geeignet f\u00fcr gesellige Anl\u00e4sse oder junge Nutzer. Die Nutzer k\u00f6nnen die Lichteffekte f\u00fcr eine diskretere Nutzung ausschalten.<\/p><p>Inspiriert vom modernen Design der Digitalbox 12000 vereint sie \u00c4sthetik und Tragbarkeit, liegt gut in der Hand und l\u00e4sst sich bequem im Alltag transportieren.<\/p><h2>Einfach zu verwenden :<\/h2><p>Der RandM Tornado 35000 Mexico Mango Ice erfordert keine Wartung oder den Austausch von Widerst\u00e4nden\/Fl\u00fcssigkeitsbeh\u00e4ltern. Er kann direkt verwendet werden, was ihn ideal f\u00fcr Anf\u00e4nger oder Benutzer mit geringen Anspr\u00fcchen macht.<\/p><p>Das intelligente Display zeigt intuitiv den Akkustand und die verbleibende E-Fl\u00fcssigkeit an und vermeidet so Sorgen wegen Stromausf\u00e4llen oder leerer E-Fl\u00fcssigkeit.<\/p><p>Das Typ-C-Schnellladeger\u00e4t verk\u00fcrzt die Wartezeit und die lange Akkulaufzeit sorgt f\u00fcr eine lange Nutzung.<\/p><h2>Eigenschaften des RandM Tornado 35000 Mexico Mango Ice<\/h2><p>Anzahl der Z\u00fcge : Bis zu 35.000 Z\u00fcge, eine der gr\u00f6\u00dften Kapazit\u00e4ten auf dem Markt, ideal f\u00fcr Intensivnutzer und Langzeitnutzer.<\/p><p>Batteriekapazit\u00e4t: Ausgestattet mit einer wiederaufladbaren 700-mAh-Batterie. Das schnelle Aufladen \u00fcber die Type-C-Schnittstelle garantiert eine lange Nutzungsdauer und eine schnelle Erholung.<\/p><p>Widerstandstechnologie: \u00dcbernimmt einen 1,2 \u03a9 Doppelmaschenwiderstand f\u00fcr gleichm\u00e4\u00dfigeres Erhitzen, dichteren Dampf und einen besseren Geschmack.<\/p><p>Nikotindosierung: Sie k\u00f6nnen zwischen 0 %, 2 % oder 5 % Nikotin w\u00e4hlen, um den Bed\u00fcrfnissen jedes Nutzers gerecht zu werden.<\/p><p>Anzeigefunktion: Ausgestattet mit einem LED-Display, zeigt es in Echtzeit den Akkuladestand und die verbleibende Menge an E-Fl\u00fcssigkeit an, sodass die Benutzer den Status des Ger\u00e4ts \u00fcberwachen k\u00f6nnen.<\/p><p>Design und Tragbarkeit: Sie ist kompakt und leicht und l\u00e4sst sich problemlos transportieren. Sein Design ist von der Digitalbox 12000 inspiriert und bietet einen modernen, eleganten Look.<\/p>\t\t\t\t\t\t\t\t<\/div>\n\t\t\t\t<\/div>\n\t\t\t\t\t<\/div>\n\t\t\t\t<\/div>\n\t\t\t\t<\/div>","protected":false},"excerpt":{"rendered":"<p>La saveur de Mangue mexicaine glac\u00e9e met l&rsquo;accent sur la douceur m\u00fbre de la mangue mexicaine, compl\u00e9t\u00e9e par une touche de menthe fra\u00eeche, cr\u00e9ant une exp\u00e9rience de fum\u00e9e riche, fruit\u00e9e et rafra\u00eechissante. Cette saveur restitue parfaitement l&rsquo;ar\u00f4me naturel de la mangue mexicaine, diff\u00e9rent de la mangue classique, avec une meilleure perception aromatique et une sensation [&hellip;]<\/p>\n","protected":false},"featured_media":4768,"comment_status":"open","ping_status":"closed","template":"","meta":{"site-sidebar-layout":"no-sidebar","site-content-layout":"page-builder","ast-site-content-layout":"normal-width-container","site-content-style":"default","site-sidebar-style":"default","ast-global-header-display":"","ast-banner-title-visibility":"","ast-main-header-display":"","ast-hfb-above-header-display":"","ast-hfb-below-header-display":"","ast-hfb-mobile-header-display":"","site-post-title":"disabled","ast-breadcrumbs-content":"","ast-featured-img":"disabled","footer-sml-layout":"","ast-disable-related-posts":"","theme-transparent-header-meta":"default","adv-header-id-meta":"","stick-header-meta":"default","header-above-stick-meta":"","header-main-stick-meta":"","header-below-stick-meta":"","astra-migrate-meta-layouts":"set","ast-page-background-enabled":"default","ast-page-background-meta":{"desktop":{"background-color":"","background-image":"","background-repeat":"repeat","background-position":"center center","background-size":"auto","background-attachment":"scroll","background-type":"","background-media":"","overlay-type":"","overlay-color":"","overlay-opacity":"","overlay-gradient":""},"tablet":{"background-color":"","background-image":"","background-repeat":"repeat","background-position":"center center","background-size":"auto","background-attachment":"scroll","background-type":"","background-media":"","overlay-type":"","overlay-color":"","overlay-opacity":"","overlay-gradient":""},"mobile":{"background-color":"","background-image":"","background-repeat":"repeat","background-position":"center center","background-size":"auto","background-attachment":"scroll","background-type":"","background-media":"","overlay-type":"","overlay-color":"","overlay-opacity":"","overlay-gradient":""}},"ast-content-background-meta":{"desktop":{"background-color":"var(--ast-global-color-5)","background-image":"","background-repeat":"repeat","background-position":"center center","background-size":"auto","background-attachment":"scroll","background-type":"","background-media":"","overlay-type":"","overlay-color":"","overlay-opacity":"","overlay-gradient":""},"tablet":{"background-color":"var(--ast-global-color-5)","background-image":"","background-repeat":"repeat","background-position":"center center","background-size":"auto","background-attachment":"scroll","background-type":"","background-media":"","overlay-type":"","overlay-color":"","overlay-opacity":"","overlay-gradient":""},"mobile":{"background-color":"var(--ast-global-color-5)","background-image":"","background-repeat":"repeat","background-position":"center center","background-size":"auto","background-attachment":"scroll","background-type":"","background-media":"","overlay-type":"","overlay-color":"","overlay-opacity":"","overlay-gradient":""}}},"product_brand":[42],"product_cat":[49,105,15],"product_tag":[],"class_list":{"0":"post-5022","1":"product","2":"type-product","3":"status-publish","4":"has-post-thumbnail","6":"product_brand-randm-tornado","7":"product_cat-randm-tornado-35000-offre-35000-bouffees-de-cigarettes","8":"product_cat-puff-35k","9":"product_cat-magasin-cigarette-electronique","10":"desktop-align-center","11":"tablet-align-center","12":"mobile-align-center","13":"ast-product-gallery-layout-horizontal","14":"ast-product-gallery-with-no-image","15":"ast-product-single-variable","16":"ast-product-tabs-layout-horizontal","17":"ast-qv-on-image","19":"first","20":"instock","21":"sale","22":"shipping-taxable","23":"purchasable","24":"product-type-variable","25":"has-default-attributes"},"tiered_pricing_type":"fixed","tiered_pricing_fixed_rules":{"50":12.99,"100":11.39,"200":10.79,"400":10.39},"tiered_pricing_product_settings":{"layout":"default","base_unit_name":{"singular":null,"plural":null},"default_variation":null},"tiered_pricing_minimum_quantity":null,"tiered_pricing_roles_data":[],"tiered_pricing_percentage_rules":[],"_links":{"self":[{"href":"https:\/\/puffvapestore.com\/de\/wp-json\/wp\/v2\/product\/5022","targetHints":{"allow":["GET"]}}],"collection":[{"href":"https:\/\/puffvapestore.com\/de\/wp-json\/wp\/v2\/product"}],"about":[{"href":"https:\/\/puffvapestore.com\/de\/wp-json\/wp\/v2\/types\/product"}],"replies":[{"embeddable":true,"href":"https:\/\/puffvapestore.com\/de\/wp-json\/wp\/v2\/comments?post=5022"}],"version-history":[{"count":6,"href":"https:\/\/puffvapestore.com\/de\/wp-json\/wp\/v2\/product\/5022\/revisions"}],"predecessor-version":[{"id":5031,"href":"https:\/\/puffvapestore.com\/de\/wp-json\/wp\/v2\/product\/5022\/revisions\/5031"}],"wp:featuredmedia":[{"embeddable":true,"href":"https:\/\/puffvapestore.com\/de\/wp-json\/wp\/v2\/media\/4768"}],"wp:attachment":[{"href":"https:\/\/puffvapestore.com\/de\/wp-json\/wp\/v2\/media?parent=5022"}],"wp:term":[{"taxonomy":"product_brand","embeddable":true,"href":"https:\/\/puffvapestore.com\/de\/wp-json\/wp\/v2\/product_brand?post=5022"},{"taxonomy":"product_cat","embeddable":true,"href":"https:\/\/puffvapestore.com\/de\/wp-json\/wp\/v2\/product_cat?post=5022"},{"taxonomy":"product_tag","embeddable":true,"href":"https:\/\/puffvapestore.com\/de\/wp-json\/wp\/v2\/product_tag?post=5022"}],"curies":[{"name":"wp","href":"https:\/\/api.w.org\/{rel}","templated":true}]}}