{"id":5012,"date":"2025-07-14T02:41:08","date_gmt":"2025-07-14T02:41:08","guid":{"rendered":"https:\/\/puffvapestore.com\/?post_type=product&#038;p=5012"},"modified":"2026-01-19T10:31:55","modified_gmt":"2026-01-19T10:31:55","slug":"kiwi-passionfruit-guava-tornado-35000-une-saveur-complexe-et-exotique","status":"publish","type":"product","link":"https:\/\/puffvapestore.com\/de\/product\/kiwi-passionfruit-guava-tornado-35000-ein-komplexer-und-exotischer-geschmack\/","title":{"rendered":"Kiwi Passionfruit Guava - Fumot RandM Tornado 35000"},"content":{"rendered":"<div data-elementor-type=\"wp-post\" data-elementor-id=\"5012\" class=\"elementor elementor-5012\">\n\t\t\t\t<div class=\"elementor-element elementor-element-08c26f9 e-flex e-con-boxed e-con e-parent\" data-id=\"08c26f9\" data-element_type=\"container\" data-e-type=\"container\">\n\t\t\t\t\t<div class=\"e-con-inner\">\n\t\t\t\t<div class=\"elementor-element elementor-element-a005a97 elementor-widget elementor-widget-text-editor\" data-id=\"a005a97\" data-element_type=\"widget\" data-e-type=\"widget\" data-widget_type=\"text-editor.default\">\n\t\t\t\t<div class=\"elementor-widget-container\">\n\t\t\t\t\t\t\t\t\t<p>Die Fumot RandM Tornado 35000 Kiwi Passion Guave ist eine elektronische Einwegzigarette. Ihr Hauptaroma, Kiwi Passion Guave, ist eine Mischung aus tropischen Fr\u00fcchten, komplex und exotisch.<\/p><h2>Kiwi<\/h2><p>Geschmackseigenschaften: Kiwi ist frisch und nat\u00fcrlich, mit einem fruchtigen, leicht wilden Aroma. Beim ersten Einatmen zeigt sie sich zuerst, leicht s\u00e4uerlich und s\u00fc\u00df, was ein appetitanregendes Gef\u00fchl und einen erfrischenden ersten Eindruck erzeugt.<\/p><h2>Passionsfrucht<\/h2><p>Geschmackseigenschaften: S\u00fc\u00df-sauer, mit einem ausgepr\u00e4gten Aroma von tropischen Fr\u00fcchten, duftend und anhaltend.<\/p><p>Details: Die S\u00e4ure wird in der Mitte st\u00e4rker, was den Gesamtgeschmack hervorhebt und ein anregendes Gef\u00fchl vermittelt, das zart mit Kiwi vermischt ist.<\/p><h2>Guave<\/h2><p>Geschmackseigenschaften: Der Geschmack ist s\u00fc\u00df mit einer blumigen und cremigen Note, und die Textur ist reichhaltig, wodurch die S\u00e4ure der ersten beiden ausgeglichen wird.<\/p><p>Details: Bringt einen seidigen Nachgeschmack mit sich, der den Gesamtgeschmack voller und runder macht. Das Guavenfleisch verst\u00e4rkt die Dicke und macht den Geschmack ausgewogener.<\/p>\t\t\t\t\t\t\t\t<\/div>\n\t\t\t\t<\/div>\n\t\t\t\t\t<\/div>\n\t\t\t\t<\/div>\n\t\t<div class=\"elementor-element elementor-element-718b380 e-flex e-con-boxed e-con e-parent\" data-id=\"718b380\" data-element_type=\"container\" data-e-type=\"container\">\n\t\t\t\t\t<div class=\"e-con-inner\">\n\t\t\t\t<div class=\"elementor-element elementor-element-d2cc8fa elementor-widget elementor-widget-text-editor\" data-id=\"d2cc8fa\" data-element_type=\"widget\" data-e-type=\"widget\" data-widget_type=\"text-editor.default\">\n\t\t\t\t<div class=\"elementor-widget-container\">\n\t\t\t\t\t\t\t\t\t<h2>Au\u00dfergew\u00f6hnlicher Geschmack und Dampfproduktion :<\/h2><p>Die doppelmaschige Widerstandstechnologie des RandM Tornado 35000 Kiwi Passionfruit Guava sorgt f\u00fcr eine optimale Erw\u00e4rmung der e-Liquids und bietet einen reicheren Geschmack und eine gr\u00f6\u00dfere Dampfwolke - ideal f\u00fcr Benutzer, die intensive Aromen und starke visuelle Effekte suchen.<\/p><h2>Trendiges und individuelles Design :<\/h2><p>Die RGB-Lichteffekte k\u00f6nnen mit der Musik synchronisiert werden und erh\u00f6hen so die Freude an der Nutzung, besonders geeignet f\u00fcr gesellige Anl\u00e4sse oder junge Nutzer. Die Nutzer k\u00f6nnen die Lichteffekte f\u00fcr eine diskretere Nutzung ausschalten.<\/p><p>Inspiriert vom modernen Design der Digitalbox 12000 vereint sie \u00c4sthetik und Tragbarkeit, liegt gut in der Hand und l\u00e4sst sich bequem im Alltag transportieren.<\/p><h2>Einfach zu verwenden :<\/h2><p>Der RandM Tornado 35000 Kiwi Passionfruit Guava erfordert keine Wartung oder den Austausch von Widerst\u00e4nden\/Liquidtanks. Er kann direkt verwendet werden, was ihn ideal f\u00fcr Anf\u00e4nger oder Benutzer mit geringen Anspr\u00fcchen macht.<\/p><p>Das intelligente Display zeigt intuitiv den Akkustand und die verbleibende E-Fl\u00fcssigkeit an und vermeidet so Sorgen wegen Stromausf\u00e4llen oder leerer E-Fl\u00fcssigkeit.<\/p><p>Das Typ-C-Schnellladeger\u00e4t verk\u00fcrzt die Wartezeit und die lange Akkulaufzeit sorgt f\u00fcr eine lange Nutzung.<\/p><h2>Eigenschaften von RandM Tornado 35000 Kiwi Passionfruit Guava<\/h2><p>Anzahl der Z\u00fcge : Bis zu 35.000 Z\u00fcge, eine der gr\u00f6\u00dften Kapazit\u00e4ten auf dem Markt, ideal f\u00fcr Intensivnutzer und Langzeitnutzer.<\/p><p>Batteriekapazit\u00e4t: Ausgestattet mit einer wiederaufladbaren 700-mAh-Batterie. Das schnelle Aufladen \u00fcber die Type-C-Schnittstelle garantiert eine lange Nutzungsdauer und eine schnelle Erholung.<\/p><p>Widerstandstechnologie: \u00dcbernimmt einen 1,2 \u03a9 Doppelmaschenwiderstand f\u00fcr gleichm\u00e4\u00dfigeres Erhitzen, dichteren Dampf und einen besseren Geschmack.<\/p><p>Nikotindosierung: Sie k\u00f6nnen zwischen 0 %, 2 % oder 5 % Nikotin w\u00e4hlen, um den Bed\u00fcrfnissen jedes Nutzers gerecht zu werden.<\/p><p>Anzeigefunktion: Ausgestattet mit einem LED-Display, zeigt es in Echtzeit den Akkuladestand und die verbleibende Menge an E-Fl\u00fcssigkeit an, sodass die Benutzer den Status des Ger\u00e4ts \u00fcberwachen k\u00f6nnen.<\/p><p>Design und Tragbarkeit: Sie ist kompakt und leicht und l\u00e4sst sich problemlos transportieren. Sein Design ist von der Digitalbox 12000 inspiriert und bietet einen modernen, eleganten Look.<\/p>\t\t\t\t\t\t\t\t<\/div>\n\t\t\t\t<\/div>\n\t\t\t\t\t<\/div>\n\t\t\t\t<\/div>\n\t\t\t\t<\/div>","protected":false},"excerpt":{"rendered":"<p>La Fumot RandM Tornado 35000 Kiwi Passion Goyave est une cigarette \u00e9lectronique jetable. Son ar\u00f4me principal, Kiwi Passion Goyave, est un m\u00e9lange de fruits tropicaux, complexe et exotique. Kiwi Caract\u00e9ristiques gustatives\u00a0: Le kiwi est frais et naturel, avec un ar\u00f4me fruit\u00e9 l\u00e9g\u00e8rement sauvage. D\u00e8s la premi\u00e8re inhalation, il se r\u00e9v\u00e8le en premier, l\u00e9g\u00e8rement acidul\u00e9 et [&hellip;]<\/p>\n","protected":false},"featured_media":4767,"comment_status":"open","ping_status":"closed","template":"","meta":{"site-sidebar-layout":"no-sidebar","site-content-layout":"page-builder","ast-site-content-layout":"normal-width-container","site-content-style":"default","site-sidebar-style":"default","ast-global-header-display":"","ast-banner-title-visibility":"","ast-main-header-display":"","ast-hfb-above-header-display":"","ast-hfb-below-header-display":"","ast-hfb-mobile-header-display":"","site-post-title":"disabled","ast-breadcrumbs-content":"","ast-featured-img":"disabled","footer-sml-layout":"","ast-disable-related-posts":"","theme-transparent-header-meta":"default","adv-header-id-meta":"","stick-header-meta":"default","header-above-stick-meta":"","header-main-stick-meta":"","header-below-stick-meta":"","astra-migrate-meta-layouts":"set","ast-page-background-enabled":"default","ast-page-background-meta":{"desktop":{"background-color":"","background-image":"","background-repeat":"repeat","background-position":"center center","background-size":"auto","background-attachment":"scroll","background-type":"","background-media":"","overlay-type":"","overlay-color":"","overlay-opacity":"","overlay-gradient":""},"tablet":{"background-color":"","background-image":"","background-repeat":"repeat","background-position":"center center","background-size":"auto","background-attachment":"scroll","background-type":"","background-media":"","overlay-type":"","overlay-color":"","overlay-opacity":"","overlay-gradient":""},"mobile":{"background-color":"","background-image":"","background-repeat":"repeat","background-position":"center center","background-size":"auto","background-attachment":"scroll","background-type":"","background-media":"","overlay-type":"","overlay-color":"","overlay-opacity":"","overlay-gradient":""}},"ast-content-background-meta":{"desktop":{"background-color":"var(--ast-global-color-5)","background-image":"","background-repeat":"repeat","background-position":"center center","background-size":"auto","background-attachment":"scroll","background-type":"","background-media":"","overlay-type":"","overlay-color":"","overlay-opacity":"","overlay-gradient":""},"tablet":{"background-color":"var(--ast-global-color-5)","background-image":"","background-repeat":"repeat","background-position":"center center","background-size":"auto","background-attachment":"scroll","background-type":"","background-media":"","overlay-type":"","overlay-color":"","overlay-opacity":"","overlay-gradient":""},"mobile":{"background-color":"var(--ast-global-color-5)","background-image":"","background-repeat":"repeat","background-position":"center center","background-size":"auto","background-attachment":"scroll","background-type":"","background-media":"","overlay-type":"","overlay-color":"","overlay-opacity":"","overlay-gradient":""}}},"product_brand":[42],"product_cat":[49,105,15],"product_tag":[],"class_list":{"0":"post-5012","1":"product","2":"type-product","3":"status-publish","4":"has-post-thumbnail","6":"product_brand-randm-tornado","7":"product_cat-randm-tornado-35000-offre-35000-bouffees-de-cigarettes","8":"product_cat-puff-35k","9":"product_cat-magasin-cigarette-electronique","10":"desktop-align-center","11":"tablet-align-center","12":"mobile-align-center","13":"ast-product-gallery-layout-horizontal","14":"ast-product-gallery-with-no-image","15":"ast-product-single-variable","16":"ast-product-tabs-layout-horizontal","17":"ast-qv-on-image","19":"first","20":"instock","21":"sale","22":"shipping-taxable","23":"purchasable","24":"product-type-variable","25":"has-default-attributes"},"tiered_pricing_type":"fixed","tiered_pricing_fixed_rules":{"50":12.99,"100":11.39,"200":10.79,"400":10.39},"tiered_pricing_product_settings":{"layout":"default","base_unit_name":{"singular":null,"plural":null},"default_variation":null},"tiered_pricing_minimum_quantity":null,"tiered_pricing_roles_data":[],"tiered_pricing_percentage_rules":[],"_links":{"self":[{"href":"https:\/\/puffvapestore.com\/de\/wp-json\/wp\/v2\/product\/5012","targetHints":{"allow":["GET"]}}],"collection":[{"href":"https:\/\/puffvapestore.com\/de\/wp-json\/wp\/v2\/product"}],"about":[{"href":"https:\/\/puffvapestore.com\/de\/wp-json\/wp\/v2\/types\/product"}],"replies":[{"embeddable":true,"href":"https:\/\/puffvapestore.com\/de\/wp-json\/wp\/v2\/comments?post=5012"}],"version-history":[{"count":6,"href":"https:\/\/puffvapestore.com\/de\/wp-json\/wp\/v2\/product\/5012\/revisions"}],"predecessor-version":[{"id":5021,"href":"https:\/\/puffvapestore.com\/de\/wp-json\/wp\/v2\/product\/5012\/revisions\/5021"}],"wp:featuredmedia":[{"embeddable":true,"href":"https:\/\/puffvapestore.com\/de\/wp-json\/wp\/v2\/media\/4767"}],"wp:attachment":[{"href":"https:\/\/puffvapestore.com\/de\/wp-json\/wp\/v2\/media?parent=5012"}],"wp:term":[{"taxonomy":"product_brand","embeddable":true,"href":"https:\/\/puffvapestore.com\/de\/wp-json\/wp\/v2\/product_brand?post=5012"},{"taxonomy":"product_cat","embeddable":true,"href":"https:\/\/puffvapestore.com\/de\/wp-json\/wp\/v2\/product_cat?post=5012"},{"taxonomy":"product_tag","embeddable":true,"href":"https:\/\/puffvapestore.com\/de\/wp-json\/wp\/v2\/product_tag?post=5012"}],"curies":[{"name":"wp","href":"https:\/\/api.w.org\/{rel}","templated":true}]}}