{"id":4964,"date":"2025-07-12T10:02:02","date_gmt":"2025-07-12T10:02:02","guid":{"rendered":"https:\/\/puffvapestore.com\/?post_type=product&#038;p=4964"},"modified":"2026-01-19T10:31:55","modified_gmt":"2026-01-19T10:31:55","slug":"fumot-tornado-35000-peach-mango-watermelon","status":"publish","type":"product","link":"https:\/\/puffvapestore.com\/de\/product\/fumot-tornado-35000-peach-mango-watermelon\/","title":{"rendered":"Peach Mango Watermelon - Fumot Tornado 35000"},"content":{"rendered":"<div data-elementor-type=\"wp-post\" data-elementor-id=\"4964\" class=\"elementor elementor-4964\">\n\t\t\t\t<div class=\"elementor-element elementor-element-08c26f9 e-flex e-con-boxed e-con e-parent\" data-id=\"08c26f9\" data-element_type=\"container\" data-e-type=\"container\">\n\t\t\t\t\t<div class=\"e-con-inner\">\n\t\t\t\t<div class=\"elementor-element elementor-element-a005a97 elementor-widget elementor-widget-text-editor\" data-id=\"a005a97\" data-element_type=\"widget\" data-e-type=\"widget\" data-widget_type=\"text-editor.default\">\n\t\t\t\t<div class=\"elementor-widget-container\">\n\t\t\t\t\t\t\t\t\t<p>Diese Geschmacksrichtung Pfirsich Mango Wassermelone vereint auf intelligente Weise die Aromen von drei tropischen Fr\u00fcchten: das seidige, zarte Aroma des Pfirsichs, die intensive S\u00fc\u00dfe der Mango und die frische, saftige Wassermelone. Jeder Bissen ist wie ein erfrischender Obstsalat im Hochsommer, s\u00fc\u00df, ohne fettig zu sein, reichhaltig, ohne protzig zu wirken, und l\u00e4sst Sie in entspannten Momenten unbewusst in diesen Geschmack eintauchen, als ob die Welt sich verlangsamt h\u00e4tte.<\/p><p><strong>Angeln<\/strong> : Die s\u00fc\u00dfe S\u00fc\u00dfe des Pfirsichs ist zun\u00e4chst im Mund pr\u00e4sent. Er ist weniger klebrig als ein Pfirsich aus der Dose und kommt dem Aroma von frischem Pfirsichfruchtfleisch nahe, leicht und saftig, mit einem einzigartigen Hauch von \"Dichte\". Die Kopfnote ist ausgepr\u00e4gt und schon beim Auftakt im Mund sp\u00fcrbar. Sie ist s\u00fc\u00df, aber nicht fettig und bietet ein nat\u00fcrliches fruchtiges Aroma, das von einem subtilen Blumenduft begleitet wird, der die allgemeine Frische hervorhebt.<\/p><p><strong>Mango\u00a0<\/strong>: Das Mangoaroma entfaltet sich allm\u00e4hlich in der Herznote und vermischt sich mit dem Pfirsicharoma zu einem reichen Geschmack von tropischen Fr\u00fcchten. Der Mangoduft ist dicker und voller, mit einem leichten Milcharoma und einem s\u00fc\u00dfen Aroma von reifen Mangos.<\/p><p><strong>Wassermelone\u00a0<\/strong>: Die Basisnote ist ein erfrischender Wassermelonengeschmack, der den Geschmack mit einer klaren und erfrischenden Note abschlie\u00dft. Sie vermittelt ein Gef\u00fchl der Frische, wie eine frisch aufgeschnittene Wassermelone.<\/p><h2>Die elektronischen Zigaretten Pfirsich Mango Wassermelone eignen sich f\u00fcr :<\/h2><p>Nutzerinnen und Nutzer, die fruchtige, s\u00fc\u00dfe und klare Geschmacksrichtungen m\u00f6gen ;<\/p><p>Nutzer von elektronischen Zigaretten, die einen unverwechselbaren, wenig stimulierenden Geschmack suchen ;<\/p><p>Geschmacksliebhaber, die einen frischen, nicht fettigen Geschmack mit einem leicht frischen Nachgeschmack sch\u00e4tzen.<\/p>\t\t\t\t\t\t\t\t<\/div>\n\t\t\t\t<\/div>\n\t\t\t\t\t<\/div>\n\t\t\t\t<\/div>\n\t\t<div class=\"elementor-element elementor-element-718b380 e-flex e-con-boxed e-con e-parent\" data-id=\"718b380\" data-element_type=\"container\" data-e-type=\"container\">\n\t\t\t\t\t<div class=\"e-con-inner\">\n\t\t\t\t<div class=\"elementor-element elementor-element-d2cc8fa elementor-widget elementor-widget-text-editor\" data-id=\"d2cc8fa\" data-element_type=\"widget\" data-e-type=\"widget\" data-widget_type=\"text-editor.default\">\n\t\t\t\t<div class=\"elementor-widget-container\">\n\t\t\t\t\t\t\t\t\t<h2>Zahlreiche Z\u00fcge - bis zu 35000 Z\u00fcge<\/h2><p>Die RandM Tornado 35000 Peach Mango Watermelon ist mit einem Fl\u00fcssigkeitsspeichersystem mit gro\u00dfer Kapazit\u00e4t und einer leistungsstarken Batteriemanagementtechnologie ausgestattet, die bis zu 35000 Z\u00fcge erm\u00f6glicht. Im Vergleich zu herk\u00f6mmlichen elektronischen Einwegzigaretten ist ihre Lebensdauer erheblich verbessert, besonders geeignet f\u00fcr Intensivnutzer oder lange Reisen, ohne h\u00e4ufigen Austausch der Ausr\u00fcstung, f\u00fcr lange Z\u00fcge ohne Erm\u00fcdungserscheinungen.<\/p><h2>Doppelmaschiger Heizwiderstand - die perfekte Kombination aus reichhaltigem Geschmack und effizienter Zerst\u00e4ubung<\/h2><p>Durch die \u00dcbernahme der fortschrittlichen 1,2 \u03a9-Doppelmaschen-Widerstandstechnologie sorgt sie f\u00fcr eine gleichm\u00e4\u00dfigere Erw\u00e4rmung und eine vollst\u00e4ndigere Zerst\u00e4ubung. Ob s\u00fc\u00dfe, fruchtige oder eisige Aromen, sie bietet ein volleres und feineres Geschmacksniveau. Gleichzeitig erzeugt sie einen dichteren Rauch, ideal f\u00fcr Nutzer, die sowohl ein geschmackliches als auch ein optisches Vergn\u00fcgen suchen.<\/p><h2>Integrierter wiederaufladbarer 700-mAh-Akku - effizient und langlebig, kompatibel mit Typ-C-Schnellladung<\/h2><p>Die RandM Tornado 35000 ist mit einem leistungsstarken 700-mAh-Lithium-Akku ausgestattet, der den ganzen Tag \u00fcber einen ununterbrochenen und kontinuierlichen Betrieb erm\u00f6glicht. Die Type-C-Schnittstelle verbessert die Ladegeschwindigkeit erheblich und verk\u00fcrzt die Wartezeit effektiv. Im Vergleich zu herk\u00f6mmlichen elektronischen Einwegzigaretten ist das wiederaufladbare Design auch umweltfreundlicher.<\/p><h2>Intelligentes digitales Display - Statuskontrolle in Echtzeit<\/h2><p>Die RandM Tornado 35000 ist mit einem hochaufl\u00f6senden, intelligenten digitalen Display ausgestattet, das in Echtzeit die verbleibende Ladung und den verbleibenden E-Fl\u00fcssigkeitsstand anzeigt. So kann der Benutzer den Nutzungsstatus genau verfolgen und Unterbrechungen aufgrund von Stromausfall oder fehlender E-Fl\u00fcssigkeit vermeiden.<\/p><h2>Elegantes, tragbares Design - inspiriert von der Digitalbox 12000<\/h2><p>Sein Design ist von der ber\u00fchmten Digitalbox 12000-Serie inspiriert und vereint Modernit\u00e4t und Futurismus. Sie ist kompakt, leicht und bietet mit ihren abgerundeten Ecken optimalen Komfort. Sie ist leicht zu transportieren und eignet sich auch ideal, um Ihre Pers\u00f6nlichkeit und Ihren trendigen Geschmack zu zeigen.<\/p><h2>Keine Wartung erforderlich: Pures Vergn\u00fcgen direkt aus der Verpackung<\/h2><p>Der RandM Tornado 35000 Peach Mango Watermelon ist wartungsfrei: kein Nachf\u00fcllen von E-Fl\u00fcssigkeit, keine Reinigung und kein Austausch von Teilen. Er ist sofort nach dem Auspacken einsatzbereit und eignet sich f\u00fcr Benutzer, die auf der Suche nach Zweckm\u00e4\u00dfigkeit und Seelenfrieden sind. Er ist ideal f\u00fcr Reisen, Dating oder den t\u00e4glichen Gebrauch.<\/p><h2>Verschiedene Nikotinkonzentrationen erh\u00e4ltlich: um Ihren Bed\u00fcrfnissen gerecht zu werden<\/h2><p>Es sind Nikotinkonzentrationen von 0 %, 2 % und 5 % erh\u00e4ltlich, um den Bed\u00fcrfnissen jedes Nutzers gerecht zu werden. Egal, ob Sie Ihre Dosis reduzieren m\u00f6chten oder ein Anh\u00e4nger der E-Zigarette sind, der einen starken Hit im Hals sucht, Sie werden die ideale Nikotinkonzentration finden.<\/p>\t\t\t\t\t\t\t\t<\/div>\n\t\t\t\t<\/div>\n\t\t\t\t\t<\/div>\n\t\t\t\t<\/div>\n\t\t\t\t<\/div>","protected":false},"excerpt":{"rendered":"<p>Cette saveur P\u00eache Mangue Past\u00e8que allie intelligemment les saveurs de trois fruits tropicaux : le parfum soyeux et d\u00e9licat de la p\u00eache, la douceur intense de la mangue et la fra\u00eecheur et la jutosit\u00e9 de la past\u00e8que. Chaque bouch\u00e9e est comme une salade de fruits rafra\u00eechissante en plein \u00e9t\u00e9, sucr\u00e9e sans \u00eatre grasse, riche sans [&hellip;]<\/p>\n","protected":false},"featured_media":4769,"comment_status":"open","ping_status":"closed","template":"","meta":{"site-sidebar-layout":"no-sidebar","site-content-layout":"page-builder","ast-site-content-layout":"normal-width-container","site-content-style":"default","site-sidebar-style":"default","ast-global-header-display":"","ast-banner-title-visibility":"","ast-main-header-display":"","ast-hfb-above-header-display":"","ast-hfb-below-header-display":"","ast-hfb-mobile-header-display":"","site-post-title":"disabled","ast-breadcrumbs-content":"","ast-featured-img":"disabled","footer-sml-layout":"","ast-disable-related-posts":"","theme-transparent-header-meta":"default","adv-header-id-meta":"","stick-header-meta":"default","header-above-stick-meta":"","header-main-stick-meta":"","header-below-stick-meta":"","astra-migrate-meta-layouts":"set","ast-page-background-enabled":"default","ast-page-background-meta":{"desktop":{"background-color":"","background-image":"","background-repeat":"repeat","background-position":"center center","background-size":"auto","background-attachment":"scroll","background-type":"","background-media":"","overlay-type":"","overlay-color":"","overlay-opacity":"","overlay-gradient":""},"tablet":{"background-color":"","background-image":"","background-repeat":"repeat","background-position":"center center","background-size":"auto","background-attachment":"scroll","background-type":"","background-media":"","overlay-type":"","overlay-color":"","overlay-opacity":"","overlay-gradient":""},"mobile":{"background-color":"","background-image":"","background-repeat":"repeat","background-position":"center center","background-size":"auto","background-attachment":"scroll","background-type":"","background-media":"","overlay-type":"","overlay-color":"","overlay-opacity":"","overlay-gradient":""}},"ast-content-background-meta":{"desktop":{"background-color":"var(--ast-global-color-5)","background-image":"","background-repeat":"repeat","background-position":"center center","background-size":"auto","background-attachment":"scroll","background-type":"","background-media":"","overlay-type":"","overlay-color":"","overlay-opacity":"","overlay-gradient":""},"tablet":{"background-color":"var(--ast-global-color-5)","background-image":"","background-repeat":"repeat","background-position":"center center","background-size":"auto","background-attachment":"scroll","background-type":"","background-media":"","overlay-type":"","overlay-color":"","overlay-opacity":"","overlay-gradient":""},"mobile":{"background-color":"var(--ast-global-color-5)","background-image":"","background-repeat":"repeat","background-position":"center center","background-size":"auto","background-attachment":"scroll","background-type":"","background-media":"","overlay-type":"","overlay-color":"","overlay-opacity":"","overlay-gradient":""}}},"product_brand":[42],"product_cat":[49,105,15],"product_tag":[],"class_list":{"0":"post-4964","1":"product","2":"type-product","3":"status-publish","4":"has-post-thumbnail","6":"product_brand-randm-tornado","7":"product_cat-randm-tornado-35000-offre-35000-bouffees-de-cigarettes","8":"product_cat-puff-35k","9":"product_cat-magasin-cigarette-electronique","10":"desktop-align-center","11":"tablet-align-center","12":"mobile-align-center","13":"ast-product-gallery-layout-horizontal","14":"ast-product-gallery-with-no-image","15":"ast-product-single-variable","16":"ast-product-tabs-layout-horizontal","17":"ast-qv-on-image","19":"first","20":"instock","21":"sale","22":"shipping-taxable","23":"purchasable","24":"product-type-variable","25":"has-default-attributes"},"tiered_pricing_type":"fixed","tiered_pricing_fixed_rules":{"50":12.99,"100":11.39,"200":10.79,"400":10.39},"tiered_pricing_product_settings":{"layout":"default","base_unit_name":{"singular":null,"plural":null},"default_variation":null},"tiered_pricing_minimum_quantity":null,"tiered_pricing_roles_data":[],"tiered_pricing_percentage_rules":[],"_links":{"self":[{"href":"https:\/\/puffvapestore.com\/de\/wp-json\/wp\/v2\/product\/4964","targetHints":{"allow":["GET"]}}],"collection":[{"href":"https:\/\/puffvapestore.com\/de\/wp-json\/wp\/v2\/product"}],"about":[{"href":"https:\/\/puffvapestore.com\/de\/wp-json\/wp\/v2\/types\/product"}],"replies":[{"embeddable":true,"href":"https:\/\/puffvapestore.com\/de\/wp-json\/wp\/v2\/comments?post=4964"}],"version-history":[{"count":6,"href":"https:\/\/puffvapestore.com\/de\/wp-json\/wp\/v2\/product\/4964\/revisions"}],"predecessor-version":[{"id":4973,"href":"https:\/\/puffvapestore.com\/de\/wp-json\/wp\/v2\/product\/4964\/revisions\/4973"}],"wp:featuredmedia":[{"embeddable":true,"href":"https:\/\/puffvapestore.com\/de\/wp-json\/wp\/v2\/media\/4769"}],"wp:attachment":[{"href":"https:\/\/puffvapestore.com\/de\/wp-json\/wp\/v2\/media?parent=4964"}],"wp:term":[{"taxonomy":"product_brand","embeddable":true,"href":"https:\/\/puffvapestore.com\/de\/wp-json\/wp\/v2\/product_brand?post=4964"},{"taxonomy":"product_cat","embeddable":true,"href":"https:\/\/puffvapestore.com\/de\/wp-json\/wp\/v2\/product_cat?post=4964"},{"taxonomy":"product_tag","embeddable":true,"href":"https:\/\/puffvapestore.com\/de\/wp-json\/wp\/v2\/product_tag?post=4964"}],"curies":[{"name":"wp","href":"https:\/\/api.w.org\/{rel}","templated":true}]}}