{"id":4944,"date":"2025-07-11T15:44:09","date_gmt":"2025-07-11T15:44:09","guid":{"rendered":"https:\/\/puffvapestore.com\/?post_type=product&#038;p=4944"},"modified":"2026-01-19T10:31:55","modified_gmt":"2026-01-19T10:31:55","slug":"tornado-35000-white-gummy-ice-un-arome-rafraichissant-de-fruits-tropicaux","status":"publish","type":"product","link":"https:\/\/puffvapestore.com\/de\/product\/tornado-35000-white-gummy-ice-ein-erfrischendes-aroma-von-tropischen-fruchten\/","title":{"rendered":"RandM Tornado 35000 - White Gummy Ice"},"content":{"rendered":"<div data-elementor-type=\"wp-post\" data-elementor-id=\"4944\" class=\"elementor elementor-4944\">\n\t\t\t\t<div class=\"elementor-element elementor-element-08c26f9 e-flex e-con-boxed e-con e-parent\" data-id=\"08c26f9\" data-element_type=\"container\" data-e-type=\"container\">\n\t\t\t\t\t<div class=\"e-con-inner\">\n\t\t\t\t<div class=\"elementor-element elementor-element-a005a97 elementor-widget elementor-widget-text-editor\" data-id=\"a005a97\" data-element_type=\"widget\" data-e-type=\"widget\" data-widget_type=\"text-editor.default\">\n\t\t\t\t<div class=\"elementor-widget-container\">\n\t\t\t\t\t\t\t\t\t<p>Wenn Sie wei\u00dfe Haribo-Gummibonbons oder Fruchtgummis mit frischem Geschmack m\u00f6gen, ist der RandM Tornado 35000 - Wei\u00dfe Gummibonbons eine ideale Wahl. Er bietet die perfekte Balance zwischen S\u00fc\u00dfe, Frische und Textur.<\/p><h2>Geschmack Bonbon Gelatine Wei\u00df<\/h2><p>Wei\u00dfe Geleebonbons basieren in der Regel auf Ananas, eine Geschmacksrichtung, die in diesem Produkt RandM stark vertreten ist. Schon beim ersten Schluck schmeckt man einen erfrischenden Geschmack von tropischen Fr\u00fcchten, \u00e4hnlich der Ananas, mit einer leichten Zitrus- oder Litschi-Note, s\u00fc\u00df, ohne fettig zu sein.<\/p><h2>Eisminze<\/h2><p>Die Zugabe von Eis ist moderat und sorgt f\u00fcr eine sanfte, anhaltende Frische. Dieses Eisgef\u00fchl wird haupts\u00e4chlich dazu verwendet, den Geschmack zu verst\u00e4rken und den Mund zu erfrischen. Es neutralisiert wirksam die S\u00fc\u00dfe der Gelatinebonbons und macht das Raucherlebnis angenehmer.<\/p><p>Nach dem R\u00e4uchern ist der Geschmack erfrischend und im Mund entsteht ein leicht fruchtiges Aroma, ideal f\u00fcr einen sommerlichen oder l\u00e4ngeren Verzehr ohne geschmackliche Erm\u00fcdung.<\/p>\t\t\t\t\t\t\t\t<\/div>\n\t\t\t\t<\/div>\n\t\t\t\t\t<\/div>\n\t\t\t\t<\/div>\n\t\t<div class=\"elementor-element elementor-element-718b380 e-flex e-con-boxed e-con e-parent\" data-id=\"718b380\" data-element_type=\"container\" data-e-type=\"container\">\n\t\t\t\t\t<div class=\"e-con-inner\">\n\t\t\t\t<div class=\"elementor-element elementor-element-d2cc8fa elementor-widget elementor-widget-text-editor\" data-id=\"d2cc8fa\" data-element_type=\"widget\" data-e-type=\"widget\" data-widget_type=\"text-editor.default\">\n\t\t\t\t<div class=\"elementor-widget-container\">\n\t\t\t\t\t\t\t\t\t<h2>Zahlreiche Z\u00fcge - bis zu 35000 Z\u00fcge<\/h2><p>Die RandM Tornado 35000 White Gummy Ice ist mit einem Fl\u00fcssigkeitsspeichersystem mit gro\u00dfer Kapazit\u00e4t und einer leistungsf\u00e4higen Batteriemanagementtechnologie ausgestattet, die bis zu 35000 Z\u00fcge erm\u00f6glicht. Im Vergleich zu herk\u00f6mmlichen elektronischen Einwegzigaretten ist ihre Lebensdauer erheblich verbessert, besonders geeignet f\u00fcr Intensivnutzer oder lange Reisen, ohne h\u00e4ufigen Austausch der Ausr\u00fcstung, f\u00fcr lange Z\u00fcge ohne Erm\u00fcdungserscheinungen.<\/p><h2>Doppelmaschiger Heizwiderstand - die perfekte Kombination aus reichhaltigem Geschmack und effizienter Zerst\u00e4ubung<\/h2><p>Durch die \u00dcbernahme der fortschrittlichen 1,2 \u03a9-Doppelmaschen-Widerstandstechnologie sorgt sie f\u00fcr eine gleichm\u00e4\u00dfigere Erw\u00e4rmung und eine vollst\u00e4ndigere Zerst\u00e4ubung. Ob s\u00fc\u00dfe, fruchtige oder eisige Aromen, sie bietet ein volleres und feineres Geschmacksniveau. Gleichzeitig erzeugt sie einen dichteren Rauch, ideal f\u00fcr Nutzer, die sowohl ein geschmackliches als auch ein optisches Vergn\u00fcgen suchen.<\/p><h2>Integrierter wiederaufladbarer 700-mAh-Akku - effizient und langlebig, kompatibel mit Typ-C-Schnellladung<\/h2><p>Die RandM Tornado 35000 ist mit einem leistungsstarken 700-mAh-Lithium-Akku ausgestattet, der den ganzen Tag \u00fcber einen ununterbrochenen und kontinuierlichen Betrieb erm\u00f6glicht. Die Type-C-Schnittstelle verbessert die Ladegeschwindigkeit erheblich und verk\u00fcrzt die Wartezeit effektiv. Im Vergleich zu herk\u00f6mmlichen elektronischen Einwegzigaretten ist das wiederaufladbare Design auch umweltfreundlicher.<\/p><h2>Intelligentes digitales Display - Statuskontrolle in Echtzeit<\/h2><p>Die RandM Tornado 35000 White Gummy Ice ist mit einem hochaufl\u00f6senden, intelligenten digitalen Display ausgestattet, das in Echtzeit die verbleibende Akkuladung und den Restbestand an E-Fl\u00fcssigkeit anzeigt. So kann der Benutzer den Nutzungsstatus genau verfolgen und Unterbrechungen durch Stromausfall oder fehlende E-Fl\u00fcssigkeit vermeiden.<\/p><h2>Elegantes, tragbares Design - inspiriert von der Digitalbox 12000<\/h2><p>Sein Design ist von der ber\u00fchmten Digitalbox 12000-Serie inspiriert und vereint Modernit\u00e4t und Futurismus. Sie ist kompakt, leicht und bietet mit ihren abgerundeten Ecken optimalen Komfort. Sie ist leicht zu transportieren und eignet sich auch ideal, um Ihre Pers\u00f6nlichkeit und Ihren trendigen Geschmack zu zeigen.<\/p><h2>Keine Wartung erforderlich: Pures Vergn\u00fcgen direkt aus der Verpackung<\/h2><p>Der RandM Tornado 35000 White Gummy Ice ist wartungsfrei: kein Nachf\u00fcllen von E-Fl\u00fcssigkeit, keine Reinigung und kein Austausch von Teilen. Er ist sofort einsatzbereit, wenn er aus der Verpackung kommt, und eignet sich f\u00fcr Benutzer, die auf der Suche nach Zweckm\u00e4\u00dfigkeit und Seelenfrieden sind. Er ist ideal f\u00fcr Reisen, Dating oder den t\u00e4glichen Gebrauch.<\/p><h2>Verschiedene Nikotinkonzentrationen erh\u00e4ltlich: um Ihren Bed\u00fcrfnissen gerecht zu werden<\/h2><p>Es sind Nikotinkonzentrationen von 0 %, 2 % und 5 % erh\u00e4ltlich, um den Bed\u00fcrfnissen jedes Nutzers gerecht zu werden. Egal, ob Sie Ihre Dosis reduzieren m\u00f6chten oder ein Anh\u00e4nger der E-Zigarette sind, der einen starken Hit im Hals sucht, Sie werden die ideale Nikotinkonzentration finden.<\/p>\t\t\t\t\t\t\t\t<\/div>\n\t\t\t\t<\/div>\n\t\t\t\t\t<\/div>\n\t\t\t\t<\/div>\n\t\t\t\t<\/div>","protected":false},"excerpt":{"rendered":"<p>Si vous aimez les bonbons g\u00e9lifi\u00e9s blancs Haribo ou les bonbons aux fruits au go\u00fbt frais, le RandM Tornado 35000 &#8211; Gommes Glac\u00e9es Blanches est un choix id\u00e9al. Il offre un \u00e9quilibre parfait entre douceur, fra\u00eecheur et texture. Go\u00fbt Bonbon G\u00e9lifi\u00e9 Blanc Les bonbons g\u00e9lifi\u00e9s blancs sont g\u00e9n\u00e9ralement \u00e0 base d&rsquo;ananas, une saveur tr\u00e8s pr\u00e9sente [&hellip;]<\/p>\n","protected":false},"featured_media":4774,"comment_status":"open","ping_status":"closed","template":"","meta":{"site-sidebar-layout":"no-sidebar","site-content-layout":"page-builder","ast-site-content-layout":"normal-width-container","site-content-style":"default","site-sidebar-style":"default","ast-global-header-display":"","ast-banner-title-visibility":"","ast-main-header-display":"","ast-hfb-above-header-display":"","ast-hfb-below-header-display":"","ast-hfb-mobile-header-display":"","site-post-title":"disabled","ast-breadcrumbs-content":"","ast-featured-img":"disabled","footer-sml-layout":"","ast-disable-related-posts":"","theme-transparent-header-meta":"default","adv-header-id-meta":"","stick-header-meta":"default","header-above-stick-meta":"","header-main-stick-meta":"","header-below-stick-meta":"","astra-migrate-meta-layouts":"set","ast-page-background-enabled":"default","ast-page-background-meta":{"desktop":{"background-color":"","background-image":"","background-repeat":"repeat","background-position":"center center","background-size":"auto","background-attachment":"scroll","background-type":"","background-media":"","overlay-type":"","overlay-color":"","overlay-opacity":"","overlay-gradient":""},"tablet":{"background-color":"","background-image":"","background-repeat":"repeat","background-position":"center center","background-size":"auto","background-attachment":"scroll","background-type":"","background-media":"","overlay-type":"","overlay-color":"","overlay-opacity":"","overlay-gradient":""},"mobile":{"background-color":"","background-image":"","background-repeat":"repeat","background-position":"center center","background-size":"auto","background-attachment":"scroll","background-type":"","background-media":"","overlay-type":"","overlay-color":"","overlay-opacity":"","overlay-gradient":""}},"ast-content-background-meta":{"desktop":{"background-color":"var(--ast-global-color-5)","background-image":"","background-repeat":"repeat","background-position":"center center","background-size":"auto","background-attachment":"scroll","background-type":"","background-media":"","overlay-type":"","overlay-color":"","overlay-opacity":"","overlay-gradient":""},"tablet":{"background-color":"var(--ast-global-color-5)","background-image":"","background-repeat":"repeat","background-position":"center center","background-size":"auto","background-attachment":"scroll","background-type":"","background-media":"","overlay-type":"","overlay-color":"","overlay-opacity":"","overlay-gradient":""},"mobile":{"background-color":"var(--ast-global-color-5)","background-image":"","background-repeat":"repeat","background-position":"center center","background-size":"auto","background-attachment":"scroll","background-type":"","background-media":"","overlay-type":"","overlay-color":"","overlay-opacity":"","overlay-gradient":""}}},"product_brand":[42],"product_cat":[49,105,15],"product_tag":[],"class_list":{"0":"post-4944","1":"product","2":"type-product","3":"status-publish","4":"has-post-thumbnail","6":"product_brand-randm-tornado","7":"product_cat-randm-tornado-35000-offre-35000-bouffees-de-cigarettes","8":"product_cat-puff-35k","9":"product_cat-magasin-cigarette-electronique","10":"desktop-align-center","11":"tablet-align-center","12":"mobile-align-center","13":"ast-product-gallery-layout-horizontal","14":"ast-product-gallery-with-no-image","15":"ast-product-single-variable","16":"ast-product-tabs-layout-horizontal","17":"ast-qv-on-image","19":"first","20":"instock","21":"sale","22":"shipping-taxable","23":"purchasable","24":"product-type-variable","25":"has-default-attributes"},"tiered_pricing_type":"fixed","tiered_pricing_fixed_rules":{"50":12.99,"100":11.39,"200":10.79,"400":10.39},"tiered_pricing_product_settings":{"layout":"default","base_unit_name":{"singular":null,"plural":null},"default_variation":null},"tiered_pricing_minimum_quantity":null,"tiered_pricing_roles_data":[],"tiered_pricing_percentage_rules":[],"_links":{"self":[{"href":"https:\/\/puffvapestore.com\/de\/wp-json\/wp\/v2\/product\/4944","targetHints":{"allow":["GET"]}}],"collection":[{"href":"https:\/\/puffvapestore.com\/de\/wp-json\/wp\/v2\/product"}],"about":[{"href":"https:\/\/puffvapestore.com\/de\/wp-json\/wp\/v2\/types\/product"}],"replies":[{"embeddable":true,"href":"https:\/\/puffvapestore.com\/de\/wp-json\/wp\/v2\/comments?post=4944"}],"version-history":[{"count":6,"href":"https:\/\/puffvapestore.com\/de\/wp-json\/wp\/v2\/product\/4944\/revisions"}],"predecessor-version":[{"id":4953,"href":"https:\/\/puffvapestore.com\/de\/wp-json\/wp\/v2\/product\/4944\/revisions\/4953"}],"wp:featuredmedia":[{"embeddable":true,"href":"https:\/\/puffvapestore.com\/de\/wp-json\/wp\/v2\/media\/4774"}],"wp:attachment":[{"href":"https:\/\/puffvapestore.com\/de\/wp-json\/wp\/v2\/media?parent=4944"}],"wp:term":[{"taxonomy":"product_brand","embeddable":true,"href":"https:\/\/puffvapestore.com\/de\/wp-json\/wp\/v2\/product_brand?post=4944"},{"taxonomy":"product_cat","embeddable":true,"href":"https:\/\/puffvapestore.com\/de\/wp-json\/wp\/v2\/product_cat?post=4944"},{"taxonomy":"product_tag","embeddable":true,"href":"https:\/\/puffvapestore.com\/de\/wp-json\/wp\/v2\/product_tag?post=4944"}],"curies":[{"name":"wp","href":"https:\/\/api.w.org\/{rel}","templated":true}]}}