{"id":4734,"date":"2025-07-09T11:26:05","date_gmt":"2025-07-09T11:26:05","guid":{"rendered":"https:\/\/puffvapestore.com\/?post_type=product&#038;p=4734"},"modified":"2026-01-19T10:36:00","modified_gmt":"2026-01-19T10:36:00","slug":"cola-ice-randm-tornado-30000","status":"publish","type":"product","link":"https:\/\/puffvapestore.com\/de\/product\/cola-ice-randm-tornado-30000\/","title":{"rendered":"Cola Ice - RandM Tornado 30000"},"content":{"rendered":"<div data-elementor-type=\"wp-post\" data-elementor-id=\"4734\" class=\"elementor elementor-4734\">\n\t\t\t\t<div class=\"elementor-element elementor-element-08c26f9 e-flex e-con-boxed e-con e-parent\" data-id=\"08c26f9\" data-element_type=\"container\" data-e-type=\"container\">\n\t\t\t\t\t<div class=\"e-con-inner\">\n\t\t\t\t<div class=\"elementor-element elementor-element-a005a97 elementor-widget elementor-widget-text-editor\" data-id=\"a005a97\" data-element_type=\"widget\" data-e-type=\"widget\" data-widget_type=\"text-editor.default\">\n\t\t\t\t<div class=\"elementor-widget-container\">\n\t\t\t\t\t\t\t\t\t<p>In der Welt der E-Zigaretten zeichnet sich die RandM Tornado 30000 durch ihre hervorragende Leistung und ihr einzigartiges Design aus. Das Aroma Cola Ice verleiht ihr einen Hauch von Frische und klassischem Charme. Inspiriert von der klassischen Cola, vermischt mit dem erfrischenden Geruch von Eisminze, bietet es ein belebendes Geschmackserlebnis, als ob Sie an einem hei\u00dfen Sommertag an einer eisgek\u00fchlten Cola nippen w\u00fcrden. Ob Sie nun ein Liebhaber elektronischer Zigaretten sind, der auf der Suche nach einem reinen Geschmack oder einer einzigartigen Erfahrung ist, dieses Produkt wird Ihnen eine Befriedigung verschaffen, die in der franz\u00f6sischen Soziallandschaft ihresgleichen sucht.<\/p><h2>Hauptgeschmacksrichtung: Cola<\/h2><p>Klassischer Cola-Retro-Geschmack: Beim Einatmen nimmt man sofort das Aroma von kohlens\u00e4urehaltigen Getr\u00e4nken wahr, das dem von Coca-Cola oder Pepsi \u00e4hnelt, mit einer m\u00e4\u00dfigen S\u00fc\u00dfe. Die s\u00fc\u00dfe Karamells\u00fc\u00dfe hallt im Mund nach und erinnert an die klassische Cola aus der Flasche.<\/p><h2>Nebengeschmack: Minze<\/h2><p>Beim Ausatmen durchdringt die Frische der Minze den Gaumen und sorgt f\u00fcr einen frischen, berauschenden Abgang. Der Zusatz von Minze unterscheidet Cola Ice von rein s\u00fc\u00dfen E-Zigaretten und f\u00fcgt eine erfrischende Dimension hinzu, die jedes Einatmen und Ausatmen voller Vitalit\u00e4t macht. Ideal f\u00fcr den Gebrauch den ganzen Tag \u00fcber, insbesondere zur Erfrischung oder Entspannung.<\/p><h2>Allgemeine Erfahrung<\/h2><ul><li>Kopfnote: Der s\u00fc\u00dfe, nach Cola schmeckende Geschmack entfaltet sich als erstes, angenehm.<\/li><li>Herznote: Das Gef\u00fchl von Frische nimmt allm\u00e4hlich zu und verst\u00e4rkt das Gef\u00fchl von \u00dcberlagerung.<\/li><li>Basisnote: Das eisige Gef\u00fchl endet mit einer leichten karamelligen S\u00fc\u00dfe und einem erfrischenden Nachgeschmack.<\/li><\/ul>\t\t\t\t\t\t\t\t<\/div>\n\t\t\t\t<\/div>\n\t\t\t\t\t<\/div>\n\t\t\t\t<\/div>\n\t\t<div class=\"elementor-element elementor-element-718b380 e-flex e-con-boxed e-con e-parent\" data-id=\"718b380\" data-element_type=\"container\" data-e-type=\"container\">\n\t\t\t\t\t<div class=\"e-con-inner\">\n\t\t\t\t<div class=\"elementor-element elementor-element-d2cc8fa elementor-widget elementor-widget-text-editor\" data-id=\"d2cc8fa\" data-element_type=\"widget\" data-e-type=\"widget\" data-widget_type=\"text-editor.default\">\n\t\t\t\t<div class=\"elementor-widget-container\">\n\t\t\t\t\t\t\t\t\t<h2>Hauptmerkmale des RandM Tornado 30000<\/h2><p><strong>Lange Akkulaufzeit: bis zu 30000 Z\u00fcge<\/strong><br \/>Der RandM Tornado 30000 bietet eine Akkulaufzeit von 30000 Z\u00fcgen, die weit \u00fcber der von herk\u00f6mmlichen Einwegger\u00e4ten liegt, was ihn zur idealen Wahl f\u00fcr Intensivnutzer macht.<\/p><p><strong>Wiederaufladbarer Akku, umweltfreundlich und praktisch<\/strong><br \/>Integrierter Hochleistungs-Lithium-Akku mit 600 mAh, kompatibel mit dem Typ-C-Schnellladeger\u00e4t, das langlebiger und bequemer zu verwenden ist und so den Elektronikschrott reduziert.<\/p><p><strong>Gro\u00dfe E-Fl\u00fcssigkeitskapazit\u00e4t: 25 ml vorgef\u00fcllte Fl\u00fcssigkeit<\/strong><br \/>Vorgef\u00fcllte E-Liquids, die nicht mehrfach nachgef\u00fcllt werden m\u00fcssen, geeignet f\u00fcr den Langzeitgebrauch. Selbst bei h\u00e4ufigem Gebrauch reicht es f\u00fcr mehrere Wochen, bei Gelegenheitsnutzern f\u00fcr mehrere Monate.<\/p><p><strong>Optionale Konzentration an Nikotinsalzen: 2 % \/ 5 %<\/strong><br \/>Angepasst an den Nikotinbedarf jedes Nutzers, vom leichten bis zum schweren Nikotinbedarf.<\/p><p><strong>Heizwiderstand aus Mesh: gleichm\u00e4\u00dfiges Erhitzen, unvergleichlicher Geschmack<\/strong><br \/>Dank der fortschrittlichen Mesh-Widerstandstechnologie wird das E-Liquid gleichm\u00e4\u00dfiger erhitzt, was zu einem vollst\u00e4ndigen, sanften und kontinuierlichen Raucherlebnis f\u00fchrt.<\/p><h2>Innovatives Design und spielerisches Erleben des RandM Tornado 30000<\/h2><p><strong>Transparente Schale und dynamische Leuchtanzeige<\/strong><br \/>Der visuelle \u00d6ltank zeigt den \u00d6lstand in Echtzeit an, w\u00e4hrend die dynamische LED-Leuchtanzeige Echtzeit-Feedback \u00fcber den Betriebszustand des Ger\u00e4ts gibt - ein Konzentrat an Technologie.<\/p><p><strong>RGB-Lichteffekt synchron zur Musik: visuelles und akustisches Vergn\u00fcgen<\/strong><br \/>Das einzigartige RGB-Beleuchtungssystem blinkt im Takt der Musik und sorgt f\u00fcr eine entspannte Atmosph\u00e4re bei Partys, Ausfl\u00fcgen und anderen Anl\u00e4ssen - f\u00fcr ein optimales Unterhaltungserlebnis.<\/p><p><strong>Ergonomisches Aussehen: komfortabler Griff, elegant und tragbar<\/strong><br \/>Mit seinem leichten K\u00f6rper und der Schale, die so gestaltet ist, dass sie sich der Handfl\u00e4che anpasst, ist es ideal f\u00fcr den Langzeitgebrauch zu Hause, am Arbeitsplatz oder auf Reisen.<\/p><h2>Vorteile des RandM Tornado 30000<\/h2><p><strong>Keine Wartung erforderlich<\/strong>\u00a0: Sie m\u00fcssen keine E-Liquids hinzuf\u00fcgen oder Teile austauschen, ideal f\u00fcr Anf\u00e4nger und faule Nutzer.<\/p><p><strong>Hohe Zuverl\u00e4ssigkeit<\/strong>\u00a0: Hergestellt aus hochwertigen Materialien, die eine ausgezeichnete Haltbarkeit und Wasserdichtigkeit bieten.<\/p><p><strong>Gebrauchsfertig<\/strong>\u00a0: Kein Schalter n\u00f6tig, einfach mit dem Einatmen beginnen, intuitive und praktische Bedienung.<\/p><p><strong>Vielfalt der Wahl\u00a0<\/strong>: Verschiedene Aromen und Nikotinkonzentrationen bieten f\u00fcr jeden Geschmack etwas.<\/p>\t\t\t\t\t\t\t\t<\/div>\n\t\t\t\t<\/div>\n\t\t\t\t\t<\/div>\n\t\t\t\t<\/div>\n\t\t\t\t<\/div>","protected":false},"excerpt":{"rendered":"<p>Dans le monde de la cigarette \u00e9lectronique, la RandM Tornado 30000 se distingue par ses excellentes performances et son design unique. L&rsquo;ar\u00f4me Cola Ice lui conf\u00e8re une touche de fra\u00eecheur et de charme classique. Inspir\u00e9 du cola classique, m\u00eal\u00e9 \u00e0 l&rsquo;odeur rafra\u00eechissante de menthe glac\u00e9e, il offre une exp\u00e9rience gustative revigorante, comme si vous sirotiez [&hellip;]<\/p>\n","protected":false},"featured_media":4486,"comment_status":"open","ping_status":"closed","template":"","meta":{"site-sidebar-layout":"no-sidebar","site-content-layout":"page-builder","ast-site-content-layout":"normal-width-container","site-content-style":"default","site-sidebar-style":"default","ast-global-header-display":"","ast-banner-title-visibility":"","ast-main-header-display":"","ast-hfb-above-header-display":"","ast-hfb-below-header-display":"","ast-hfb-mobile-header-display":"","site-post-title":"disabled","ast-breadcrumbs-content":"","ast-featured-img":"disabled","footer-sml-layout":"","ast-disable-related-posts":"","theme-transparent-header-meta":"default","adv-header-id-meta":"","stick-header-meta":"default","header-above-stick-meta":"","header-main-stick-meta":"","header-below-stick-meta":"","astra-migrate-meta-layouts":"set","ast-page-background-enabled":"default","ast-page-background-meta":{"desktop":{"background-color":"","background-image":"","background-repeat":"repeat","background-position":"center center","background-size":"auto","background-attachment":"scroll","background-type":"","background-media":"","overlay-type":"","overlay-color":"","overlay-opacity":"","overlay-gradient":""},"tablet":{"background-color":"","background-image":"","background-repeat":"repeat","background-position":"center center","background-size":"auto","background-attachment":"scroll","background-type":"","background-media":"","overlay-type":"","overlay-color":"","overlay-opacity":"","overlay-gradient":""},"mobile":{"background-color":"","background-image":"","background-repeat":"repeat","background-position":"center center","background-size":"auto","background-attachment":"scroll","background-type":"","background-media":"","overlay-type":"","overlay-color":"","overlay-opacity":"","overlay-gradient":""}},"ast-content-background-meta":{"desktop":{"background-color":"var(--ast-global-color-5)","background-image":"","background-repeat":"repeat","background-position":"center center","background-size":"auto","background-attachment":"scroll","background-type":"","background-media":"","overlay-type":"","overlay-color":"","overlay-opacity":"","overlay-gradient":""},"tablet":{"background-color":"var(--ast-global-color-5)","background-image":"","background-repeat":"repeat","background-position":"center center","background-size":"auto","background-attachment":"scroll","background-type":"","background-media":"","overlay-type":"","overlay-color":"","overlay-opacity":"","overlay-gradient":""},"mobile":{"background-color":"var(--ast-global-color-5)","background-image":"","background-repeat":"repeat","background-position":"center center","background-size":"auto","background-attachment":"scroll","background-type":"","background-media":"","overlay-type":"","overlay-color":"","overlay-opacity":"","overlay-gradient":""}}},"product_brand":[42],"product_cat":[48,86,15],"product_tag":[],"class_list":{"0":"post-4734","1":"product","2":"type-product","3":"status-publish","4":"has-post-thumbnail","6":"product_brand-randm-tornado","7":"product_cat-randm-tornado-30000-concentre-de-fun","8":"product_cat-puff-30k","9":"product_cat-magasin-cigarette-electronique","10":"desktop-align-center","11":"tablet-align-center","12":"mobile-align-center","13":"ast-product-gallery-layout-horizontal","14":"ast-product-gallery-with-no-image","15":"ast-product-single-variable","16":"ast-product-tabs-layout-horizontal","17":"ast-qv-on-image","19":"first","20":"instock","21":"sale","22":"shipping-taxable","23":"purchasable","24":"product-type-variable","25":"has-default-attributes"},"tiered_pricing_type":"fixed","tiered_pricing_fixed_rules":{"50":9.38,"100":8.45,"200":7.95,"400":7.59},"tiered_pricing_product_settings":{"layout":"default","base_unit_name":{"singular":null,"plural":null},"default_variation":null},"tiered_pricing_minimum_quantity":null,"tiered_pricing_roles_data":[],"tiered_pricing_percentage_rules":[],"_links":{"self":[{"href":"https:\/\/puffvapestore.com\/de\/wp-json\/wp\/v2\/product\/4734","targetHints":{"allow":["GET"]}}],"collection":[{"href":"https:\/\/puffvapestore.com\/de\/wp-json\/wp\/v2\/product"}],"about":[{"href":"https:\/\/puffvapestore.com\/de\/wp-json\/wp\/v2\/types\/product"}],"replies":[{"embeddable":true,"href":"https:\/\/puffvapestore.com\/de\/wp-json\/wp\/v2\/comments?post=4734"}],"version-history":[{"count":14,"href":"https:\/\/puffvapestore.com\/de\/wp-json\/wp\/v2\/product\/4734\/revisions"}],"predecessor-version":[{"id":4750,"href":"https:\/\/puffvapestore.com\/de\/wp-json\/wp\/v2\/product\/4734\/revisions\/4750"}],"wp:featuredmedia":[{"embeddable":true,"href":"https:\/\/puffvapestore.com\/de\/wp-json\/wp\/v2\/media\/4486"}],"wp:attachment":[{"href":"https:\/\/puffvapestore.com\/de\/wp-json\/wp\/v2\/media?parent=4734"}],"wp:term":[{"taxonomy":"product_brand","embeddable":true,"href":"https:\/\/puffvapestore.com\/de\/wp-json\/wp\/v2\/product_brand?post=4734"},{"taxonomy":"product_cat","embeddable":true,"href":"https:\/\/puffvapestore.com\/de\/wp-json\/wp\/v2\/product_cat?post=4734"},{"taxonomy":"product_tag","embeddable":true,"href":"https:\/\/puffvapestore.com\/de\/wp-json\/wp\/v2\/product_tag?post=4734"}],"curies":[{"name":"wp","href":"https:\/\/api.w.org\/{rel}","templated":true}]}}